{"id":10731,"date":"2018-05-09T17:55:44","date_gmt":"2018-05-09T17:55:44","guid":{"rendered":"https:\/\/www.costaricaguides.com\/tours-book-now\/"},"modified":"2020-01-21T16:40:06","modified_gmt":"2020-01-21T16:40:06","slug":"tour-de-un-dia-reservar","status":"publish","type":"page","link":"https:\/\/www.costaricaguides.com\/es\/tour-de-un-dia-reservar\/","title":{"rendered":"Tour de un d\u00eda &#8211; Reservar"},"content":{"rendered":"<div class=\"wpb-content-wrapper\"><p>[vc_row][vc_column][vc_raw_js]JTNDc2NyaXB0JTIwc3JjJTNEJTI3aHR0cHMlM0ElMkYlMkZ3d3cuZ29vZ2xlLmNvbSUyRnJlY2FwdGNoYSUyRmFwaS5qcyUzRmhsJTNEZXMlMjclM0UlM0MlMkZzY3JpcHQlM0U=[\/vc_raw_js][\/vc_column][\/vc_row][vc_row][vc_column][vc_empty_space][\/vc_column][\/vc_row][vc_row][vc_column width=\u00bb2\/3&#8243;][vc_raw_html]JTVCY29udGFjdC1mb3JtLTclMjBpZCUzRCUyMjEwNzMwJTIyJTIwdGl0bGUlM0QlMjJDb250YWN0byUyMFRvdXIlMjBkZSUyMHVuJTIwRCVDMyVBRGElMjIlNUQlMEElMEElM0NzY3JpcHQlMjB0ZXh0JTNEJTIydGV4dCUyRmphdmFzY3JpcHQlMjIlM0UlMEF2YXIlMjBnZXRVcmxQYXJhbWV0ZXIlMjAlM0QlMjBmdW5jdGlvbiUyMGdldFVybFBhcmFtZXRlciUyOHNQYXJhbSUyOSUyMCU3QiUwQSUyMCUyMCUyMCUyMHZhciUyMHNQYWdlVVJMJTIwJTNEJTIwZGVjb2RlVVJJQ29tcG9uZW50JTI4d2luZG93LmxvY2F0aW9uLnNlYXJjaC5zdWJzdHJpbmclMjgxJTI5JTI5JTJDJTBBJTIwJTIwJTIwJTIwJTIwJTIwJTIwJTIwc1VSTFZhcmlhYmxlcyUyMCUzRCUyMHNQYWdlVVJMLnNwbGl0JTI4JTI3JTI2JTI3JTI5JTJDJTBBJTIwJTIwJTIwJTIwJTIwJTIwJTIwJTIwc1BhcmFtZXRlck5hbWUlMkMlMEElMjAlMjAlMjAlMjAlMjAlMjAlMjAlMjBpJTNCJTBBJTIwJTIwJTIwJTIwZm9yJTIwJTI4aSUyMCUzRCUyMDAlM0IlMjBpJTIwJTNDJTIwc1VSTFZhcmlhYmxlcy5sZW5ndGglM0IlMjBpJTJCJTJCJTI5JTIwJTdCJTBBJTIwJTIwJTIwJTIwJTIwJTIwJTIwJTIwc1BhcmFtZXRlck5hbWUlMjAlM0QlMjBzVVJMVmFyaWFibGVzJTVCaSU1RC5zcGxpdCUyOCUyNyUzRCUyNyUyOSUzQiUwQSUyMCUyMCUyMCUyMCUyMCUyMCUyMCUyMGlmJTIwJTI4c1BhcmFtZXRlck5hbWUlNUIwJTVEJTIwJTNEJTNEJTNEJTIwc1BhcmFtJTI5JTIwJTdCJTBBJTIwJTIwJTIwJTIwJTIwJTIwJTIwJTIwJTIwJTIwJTIwJTIwcmV0dXJuJTIwc1BhcmFtZXRlck5hbWUlNUIxJTVEJTIwJTNEJTNEJTNEJTIwdW5kZWZpbmVkJTIwJTNGJTIwdHJ1ZSUyMCUzQSUyMHNQYXJhbWV0ZXJOYW1lJTVCMSU1RCUzQiUwQSUyMCUyMCUyMCUyMCUyMCUyMCUyMCUyMCU3RCUwQSUyMCUyMCUyMCUyMCU3RCUwQSU3RCUzQiUwQSUwQXZhciUyMFZBUklBQkxFJTIwJTNEJTIwZ2V0VXJsUGFyYW1ldGVyJTI4JTI3ZlRvdXJOYW1lJTI3JTI5JTNCJTIwJTBBJTBBaWYlMjAlMjhWQVJJQUJMRSUyMCUyMSUzRCUyMG51bGwlMjklMjAlN0IlMEElMjAlMjAlMjAlMjAlMjBkb2N1bWVudC5nZXRFbGVtZW50QnlJZCUyOCUyN3lvdXJUb3VyTmFtZSUyNyUyOS52YWx1ZSUyMCUzRCUyMFZBUklBQkxFJTNCJTBBJTdEJTIwJTBBJTBBJTNDJTJGc2NyaXB0JTNFJTBB[\/vc_raw_html][\/vc_column][vc_column width=\u00bb1\/3&#8243;][vc_empty_space][vc_column_text]<\/p>\n<p style=\"text-align: center;\"><span style=\"font-size: 14pt;\"><strong>Toll Free:<\/strong><\/span><\/p>\n<p style=\"text-align: center;\"><span style=\"font-size: 14pt;\">1-877-281-8515 <\/span><\/p>\n<p style=\"text-align: center;\"><strong><span style=\"font-size: 14pt;\">Costa Rica: <\/span><\/strong><\/p>\n<p style=\"text-align: center;\"><span style=\"font-size: 14pt;\">(506) 2233-5151<\/span><\/p>\n<p style=\"text-align: center;\"><span style=\"font-size: 14pt;\"><strong>Fuera de horario y fines de semana:<\/strong><\/span><\/p>\n<p style=\"text-align: center;\"><span style=\"font-size: 14pt;\">(506) 2257-4171 <\/span><\/p>\n<p style=\"text-align: center;\"><span style=\"font-size: 14pt;\"><em>Fax:<\/em> (506) 2233-5284<\/span><\/p>\n<p style=\"text-align: center;\"><span style=\"font-size: 14pt;\"><strong>E-mail: <\/strong><\/span><\/p>\n<p style=\"text-align: center;\"><span style=\"font-size: 14pt;\">info@costaricaguides.com<\/span><\/p>\n<p>[\/vc_column_text][\/vc_column][\/vc_row][vc_row][vc_column][vc_column_text]<\/p>\n<p style=\"text-align: justify;\"><span style=\"font-size: 14pt;\">NOTA IMPORTANTE para reservas de \u00faltima hora<\/span><\/p>\n<p style=\"text-align: justify;\"><span style=\"font-size: 14pt;\">Si su reservaci\u00f3n es para dentro de menos de 24 horas, por favor llame directo a nuestra oficina en Costa Rica 506 2233-5151, Lunes a viernes de 08:30am a 05:30pm hora local. Para reservaciones fuera de horario de oficina (Entre semana 05:30pm a 09:00pm hora local o Fines de semana de 06:00am a 09:00pm) por favor llame al 506 2257-4171 \u00f3 env\u00ede un correo a reservas@expedicionestropicales.com y haremos nuestro mayor esfuerzo para garantizar su reservaci\u00f3n!<\/span><\/p>\n<p style=\"text-align: justify;\"><span style=\"font-size: 14pt;\">Gracias!<\/span><\/p>\n<p>[\/vc_column_text][\/vc_column][\/vc_row]<\/p>\n<\/div>","protected":false},"excerpt":{"rendered":"<p>[vc_row][vc_column][vc_raw_js]JTNDc2NyaXB0JTIwc3JjJTNEJTI3aHR0cHMlM0ElMkYlMkZ3d3cuZ29vZ2xlLmNvbSUyRnJlY2FwdGNoYSUyRmFwaS5qcyUzRmhsJTNEZXMlMjclM0UlM0MlMkZzY3JpcHQlM0U=[\/vc_raw_js][\/vc_column][\/vc_row][vc_row][vc_column][vc_empty_space][\/vc_column][\/vc_row][vc_row][vc_column width=\u00bb2\/3&#8243;][vc_raw_html]JTVCY29udGFjdC1mb3JtLTclMjBpZCUzRCUyMjEwNzMwJTIyJTIwdGl0bGUlM0QlMjJDb250YWN0byUyMFRvdXIlMjBkZSUyMHVuJTIwRCVDMyVBRGElMjIlNUQlMEElMEElM0NzY3JpcHQlMjB0ZXh0JTNEJTIydGV4dCUyRmphdmFzY3JpcHQlMjIlM0UlMEF2YXIlMjBnZXRVcmxQYXJhbWV0ZXIlMjAlM0QlMjBmdW5jdGlvbiUyMGdldFVybFBhcmFtZXRlciUyOHNQYXJhbSUyOSUyMCU3QiUwQSUyMCUyMCUyMCUyMHZhciUyMHNQYWdlVVJMJTIwJTNEJTIwZGVjb2RlVVJJQ29tcG9uZW50JTI4d2luZG93LmxvY2F0aW9uLnNlYXJjaC5zdWJzdHJpbmclMjgxJTI5JTI5JTJDJTBBJTIwJTIwJTIwJTIwJTIwJTIwJTIwJTIwc1VSTFZhcmlhYmxlcyUyMCUzRCUyMHNQYWdlVVJMLnNwbGl0JTI4JTI3JTI2JTI3JTI5JTJDJTBBJTIwJTIwJTIwJTIwJTIwJTIwJTIwJTIwc1BhcmFtZXRlck5hbWUlMkMlMEElMjAlMjAlMjAlMjAlMjAlMjAlMjAlMjBpJTNCJTBBJTIwJTIwJTIwJTIwZm9yJTIwJTI4aSUyMCUzRCUyMDAlM0IlMjBpJTIwJTNDJTIwc1VSTFZhcmlhYmxlcy5sZW5ndGglM0IlMjBpJTJCJTJCJTI5JTIwJTdCJTBBJTIwJTIwJTIwJTIwJTIwJTIwJTIwJTIwc1BhcmFtZXRlck5hbWUlMjAlM0QlMjBzVVJMVmFyaWFibGVzJTVCaSU1RC5zcGxpdCUyOCUyNyUzRCUyNyUyOSUzQiUwQSUyMCUyMCUyMCUyMCUyMCUyMCUyMCUyMGlmJTIwJTI4c1BhcmFtZXRlck5hbWUlNUIwJTVEJTIwJTNEJTNEJTNEJTIwc1BhcmFtJTI5JTIwJTdCJTBBJTIwJTIwJTIwJTIwJTIwJTIwJTIwJTIwJTIwJTIwJTIwJTIwcmV0dXJuJTIwc1BhcmFtZXRlck5hbWUlNUIxJTVEJTIwJTNEJTNEJTNEJTIwdW5kZWZpbmVkJTIwJTNGJTIwdHJ1ZSUyMCUzQSUyMHNQYXJhbWV0ZXJOYW1lJTVCMSU1RCUzQiUwQSUyMCUyMCUyMCUyMCUyMCUyMCUyMCUyMCU3RCUwQSUyMCUyMCUyMCUyMCU3RCUwQSU3RCUzQiUwQSUwQXZhciUyMFZBUklBQkxFJTIwJTNEJTIwZ2V0VXJsUGFyYW1ldGVyJTI4JTI3ZlRvdXJOYW1lJTI3JTI5JTNCJTIwJTBBJTBBaWYlMjAlMjhWQVJJQUJMRSUyMCUyMSUzRCUyMG51bGwlMjklMjAlN0IlMEElMjAlMjAlMjAlMjAlMjBkb2N1bWVudC5nZXRFbGVtZW50QnlJZCUyOCUyN3lvdXJUb3VyTmFtZSUyNyUyOS52YWx1ZSUyMCUzRCUyMFZBUklBQkxFJTNCJTBBJTdEJTIwJTBBJTBBJTNDJTJGc2NyaXB0JTNFJTBB[\/vc_raw_html][\/vc_column][vc_column width=\u00bb1\/3&#8243;][vc_empty_space][vc_column_text] Toll Free: 1-877-281-8515 Costa Rica: (506) 2233-5151 Fuera de horario y fines de semana: (506) 2257-4171 Fax: (506) 2233-5284 E-mail: info@costaricaguides.com [\/vc_column_text][\/vc_column][\/vc_row][vc_row][vc_column][vc_column_text] NOTA IMPORTANTE para reservas de \u00faltima hora Si su reservaci\u00f3n es para dentro de menos de 24 horas, por favor llame directo a nuestra oficina en Costa Rica 506 2233-5151, [&hellip;]<\/p>\n","protected":false},"author":12,"featured_media":0,"parent":0,"menu_order":0,"comment_status":"closed","ping_status":"closed","template":"","meta":{"_joinchat":[],"footnotes":""},"class_list":["post-10731","page","type-page","status-publish","hentry"],"_links":{"self":[{"href":"https:\/\/www.costaricaguides.com\/es\/wp-json\/wp\/v2\/pages\/10731","targetHints":{"allow":["GET"]}}],"collection":[{"href":"https:\/\/www.costaricaguides.com\/es\/wp-json\/wp\/v2\/pages"}],"about":[{"href":"https:\/\/www.costaricaguides.com\/es\/wp-json\/wp\/v2\/types\/page"}],"author":[{"embeddable":true,"href":"https:\/\/www.costaricaguides.com\/es\/wp-json\/wp\/v2\/users\/12"}],"replies":[{"embeddable":true,"href":"https:\/\/www.costaricaguides.com\/es\/wp-json\/wp\/v2\/comments?post=10731"}],"version-history":[{"count":10,"href":"https:\/\/www.costaricaguides.com\/es\/wp-json\/wp\/v2\/pages\/10731\/revisions"}],"predecessor-version":[{"id":11999,"href":"https:\/\/www.costaricaguides.com\/es\/wp-json\/wp\/v2\/pages\/10731\/revisions\/11999"}],"wp:attachment":[{"href":"https:\/\/www.costaricaguides.com\/es\/wp-json\/wp\/v2\/media?parent=10731"}],"curies":[{"name":"wp","href":"https:\/\/api.w.org\/{rel}","templated":true}]}}