{"id":12330,"date":"2020-06-26T15:01:03","date_gmt":"2020-06-26T15:01:03","guid":{"rendered":"https:\/\/www.costaricaguides.com\/tortuguero-arenal-monteverde-6-days-5-nights\/"},"modified":"2025-01-16T12:35:46","modified_gmt":"2025-01-16T18:35:46","slug":"experiencia-tropical-con-tortuguero-tortuguero-arenal-monteverde-6-dias-5-noches","status":"publish","type":"page","link":"https:\/\/www.costaricaguides.com\/es\/economicos\/experiencia-tropical-con-tortuguero-tortuguero-arenal-monteverde-6-dias-5-noches\/","title":{"rendered":"EXPERIENCIA TROPICAL CON TORTUGUERO \/Tortuguero \/ Arenal \/ Monteverde 6 D\u00edas \u2013 5 Noches"},"content":{"rendered":"<div class=\"wpb-content-wrapper\"><p>[vc_row][vc_column][vc_single_image image=\u00bb12431&#8243; img_size=\u00bbfull\u00bb alignment=\u00bbcenter\u00bb][\/vc_column][\/vc_row][vc_row][vc_column][vc_custom_heading text=\u00bbTortuguero \/ Arenal \/ Monteverde<br \/>\n6 D\u00edas \u2013 5 Noches\u00bb font_container=\u00bbtag:h2|font_size:36|text_align:center|color:%2381d742&#8243; google_fonts=\u00bbfont_family:Montserrat%3Aregular%2C700|font_style:400%20regular%3A400%3Anormal\u00bb][vc_row_inner][vc_column_inner width=\u00bb1\/2&#8243;][vc_column_text el_class=\u00bb.escondercontenido\u00bb]<\/p>\n<p style=\"text-align: center;\"><strong><span style=\"font-family: 'arial black', sans-serif; font-size: 14pt;\">Desde<\/span><\/strong><br \/>\n<span style=\"color: #99cc00; font-size: 36pt;\">$947.00<\/span><\/p>\n<p>[\/vc_column_text][vc_btn title=\u00bbM\u00e1s Informaci\u00f3n\u00bb color=\u00bbwarning\u00bb align=\u00bbcenter\u00bb i_icon_fontawesome=\u00bbfa fa-calendar-o\u00bb add_icon=\u00bbtrue\u00bb link=\u00bburl:https%3A%2F%2Fwww.costaricaguides.com%2Fes%2Fcontacto%2F|||\u00bb el_id=\u00bbbook_now_vacation_package_coral\u00bb][\/vc_column_inner][vc_column_inner width=\u00bb1\/2&#8243;][vc_column_text]<span style=\"font-size: 12pt; font-family: arial, helvetica, sans-serif;\"><strong>V\u00e1lido de 01\/06\/2025 a 30\/11\/25<\/strong><\/span>[\/vc_column_text][\/vc_column_inner][\/vc_row_inner][\/vc_column][\/vc_row][vc_row][vc_column][vc_empty_space][\/vc_column][\/vc_row][vc_row][vc_column][vc_column_text]<span style=\"font-size: 14pt;\"><strong>Descripci\u00f3n. <\/strong><\/span><\/p>\n<p><span style=\"font-size: 14pt;\">A su llegada, Costa Rica Guides y Expediciones Tropicales tendr\u00e1n un representante dentro del aeropuerto que le estar\u00e1 esperando, despu\u00e9s de que pase inmigraci\u00f3n, sosteniendo un cartel visible con su apellido. El representante no podr\u00e1 brindar asistencia con su equipaje dentro del aeropuerto, ya que usted es la \u00fanica persona autorizada a hacerlo.<\/span><\/p>\n<p><span style=\"font-size: 14pt;\">Una vez que haya salido del aeropuerto, nuestro conductor estar\u00e1 encantado de ayudarle con su equipaje y transporte privado hasta el hotel en San Jos\u00e9. (<strong>Alojamiento en SJO no incluido.) <\/strong><\/span>[\/vc_column_text][\/vc_column][\/vc_row][vc_row][vc_column][vc_tta_tabs color=\u00bborange\u00bb active_section=\u00bb1&#8243;][vc_tta_section title=\u00bbD\u00edas\u00bb tab_id=\u00bb1593182565928-bb4bf7cc-2e67&#8243;][vc_column_text]<span style=\"font-size: 14pt;\"><strong>D\u00eda 1<\/strong><\/span><\/p>\n<p><span style=\"font-size: 14pt;\">&#8211; Salida de su hotel por la ma\u00f1ana.<\/span><\/p>\n<p><span style=\"font-size: 14pt;\">&#8211; Admire la biodiversidad de un \u00e1rea protegida asombrosa en Costa Rica mientras conducimos por el Parque Nacional Braulio Carrillo, un bosque primario en el 95% de su extensi\u00f3n.<\/span><\/p>\n<p><span style=\"font-size: 14pt;\">&#8211; Pruebe nuestro delicioso desayuno costarricense en ruta para luego continuar hasta el puerto de embarque.<\/span><\/p>\n<p><span style=\"font-size: 14pt;\">&#8211; Sube a bordo de un c\u00f3modo bote al llegar al puerto y deja que este para\u00edso extraordinariamente ex\u00f3tico te encante mientras recorres los canales de Tortuguero y parte del parque nacional.<\/span><\/p>\n<p><span style=\"font-size: 14pt;\">&#8211; Tenga una experiencia \u00fanica en este lugar \u00fanico rodeado de una gran variedad de flora y fauna de impresionante belleza.<\/span><\/p>\n<p><span style=\"font-size: 14pt;\">&#8211; Disfrute de un refrescante c\u00f3ctel y un delicioso almuerzo mientras le damos la bienvenida a nuestro lodge.<\/span><\/p>\n<p><span style=\"font-size: 14pt;\">&#8211; Despu\u00e9s del almuerzo, visitaremos el museo, el \u00e1rea de la playa y el peque\u00f1o y pintoresco pueblo de Tortuguero. Este dia (Desayuno \/ Almuerzo \/ Cena).<\/span><\/p>\n<p><span style=\"font-size: 14pt;\">&#8211; Noche en Tortuguero<\/span><\/p>\n<p>&nbsp;<\/p>\n<p><span style=\"font-size: 14pt;\"><strong>D\u00eda 2<\/strong><\/span><\/p>\n<p><span style=\"font-size: 14pt;\">&#8211; Descubra los sabores costarricenses mientras disfruta del desayuno en el lodge.<\/span><\/p>\n<p><span style=\"font-size: 14pt;\">&#8211; Prep\u00e1rese para recorrer los conocidos Canales de Tortuguero y tener la experiencia de su vida en este para\u00edso \u00fanico de magn\u00edfica flora y fauna acompa\u00f1ado por un gu\u00eda naturalista.<\/span><\/p>\n<p><span style=\"font-size: 14pt;\">&#8211; Disfrute de un delicioso almuerzo en el albergue.<\/span><\/p>\n<p><span style=\"font-size: 14pt;\">&#8211; T\u00f3mese su tiempo para disfrutar de nuestros senderos privados, andar en bote por los canales o simplemente relajarse.<\/span><\/p>\n<p><span style=\"font-size: 14pt;\">&#8211; Tambi\u00e9n contamos con tours opcionales que puede comprar directamente en el hotel este d\u00eda tambi\u00e9n tiene incluido el (Desayuno \/ Almuerzo \/ Cena).<\/span><\/p>\n<p><span style=\"font-size: 14pt;\">&#8211; Noche en Tortuguero<\/span><\/p>\n<p>&nbsp;<\/p>\n<p><span style=\"font-size: 14pt;\"><strong>D\u00eda 3<\/strong><\/span><\/p>\n<p><span style=\"font-size: 14pt;\">&#8211; Desayuno en el albergue.<\/span><\/p>\n<p><span style=\"font-size: 14pt;\">&#8211; Almuerzo en ruta.<\/span><\/p>\n<p><span style=\"font-size: 14pt;\">&#8211; Conexi\u00f3n de transporte en Gu\u00e1piles para continuar al siguiente destino Arenal.<\/span><\/p>\n<p><span style=\"font-size: 14pt;\"><strong>&#8211; <\/strong>Noche en Arenal<\/span><\/p>\n<p>&nbsp;<\/p>\n<p><span style=\"font-size: 14pt;\"><strong>D\u00eda 4<\/strong><\/span><\/p>\n<p><span style=\"font-size: 14pt;\">&#8211; Desayuno en el hotel.<\/span><\/p>\n<p><span style=\"font-size: 14pt;\">&#8211; Ma\u00f1ana libre por su cuenta para descansar o alg\u00fan tour opcional <\/span><\/p>\n<p><span style=\"font-size: 14pt;\">&#8211; Traslado regular a las Termales Bald\u00ed entrada y cena incluida regreso a hotel<\/span><\/p>\n<p><span style=\"font-size: 14pt;\">Incluido.<\/span><\/p>\n<p><span style=\"font-size: 14pt;\"><strong>&#8211; <\/strong>Noche en Arenal<\/span><\/p>\n<p>&nbsp;<\/p>\n<p><span style=\"font-size: 14pt;\"><strong>D\u00eda 5<\/strong><\/span><\/p>\n<p><span style=\"font-size: 14pt;\">&#8211; Desayuno en el hotel.<\/span><\/p>\n<p><span style=\"font-size: 14pt;\">&#8211; Traslado regular en Bote cruzando el lago Arenal y arribando a Monteverde alrededor de medio dia.<\/span><\/p>\n<p><span style=\"font-size: 14pt;\">&#8211; Tour de Caminata en puentes colgantes de Sky Park incluye el transporte regular, entrada, Almuerzo antes del tour y gu\u00eda naturalista, regreso al hotel y noche para descansar.<\/span><\/p>\n<p><span style=\"font-size: 14pt;\">&#8211; Noche en Monteverde<\/span><\/p>\n<p>&nbsp;<\/p>\n<p><span style=\"font-size: 14pt;\"><strong>Dia 6<\/strong><\/span><\/p>\n<p><span style=\"font-size: 14pt;\">&#8211; Desayuno en el hotel.<\/span><\/p>\n<p><span style=\"font-size: 14pt;\">&#8211; Ma\u00f1ana libre por su cuenta para descansar o alg\u00fan tour opcional<\/span><\/p>\n<p><span style=\"font-size: 14pt;\">&#8211; Traslado regular Monteverde \u2013 San Jos\u00e9<\/span><\/p>\n<p><span style=\"font-size: 14pt;\">Fin de los servicios<\/span>[\/vc_column_text][\/vc_tta_section][vc_tta_section title=\u00bbIncluye\u00bb tab_id=\u00bb1593182565935-061a7389-2cdc\u00bb][vc_column_text]<strong><span style=\"font-size: 14pt;\">El paquete Incluye:<\/span><\/strong><\/p>\n<ul>\n<li><span style=\"font-size: 14pt;\">6 Desayunos<\/span><\/li>\n<li><span style=\"font-size: 14pt;\">4 Almuerzos<\/span><\/li>\n<li><span style=\"font-size: 14pt;\">3 Cenas<\/span><\/li>\n<li><span style=\"font-size: 14pt;\">5 Noches de hotel distribuidas en las zonas (habitaci\u00f3n est\u00e1ndar, desayuno y impuestos incluidos).<\/span><\/li>\n<li><span style=\"font-size: 14pt;\">Tour a los Canales de Tortuguero y al pueblo, as\u00ed como caminata en los jardines y alrededores.<\/span><\/li>\n<li><span style=\"font-size: 14pt;\">Entrada al Parque Nacional Tortuguero<\/span><\/li>\n<li><span style=\"font-size: 14pt;\">Entrada a las Aguas Termales Bald\u00ed<\/span><\/li>\n<li><span style=\"font-size: 14pt;\">Tour de Puentes Colgantes Sky Adventures<\/span><\/li>\n<li><span style=\"font-size: 14pt;\">Todos los traslados compartidos.<\/span><\/li>\n<\/ul>\n<p>&nbsp;<\/p>\n<p><strong><span style=\"font-size: 14pt;\">El paquete No Incluye:<\/span><\/strong><\/p>\n<ul>\n<li><span style=\"font-size: 14pt;\">Comidas no mencionadas.<\/span><\/li>\n<li><span style=\"font-size: 14pt;\">Bebidas alcoh\u00f3licas.<\/span><\/li>\n<li><span style=\"font-size: 14pt;\">Extras del hotel (llamadas telef\u00f3nicas, lavander\u00eda, servicio a la habitaci\u00f3n, etc.)<\/span><\/li>\n<li><span style=\"font-size: 14pt;\">Propinas (no obligatorio pero apreciado).<\/span><\/li>\n<\/ul>\n<p>[\/vc_column_text][\/vc_tta_section][\/vc_tta_tabs][\/vc_column][\/vc_row][vc_row][vc_column][vc_btn title=\u00bbM\u00e1s Informaci\u00f3n\u00bb color=\u00bbwarning\u00bb align=\u00bbcenter\u00bb i_icon_fontawesome=\u00bbfa fa-calendar-o\u00bb add_icon=\u00bbtrue\u00bb link=\u00bburl:https%3A%2F%2Fwww.costaricaguides.com%2Fes%2Fcontacto%2F|||\u00bb][\/vc_column][\/vc_row][vc_row el_class=\u00bb.escondercontenido\u00bb][vc_column][vc_tta_tabs color=\u00bborange\u00bb active_section=\u00bb1&#8243;][vc_tta_section title=\u00bbD\u00edas\u00bb tab_id=\u00bb1737052505816-39aa0fc0-fb4c\u00bb][vc_column_text]<span style=\"font-size: 14pt;\"><strong>D\u00eda 1<\/strong><\/span><\/p>\n<p><span style=\"font-size: 14pt;\">&#8211; Salida de su hotel por la ma\u00f1ana.<\/span><\/p>\n<p><span style=\"font-size: 14pt;\">&#8211; Admire la biodiversidad de un \u00e1rea protegida asombrosa en Costa Rica mientras conducimos por el Parque Nacional Braulio Carrillo, un bosque primario en el 95% de su extensi\u00f3n.<\/span><\/p>\n<p><span style=\"font-size: 14pt;\">&#8211; Pruebe nuestro delicioso desayuno costarricense en ruta para luego continuar hasta el puerto de embarque.<\/span><\/p>\n<p><span style=\"font-size: 14pt;\">&#8211; Sube a bordo de un c\u00f3modo bote al llegar al puerto y deja que este para\u00edso extraordinariamente ex\u00f3tico te encante mientras recorres los canales de Tortuguero y parte del parque nacional.<\/span><\/p>\n<p><span style=\"font-size: 14pt;\">&#8211; Tenga una experiencia \u00fanica en este lugar \u00fanico rodeado de una gran variedad de flora y fauna de impresionante belleza.<\/span><\/p>\n<p><span style=\"font-size: 14pt;\">&#8211; Disfrute de un refrescante c\u00f3ctel y un delicioso almuerzo mientras le damos la bienvenida a nuestro lodge.<\/span><\/p>\n<p><span style=\"font-size: 14pt;\">&#8211; Despu\u00e9s del almuerzo, visitaremos el museo, el \u00e1rea de la playa y el peque\u00f1o y pintoresco pueblo de Tortuguero. Este dia (Desayuno \/ Almuerzo \/ Cena).<\/span><\/p>\n<p><span style=\"font-size: 14pt;\">&#8211; Noche en Tortuguero<\/span><\/p>\n<p>&nbsp;<\/p>\n<p><span style=\"font-size: 14pt;\"><strong>D\u00eda 2<\/strong><\/span><\/p>\n<p><span style=\"font-size: 14pt;\">&#8211; Descubra los sabores costarricenses mientras disfruta del desayuno en el lodge.<\/span><\/p>\n<p><span style=\"font-size: 14pt;\">&#8211; Prep\u00e1rese para recorrer los conocidos Canales de Tortuguero y tener la experiencia de su vida en este para\u00edso \u00fanico de magn\u00edfica flora y fauna acompa\u00f1ado por un gu\u00eda naturalista.<\/span><\/p>\n<p><span style=\"font-size: 14pt;\">&#8211; Disfrute de un delicioso almuerzo en el albergue.<\/span><\/p>\n<p><span style=\"font-size: 14pt;\">&#8211; T\u00f3mese su tiempo para disfrutar de nuestros senderos privados, andar en bote por los canales o simplemente relajarse.<\/span><\/p>\n<p><span style=\"font-size: 14pt;\">&#8211; Tambi\u00e9n contamos con tours opcionales que puede comprar directamente en el hotel este d\u00eda tambi\u00e9n tiene incluido el (Desayuno \/ Almuerzo \/ Cena).<\/span><\/p>\n<p><span style=\"font-size: 14pt;\">&#8211; Noche en Tortuguero<\/span><\/p>\n<p>&nbsp;<\/p>\n<p><span style=\"font-size: 14pt;\"><strong>D\u00eda 3<\/strong><\/span><\/p>\n<p><span style=\"font-size: 14pt;\">&#8211; Desayuno en el albergue.<\/span><\/p>\n<p><span style=\"font-size: 14pt;\">&#8211; Almuerzo en ruta.<\/span><\/p>\n<p><span style=\"font-size: 14pt;\">&#8211; Conexi\u00f3n de transporte en Gu\u00e1piles para continuar al siguiente destino Arenal.<\/span><\/p>\n<p><span style=\"font-size: 14pt;\"><strong>&#8211; <\/strong>Noche en Arenal<\/span><\/p>\n<p>&nbsp;<\/p>\n<p><span style=\"font-size: 14pt;\"><strong>D\u00eda 4<\/strong><\/span><\/p>\n<p><span style=\"font-size: 14pt;\">&#8211; Desayuno en el hotel.<\/span><\/p>\n<p><span style=\"font-size: 14pt;\">&#8211; Ma\u00f1ana libre por su cuenta para descansar o alg\u00fan tour opcional <\/span><\/p>\n<p><span style=\"font-size: 14pt;\">&#8211; Traslado regular a las Termales Bald\u00ed entrada y cena incluida regreso a hotel<\/span><\/p>\n<p><span style=\"font-size: 14pt;\">Incluido.<\/span><\/p>\n<p><span style=\"font-size: 14pt;\"><strong>&#8211; <\/strong>Noche en Arenal<\/span><\/p>\n<p>&nbsp;<\/p>\n<p><span style=\"font-size: 14pt;\"><strong>D\u00eda 5<\/strong><\/span><\/p>\n<p><span style=\"font-size: 14pt;\">&#8211; Desayuno en el hotel.<\/span><\/p>\n<p><span style=\"font-size: 14pt;\">&#8211; Traslado regular en Bote cruzando el lago Arenal y arribando a Monteverde alrededor de medio dia.<\/span><\/p>\n<p><span style=\"font-size: 14pt;\">&#8211; Tour de Caminata en puentes colgantes de Sky Park incluye el transporte regular, entrada, Almuerzo antes del tour y gu\u00eda naturalista, regreso al hotel y noche para descansar.<\/span><\/p>\n<p><span style=\"font-size: 14pt;\">&#8211; Noche en Monteverde<\/span><\/p>\n<p>&nbsp;<\/p>\n<p><span style=\"font-size: 14pt;\"><strong>Dia 6<\/strong><\/span><\/p>\n<p><span style=\"font-size: 14pt;\">&#8211; Desayuno en el hotel.<\/span><\/p>\n<p><span style=\"font-size: 14pt;\">&#8211; Ma\u00f1ana libre por su cuenta para descansar o alg\u00fan tour opcional<\/span><\/p>\n<p><span style=\"font-size: 14pt;\">&#8211; Traslado regular Monteverde \u2013 San Jos\u00e9<\/span><\/p>\n<p><span style=\"font-size: 14pt;\">Fin de los servicios<\/span>[\/vc_column_text][\/vc_tta_section][vc_tta_section title=\u00bbIncluye\u00bb tab_id=\u00bb1737052505842-e48d4242-e644&#8243;][vc_column_text]<strong><span style=\"font-size: 14pt;\">El paquete Incluye:<\/span><\/strong><\/p>\n<ul>\n<li><span style=\"font-size: 14pt;\">6 Desayunos<\/span><\/li>\n<li><span style=\"font-size: 14pt;\">4 Almuerzos<\/span><\/li>\n<li><span style=\"font-size: 14pt;\">3 Cenas<\/span><\/li>\n<li><span style=\"font-size: 14pt;\">5 Noches de hotel distribuidas en las zonas (habitaci\u00f3n est\u00e1ndar, desayuno y impuestos incluidos).<\/span><\/li>\n<li><span style=\"font-size: 14pt;\">Tour a los Canales de Tortuguero y al pueblo, as\u00ed como caminata en los jardines y alrededores.<\/span><\/li>\n<li><span style=\"font-size: 14pt;\">Entrada al Parque Nacional Tortuguero<\/span><\/li>\n<li><span style=\"font-size: 14pt;\">Entrada a las Aguas Termales Bald\u00ed<\/span><\/li>\n<li><span style=\"font-size: 14pt;\">Tour de Puentes Colgantes Sky Adventures<\/span><\/li>\n<li><span style=\"font-size: 14pt;\">Todos los traslados compartidos.<\/span><\/li>\n<\/ul>\n<p>&nbsp;<\/p>\n<p><strong><span style=\"font-size: 14pt;\">El paquete No Incluye:<\/span><\/strong><\/p>\n<ul>\n<li><span style=\"font-size: 14pt;\">Comidas no mencionadas.<\/span><\/li>\n<li><span style=\"font-size: 14pt;\">Bebidas alcoh\u00f3licas.<\/span><\/li>\n<li><span style=\"font-size: 14pt;\">Extras del hotel (llamadas telef\u00f3nicas, lavander\u00eda, servicio a la habitaci\u00f3n, etc.)<\/span><\/li>\n<li><span style=\"font-size: 14pt;\">Propinas (no obligatorio pero apreciado).<\/span><\/li>\n<\/ul>\n<p>[\/vc_column_text][\/vc_tta_section][vc_tta_section title=\u00bbTarifas\u00bb tab_id=\u00bb1737052505869-a266fc7a-74de\u00bb][vc_column_text]<\/p>\n<table border=\"1\" width=\"100%\" cellspacing=\"0\" cellpadding=\"0\">\n<tbody>\n<tr>\n<td valign=\"top\" width=\"57\"><\/td>\n<td valign=\"top\" width=\"102\"><\/td>\n<td valign=\"top\" width=\"63\"><\/td>\n<td valign=\"top\" width=\"45\"><\/td>\n<td valign=\"top\" width=\"54\">\n<p align=\"center\"><strong>Tarifas rack<\/strong><\/p>\n<\/td>\n<td valign=\"top\" width=\"45\"><\/td>\n<\/tr>\n<tr>\n<td valign=\"top\" width=\"57\">\n<p align=\"center\">CATEGORIA<\/p>\n<\/td>\n<td valign=\"top\" width=\"102\">\n<p align=\"center\"><strong><em>TARIFA DE TEMPORADA<\/em><\/strong><\/p>\n<\/td>\n<td valign=\"top\" width=\"63\">\n<p align=\"center\"><strong><em>HABITACI\u00d3N<\/em><\/strong><\/p>\n<\/td>\n<td valign=\"top\" width=\"45\">\n<p align=\"center\"><strong><em>SENCILLA<\/em><\/strong><\/p>\n<\/td>\n<td valign=\"top\" width=\"54\">\n<p align=\"center\"><strong><em>DOBLE<\/em><\/strong><\/p>\n<\/td>\n<td valign=\"top\" width=\"45\">\n<p align=\"center\"><strong><em>TRIPLE<\/em><\/strong><\/p>\n<\/td>\n<\/tr>\n<tr>\n<td valign=\"top\" width=\"57\">\n<p align=\"center\"><strong>Econ\u00f3mica<\/strong><\/p>\n<\/td>\n<td valign=\"top\" width=\"102\">\n<p align=\"center\">01\/06\/2023 a 30\/11\/23<\/p>\n<\/td>\n<td valign=\"top\" width=\"63\">\n<p align=\"center\">Est\u00e1ndar<\/p>\n<\/td>\n<td valign=\"top\" width=\"45\">\n<p align=\"center\">$1067.00<\/p>\n<\/td>\n<td valign=\"top\" width=\"54\">\n<p align=\"center\">$947.00<\/p>\n<\/td>\n<td valign=\"top\" width=\"45\">\n<p align=\"center\">$869.00<\/p>\n<\/td>\n<\/tr>\n<\/tbody>\n<\/table>\n<p>&nbsp;<\/p>\n<p>&nbsp;<\/p>\n<table border=\"1\" width=\"100%\" cellspacing=\"0\" cellpadding=\"0\">\n<tbody>\n<tr>\n<td valign=\"top\" width=\"57\"><\/td>\n<td valign=\"top\" width=\"102\"><\/td>\n<td valign=\"top\" width=\"63\"><\/td>\n<td valign=\"top\" width=\"45\"><\/td>\n<td valign=\"top\" width=\"54\">\n<p align=\"center\"><strong>Tarifas rack<\/strong><\/p>\n<\/td>\n<td valign=\"top\" width=\"45\"><\/td>\n<\/tr>\n<tr>\n<td valign=\"top\" width=\"57\">\n<p align=\"center\">CATEGORIA<\/p>\n<\/td>\n<td valign=\"top\" width=\"102\">\n<p align=\"center\"><strong><em>TARIFA DE TEMPORADA<\/em><\/strong><\/p>\n<\/td>\n<td valign=\"top\" width=\"63\">\n<p align=\"center\"><strong><em>HABITACI\u00d3N<\/em><\/strong><\/p>\n<\/td>\n<td valign=\"top\" width=\"45\">\n<p align=\"center\"><strong><em>SENCILLA<\/em><\/strong><\/p>\n<\/td>\n<td valign=\"top\" width=\"54\">\n<p align=\"center\"><strong><em>DOBLE<\/em><\/strong><\/p>\n<\/td>\n<td valign=\"top\" width=\"45\">\n<p align=\"center\"><strong><em>TRIPLE<\/em><\/strong><\/p>\n<\/td>\n<\/tr>\n<tr>\n<td valign=\"top\" width=\"57\">\n<p align=\"center\"><strong>Turista<\/strong><\/p>\n<\/td>\n<td valign=\"top\" width=\"102\">\n<p align=\"center\">01\/06\/2023 a 30\/11\/23<\/p>\n<\/td>\n<td valign=\"top\" width=\"63\">\n<p align=\"center\">Est\u00e1ndar<\/p>\n<\/td>\n<td valign=\"top\" width=\"45\">\n<p align=\"center\">$1197.00<\/p>\n<\/td>\n<td valign=\"top\" width=\"54\">\n<p align=\"center\">$1009.00<\/p>\n<\/td>\n<td valign=\"top\" width=\"45\">\n<p align=\"center\">$923.00<\/p>\n<\/td>\n<\/tr>\n<\/tbody>\n<\/table>\n<p>[\/vc_column_text][\/vc_tta_section][\/vc_tta_tabs][\/vc_column][\/vc_row]<\/p>\n<\/div>","protected":false},"excerpt":{"rendered":"<p>[vc_row][vc_column][vc_single_image image=\u00bb12431&#8243; img_size=\u00bbfull\u00bb alignment=\u00bbcenter\u00bb][\/vc_column][\/vc_row][vc_row][vc_column][vc_custom_heading text=\u00bbTortuguero \/ Arenal \/ Monteverde 6 D\u00edas \u2013 5 Noches\u00bb font_container=\u00bbtag:h2|font_size:36|text_align:center|color:%2381d742&#8243; google_fonts=\u00bbfont_family:Montserrat%3Aregular%2C700|font_style:400%20regular%3A400%3Anormal\u00bb][vc_row_inner][vc_column_inner width=\u00bb1\/2&#8243;][vc_column_text el_class=\u00bb.escondercontenido\u00bb] Desde $947.00 [\/vc_column_text][vc_btn title=\u00bbM\u00e1s Informaci\u00f3n\u00bb color=\u00bbwarning\u00bb align=\u00bbcenter\u00bb i_icon_fontawesome=\u00bbfa fa-calendar-o\u00bb add_icon=\u00bbtrue\u00bb link=\u00bburl:https%3A%2F%2Fwww.costaricaguides.com%2Fes%2Fcontacto%2F|||\u00bb el_id=\u00bbbook_now_vacation_package_coral\u00bb][\/vc_column_inner][vc_column_inner width=\u00bb1\/2&#8243;][vc_column_text]V\u00e1lido de 01\/06\/2025 a 30\/11\/25[\/vc_column_text][\/vc_column_inner][\/vc_row_inner][\/vc_column][\/vc_row][vc_row][vc_column][vc_empty_space][\/vc_column][\/vc_row][vc_row][vc_column][vc_column_text]Descripci\u00f3n. A su llegada, Costa Rica Guides y Expediciones Tropicales tendr\u00e1n un representante dentro del aeropuerto que le estar\u00e1 esperando, despu\u00e9s [&hellip;]<\/p>\n","protected":false},"author":12,"featured_media":0,"parent":12331,"menu_order":0,"comment_status":"closed","ping_status":"closed","template":"templates\/template-with-right-sidebar.php","meta":{"_joinchat":[],"footnotes":""},"class_list":["post-12330","page","type-page","status-publish","hentry"],"_links":{"self":[{"href":"https:\/\/www.costaricaguides.com\/es\/wp-json\/wp\/v2\/pages\/12330","targetHints":{"allow":["GET"]}}],"collection":[{"href":"https:\/\/www.costaricaguides.com\/es\/wp-json\/wp\/v2\/pages"}],"about":[{"href":"https:\/\/www.costaricaguides.com\/es\/wp-json\/wp\/v2\/types\/page"}],"author":[{"embeddable":true,"href":"https:\/\/www.costaricaguides.com\/es\/wp-json\/wp\/v2\/users\/12"}],"replies":[{"embeddable":true,"href":"https:\/\/www.costaricaguides.com\/es\/wp-json\/wp\/v2\/comments?post=12330"}],"version-history":[{"count":10,"href":"https:\/\/www.costaricaguides.com\/es\/wp-json\/wp\/v2\/pages\/12330\/revisions"}],"predecessor-version":[{"id":13351,"href":"https:\/\/www.costaricaguides.com\/es\/wp-json\/wp\/v2\/pages\/12330\/revisions\/13351"}],"up":[{"embeddable":true,"href":"https:\/\/www.costaricaguides.com\/es\/wp-json\/wp\/v2\/pages\/12331"}],"wp:attachment":[{"href":"https:\/\/www.costaricaguides.com\/es\/wp-json\/wp\/v2\/media?parent=12330"}],"curies":[{"name":"wp","href":"https:\/\/api.w.org\/{rel}","templated":true}]}}