{"id":12335,"date":"2020-06-26T17:15:07","date_gmt":"2020-06-26T17:15:07","guid":{"rendered":"https:\/\/www.costaricaguides.com\/eco-packages\/tropical-beach-and-rainforest-arenal-monteverde-manuel-antonio-6-days-5-nights\/"},"modified":"2025-01-16T13:00:09","modified_gmt":"2025-01-16T19:00:09","slug":"bosque-lluvioso-y-playa-tropical-arenal-monteverde-manuel-antonio-6-dias-5-noches","status":"publish","type":"page","link":"https:\/\/www.costaricaguides.com\/es\/economicos\/bosque-lluvioso-y-playa-tropical-arenal-monteverde-manuel-antonio-6-dias-5-noches\/","title":{"rendered":"BOSQUE LLUVIOSO Y PLAYA TROPICAL Arenal \/ Monteverde \/ Manuel Antonio  6 D\u00edas \u2013 5 Noches"},"content":{"rendered":"<div class=\"wpb-content-wrapper\"><p>[vc_row][vc_column][vc_single_image image=\u00bb12424&#8243; img_size=\u00bbfull\u00bb alignment=\u00bbcenter\u00bb][\/vc_column][\/vc_row][vc_row][vc_column][vc_custom_heading text=\u00bbArenal \/ Monteverde \/ Manuel Antonio<br \/>\n6 D\u00edas \u2013 5 Noches<\/p>\n<p>\u00bb font_container=\u00bbtag:h2|font_size:36|text_align:center|color:%2381d742&#8243; google_fonts=\u00bbfont_family:Montserrat%3Aregular%2C700|font_style:400%20regular%3A400%3Anormal\u00bb][vc_row_inner][vc_column_inner width=\u00bb1\/2&#8243;][vc_column_text el_class=\u00bb.escondercontenido\u00bb]<\/p>\n<p style=\"text-align: center;\"><strong><span style=\"font-family: 'arial black', sans-serif; font-size: 14pt;\">Desde<\/span><\/strong><br \/>\n<span style=\"color: #99cc00; font-size: 36pt;\">$772.00<\/span><\/p>\n<p>[\/vc_column_text][vc_btn title=\u00bbM\u00e1s Informaci\u00f3n\u00bb color=\u00bbwarning\u00bb align=\u00bbcenter\u00bb i_icon_fontawesome=\u00bbfa fa-calendar-o\u00bb add_icon=\u00bbtrue\u00bb link=\u00bburl:https%3A%2F%2Fwww.costaricaguides.com%2Fes%2Fcontacto%2F|||\u00bb el_id=\u00bbbook_now_vacation_package_coral\u00bb][\/vc_column_inner][vc_column_inner width=\u00bb1\/2&#8243;][vc_column_text]<span style=\"font-size: 12pt; font-family: arial, helvetica, sans-serif;\"><strong>V\u00e1lido de 01\/06\/2025 a 30\/11\/25<\/strong><\/span>[\/vc_column_text][\/vc_column_inner][\/vc_row_inner][\/vc_column][\/vc_row][vc_row][vc_column][vc_empty_space][\/vc_column][\/vc_row][vc_row][vc_column][vc_column_text]<\/p>\n<p>[\/vc_column_text][\/vc_column][\/vc_row][vc_row][vc_column][vc_column_text]<span style=\"font-size: 14pt;\"><strong>Descripci\u00f3n. <\/strong><\/span><\/p>\n<p><span style=\"font-size: 14pt;\">A su llegada, Costa Rica Guides y Expediciones Tropicales tendr\u00e1n un representante dentro del aeropuerto que le estar\u00e1 esperando, despu\u00e9s de que pase inmigraci\u00f3n, sosteniendo un cartel visible con su apellido. El representante no podr\u00e1 brindar asistencia con su equipaje dentro del aeropuerto, ya que usted es la \u00fanica persona autorizada a hacerlo.<\/span><\/p>\n<p><span style=\"font-size: 14pt;\">Una vez que haya salido del aeropuerto, nuestro conductor estar\u00e1 encantado de ayudarle con su equipaje y transporte privado hasta el hotel en San Jos\u00e9. (<\/span><strong><span style=\"font-size: 14pt;\">Alojamiento en SJO no incluido.)<\/span> <\/strong>[\/vc_column_text][\/vc_column][\/vc_row][vc_row][vc_column][vc_tta_tabs color=\u00bborange\u00bb active_section=\u00bb1&#8243;][vc_tta_section title=\u00bbD\u00edas\u00bb tab_id=\u00bb1593191459130-5ec4ca84-e3bd\u00bb][vc_column_text]<span style=\"font-size: 14pt;\"><strong>D\u00eda 1<\/strong><\/span><\/p>\n<p><span style=\"font-size: 14pt;\">&#8211; Salida de su hotel por la ma\u00f1ana.<\/span><\/p>\n<p><span style=\"font-size: 14pt;\">Entradas a Termales Bald\u00ed, almuerzo y cena.<\/span><\/p>\n<p><span style=\"font-size: 14pt;\">El impresionante Volc\u00e1n Arenal es una maravilla natural que se encuentra en La Fortuna de San Carlos, Alajuela, Ofreciendo a miles de turistas la oportunidad de apreciar las columnas de humo blanco, ceniza y actividad fumar\u00f3lica que Emana del coloso de forma c\u00f3nica. Es importante tomar en cuenta que el volc\u00e1n se hab\u00eda mantenido dormido por al Menos unos 450 a\u00f1os, hasta que el 29 de Julio de 1968 volvi\u00f3 a experimentar una gran erupci\u00f3n, dando inicio a un nuevo Periodo de actividad pirocl\u00e1stica, dicha actividad ha disminuido considerablemente durante los \u00faltimos a\u00f1os.<\/span><\/p>\n<p><span style=\"font-size: 14pt;\">En ruta al Volc\u00e1n Arenal, haremos una parada en el famoso pueblo de Sarch\u00ed, conocido como la cuna de los artesanos De Costa Rica, donde tendr\u00e1n la mejor oportunidad de adquirir los souvenirs como maderas, ropa y recuerdos en General. En Sarch\u00ed, es muy posible que vea una carreta de bueyes que ostenta el t\u00edtulo de ser la m\u00e1s grande del mundo, la cual Est\u00e1 construida de madera (cedro) y decorada con colores sorprendentes, como un color naranja brillante. El dise\u00f1o es t\u00edpico y complejo, cuenta con dos niveles de altura y tom\u00f3 70 d\u00edas en ser completada, tiene adem\u00e1s una honorable menci\u00f3n en el libro mundial de record Guinness.<\/span><\/p>\n<p><span style=\"font-size: 14pt;\">El viaje contin\u00faa, atravesando zonas de bosque, as\u00ed como tambi\u00e9n plantaciones de diversos productos agr\u00edcolas, incluyendo plantaciones de caf\u00e9, pi\u00f1a, adem\u00e1s de plantas ornamentales, fincas de ganado, y a su vez experimentando la variedad de microclimas presentes en el pa\u00eds, hasta llegar al hermoso pueblo de La Fortuna, para detenerse y disfrutar de un almuerzo en un acogedor restaurante con vista espectacular del Volc\u00e1n Arenal.<\/span><\/p>\n<p><span style=\"font-size: 14pt;\">Luego del almuerzo se realizar\u00e1 una visita a un mirador cercano al pie del volc\u00e1n para apreciar m\u00e1s de cerca la vista del volc\u00e1n y adem\u00e1s la vista de La Laguna de Arenal.<\/span><\/p>\n<p><span style=\"font-size: 14pt;\">Eventualmente el turista disfrutar\u00e1 y se relajar\u00e1 en una de las mejores aguas termales del pa\u00eds, donde podr\u00e1 disfrutar de los efectos rejuvenecedores de las mismas cuya temperatura oscila entre los 33 a 66 grados cent\u00edgrados (93-152 Fahrenheit) proporcionando a los clientes una amplia gama de opciones que se adapten a sus necesidades, as\u00ed como un masaje (actividad opcional) u otros tratamientos especiales que deben ser reservados con anticipaci\u00f3n para asegurar disponibilidad.<\/span><\/p>\n<p><span style=\"font-size: 14pt;\">Las aguas termales de Bald\u00ed combinan los cuatro elementos de la naturaleza, el calor del volc\u00e1n, las aguas que fluyen de los manantiales de agua caliente, el aire puro de la selva, y la tierra f\u00e9rtil de la regi\u00f3n de La Fortuna de San Carlos.<\/span><\/p>\n<p><span style=\"font-size: 14pt;\">Y para un final perfecto, disfrutaremos de una maravillosa y deliciosa cena estilo buffet en Termales Bald\u00ed.<\/span><\/p>\n<p><span style=\"font-size: 14pt;\">Una vez finalizado el tour procedemos a dejarlos en su hotel en la zona.<\/span><\/p>\n<p><span style=\"font-size: 14pt;\">&#8211; Noche en Arenal.<\/span><\/p>\n<p>&nbsp;<\/p>\n<p><span style=\"font-size: 14pt;\"><strong>D\u00eda 2<\/strong><\/span><\/p>\n<p><span style=\"font-size: 14pt;\">&#8211; Desayuno en el hotel.<\/span><\/p>\n<p><span style=\"font-size: 14pt;\">&#8211; Dia libre de descanso para explorar la zona o alg\u00fan tour opcional.<\/span><\/p>\n<p><span style=\"font-size: 14pt;\">&#8211; Noche en Arenal.<\/span><\/p>\n<p>&nbsp;<\/p>\n<p><span style=\"font-size: 14pt;\"><strong>Dia 3<\/strong><\/span><\/p>\n<p><span style=\"font-size: 14pt;\">&#8211; Desayuno en el hotel.<\/span><\/p>\n<p><span style=\"font-size: 14pt;\">&#8211; Traslado regular en Bote cruzando el lago Arenal y arribando a Monteverde alrededor de medio d\u00eda.<\/span><\/p>\n<p><span style=\"font-size: 14pt;\">&#8211; Tour de Caminata en puentes colgantes de Sky Park incluye el transporte regular, entrada, Almuerzo antes del tour y gu\u00eda naturalista, regreso al hotel y noche para descansar.<\/span><\/p>\n<p><span style=\"font-size: 14pt;\">&#8211; Noche en Monteverde<\/span><\/p>\n<p>&nbsp;<\/p>\n<p><span style=\"font-size: 14pt;\"><strong>Dia 4<\/strong><\/span><\/p>\n<p><span style=\"font-size: 14pt;\">&#8211; Desayuno en el hotel.<\/span><\/p>\n<p><span style=\"font-size: 14pt;\">&#8211; Traslado regular Monteverde \u2013 Manuel Antonio \/ Tarde libre por su cuenta para disfrutar la playa o descansar.<\/span><\/p>\n<p><span style=\"font-size: 14pt;\">&#8211; Noche en Manuel Antonio<\/span><\/p>\n<p>&nbsp;<\/p>\n<p><span style=\"font-size: 14pt;\"><strong>D\u00eda 5<\/strong><\/span><\/p>\n<p><span style=\"font-size: 14pt;\">&#8211; Desayuno en el hotel.<\/span><\/p>\n<p><span style=\"font-size: 14pt;\">&#8211; Tour regular de Caminata y visita al parque nacional Manuel Antonio<\/span><\/p>\n<p><span style=\"font-size: 14pt;\">&#8211; El Parque Nacional Manuel Antonio es una selva tropical ex\u00f3tica y biodiversa.<\/span><\/p>\n<p><span style=\"font-size: 14pt;\">El ritmo de esta aventura est\u00e1 determinado por el consenso de las habilidades e intereses de su grupo. Hay una gran Cantidad de vida silvestre que querr\u00e1 detenerse y observar (y aprender) en su h\u00e1bitat natural e impresionante. Observe los perezosos y numerosas especies de monos que viajan a trav\u00e9s del dosel de los \u00e1rboles mientras cazan osos Hormigueros sedosos nocturnos y varios tipos de serpientes no venenosas que descansan en la selva tropical. Escucha Los sonidos de las diversas aves que se deslizan en los arboles, la caminata es de alrededor 2 horas y 30 minutos para<\/span><\/p>\n<p><span style=\"font-size: 14pt;\">Despu\u00e9s disfrutar de la playa, relajarse o puede tambien realizar una caminata adicional por los senderos del bosque o Disfrutar De playas v\u00edrgenes y regresar por su cuenta al hotel una vez que el parque nacional cierre o disfrutar de alg\u00fan Tour Opcional como catamar\u00e1n y Snorkeling, Canopy o caminata nocturna.<\/span><\/p>\n<p><span style=\"font-size: 14pt;\">&#8211; Noche en Manuel Antonio<\/span><\/p>\n<p>&nbsp;<\/p>\n<p><span style=\"font-size: 14pt;\"><strong>D\u00eda 6<\/strong><\/span><\/p>\n<p><span style=\"font-size: 14pt;\">&#8211; Desayuno en el hotel.<\/span><\/p>\n<p><span style=\"font-size: 14pt;\">&#8211; Ma\u00f1ana libre por su cuenta para descansar<\/span><\/p>\n<p><span style=\"font-size: 14pt;\">&#8211; Traslado regular Manuel Antonio \/ San Jos\u00e9.<\/span><\/p>\n<p><span style=\"font-size: 14pt;\">&#8211; Fin de los servicios<\/span>[\/vc_column_text][\/vc_tta_section][vc_tta_section title=\u00bbIncluye\u00bb tab_id=\u00bb1593191459143-a0804e2d-19ea\u00bb][vc_column_text]<span style=\"font-size: 14pt;\"><strong>El paquete Incluye:<\/strong><\/span><\/p>\n<ul>\n<li><span style=\"font-size: 14pt;\">5 Desayunos<\/span><\/li>\n<li><span style=\"font-size: 14pt;\">3 Almuerzos<\/span><\/li>\n<li><span style=\"font-size: 14pt;\">1 Cena<\/span><\/li>\n<li><span style=\"font-size: 14pt;\">5 Noches de hotel distribuidas en las zonas (habitaci\u00f3n est\u00e1ndar, desayuno y impuestos incluidos).<\/span><\/li>\n<li><span style=\"font-size: 14pt;\">Tour al parque nacional Cahuita, Snorkeling y equipo.<\/span><\/li>\n<li><span style=\"font-size: 14pt;\">Entrada a Termales Bald\u00ed.<\/span><\/li>\n<li><span style=\"font-size: 14pt;\">Tour de Puentes Colgantes Sky Adventures<\/span><\/li>\n<li><span style=\"font-size: 14pt;\">Todos los traslados compartidos.<\/span><\/li>\n<\/ul>\n<p>&nbsp;<\/p>\n<p><span style=\"font-size: 14pt;\"><strong>El paquete No Incluye:<\/strong><\/span><\/p>\n<ul>\n<li><span style=\"font-size: 14pt;\">Comidas no mencionadas.<\/span><\/li>\n<li><span style=\"font-size: 14pt;\">Bebidas alcoh\u00f3licas.<\/span><\/li>\n<li><span style=\"font-size: 14pt;\">Extras del hotel (llamadas telef\u00f3nicas, lavander\u00eda, servicio a la habitaci\u00f3n, etc.)<\/span><\/li>\n<li><span style=\"font-size: 14pt;\">Propinas (no obligatorio pero apreciado).<\/span><\/li>\n<\/ul>\n<p>[\/vc_column_text][\/vc_tta_section][\/vc_tta_tabs][\/vc_column][\/vc_row][vc_row][vc_column][vc_btn title=\u00bbM\u00e1s Informaci\u00f3n\u00bb color=\u00bbwarning\u00bb align=\u00bbcenter\u00bb i_icon_fontawesome=\u00bbfa fa-calendar-o\u00bb add_icon=\u00bbtrue\u00bb link=\u00bburl:https%3A%2F%2Fwww.costaricaguides.com%2Fes%2Fcontacto%2F|||\u00bb][\/vc_column][\/vc_row]<\/p>\n<\/div>","protected":false},"excerpt":{"rendered":"<p>[vc_row][vc_column][vc_single_image image=\u00bb12424&#8243; img_size=\u00bbfull\u00bb alignment=\u00bbcenter\u00bb][\/vc_column][\/vc_row][vc_row][vc_column][vc_custom_heading text=\u00bbArenal \/ Monteverde \/ Manuel Antonio 6 D\u00edas \u2013 5 Noches \u00bb font_container=\u00bbtag:h2|font_size:36|text_align:center|color:%2381d742&#8243; google_fonts=\u00bbfont_family:Montserrat%3Aregular%2C700|font_style:400%20regular%3A400%3Anormal\u00bb][vc_row_inner][vc_column_inner width=\u00bb1\/2&#8243;][vc_column_text el_class=\u00bb.escondercontenido\u00bb] Desde $772.00 [\/vc_column_text][vc_btn title=\u00bbM\u00e1s Informaci\u00f3n\u00bb color=\u00bbwarning\u00bb align=\u00bbcenter\u00bb i_icon_fontawesome=\u00bbfa fa-calendar-o\u00bb add_icon=\u00bbtrue\u00bb link=\u00bburl:https%3A%2F%2Fwww.costaricaguides.com%2Fes%2Fcontacto%2F|||\u00bb el_id=\u00bbbook_now_vacation_package_coral\u00bb][\/vc_column_inner][vc_column_inner width=\u00bb1\/2&#8243;][vc_column_text]V\u00e1lido de 01\/06\/2025 a 30\/11\/25[\/vc_column_text][\/vc_column_inner][\/vc_row_inner][\/vc_column][\/vc_row][vc_row][vc_column][vc_empty_space][\/vc_column][\/vc_row][vc_row][vc_column][vc_column_text] [\/vc_column_text][\/vc_column][\/vc_row][vc_row][vc_column][vc_column_text]Descripci\u00f3n. A su llegada, Costa Rica Guides y Expediciones Tropicales tendr\u00e1n un representante dentro del aeropuerto que le [&hellip;]<\/p>\n","protected":false},"author":12,"featured_media":0,"parent":12331,"menu_order":0,"comment_status":"closed","ping_status":"closed","template":"templates\/template-with-right-sidebar.php","meta":{"_joinchat":[],"footnotes":""},"class_list":["post-12335","page","type-page","status-publish","hentry"],"_links":{"self":[{"href":"https:\/\/www.costaricaguides.com\/es\/wp-json\/wp\/v2\/pages\/12335","targetHints":{"allow":["GET"]}}],"collection":[{"href":"https:\/\/www.costaricaguides.com\/es\/wp-json\/wp\/v2\/pages"}],"about":[{"href":"https:\/\/www.costaricaguides.com\/es\/wp-json\/wp\/v2\/types\/page"}],"author":[{"embeddable":true,"href":"https:\/\/www.costaricaguides.com\/es\/wp-json\/wp\/v2\/users\/12"}],"replies":[{"embeddable":true,"href":"https:\/\/www.costaricaguides.com\/es\/wp-json\/wp\/v2\/comments?post=12335"}],"version-history":[{"count":14,"href":"https:\/\/www.costaricaguides.com\/es\/wp-json\/wp\/v2\/pages\/12335\/revisions"}],"predecessor-version":[{"id":13359,"href":"https:\/\/www.costaricaguides.com\/es\/wp-json\/wp\/v2\/pages\/12335\/revisions\/13359"}],"up":[{"embeddable":true,"href":"https:\/\/www.costaricaguides.com\/es\/wp-json\/wp\/v2\/pages\/12331"}],"wp:attachment":[{"href":"https:\/\/www.costaricaguides.com\/es\/wp-json\/wp\/v2\/media?parent=12335"}],"curies":[{"name":"wp","href":"https:\/\/api.w.org\/{rel}","templated":true}]}}