{"id":12341,"date":"2020-06-26T15:36:43","date_gmt":"2020-06-26T15:36:43","guid":{"rendered":"https:\/\/www.costaricaguides.com\/eco-packages\/tropical-caribbean-and-forest-caribe-arenal-monteverde-6-days-5-nights\/"},"modified":"2025-01-16T12:45:21","modified_gmt":"2025-01-16T18:45:21","slug":"caribe-y-selva-tropical-caribe-sur-arenal-monteverde-6-dias-5-noches","status":"publish","type":"page","link":"https:\/\/www.costaricaguides.com\/es\/economicos\/caribe-y-selva-tropical-caribe-sur-arenal-monteverde-6-dias-5-noches\/","title":{"rendered":"CARIBE Y SELVA TROPICAL Caribe Sur \/ Arenal \/ Monteverde 6 D\u00edas \u2013 5 Noches"},"content":{"rendered":"<div class=\"wpb-content-wrapper\"><p>[vc_row][vc_column][vc_single_image image=\u00bb12427&#8243; img_size=\u00bbfull\u00bb alignment=\u00bbcenter\u00bb][\/vc_column][\/vc_row][vc_row][vc_column][vc_custom_heading text=\u00bbCaribe Sur \/ Arenal \/ Monteverde<br \/>\n6 D\u00edas \u2013 5 Noches<\/p>\n<p>\u00bb font_container=\u00bbtag:h2|font_size:36|text_align:center|color:%2381d742&#8243; google_fonts=\u00bbfont_family:Montserrat%3Aregular%2C700|font_style:400%20regular%3A400%3Anormal\u00bb][vc_row_inner][vc_column_inner width=\u00bb1\/2&#8243;][vc_column_text el_class=\u00bb.escondercontenido\u00bb]<\/p>\n<p style=\"text-align: center;\"><strong><span style=\"font-family: 'arial black', sans-serif; font-size: 14pt;\">Desde<\/span><\/strong><br \/>\n<span style=\"color: #99cc00; font-size: 36pt;\">$772.00<\/span><\/p>\n<p>[\/vc_column_text][vc_btn title=\u00bbM\u00e1s Informaci\u00f3n\u00bb color=\u00bbwarning\u00bb align=\u00bbcenter\u00bb i_icon_fontawesome=\u00bbfa fa-calendar-o\u00bb add_icon=\u00bbtrue\u00bb link=\u00bburl:https%3A%2F%2Fwww.costaricaguides.com%2Fes%2Fcontacto%2F|||\u00bb el_id=\u00bbbook_now_vacation_package_coral\u00bb][\/vc_column_inner][vc_column_inner width=\u00bb1\/2&#8243;][vc_column_text]<span style=\"font-size: 12pt; font-family: arial, helvetica, sans-serif;\"><strong>V\u00e1lido de 01\/06\/2025 a 30\/11\/25<\/strong><\/span>[\/vc_column_text][\/vc_column_inner][\/vc_row_inner][\/vc_column][\/vc_row][vc_row][vc_column][vc_empty_space][\/vc_column][\/vc_row][vc_row][vc_column][vc_column_text]<\/p>\n<p>[\/vc_column_text][\/vc_column][\/vc_row][vc_row][vc_column][vc_column_text]<span style=\"font-size: 14pt;\"><strong>Descripci\u00f3n. <\/strong><\/span><\/p>\n<p><span style=\"font-size: 14pt;\">A su llegada, Costa Rica Guides y Expediciones Tropicales tendr\u00e1n un representante dentro del aeropuerto que le estar\u00e1 esperando, despu\u00e9s de que pase inmigraci\u00f3n, sosteniendo un cartel visible con su apellido. El representante no podr\u00e1 brindar asistencia con su equipaje dentro del aeropuerto, ya que usted es la \u00fanica persona autorizada a hacerlo.<\/span><\/p>\n<p><span style=\"font-size: 14pt;\">Una vez que haya salido del aeropuerto, nuestro conductor estar\u00e1 encantado de ayudarle con su equipaje y transporte privado hasta el hotel en San Jos\u00e9. (<\/span><strong><span style=\"font-size: 14pt;\">Alojamiento en SJO no incluido.)<\/span> <\/strong>[\/vc_column_text][\/vc_column][\/vc_row][vc_row][vc_column][vc_tta_tabs color=\u00bborange\u00bb active_section=\u00bb1&#8243;][vc_tta_section title=\u00bbD\u00edas\u00bb tab_id=\u00bb1593191459130-5ec4ca84-e3bd\u00bb][vc_column_text]<span style=\"font-size: 14pt;\"><strong>D\u00eda 1<\/strong><\/span><\/p>\n<p><span style=\"font-size: 14pt;\">&#8211; Salida de su hotel por la ma\u00f1ana.<\/span><\/p>\n<p><span style=\"font-size: 14pt;\">&#8211; Admire la biodiversidad de un \u00e1rea protegida asombrosa en Costa Rica mientras conducimos por el Parque Nacional Braulio Carrillo, un bosque primario en el 95% de su extensi\u00f3n.<\/span><\/p>\n<p><span style=\"font-size: 14pt;\">&#8211; Traslado regular desde San Jos\u00e9 hasta el Caribe sur del pais, durante el trayecto tiene la oportunidad de hacer un par De paradas para descansar.<\/span><\/p>\n<p><span style=\"font-size: 14pt;\">Estirar las piernas y comer algo o descansar, una vez que llegamos a la zona de Cahuita o Puerto Viejo tienen la tarde<\/span><\/p>\n<p><span style=\"font-size: 14pt;\">Libre por su cuenta para disfrutar de la zona, playa o descansar en su hotel.<\/span><\/p>\n<p><span style=\"font-size: 14pt;\">Hospedaje en Cahuita \u00f3 Puerto Viejo.<\/span><\/p>\n<p>&nbsp;<\/p>\n<p><span style=\"font-size: 14pt;\"><strong>D\u00eda 2<\/strong><\/span><\/p>\n<p><span style=\"font-size: 14pt;\">&#8211; Desayuno en el hotel.<\/span><\/p>\n<p><span style=\"font-size: 14pt;\">&#8211; Tour de caminata y snorkeling en parque nacional Cahuita<\/span><\/p>\n<p><span style=\"font-size: 14pt;\">Este tour se desarrolla en una lancha con capacidad para 15 personas,<\/span><\/p>\n<p><span style=\"font-size: 14pt;\">Capit\u00e1n y gu\u00eda, alrededor del Parque Nacional de Cahuita que es el primer<\/span><\/p>\n<p><span style=\"font-size: 14pt;\">Lugar donde podr\u00e1n practicar Snorkeling de dos horas aproximadamente en el Arrecife de Coral<\/span><\/p>\n<p><span style=\"font-size: 14pt;\">De mayor importancia de Costa Rica, observando: muchas especies distintas de arrecifes. Se les brinda el equipo de Snorkeling (mascara, patas de rana y el tubo).<\/span><\/p>\n<p><span style=\"font-size: 14pt;\">Despu\u00e9s del Snorkeling se les brindar\u00e1 un refrigerio a base de frutas tropicales de la temporada y agua fresca en botella, Para luego iniciar la segunda etapa del tour la cual es: la caminata con interpretaci\u00f3n de sendero, el gu\u00eda los llevara por Diferentes puntos entre Punta Cahuita y el pueblo de Cahuita (3,5 km) observando varios tipos de serpientes, algunos Monos entre otras especies de animales y plantas medicinales, finalmente disfrutaremos de un delicioso almuerzo estilo<\/span><\/p>\n<p><span style=\"font-size: 14pt;\">T\u00edpico de la zona para luego regresar al hotel.<\/span><\/p>\n<p><span style=\"font-size: 14pt;\">Hospedaje en Cahuita \u00f3 Puerto Viejo.<\/span><\/p>\n<p>&nbsp;<\/p>\n<p><span style=\"font-size: 14pt;\"><strong>D\u00eda 3<\/strong><\/span><\/p>\n<p><span style=\"font-size: 14pt;\">&#8211; Desayuno en el hotel.<\/span><\/p>\n<p><span style=\"font-size: 14pt;\">&#8211; Traslado regular desde la zona del caribe hacia Arenal, durante el trayecto tiene la oportunidad de hacer un par de paradas para descansar estirar las piernas y comer algo o descansar, una vez que llegamos a Arenal tienen la tarde<\/span><\/p>\n<p><span style=\"font-size: 14pt;\">Libre por su cuenta para disfrutar de la zona, explorar o descansar en su hotel o inclusive alg\u00fan tour nocturno.<\/span><\/p>\n<p><span style=\"font-size: 14pt;\"><strong>&#8211; <\/strong>Noche en Arenal<\/span><\/p>\n<p>&nbsp;<\/p>\n<p><span style=\"font-size: 14pt;\"><strong>D\u00eda 4<\/strong><\/span><\/p>\n<p><span style=\"font-size: 14pt;\">&#8211; Desayuno en el hotel.<\/span><\/p>\n<p><span style=\"font-size: 14pt;\">&#8211; Ma\u00f1ana libre por su cuenta para descansar o alg\u00fan tour opcional <\/span><\/p>\n<p><span style=\"font-size: 14pt;\">&#8211; Tour regular a las aguas termales de Bald\u00ed entrada y cena incluida regreso a hotel<\/span><\/p>\n<p><span style=\"font-size: 14pt;\"><strong>&#8211; <\/strong>Noche en Arenal<\/span><\/p>\n<p>&nbsp;<\/p>\n<p><span style=\"font-size: 14pt;\"><strong>D\u00eda 5<\/strong><\/span><\/p>\n<p><span style=\"font-size: 14pt;\">&#8211; Desayuno en el hotel.<\/span><\/p>\n<p><span style=\"font-size: 14pt;\">&#8211; Traslado regular en Bote cruzando el lago Arenal y arribando a Monteverde alrededor de medio dia.<\/span><\/p>\n<p><span style=\"font-size: 14pt;\">&#8211; Tour de Caminata en puentes colgantes de Sky Park incluye el transporte regular, entrada, Almuerzo antes del tour y gu\u00eda naturalista, regreso al hotel y noche para descansar.<\/span><\/p>\n<p><span style=\"font-size: 14pt;\">&#8211; Noche en Monteverde<\/span><\/p>\n<p>&nbsp;<\/p>\n<p><span style=\"font-size: 14pt;\"><strong>D\u00eda 6<\/strong><\/span><\/p>\n<p><span style=\"font-size: 14pt;\">&#8211; Desayuno en el hotel.<\/span><\/p>\n<p><span style=\"font-size: 14pt;\">&#8211; Ma\u00f1ana libre por su cuenta para descansar o alg\u00fan tour opcional<\/span><\/p>\n<p><span style=\"font-size: 14pt;\">&#8211; Traslado regular Monteverde \u2013 San Jos\u00e9<\/span><\/p>\n<p><span style=\"font-size: 14pt;\">Fin de los servicios<\/span>[\/vc_column_text][\/vc_tta_section][vc_tta_section title=\u00bbIncluye\u00bb tab_id=\u00bb1593191459143-a0804e2d-19ea\u00bb][vc_column_text]<span style=\"font-size: 14pt;\"><strong>El paquete Incluye:<\/strong><\/span><\/p>\n<ul>\n<li><span style=\"font-size: 14pt;\">5 Desayunos<\/span><\/li>\n<li><span style=\"font-size: 14pt;\">3 Almuerzos<\/span><\/li>\n<li><span style=\"font-size: 14pt;\">1 Cena<\/span><\/li>\n<li><span style=\"font-size: 14pt;\">5 Noches de hotel distribuidas en las zonas (habitaci\u00f3n est\u00e1ndar, desayuno y impuestos incluidos).<\/span><\/li>\n<li><span style=\"font-size: 14pt;\">Tour al parque nacional Cahuita, Snorkeling y equipo.<\/span><\/li>\n<li><span style=\"font-size: 14pt;\">Entrada a las Aguas Termales de Bald\u00ed.<\/span><\/li>\n<li><span style=\"font-size: 14pt;\">Tour de Puentes Colgantes Sky Adventures.<\/span><\/li>\n<li><span style=\"font-size: 14pt;\">Todos los traslados compartidos.<\/span><\/li>\n<\/ul>\n<p>&nbsp;<\/p>\n<p><span style=\"font-size: 14pt;\"><strong>El paquete No Incluye:<\/strong><\/span><\/p>\n<ul>\n<li><span style=\"font-size: 14pt;\">Comidas no mencionadas.<\/span><\/li>\n<li><span style=\"font-size: 14pt;\">Bebidas alcoh\u00f3licas.<\/span><\/li>\n<li><span style=\"font-size: 14pt;\">Extras del hotel (llamadas telef\u00f3nicas, lavander\u00eda, servicio a la habitaci\u00f3n, etc.)<\/span><\/li>\n<li><span style=\"font-size: 14pt;\">Propinas (no obligatorio pero apreciado).<\/span><\/li>\n<\/ul>\n<p>[\/vc_column_text][\/vc_tta_section][\/vc_tta_tabs][\/vc_column][\/vc_row][vc_row][vc_column][vc_btn title=\u00bbM\u00e1s Informaci\u00f3n\u00bb color=\u00bbwarning\u00bb align=\u00bbcenter\u00bb i_icon_fontawesome=\u00bbfa fa-calendar-o\u00bb add_icon=\u00bbtrue\u00bb link=\u00bburl:https%3A%2F%2Fwww.costaricaguides.com%2Fes%2Fcontacto%2F|||\u00bb][\/vc_column][\/vc_row][vc_row el_class=\u00bb.escondercontenido\u00bb][vc_column][vc_tta_tabs color=\u00bborange\u00bb active_section=\u00bb1&#8243;][vc_tta_section title=\u00bbD\u00edas\u00bb tab_id=\u00bb1737053044834-69ac2a78-9005&#8243;][vc_column_text]<span style=\"font-size: 14pt;\"><strong>D\u00eda 1<\/strong><\/span><\/p>\n<p><span style=\"font-size: 14pt;\">&#8211; Salida de su hotel por la ma\u00f1ana.<\/span><\/p>\n<p><span style=\"font-size: 14pt;\">&#8211; Admire la biodiversidad de un \u00e1rea protegida asombrosa en Costa Rica mientras conducimos por el Parque Nacional Braulio Carrillo, un bosque primario en el 95% de su extensi\u00f3n.<\/span><\/p>\n<p><span style=\"font-size: 14pt;\">&#8211; Traslado regular desde San Jos\u00e9 hasta el Caribe sur del pais, durante el trayecto tiene la oportunidad de hacer un par De paradas para descansar.<\/span><\/p>\n<p><span style=\"font-size: 14pt;\">Estirar las piernas y comer algo o descansar, una vez que llegamos a la zona de Cahuita o Puerto Viejo tienen la tarde<\/span><\/p>\n<p><span style=\"font-size: 14pt;\">Libre por su cuenta para disfrutar de la zona, playa o descansar en su hotel.<\/span><\/p>\n<p><span style=\"font-size: 14pt;\">Hospedaje en Cahuita \u00f3 Puerto Viejo.<\/span><\/p>\n<p>&nbsp;<\/p>\n<p><span style=\"font-size: 14pt;\"><strong>D\u00eda 2<\/strong><\/span><\/p>\n<p><span style=\"font-size: 14pt;\">&#8211; Desayuno en el hotel.<\/span><\/p>\n<p><span style=\"font-size: 14pt;\">&#8211; Tour de caminata y snorkeling en parque nacional Cahuita<\/span><\/p>\n<p><span style=\"font-size: 14pt;\">Este tour se desarrolla en una lancha con capacidad para 15 personas,<\/span><\/p>\n<p><span style=\"font-size: 14pt;\">Capit\u00e1n y gu\u00eda, alrededor del Parque Nacional de Cahuita que es el primer<\/span><\/p>\n<p><span style=\"font-size: 14pt;\">Lugar donde podr\u00e1n practicar Snorkeling de dos horas aproximadamente en el Arrecife de Coral<\/span><\/p>\n<p><span style=\"font-size: 14pt;\">De mayor importancia de Costa Rica, observando: muchas especies distintas de arrecifes. Se les brinda el equipo de Snorkeling (mascara, patas de rana y el tubo).<\/span><\/p>\n<p><span style=\"font-size: 14pt;\">Despu\u00e9s del Snorkeling se les brindar\u00e1 un refrigerio a base de frutas tropicales de la temporada y agua fresca en botella, Para luego iniciar la segunda etapa del tour la cual es: la caminata con interpretaci\u00f3n de sendero, el gu\u00eda los llevara por Diferentes puntos entre Punta Cahuita y el pueblo de Cahuita (3,5 km) observando varios tipos de serpientes, algunos Monos entre otras especies de animales y plantas medicinales, finalmente disfrutaremos de un delicioso almuerzo estilo<\/span><\/p>\n<p><span style=\"font-size: 14pt;\">T\u00edpico de la zona para luego regresar al hotel.<\/span><\/p>\n<p><span style=\"font-size: 14pt;\">Hospedaje en Cahuita \u00f3 Puerto Viejo.<\/span><\/p>\n<p>&nbsp;<\/p>\n<p><span style=\"font-size: 14pt;\"><strong>D\u00eda 3<\/strong><\/span><\/p>\n<p><span style=\"font-size: 14pt;\">&#8211; Desayuno en el hotel.<\/span><\/p>\n<p><span style=\"font-size: 14pt;\">&#8211; Traslado regular desde la zona del caribe hacia Arenal, durante el trayecto tiene la oportunidad de hacer un par de paradas para descansar estirar las piernas y comer algo o descansar, una vez que llegamos a Arenal tienen la tarde<\/span><\/p>\n<p><span style=\"font-size: 14pt;\">Libre por su cuenta para disfrutar de la zona, explorar o descansar en su hotel o inclusive alg\u00fan tour nocturno.<\/span><\/p>\n<p><span style=\"font-size: 14pt;\"><strong>&#8211; <\/strong>Noche en Arenal<\/span><\/p>\n<p>&nbsp;<\/p>\n<p><span style=\"font-size: 14pt;\"><strong>D\u00eda 4<\/strong><\/span><\/p>\n<p><span style=\"font-size: 14pt;\">&#8211; Desayuno en el hotel.<\/span><\/p>\n<p><span style=\"font-size: 14pt;\">&#8211; Ma\u00f1ana libre por su cuenta para descansar o alg\u00fan tour opcional <\/span><\/p>\n<p><span style=\"font-size: 14pt;\">&#8211; Tour regular a las aguas termales de Bald\u00ed entrada y cena incluida regreso a hotel<\/span><\/p>\n<p><span style=\"font-size: 14pt;\"><strong>&#8211; <\/strong>Noche en Arenal<\/span><\/p>\n<p>&nbsp;<\/p>\n<p><span style=\"font-size: 14pt;\"><strong>D\u00eda 5<\/strong><\/span><\/p>\n<p><span style=\"font-size: 14pt;\">&#8211; Desayuno en el hotel.<\/span><\/p>\n<p><span style=\"font-size: 14pt;\">&#8211; Traslado regular en Bote cruzando el lago Arenal y arribando a Monteverde alrededor de medio dia.<\/span><\/p>\n<p><span style=\"font-size: 14pt;\">&#8211; Tour de Caminata en puentes colgantes de Sky Park incluye el transporte regular, entrada, Almuerzo antes del tour y gu\u00eda naturalista, regreso al hotel y noche para descansar.<\/span><\/p>\n<p><span style=\"font-size: 14pt;\">&#8211; Noche en Monteverde<\/span><\/p>\n<p>&nbsp;<\/p>\n<p><span style=\"font-size: 14pt;\"><strong>D\u00eda 6<\/strong><\/span><\/p>\n<p><span style=\"font-size: 14pt;\">&#8211; Desayuno en el hotel.<\/span><\/p>\n<p><span style=\"font-size: 14pt;\">&#8211; Ma\u00f1ana libre por su cuenta para descansar o alg\u00fan tour opcional<\/span><\/p>\n<p><span style=\"font-size: 14pt;\">&#8211; Traslado regular Monteverde \u2013 San Jos\u00e9<\/span><\/p>\n<p><span style=\"font-size: 14pt;\">Fin de los servicios<\/span>[\/vc_column_text][\/vc_tta_section][vc_tta_section title=\u00bbIncluye\u00bb tab_id=\u00bb1737053044849-2a8710f9-ac37&#8243;][vc_column_text]<span style=\"font-size: 14pt;\"><strong>El paquete Incluye:<\/strong><\/span><\/p>\n<ul>\n<li><span style=\"font-size: 14pt;\">5 Desayunos<\/span><\/li>\n<li><span style=\"font-size: 14pt;\">3 Almuerzos<\/span><\/li>\n<li><span style=\"font-size: 14pt;\">1 Cena<\/span><\/li>\n<li><span style=\"font-size: 14pt;\">5 Noches de hotel distribuidas en las zonas (habitaci\u00f3n est\u00e1ndar, desayuno y impuestos incluidos).<\/span><\/li>\n<li><span style=\"font-size: 14pt;\">Tour al parque nacional Cahuita, Snorkeling y equipo.<\/span><\/li>\n<li><span style=\"font-size: 14pt;\">Entrada a las Aguas Termales de Bald\u00ed.<\/span><\/li>\n<li><span style=\"font-size: 14pt;\">Tour de Puentes Colgantes Sky Adventures.<\/span><\/li>\n<li><span style=\"font-size: 14pt;\">Todos los traslados compartidos.<\/span><\/li>\n<\/ul>\n<p>&nbsp;<\/p>\n<p><span style=\"font-size: 14pt;\"><strong>El paquete No Incluye:<\/strong><\/span><\/p>\n<ul>\n<li><span style=\"font-size: 14pt;\">Comidas no mencionadas.<\/span><\/li>\n<li><span style=\"font-size: 14pt;\">Bebidas alcoh\u00f3licas.<\/span><\/li>\n<li><span style=\"font-size: 14pt;\">Extras del hotel (llamadas telef\u00f3nicas, lavander\u00eda, servicio a la habitaci\u00f3n, etc.)<\/span><\/li>\n<li><span style=\"font-size: 14pt;\">Propinas (no obligatorio pero apreciado).<\/span><\/li>\n<\/ul>\n<p>[\/vc_column_text][\/vc_tta_section][vc_tta_section title=\u00bbTarifas\u00bb tab_id=\u00bb1737053044873-d236d7b5-2247&#8243;][vc_column_text]<\/p>\n<table border=\"1\" width=\"100%\" cellspacing=\"0\" cellpadding=\"0\">\n<tbody>\n<tr>\n<td valign=\"top\" width=\"57\"><\/td>\n<td valign=\"top\" width=\"102\"><\/td>\n<td valign=\"top\" width=\"63\"><\/td>\n<td valign=\"top\" width=\"45\"><\/td>\n<td valign=\"top\" width=\"54\">\n<p align=\"center\"><strong>Tarifas rack<\/strong><\/p>\n<\/td>\n<td valign=\"top\" width=\"45\"><\/td>\n<\/tr>\n<tr>\n<td valign=\"top\" width=\"57\">\n<p align=\"center\">CATEGORIA<\/p>\n<\/td>\n<td valign=\"top\" width=\"102\">\n<p align=\"center\"><strong><em>TARIFA DE TEMPORADA<\/em><\/strong><\/p>\n<\/td>\n<td valign=\"top\" width=\"63\">\n<p align=\"center\"><strong><em>HABITACI\u00d3N<\/em><\/strong><\/p>\n<\/td>\n<td valign=\"top\" width=\"45\">\n<p align=\"center\"><strong><em>SENCILLA<\/em><\/strong><\/p>\n<\/td>\n<td valign=\"top\" width=\"54\">\n<p align=\"center\"><strong><em>DOBLE<\/em><\/strong><\/p>\n<\/td>\n<td valign=\"top\" width=\"45\">\n<p align=\"center\"><strong><em>TRIPLE<\/em><\/strong><\/p>\n<\/td>\n<\/tr>\n<tr>\n<td valign=\"top\" width=\"57\">\n<p align=\"center\"><strong>Econ\u00f3mica<\/strong><\/p>\n<\/td>\n<td valign=\"top\" width=\"102\">\n<p align=\"center\">01\/06\/2023 a 30\/11\/23<\/p>\n<\/td>\n<td valign=\"top\" width=\"63\">\n<p align=\"center\">Est\u00e1ndar<\/p>\n<\/td>\n<td valign=\"top\" width=\"45\">\n<p align=\"center\">$ 973.00<\/p>\n<\/td>\n<td valign=\"top\" width=\"54\">\n<p align=\"center\">$ 772.00<\/p>\n<\/td>\n<td valign=\"top\" width=\"45\">\n<p align=\"center\">$ 735.00<\/p>\n<\/td>\n<\/tr>\n<\/tbody>\n<\/table>\n<p>&nbsp;<\/p>\n<table border=\"1\" width=\"100%\" cellspacing=\"0\" cellpadding=\"0\">\n<tbody>\n<tr>\n<td valign=\"top\" width=\"57\"><\/td>\n<td valign=\"top\" width=\"102\"><\/td>\n<td valign=\"top\" width=\"63\"><\/td>\n<td valign=\"top\" width=\"45\"><\/td>\n<td valign=\"top\" width=\"54\">\n<p align=\"center\"><strong>Tarifas rack<\/strong><\/p>\n<\/td>\n<td valign=\"top\" width=\"45\"><\/td>\n<\/tr>\n<tr>\n<td valign=\"top\" width=\"57\">\n<p align=\"center\">CATEGORIA<\/p>\n<\/td>\n<td valign=\"top\" width=\"102\">\n<p align=\"center\"><strong><em>TARIFA DE TEMPORADA<\/em><\/strong><\/p>\n<\/td>\n<td valign=\"top\" width=\"63\">\n<p align=\"center\"><strong><em>HABITACI\u00d3N<\/em><\/strong><\/p>\n<\/td>\n<td valign=\"top\" width=\"45\">\n<p align=\"center\"><strong><em>SENCILLA<\/em><\/strong><\/p>\n<\/td>\n<td valign=\"top\" width=\"54\">\n<p align=\"center\"><strong><em>DOBLE<\/em><\/strong><\/p>\n<\/td>\n<td valign=\"top\" width=\"45\">\n<p align=\"center\"><strong><em>TRIPLE<\/em><\/strong><\/p>\n<\/td>\n<\/tr>\n<tr>\n<td valign=\"top\" width=\"57\">\n<p align=\"center\"><strong>Turista<\/strong><\/p>\n<\/td>\n<td valign=\"top\" width=\"102\">\n<p align=\"center\">01\/06\/2023 a 30\/11\/23<\/p>\n<\/td>\n<td valign=\"top\" width=\"63\">\n<p align=\"center\">Est\u00e1ndar<\/p>\n<\/td>\n<td valign=\"top\" width=\"45\">\n<p align=\"center\">$ 1237.00<\/p>\n<\/td>\n<td valign=\"top\" width=\"54\">\n<p align=\"center\">$899.00<\/p>\n<\/td>\n<td valign=\"top\" width=\"45\">\n<p align=\"center\">$816.00<\/p>\n<\/td>\n<\/tr>\n<\/tbody>\n<\/table>\n<p>[\/vc_column_text][\/vc_tta_section][\/vc_tta_tabs][\/vc_column][\/vc_row]<\/p>\n<\/div>","protected":false},"excerpt":{"rendered":"<p>[vc_row][vc_column][vc_single_image image=\u00bb12427&#8243; img_size=\u00bbfull\u00bb alignment=\u00bbcenter\u00bb][\/vc_column][\/vc_row][vc_row][vc_column][vc_custom_heading text=\u00bbCaribe Sur \/ Arenal \/ Monteverde 6 D\u00edas \u2013 5 Noches \u00bb font_container=\u00bbtag:h2|font_size:36|text_align:center|color:%2381d742&#8243; google_fonts=\u00bbfont_family:Montserrat%3Aregular%2C700|font_style:400%20regular%3A400%3Anormal\u00bb][vc_row_inner][vc_column_inner width=\u00bb1\/2&#8243;][vc_column_text el_class=\u00bb.escondercontenido\u00bb] Desde $772.00 [\/vc_column_text][vc_btn title=\u00bbM\u00e1s Informaci\u00f3n\u00bb color=\u00bbwarning\u00bb align=\u00bbcenter\u00bb i_icon_fontawesome=\u00bbfa fa-calendar-o\u00bb add_icon=\u00bbtrue\u00bb link=\u00bburl:https%3A%2F%2Fwww.costaricaguides.com%2Fes%2Fcontacto%2F|||\u00bb el_id=\u00bbbook_now_vacation_package_coral\u00bb][\/vc_column_inner][vc_column_inner width=\u00bb1\/2&#8243;][vc_column_text]V\u00e1lido de 01\/06\/2025 a 30\/11\/25[\/vc_column_text][\/vc_column_inner][\/vc_row_inner][\/vc_column][\/vc_row][vc_row][vc_column][vc_empty_space][\/vc_column][\/vc_row][vc_row][vc_column][vc_column_text] [\/vc_column_text][\/vc_column][\/vc_row][vc_row][vc_column][vc_column_text]Descripci\u00f3n. A su llegada, Costa Rica Guides y Expediciones Tropicales tendr\u00e1n un representante dentro del aeropuerto que le [&hellip;]<\/p>\n","protected":false},"author":12,"featured_media":0,"parent":12331,"menu_order":0,"comment_status":"closed","ping_status":"closed","template":"templates\/template-with-right-sidebar.php","meta":{"_joinchat":[],"footnotes":""},"class_list":["post-12341","page","type-page","status-publish","hentry"],"_links":{"self":[{"href":"https:\/\/www.costaricaguides.com\/es\/wp-json\/wp\/v2\/pages\/12341","targetHints":{"allow":["GET"]}}],"collection":[{"href":"https:\/\/www.costaricaguides.com\/es\/wp-json\/wp\/v2\/pages"}],"about":[{"href":"https:\/\/www.costaricaguides.com\/es\/wp-json\/wp\/v2\/types\/page"}],"author":[{"embeddable":true,"href":"https:\/\/www.costaricaguides.com\/es\/wp-json\/wp\/v2\/users\/12"}],"replies":[{"embeddable":true,"href":"https:\/\/www.costaricaguides.com\/es\/wp-json\/wp\/v2\/comments?post=12341"}],"version-history":[{"count":11,"href":"https:\/\/www.costaricaguides.com\/es\/wp-json\/wp\/v2\/pages\/12341\/revisions"}],"predecessor-version":[{"id":13356,"href":"https:\/\/www.costaricaguides.com\/es\/wp-json\/wp\/v2\/pages\/12341\/revisions\/13356"}],"up":[{"embeddable":true,"href":"https:\/\/www.costaricaguides.com\/es\/wp-json\/wp\/v2\/pages\/12331"}],"wp:attachment":[{"href":"https:\/\/www.costaricaguides.com\/es\/wp-json\/wp\/v2\/media?parent=12341"}],"curies":[{"name":"wp","href":"https:\/\/api.w.org\/{rel}","templated":true}]}}