{"id":7601,"date":"2015-08-13T14:31:51","date_gmt":"2015-08-13T14:31:51","guid":{"rendered":"http:\/\/costaricaguides.com\/es\/one-day-tours\/"},"modified":"2025-07-16T14:47:57","modified_gmt":"2025-07-16T20:47:57","slug":"excursiones-de-un-dia","status":"publish","type":"page","link":"https:\/\/www.costaricaguides.com\/es\/excursiones-de-un-dia\/","title":{"rendered":"Excursiones de un d\u00eda en Costa Rica"},"content":{"rendered":"<div class=\"wpb-content-wrapper\"><p>[vc_row][vc_column][vc_empty_space][\/vc_column][\/vc_row][vc_row][vc_column][vc_column_text css=\u00bb\u00bb]<\/p>\n<h3><span style=\"font-size: 12pt;\"><strong>Explora Costa Rica: Tours que Salen desde San Jos\u00e9<\/strong><\/span><\/h3>\n<p><span style=\"font-size: 12pt;\">\u00a1Descubre las mejores excursiones de un d\u00eda y paquetes tur\u00edsticos desde San Jos\u00e9, Costa Rica! Como la vibrante capital y coraz\u00f3n cultural del pa\u00eds,\u00a0<strong>San Jos\u00e9<\/strong>\u00a0es el punto de partida ideal para vivir aventuras inolvidables.<\/span><\/p>\n<p><span style=\"font-size: 12pt;\">Ya sea que viajes por negocios o placer, San Jos\u00e9 ofrece una mezcla din\u00e1mica de\u00a0<strong>monumentos hist\u00f3ricos<\/strong>,\u00a0<strong>museos<\/strong>,\u00a0<strong>galer\u00edas de arte<\/strong>,\u00a0<strong>mercados locales<\/strong>\u00a0y una\u00a0<strong>animada vida nocturna<\/strong>. Con una gran variedad de\u00a0<strong>hoteles, restaurantes, caf\u00e9s y tiendas<\/strong>, es el centro perfecto tanto para experiencias urbanas como escapadas naturales.<\/span><\/p>\n<p><span style=\"font-size: 12pt;\">Ubicada estrat\u00e9gicamente en el Valle Central, San Jos\u00e9 est\u00e1 a solo minutos en auto de algunos de los principales destinos de\u00a0<strong>ecoturismo en Costa Rica<\/strong>. En menos de una hora, puedes encontrarte en exuberantes bosques tropicales, encantadores pueblos de monta\u00f1a o parques llenos de vida silvestre como\u00a0<strong>Monte Zurqu\u00ed<\/strong>, el\u00a0<strong>Volc\u00e1n Iraz\u00fa<\/strong>\u00a0o los\u00a0<strong>Jardines de la Catarata La Paz<\/strong>.<\/span><\/p>\n<h4><span style=\"font-size: 12pt;\"><strong>\u00bfPor Qu\u00e9 Elegir San Jos\u00e9 como Punto de Salida?<\/strong><\/span><\/h4>\n<ul>\n<li><span style=\"font-size: 12pt;\">* Gran variedad de <strong>tours de un d\u00eda<\/strong>\u00a0y\u00a0<strong>paquetes de varios d\u00edas<\/strong><\/span><\/li>\n<li><span style=\"font-size: 12pt;\">* Acceso r\u00e1pido a <strong>volcanes, bosques nubosos y parques nacionales<\/strong><\/span><\/li>\n<li><span style=\"font-size: 12pt;\">* Perfecto para combinar <strong>cultura y aventura<\/strong><\/span><\/li>\n<li><span style=\"font-size: 12pt;\">* Mejor punto de partida para explorar <strong>el centro y norte de Costa Rica<\/strong><\/span><\/li>\n<\/ul>\n<h4><\/h4>\n<p><span style=\"font-size: 12pt;\">Explora nuestra selecci\u00f3n curada de\u00a0<strong>tours m\u00e1s valorados desde San Jos\u00e9<\/strong>\u00a0\u2013 ya sea que busques una\u00a0<strong>emocionante aventura en canopy<\/strong>, una\u00a0<strong>experiencia cafetalera<\/strong>\u00a0o una\u00a0<strong>escapada relajante a aguas termales<\/strong>, <\/span><span style=\"font-size: 12pt;\">\u00a1tenemos e<\/span><span style=\"font-size: 12pt;\">l paquete perfecto para ti!<\/span>[\/vc_column_text][vc_raw_html]JTNDc3R5bGUlM0UlMEEucHJpY2UlM0ElM0FhZnRlciUyMCU3QiUwQSUyMCUyMCUyMCUyMGNvbnRlbnQlM0ElMjAlMjJSZXNlcnZhciUyMHMlQzMlQjNsbyUyMG9ubGluZSUyMiUzQiUwQSUyMCUyMCUyMCUyMGRpc3BsYXklM0ElMjBibG9jayUzQiUyMCUyRiUyQSUyMEhhY2UlMjBxdWUlMjBlbCUyMGNvbnRlbmlkbyUyMHNlJTIwbXVlc3RyZSUyMGVuJTIwdW5hJTIwbnVldmElMjBsJUMzJUFEbmVhJTIwJTJBJTJGJTBBJTIwJTIwJTIwJTIwY29sb3IlM0ElMjBvcmFuZ2UlM0IlMjAlMkYlMkElMjBFc3RhYmxlY2UlMjBlbCUyMGNvbG9yJTIwZGVsJTIwdGV4dG8lMjBhJTIwbmFyYW5qYSUyMCUyQSUyRiUwQSUyMCUyMCUyMCUyMG1hcmdpbi10b3AlM0ElMjA1cHglM0IlMjAlMkYlMkElMjBBanVzdGElMjBlbCUyMG1hcmdlbiUyMHN1cGVyaW9yJTIwcGFyYSUyMHNlcGFyYXIlMjBlbCUyMHRleHRvJTIwZGUlMjBsYSUyMGwlQzMlQURuZWElMjBhbnRlcmlvciUyMCUyQSUyRiUwQSUyMG1hcmdpbi1ib3R0b20lM0ElMjA1cHglM0IlMjAlMEElMjAlMjAlMjAlMjBmb250LXNpemUlM0ElMjAxMnB4JTNCJTBBdGV4dC1hbGlnbiUzQSUyMGxlZnQlM0IlMjAlMkYlMkElMjBBbGluZWElMjBlbCUyMHRleHRvJTIwYSUyMGxhJTIwaXpxdWllcmRhJTIwJTJBJTJGJTBBJTdEJTBBJTNDJTJGc3R5bGUlM0UlMEE=[\/vc_raw_html][\/vc_column][\/vc_row][vc_row][vc_column][vc_empty_space][\/vc_column][\/vc_row][vc_row][vc_column][vc_raw_html]JTVCcHRfdmlldyUyMGlkJTNEJTIyZmEzY2Y1OGFyZiUyMiU1RA==[\/vc_raw_html][\/vc_column][\/vc_row][vc_row][vc_column][vc_empty_space][\/vc_column][\/vc_row]<\/p>\n<\/div>","protected":false},"excerpt":{"rendered":"<p>[vc_row][vc_column][vc_empty_space][\/vc_column][\/vc_row][vc_row][vc_column][vc_column_text css=\u00bb\u00bb] Explora Costa Rica: Tours que Salen desde San Jos\u00e9 \u00a1Descubre las mejores excursiones de un d\u00eda y paquetes tur\u00edsticos desde San Jos\u00e9, Costa Rica! Como la vibrante capital y coraz\u00f3n cultural del pa\u00eds,\u00a0San Jos\u00e9\u00a0es el punto de partida ideal para vivir aventuras inolvidables. Ya sea que viajes por negocios o placer, San Jos\u00e9 [&hellip;]<\/p>\n","protected":false},"author":1,"featured_media":0,"parent":0,"menu_order":0,"comment_status":"closed","ping_status":"closed","template":"templates\/template-with-right-sidebar.php","meta":{"_joinchat":[],"footnotes":""},"class_list":["post-7601","page","type-page","status-publish","hentry"],"_links":{"self":[{"href":"https:\/\/www.costaricaguides.com\/es\/wp-json\/wp\/v2\/pages\/7601","targetHints":{"allow":["GET"]}}],"collection":[{"href":"https:\/\/www.costaricaguides.com\/es\/wp-json\/wp\/v2\/pages"}],"about":[{"href":"https:\/\/www.costaricaguides.com\/es\/wp-json\/wp\/v2\/types\/page"}],"author":[{"embeddable":true,"href":"https:\/\/www.costaricaguides.com\/es\/wp-json\/wp\/v2\/users\/1"}],"replies":[{"embeddable":true,"href":"https:\/\/www.costaricaguides.com\/es\/wp-json\/wp\/v2\/comments?post=7601"}],"version-history":[{"count":93,"href":"https:\/\/www.costaricaguides.com\/es\/wp-json\/wp\/v2\/pages\/7601\/revisions"}],"predecessor-version":[{"id":13484,"href":"https:\/\/www.costaricaguides.com\/es\/wp-json\/wp\/v2\/pages\/7601\/revisions\/13484"}],"wp:attachment":[{"href":"https:\/\/www.costaricaguides.com\/es\/wp-json\/wp\/v2\/media?parent=7601"}],"curies":[{"name":"wp","href":"https:\/\/api.w.org\/{rel}","templated":true}]}}