{"id":7609,"date":"2015-08-18T16:18:56","date_gmt":"2015-08-18T16:18:56","guid":{"rendered":"http:\/\/costaricaguides.com\/es\/vacation-packages\/"},"modified":"2025-04-08T23:00:40","modified_gmt":"2025-04-09T05:00:40","slug":"vacation-packages","status":"publish","type":"page","link":"https:\/\/www.costaricaguides.com\/es\/vacation-packages\/","title":{"rendered":"Paquetes de Vacaciones en Costa Rica"},"content":{"rendered":"<div class=\"wpb-content-wrapper\"><p>[vc_row][vc_column][vc_column_text]<\/p>\n<h1 style=\"text-align: justify;\">Costa Rica Paquetes de Vacaciones<\/h1>\n<p><span style=\"font-family: arial, helvetica, sans-serif; font-size: 14pt;\">Los paquetes vacacionales de Costa Rica Guides, est\u00e1n dirigidos a los visitantes que deseen explorar los tesoros naturales y la belleza ex\u00f3tica del pa\u00eds.<\/span><\/p>\n<p><span style=\"font-family: arial, helvetica, sans-serif; font-size: 14pt;\">Ofrecemos varios paquetes especialmente dise\u00f1ados para satisfacer sus gustos, intereses, necesidades y presupuesto.<\/span><\/p>\n<p><span style=\"font-family: arial, helvetica, sans-serif; font-size: 14pt;\">Usted puede determinar el per\u00edodo de su estad\u00eda, seleccionar los destinos que quiera visitar y las actividades que quiera realizar durante su estancia en nuestro pa\u00eds.<\/span><\/p>\n<p><span style=\"font-family: arial, helvetica, sans-serif; font-size: 14pt;\">Todos nuestros paquetes especiales incluyen translados confortables, bellos hoteles, emocionantes excursiones y mucho m\u00e1s.<\/span><\/p>\n<p><span style=\"font-family: arial, helvetica, sans-serif; font-size: 14pt;\">En esta secci\u00f3n encontrar\u00e1 algunos de nuestros mejores paquetes de vacaciones, con los cuales usted podr\u00e1 empezar a planear sus vacaciones so\u00f1adas en Costa Rica.<\/span>[\/vc_column_text][vc_separator color=\u00bbturquoise\u00bb border_width=\u00bb3&#8243;][\/vc_column][\/vc_row][vc_row][vc_column width=\u00bb2\/3&#8243;][vc_column_text]<a href=\"https:\/\/www.costaricaguides.com\/es\/vacation-packages\/vacacion-ultima-hora\/\"><img loading=\"lazy\" decoding=\"async\" class=\"alignnone wp-image-13146 size-full\" src=\"https:\/\/www.costaricaguides.com\/wp-content\/uploads\/2024\/08\/vacaciones-en-costa-rica-oferta-especial-24.jpg\" alt=\"\" width=\"959\" height=\"599\" srcset=\"https:\/\/www.costaricaguides.com\/wp-content\/uploads\/2024\/08\/vacaciones-en-costa-rica-oferta-especial-24.jpg 959w, https:\/\/www.costaricaguides.com\/wp-content\/uploads\/2024\/08\/vacaciones-en-costa-rica-oferta-especial-24-300x187.jpg 300w\" sizes=\"auto, (max-width: 959px) 100vw, 959px\" \/><\/a>[\/vc_column_text][\/vc_column][vc_column width=\u00bb1\/3&#8243;][vc_column_text]<span style=\"font-family: arial, helvetica, sans-serif; font-size: 14pt;\"><strong>Lo m\u00e1s destacado:<\/strong><\/span><\/p>\n<p style=\"font-family: arial, helvetica, sans-serif; font-size: 14pt;\">&#8211; Traslado Aeropuerto &#8211; Hotel &#8211; Aeropuerto.<\/p>\n<p style=\"font-family: arial, helvetica, sans-serif; font-size: 14pt;\">&#8211; Asistencia VIP en el aeropuerto.<\/p>\n<p style=\"font-family: arial, helvetica, sans-serif; font-size: 14pt;\">&#8211; 7 noches de hospedaje en San Jos\u00e9.<\/p>\n<p style=\"font-family: arial, helvetica, sans-serif; font-size: 14pt;\">&#8211; 4 tours incluidos.<\/p>\n<p>[\/vc_column_text][\/vc_column][\/vc_row][vc_row][vc_column][vc_separator color=\u00bbturquoise\u00bb border_width=\u00bb3&#8243;][\/vc_column][\/vc_row][vc_row][vc_column width=\u00bb2\/3&#8243;][vc_column_text]<a href=\"https:\/\/www.costaricaguides.com\/es\/vacation-packages\/first-costa-rica-experience\/\"><img loading=\"lazy\" decoding=\"async\" width=\"959\" height=\"599\" class=\"size-medium wp-image-10969 aligncenter\" src=\"https:\/\/www.costaricaguides.com\/wp-content\/uploads\/2018\/11\/experiencia-de-vacaciones-en-costa-rica.jpg\" alt=\"\" srcset=\"https:\/\/www.costaricaguides.com\/wp-content\/uploads\/2018\/11\/experiencia-de-vacaciones-en-costa-rica.jpg 959w, https:\/\/www.costaricaguides.com\/wp-content\/uploads\/2018\/11\/experiencia-de-vacaciones-en-costa-rica-300x187.jpg 300w\" sizes=\"auto, (max-width: 959px) 100vw, 959px\" \/><\/a>[\/vc_column_text][\/vc_column][vc_column width=\u00bb1\/3&#8243;][vc_column_text]<\/p>\n<p class=\"box_internal_text\"><span style=\"font-family: arial, helvetica, sans-serif; font-size: 14pt;\"><strong>Lo m\u00e1s destacado:<\/strong><\/span><\/p>\n<p style=\"font-family: arial, helvetica, sans-serif; font-size: 14pt;\">&#8211; Traslado Aeropuerto SJO- Hotel- Aeropuerto SJO<\/p>\n<p style=\"font-family: arial, helvetica, sans-serif; font-size: 14pt;\">&#8211; Servicio de asistencia VIP en el aeropuerto a su llegada<\/p>\n<p style=\"font-family: arial, helvetica, sans-serif; font-size: 14pt;\">&#8211; 08 d\u00edas y 07 noches: 03 noches en San Jos\u00e9, 02 noches en Arenal y 02 noches en Monteverde<\/p>\n<p style=\"font-family: arial, helvetica, sans-serif; font-size: 14pt;\">&#8211; 1 tour incluido<\/p>\n<p>[\/vc_column_text][\/vc_column][\/vc_row][vc_row][vc_column][vc_separator color=\u00bbturquoise\u00bb border_width=\u00bb3&#8243;][\/vc_column][\/vc_row][vc_row][vc_column width=\u00bb2\/3&#8243;][vc_column_text]<a href=\"https:\/\/www.costaricaguides.com\/es\/vacation-packages\/tropical-expedition-with-manuel-antonio\/\"><img loading=\"lazy\" decoding=\"async\" width=\"959\" height=\"599\" class=\"alignnone size-medium wp-image-10973 aligncenter\" src=\"https:\/\/www.costaricaguides.com\/wp-content\/uploads\/2018\/11\/Manuel-Antonio-Costa-Rica-1.jpg\" alt=\"\" srcset=\"https:\/\/www.costaricaguides.com\/wp-content\/uploads\/2018\/11\/Manuel-Antonio-Costa-Rica-1.jpg 959w, https:\/\/www.costaricaguides.com\/wp-content\/uploads\/2018\/11\/Manuel-Antonio-Costa-Rica-1-300x187.jpg 300w\" sizes=\"auto, (max-width: 959px) 100vw, 959px\" \/><\/a>[\/vc_column_text][\/vc_column][vc_column width=\u00bb1\/3&#8243;][vc_column_text]<\/p>\n<p class=\"box_internal_text\"><span style=\"font-family: arial, helvetica, sans-serif; font-size: 14pt;\"><strong>Lo m\u00e1s destacado:<\/strong><\/span><\/p>\n<p><span style=\"font-size: 14pt;\">&#8211; Traslado Aeropuerto SJO- Hotel- Aeropuerto SJO<\/span><\/p>\n<p><span style=\"font-size: 14pt;\">&#8211; Servicio de asistencia VIP en el aeropuerto a su llegada.<\/span><\/p>\n<p><span style=\"font-size: 14pt;\">&#8211; 08 d\u00edas y 07 noches: 04 noches en San Jos\u00e9, 01 noche en Arenal y 02 noches en Manuel Antonio.<\/span><\/p>\n<p><span style=\"font-size: 14pt;\">&#8211; 4 tours incluidos.<\/span>[\/vc_column_text][\/vc_column][\/vc_row][vc_row][vc_column][vc_separator color=\u00bbturquoise\u00bb border_width=\u00bb3&#8243;][\/vc_column][\/vc_row][vc_row][vc_column width=\u00bb2\/3&#8243;][vc_column_text]<a href=\"https:\/\/www.costaricaguides.com\/es\/vacation-packages\/tropical-expedition-with-monteverde\/\"><img loading=\"lazy\" decoding=\"async\" width=\"959\" height=\"599\" class=\"alignnone size-medium wp-image-10971 aligncenter\" src=\"https:\/\/www.costaricaguides.com\/wp-content\/uploads\/2018\/11\/Expedicion-Tropical-en-Monteverde.jpg\" alt=\"\" srcset=\"https:\/\/www.costaricaguides.com\/wp-content\/uploads\/2018\/11\/Expedicion-Tropical-en-Monteverde.jpg 959w, https:\/\/www.costaricaguides.com\/wp-content\/uploads\/2018\/11\/Expedicion-Tropical-en-Monteverde-300x187.jpg 300w\" sizes=\"auto, (max-width: 959px) 100vw, 959px\" \/><\/a>[\/vc_column_text][\/vc_column][vc_column width=\u00bb1\/3&#8243;][vc_column_text]<\/p>\n<p class=\"box_internal_text\"><span style=\"font-family: arial, helvetica, sans-serif; font-size: 14pt;\"><strong>Lo m\u00e1s destacado:<\/strong><\/span><\/p>\n<p><span style=\"font-family: arial, helvetica, sans-serif; font-size: 14pt;\">&#8211; Traslado Aeropuerto SJO- Hotel- Aeropuerto SJO.<\/span><\/p>\n<p><span style=\"font-family: arial, helvetica, sans-serif; font-size: 14pt;\">&#8211; Servicio de asistencia VIP en el aeropuerto a su llegada.<\/span><\/p>\n<p><span style=\"font-family: arial, helvetica, sans-serif; font-size: 14pt;\">&#8211; 08 d\u00edas y 07 noches: 04 noches en San Jos\u00e9, 01 noche en Arenal y 02 noches en Monteverde.<\/span><\/p>\n<p><span style=\"font-family: arial, helvetica, sans-serif; font-size: 14pt;\">&#8211; 4 tours incluidos.<\/span>[\/vc_column_text][\/vc_column][\/vc_row][vc_row][vc_column][vc_separator color=\u00bbturquoise\u00bb border_width=\u00bb3&#8243;][\/vc_column][\/vc_row][vc_row][vc_column width=\u00bb2\/3&#8243;][vc_column_text]<a href=\"https:\/\/www.costaricaguides.com\/es\/vacation-packages\/tropical-experience\/\"><img loading=\"lazy\" decoding=\"async\" class=\"alignnone wp-image-13152 size-full\" src=\"https:\/\/www.costaricaguides.com\/wp-content\/uploads\/2024\/08\/experiencia-tropical-8days-7nights-24.jpg\" alt=\"\" width=\"959\" height=\"599\" srcset=\"https:\/\/www.costaricaguides.com\/wp-content\/uploads\/2024\/08\/experiencia-tropical-8days-7nights-24.jpg 959w, https:\/\/www.costaricaguides.com\/wp-content\/uploads\/2024\/08\/experiencia-tropical-8days-7nights-24-300x187.jpg 300w\" sizes=\"auto, (max-width: 959px) 100vw, 959px\" \/><\/a>[\/vc_column_text][\/vc_column][vc_column width=\u00bb1\/3&#8243;][vc_column_text]<\/p>\n<p class=\"box_internal_text\"><span style=\"font-family: arial, helvetica, sans-serif; font-size: 14pt;\"><strong>Lo m\u00e1s destacado:<\/strong><\/span><\/p>\n<p style=\"font-family: arial, helvetica, sans-serif; font-size: 14pt;\">&#8211; Tour de Telef\u00e9rico (Aerial Tram).<\/p>\n<p style=\"font-family: arial, helvetica, sans-serif; font-size: 14pt;\">&#8211; Snorkeling y caminata en Cahuita, Lim\u00f3n.<\/p>\n<p style=\"font-family: arial, helvetica, sans-serif; font-size: 14pt;\">&#8211; Volc\u00e1n Arenal y Baldi Aguas Termales.<\/p>\n<p style=\"font-family: arial, helvetica, sans-serif; font-size: 14pt;\">&#8211; San Jos\u00e9.<\/p>\n<p>[\/vc_column_text][\/vc_column][\/vc_row][vc_row][vc_column][vc_separator color=\u00bbturquoise\u00bb border_width=\u00bb3&#8243;][\/vc_column][\/vc_row][vc_row][vc_column width=\u00bb2\/3&#8243;][vc_column_text]<a href=\"\/es\/vacation-packages\/tropical-escape\/\"><img loading=\"lazy\" decoding=\"async\" class=\"alignnone size-full wp-image-8528\" src=\"http:\/\/costaricaguides.com\/wp-content\/uploads\/2015\/08\/escape-tropical.jpg\" alt=\"escape tropical\" width=\"959\" height=\"599\" srcset=\"https:\/\/www.costaricaguides.com\/wp-content\/uploads\/2015\/08\/escape-tropical.jpg 959w, https:\/\/www.costaricaguides.com\/wp-content\/uploads\/2015\/08\/escape-tropical-300x187.jpg 300w\" sizes=\"auto, (max-width: 959px) 100vw, 959px\" \/><\/a>[\/vc_column_text][\/vc_column][vc_column width=\u00bb1\/3&#8243;][vc_column_text]<strong><span style=\"font-family: arial, helvetica, sans-serif; font-size: 14pt;\">Algunos aspectos destacados:<\/span><\/strong><\/p>\n<p><span style=\"font-family: arial, helvetica, sans-serif; font-size: 14pt;\">&#8211; San Jos\u00e9<\/span><br \/>\n<span style=\"font-family: arial, helvetica, sans-serif; font-size: 14pt;\">&#8211; Volc\u00e1n Iraz\u00fa, Valle de Orosi y Jardines Lankester<\/span><br \/>\n<span style=\"font-family: arial, helvetica, sans-serif; font-size: 14pt;\">&#8211; Aventura selva tropical 3 en 1Tour<\/span><br \/>\n<span style=\"font-family: arial, helvetica, sans-serif; font-size: 14pt;\">&#8211; Volc\u00e1n Arenal Area &amp; visita a Baldi Aguas Termales<\/span><br \/>\n<span style=\"font-family: arial, helvetica, sans-serif; font-size: 14pt;\">&#8211; Jac\u00f3 Beach<\/span>[\/vc_column_text][\/vc_column][\/vc_row][vc_row][vc_column][vc_separator color=\u00bbturquoise\u00bb border_width=\u00bb3&#8243;][\/vc_column][\/vc_row][vc_row][vc_column width=\u00bb2\/3&#8243;][vc_column_text]<a href=\"https:\/\/www.costaricaguides.com\/es\/vacation-packages\/tropical-explorer\/\"><img loading=\"lazy\" decoding=\"async\" width=\"959\" height=\"599\" class=\"alignnone size-medium wp-image-10977 aligncenter\" src=\"https:\/\/www.costaricaguides.com\/wp-content\/uploads\/2018\/11\/explorador-tropical.jpg\" alt=\"\" srcset=\"https:\/\/www.costaricaguides.com\/wp-content\/uploads\/2018\/11\/explorador-tropical.jpg 959w, https:\/\/www.costaricaguides.com\/wp-content\/uploads\/2018\/11\/explorador-tropical-300x187.jpg 300w\" sizes=\"auto, (max-width: 959px) 100vw, 959px\" \/><\/a>[\/vc_column_text][\/vc_column][vc_column width=\u00bb1\/3&#8243;][vc_column_text]<strong><span style=\"font-family: arial, helvetica, sans-serif; font-size: 14pt;\">Algunos aspectos destacados:<\/span><\/strong><\/p>\n<p><span style=\"font-family: arial, helvetica, sans-serif; font-size: 14pt;\">\u2013 San Jose City Tour<\/span><br \/>\n<span style=\"font-family: arial, helvetica, sans-serif; font-size: 14pt;\">\u2013 Combo Tour to Poas Volcano<\/span><br \/>\n<span style=\"font-family: arial, helvetica, sans-serif; font-size: 14pt;\">\u2013 Doka Coffee Tour<\/span><br \/>\n<span style=\"font-family: arial, helvetica, sans-serif; font-size: 14pt;\">\u2013 La Paz Waterfall Gardens<\/span><br \/>\n<span style=\"font-family: arial, helvetica, sans-serif; font-size: 14pt;\">\u2013 Arenal Volcano Area<\/span><br \/>\n<span style=\"font-family: arial, helvetica, sans-serif; font-size: 14pt;\">\u2013 Baldi Aguas Termales<\/span><br \/>\n<span style=\"font-family: arial, helvetica, sans-serif; font-size: 14pt;\">\u2013 Monteverde and SkyAdventure Park<\/span><br \/>\n<span style=\"font-family: arial, helvetica, sans-serif; font-size: 14pt;\">\u2013 Corcovado National Park<\/span>[\/vc_column_text][\/vc_column][\/vc_row][vc_row][vc_column][vc_separator color=\u00bbturquoise\u00bb border_width=\u00bb3&#8243;][\/vc_column][\/vc_row][vc_row][vc_column width=\u00bb2\/3&#8243;][vc_column_text]<a href=\"https:\/\/www.costaricaguides.com\/es\/vacation-packages\/tropical-adventure-land\/\"><img loading=\"lazy\" decoding=\"async\" width=\"959\" height=\"599\" class=\"alignnone size-medium wp-image-10979 aligncenter\" src=\"https:\/\/www.costaricaguides.com\/wp-content\/uploads\/2018\/11\/tierra-de-aventuras-costa-rica.jpg\" alt=\"\" srcset=\"https:\/\/www.costaricaguides.com\/wp-content\/uploads\/2018\/11\/tierra-de-aventuras-costa-rica.jpg 959w, https:\/\/www.costaricaguides.com\/wp-content\/uploads\/2018\/11\/tierra-de-aventuras-costa-rica-300x187.jpg 300w\" sizes=\"auto, (max-width: 959px) 100vw, 959px\" \/><\/a>[\/vc_column_text][\/vc_column][vc_column width=\u00bb1\/3&#8243;][vc_column_text]<strong><span style=\"font-family: arial, helvetica, sans-serif; font-size: 14pt;\">Algunos aspectos destacados:<\/span><\/strong><\/p>\n<p><span style=\"font-family: arial, helvetica, sans-serif; font-size: 14pt;\">&#8211; San Jose City Tour<\/span><br \/>\n<span style=\"font-family: arial, helvetica, sans-serif; font-size: 14pt;\">&#8211; Volc\u00e1n Poas, Doka Coffee Plantation, Grecia y Sarch\u00ed<\/span><br \/>\n<span style=\"font-family: arial, helvetica, sans-serif; font-size: 14pt;\">&#8211; Parque Nacional Tortuguero<\/span><br \/>\n<span style=\"font-family: arial, helvetica, sans-serif; font-size: 14pt;\">&#8211; Volc\u00e1n Arenal Area &amp; visita a Baldi Aguas Termales<\/span><br \/>\n<span style=\"font-family: arial, helvetica, sans-serif; font-size: 14pt;\">&#8211; Monteverde y SkyAdventure Park<\/span><br \/>\n<span style=\"font-family: arial, helvetica, sans-serif; font-size: 14pt;\">&#8211; Parque Nacional Manuel Antonio<\/span>[\/vc_column_text][\/vc_column][\/vc_row][vc_row][vc_column][vc_separator color=\u00bbturquoise\u00bb border_width=\u00bb3&#8243;][\/vc_column][\/vc_row][vc_row][vc_column width=\u00bb2\/3&#8243;][vc_column_text]<a href=\"https:\/\/www.costaricaguides.com\/es\/vacation-packages\/tropical-adventure\/\"><img loading=\"lazy\" decoding=\"async\" width=\"959\" height=\"599\" class=\"alignnone size-medium wp-image-10981\" src=\"https:\/\/www.costaricaguides.com\/wp-content\/uploads\/2018\/11\/aventura-tropical-costa-rica-1.jpg\" alt=\"\" srcset=\"https:\/\/www.costaricaguides.com\/wp-content\/uploads\/2018\/11\/aventura-tropical-costa-rica-1.jpg 959w, https:\/\/www.costaricaguides.com\/wp-content\/uploads\/2018\/11\/aventura-tropical-costa-rica-1-300x187.jpg 300w\" sizes=\"auto, (max-width: 959px) 100vw, 959px\" \/><\/a>[\/vc_column_text][\/vc_column][vc_column width=\u00bb1\/3&#8243;][vc_column_text]<strong><span style=\"font-family: arial, helvetica, sans-serif; font-size: 14pt;\">Lo m\u00e1s destacado:<\/span><\/strong><\/p>\n<p><span style=\"font-family: arial, helvetica, sans-serif; font-size: 14pt;\">&#8211; Transporte privado, traslados y visita guiada a la ciudad de San Jos\u00e9.<\/span><br \/>\n<span style=\"font-family: arial, helvetica, sans-serif; font-size: 14pt;\">&#8211; Visita al Volc\u00e1n Poas, Doka Coffee Tour y La Paz Waterfall Gardens.<\/span><br \/>\n<span style=\"font-family: arial, helvetica, sans-serif; font-size: 14pt;\">&#8211; Excursi\u00f3n a la regi\u00f3n del Volc\u00e1n Arenal y a Baldi Aguas Termales<\/span><br \/>\n<span style=\"font-family: arial, helvetica, sans-serif; font-size: 14pt;\">&#8211; Excursi\u00f3n a la Reserva Biol\u00f3gica de Bosque Nuboso Monteverde.<\/span><br \/>\n<span style=\"font-family: arial, helvetica, sans-serif; font-size: 14pt;\">&#8211; Visita a Playa Tamarindo y Playa Jac\u00f3<\/span>[\/vc_column_text][\/vc_column][\/vc_row][vc_row][vc_column][vc_separator color=\u00bbturquoise\u00bb border_width=\u00bb3&#8243;][\/vc_column][\/vc_row][vc_row el_class=\u00bbocultarcontenedor\u00bb][vc_column][vc_column_text]<strong><span style=\"font-family: arial, helvetica, sans-serif; font-size: 14pt;\">C\u00f3mo Reservar Espacio<\/span><\/strong><\/p>\n<p style=\"font-family: arial, helvetica, sans-serif; font-size: 14pt; margin-top: 15px;\">1. Escoja el paquete de su preferencia y env\u00ede un correo electr\u00f3nico a <a href=\"mailto:info@costaricaguides.com\">info@costaricaguides.com<\/a> incluyendo:<\/p>\n<ul style=\"font-family: arial, helvetica, sans-serif; font-size: 14pt; margin-left: 50px;\">\n<li>&#8211; El nombre del paquete que quiere reservar.<\/li>\n<li>&#8211; N\u00famero de personas viajando. Si viaja con ni\u00f1os incluir las edades.<\/li>\n<li>&#8211; N\u00famero de habitaciones que requiere.<\/li>\n<li>&#8211; Categor\u00eda de hotel de su preferencia.<\/li>\n<li>&#8211; Fechas de llegada y salida (la informaci\u00f3n de vuelo es necesaria a la hora de reservar).<\/li>\n<li>&#8211; Cualquier otra informaci\u00f3n adicional que usted crea conveniente incluir por ejemplo preferencias o restricciones alimenticias, limitaciones, condiciones f\u00edsicas, si el motivo de viaje es una ocasi\u00f3n especial o alguna celebraci\u00f3n, etc.<\/li>\n<\/ul>\n<p style=\"font-family: arial, helvetica, sans-serif; font-size: 14pt; margin-top: 15px;\">2. Expediciones Tropicales al recibir su solicitud revisa la disponibilidad hotelera y uno de nuestros representantes le estar\u00e1 contactando por la misma v\u00eda en caso de que necesitemos alguna informaci\u00f3n adicional o bien para ofrecerle el paquete incluy\u00e9ndole los nombres de los hoteles a utilizar y los totales a pagar.<\/p>\n<p style=\"font-family: arial, helvetica, sans-serif; font-size: 14pt; margin-top: 15px;\">3. Una vez que decida reservar y nos ha dado su informaci\u00f3n de vuelo, le enviaremos un link de pago seguro para que realice el pago y proceder con las reservaciones de los servicios. Aceptamos tarjetas AMEX, Visa y Master Card. Ning\u00fan servicio est\u00e1 garantizado hasta que el pago total sea recibido.<\/p>\n<p style=\"font-family: arial, helvetica, sans-serif; font-size: 14pt; margin-top: 15px;\">4. Al recibir el pago, Expediciones Tropicales procesa la reservaci\u00f3n de los servicios y enviar\u00e1 la confirmaci\u00f3n y el itinerario final con horas, nombre de operadores de cada servicio, informaci\u00f3n de contacto y vouchers de servicios del viaje.<\/p>\n<p>[\/vc_column_text][\/vc_column][\/vc_row][vc_row][vc_column][vc_column_text]<strong><span style=\"font-family: arial, helvetica, sans-serif; font-size: 14pt;\">Proceso de compra y reservaci\u00f3n de servicios:<\/span><\/strong><\/p>\n<p><span style=\"font-family: arial, helvetica, sans-serif; font-size: 14pt;\"><strong>Reserva<\/strong>: Una vez que decida reservar y nos proporcione su informaci\u00f3n de vuelo, le enviaremos un enlace de pago seguro para que pueda realizar el pago de manera confiable y proceder con la reservaci\u00f3n de los servicios.<\/span><\/p>\n<p><span style=\"font-family: arial, helvetica, sans-serif; font-size: 14pt;\"><strong>M\u00e9todos de pago:<\/strong> Aceptamos tarjetas de cr\u00e9dito AMEX, Visa y MasterCard.<\/span><\/p>\n<p><span style=\"font-family: arial, helvetica, sans-serif; font-size: 14pt;\"><strong>Confirmaci\u00f3n de la reservaci\u00f3n:<\/strong> Ning\u00fan servicio estar\u00e1 garantizado hasta que recibamos el pago total.<\/span><\/p>\n<p><span style=\"font-family: arial, helvetica, sans-serif; font-size: 14pt;\"><strong>Proceso posterior:<\/strong> Una vez recibido el pago, Expediciones Tropicales proceder\u00e1 a procesar su reservaci\u00f3n y le enviar\u00e1 la confirmaci\u00f3n final junto con el itinerario detallado, que incluir\u00e1:<\/span><\/p>\n<p><strong><span style=\"font-family: arial, helvetica, sans-serif; font-size: 14pt;\">Horarios<\/span><\/strong><br \/>\n<span style=\"font-family: arial, helvetica, sans-serif; font-size: 14pt;\">Nombre de los operadores de cada servicio<\/span><br \/>\n<span style=\"font-family: arial, helvetica, sans-serif; font-size: 14pt;\">Informaci\u00f3n de contacto relevante<\/span><br \/>\n<span style=\"font-family: arial, helvetica, sans-serif; font-size: 14pt;\">Vouchers de servicios del viaje<\/span>[\/vc_column_text][\/vc_column][\/vc_row]<\/p>\n<\/div>","protected":false},"excerpt":{"rendered":"<p>[vc_row][vc_column][vc_column_text] Costa Rica Paquetes de Vacaciones Los paquetes vacacionales de Costa Rica Guides, est\u00e1n dirigidos a los visitantes que deseen explorar los tesoros naturales y la belleza ex\u00f3tica del pa\u00eds. Ofrecemos varios paquetes especialmente dise\u00f1ados para satisfacer sus gustos, intereses, necesidades y presupuesto. Usted puede determinar el per\u00edodo de su estad\u00eda, seleccionar los destinos que [&hellip;]<\/p>\n","protected":false},"author":1,"featured_media":0,"parent":0,"menu_order":0,"comment_status":"closed","ping_status":"open","template":"templates\/template-with-right-sidebar.php","meta":{"_joinchat":[],"footnotes":""},"class_list":["post-7609","page","type-page","status-publish","hentry"],"_links":{"self":[{"href":"https:\/\/www.costaricaguides.com\/es\/wp-json\/wp\/v2\/pages\/7609","targetHints":{"allow":["GET"]}}],"collection":[{"href":"https:\/\/www.costaricaguides.com\/es\/wp-json\/wp\/v2\/pages"}],"about":[{"href":"https:\/\/www.costaricaguides.com\/es\/wp-json\/wp\/v2\/types\/page"}],"author":[{"embeddable":true,"href":"https:\/\/www.costaricaguides.com\/es\/wp-json\/wp\/v2\/users\/1"}],"replies":[{"embeddable":true,"href":"https:\/\/www.costaricaguides.com\/es\/wp-json\/wp\/v2\/comments?post=7609"}],"version-history":[{"count":27,"href":"https:\/\/www.costaricaguides.com\/es\/wp-json\/wp\/v2\/pages\/7609\/revisions"}],"predecessor-version":[{"id":13445,"href":"https:\/\/www.costaricaguides.com\/es\/wp-json\/wp\/v2\/pages\/7609\/revisions\/13445"}],"wp:attachment":[{"href":"https:\/\/www.costaricaguides.com\/es\/wp-json\/wp\/v2\/media?parent=7609"}],"curies":[{"name":"wp","href":"https:\/\/api.w.org\/{rel}","templated":true}]}}