{"id":7651,"date":"2015-08-13T15:55:15","date_gmt":"2015-08-13T15:55:15","guid":{"rendered":"http:\/\/costaricaguides.com\/es\/excursiones-de-un-dia\/nature-tours\/"},"modified":"2019-05-22T15:40:38","modified_gmt":"2019-05-22T15:40:38","slug":"nature-tours","status":"publish","type":"page","link":"https:\/\/www.costaricaguides.com\/es\/nature-tours\/","title":{"rendered":"Nature Tours"},"content":{"rendered":"<div class=\"wpb-content-wrapper\"><p>[vc_row full_width=\u00bb\u00bb parallax=\u00bb\u00bb parallax_image=\u00bb\u00bb is_container=\u00bb\u00bb margin_bottom_class=\u00bb\u00bb][vc_column width=\u00bb1\/1&#8243; margin_bottom_class=\u00bb\u00bb]<div class=\"tour-packages row add-clearfix image-box column-3 listing-style1\"><div class=\"col-sm-6 col-md-4\">\r\n\r\n\r\n\t\t\t<article class=\"box\">\r\n\r\n\t\t\t\t<figure >\r\n\r\n\t\t\t\t\t<a title=\"View Tour Details\" class=\"hover-effect\" data-post_id=\"7668\" href=\"https:\/\/www.costaricaguides.com\/es\/tour\/rain-forest-aerial-tram\/\"><img loading=\"lazy\" decoding=\"async\" width=\"400\" height=\"240\" src=\"https:\/\/www.costaricaguides.com\/wp-content\/uploads\/2015\/08\/intro_14.jpg\" class=\"attachment-biggallery-thumb size-biggallery-thumb wp-post-image\" alt=\"\" srcset=\"https:\/\/www.costaricaguides.com\/wp-content\/uploads\/2015\/08\/intro_14.jpg 400w, https:\/\/www.costaricaguides.com\/wp-content\/uploads\/2015\/08\/intro_14-300x180.jpg 300w\" sizes=\"auto, (max-width: 400px) 100vw, 400px\" \/><\/a>\r\n\r\n\t\t\t\t\t\r\n\t\t\t\t<\/figure>\r\n\r\n\t\t\t\t<div class=\"details\">\r\n\r\n\t\t\t\t\t\r\n\t\t\t\t\t\t<span class=\"price\">$108.00<\/span>\r\n\r\n\t\t\t\t\t\r\n\t\t\t\t\t<h4 class=\"box-title\"><a href=\"https:\/\/www.costaricaguides.com\/es\/tour\/rain-forest-aerial-tram\/\">Telef\u00e9rico del Bosque Lluvioso<\/a><\/h4>\r\n\r\n\t\t\t\t\t<hr>\r\n\r\n\t\t\t\t\t<p class=\"description\">Descripci\u00f3n:Incluye:Recomendaciones: A veinte minutos fuera de San Jos\u00e9, cruzaremos la Division Continental y entraremos al Parque Nacional Braulio Carrillo. Despu\u00e9s<\/p>\r\n\r\n\t\t\t\t\t<hr>\r\n\r\n\t\t\t\t\t<div class=\"text-center\">\r\n\r\n\t\t\t\t\t\t<div class=\"time\">\r\n\r\n\t\t\t\t\t\t\t<i class=\"soap-icon-clock yellow-color\"><\/i>\r\n\r\n\t\t\t\t\t\t\t<span>01 Dec 2018 - 30 Nov 2019<\/span>\r\n\r\n\t\t\t\t\t\t<\/div>\r\n\r\n\t\t\t\t\t<div class=\"action\">\r\n\t\t\t\t\t \r\n\t\t\t\t\t\t<!-- Traducir el bootn de book now de la pagina de preview de los tours proque no se puede traducir con el WPML  JCES  -->\r\n\t\t\t\t\t\t<a title=\"View Detail\" class=\"button btn-small full-width\" href=\"https:\/\/www.costaricaguides.com\/es\/tour\/rain-forest-aerial-tram\/\">RESERVE AHORA<\/a>\r\n\t\t\t\t\t\t<!-- <a title=\"\" class=\"button btn-small full-width\" href=\"\"><\/a> -->\r\n\t\t\t\t\t\t\r\n\t\t\t\t\t\t<!-- fin cambio   -->\r\n\r\n\t\t\t\t\t<\/div>\r\n\r\n\t\t\t\t<\/div>\r\n\r\n\t\t\t<\/article>\r\n\r\n\t\t<\/div><\/div>[\/vc_column][\/vc_row]<\/p>\n<\/div>","protected":false},"excerpt":{"rendered":"<p>[vc_row full_width=\u00bb\u00bb parallax=\u00bb\u00bb parallax_image=\u00bb\u00bb is_container=\u00bb\u00bb margin_bottom_class=\u00bb\u00bb][vc_column width=\u00bb1\/1&#8243; margin_bottom_class=\u00bb\u00bb][\/vc_column][\/vc_row]<\/p>\n","protected":false},"author":1,"featured_media":0,"parent":0,"menu_order":0,"comment_status":"closed","ping_status":"open","template":"","meta":{"_joinchat":[],"footnotes":""},"class_list":["post-7651","page","type-page","status-publish","hentry"],"_links":{"self":[{"href":"https:\/\/www.costaricaguides.com\/es\/wp-json\/wp\/v2\/pages\/7651","targetHints":{"allow":["GET"]}}],"collection":[{"href":"https:\/\/www.costaricaguides.com\/es\/wp-json\/wp\/v2\/pages"}],"about":[{"href":"https:\/\/www.costaricaguides.com\/es\/wp-json\/wp\/v2\/types\/page"}],"author":[{"embeddable":true,"href":"https:\/\/www.costaricaguides.com\/es\/wp-json\/wp\/v2\/users\/1"}],"replies":[{"embeddable":true,"href":"https:\/\/www.costaricaguides.com\/es\/wp-json\/wp\/v2\/comments?post=7651"}],"version-history":[{"count":1,"href":"https:\/\/www.costaricaguides.com\/es\/wp-json\/wp\/v2\/pages\/7651\/revisions"}],"predecessor-version":[{"id":11312,"href":"https:\/\/www.costaricaguides.com\/es\/wp-json\/wp\/v2\/pages\/7651\/revisions\/11312"}],"wp:attachment":[{"href":"https:\/\/www.costaricaguides.com\/es\/wp-json\/wp\/v2\/media?parent=7651"}],"curies":[{"name":"wp","href":"https:\/\/api.w.org\/{rel}","templated":true}]}}