{"id":7717,"date":"2015-08-24T04:06:04","date_gmt":"2015-08-24T04:06:04","guid":{"rendered":"http:\/\/costaricaguides.com\/es\/vacation-packages\/first-costa-rica-experience\/"},"modified":"2024-12-12T14:42:22","modified_gmt":"2024-12-12T20:42:22","slug":"first-costa-rica-experience","status":"publish","type":"page","link":"https:\/\/www.costaricaguides.com\/es\/vacation-packages\/first-costa-rica-experience\/","title":{"rendered":"Primera Experiencia en Costa Rica"},"content":{"rendered":"<div class=\"wpb-content-wrapper\"><p>[vc_row][vc_column][rev_slider_vc alias=\u00bbslider10&#8243;][\/vc_column][\/vc_row][vc_row][vc_column][vc_custom_heading text=\u00bbPrimera Experiencia de Costa Rica \u00bb font_container=\u00bbtag:h2|font_size:36|text_align:center|color:%2381d742&#8243; google_fonts=\u00bbfont_family:Montserrat%3Aregular%2C700|font_style:400%20regular%3A400%3Anormal\u00bb][vc_row_inner][vc_column_inner width=\u00bb1\/2&#8243;][vc_column_text]<\/p>\n<p style=\"text-align: center;\"><span style=\"font-family: 'arial black', sans-serif; font-size: 14pt;\">Desde<\/span><br \/>\n<span style=\"color: #99cc00; font-size: 36pt;\">US $803.00<\/span><\/p>\n<p>[\/vc_column_text][vc_btn title=\u00bbReserve Ahora\u00bb color=\u00bbwarning\u00bb align=\u00bbcenter\u00bb i_icon_fontawesome=\u00bbfa fa-calendar-o\u00bb add_icon=\u00bbtrue\u00bb link=\u00bburl:https%3A%2F%2Fwww.costaricaguides.com%2Fes%2Fcontacto%2F|\u00bb el_id=\u00bbbook_now_vacation_package_coral\u00bb][\/vc_column_inner][vc_column_inner width=\u00bb1\/2&#8243;][vc_column_text]<span style=\"font-size: 14pt;\"><strong>Tarifas V\u00e1lidas del 1 de Diciembre 2024 al  30 de Noviembre 2025*.<br \/>\nTarifas no aplican para Navidad, A\u00f1o Nuevo 24-25 y Semana Santa 2025.<br \/>\n<\/strong><\/span>[\/vc_column_text][\/vc_column_inner][\/vc_row_inner][\/vc_column][\/vc_row][vc_row][vc_column][vc_tabs][vc_tab title=\u00bbDescripci\u00f3n Del Itinerario\u00bb tab_id=\u00bbca7941d1-a582-8&#8243;][vc_column_text]<span style=\"font-size: 14pt;\"><strong>D\u00eda 1 \u2013<\/strong> <strong>Traslado privado desde el aeropuerto Juan Santamar\u00eda en San Jos\u00e9 a su hotel<\/strong><\/span><\/p>\n<p><span style=\"font-size: 14pt;\">A su llegada, Costa Rica Guides y Expediciones Tropicales tendr\u00e1n un representante dentro del aeropuerto que le estar\u00e1 esperando, despu\u00e9s de que pase inmigraci\u00f3n, sosteniendo un cartel visible con su apellido. El representante no podr\u00e1 brindar asistencia con su equipaje dentro del aeropuerto, ya que usted es la \u00fanica persona autorizada a hacerlo.<\/span><\/p>\n<p><span style=\"font-size: 14pt;\">Una vez que haya salido del aeropuerto, nuestro conductor estar\u00e1 encantado de ayudarle con su equipaje y transporte privado hasta el hotel en San Jos\u00e9.<\/span><\/p>\n<p><span style=\"font-size: 14pt;\"><strong>Alojamiento en San Jos\u00e9.<\/strong><\/span><\/p>\n<p><span style=\"font-size: 14pt;\"><strong> <\/strong><\/span><\/p>\n<p><span style=\"font-size: 14pt;\"><strong> <\/strong><\/span><span style=\"font-size: 14pt;\"><strong>D\u00eda 2 &#8211; <\/strong><strong>Combo Tour: Parque Nacional Volc\u00e1n Po\u00e1s \/ Doka Tour de Caf\u00e9 \/ Jardines de Cataratas de La Paz.<\/strong><\/span><\/p>\n<p><span style=\"font-size: 14pt;\">Desayuno incluido en el hotel.<\/span><\/p>\n<p><span style=\"font-size: 14pt;\">Para llegar a los diferentes atractivos incluidos en esta excursi\u00f3n, nos dirigiremos a la ciudad de Alajuela.<\/span><\/p>\n<p><span style=\"font-size: 14pt;\">En el ascenso al Volc\u00e1n Po\u00e1s notaremos el cambio de temperatura y de vegetaci\u00f3n; veremos plantaciones de caf\u00e9, as\u00ed como helechos, flores y fresas en el camino, creando un hermoso paisaje.<\/span><\/p>\n<p><span style=\"font-size: 14pt;\">Visitaremos Doka Coffee Tour para un delicioso desayuno y un tour de caf\u00e9. En una plantaci\u00f3n de caf\u00e9 real, donde vamos a aprender sobre las t\u00e9cnicas ancestrales utilizadas por los expertos para producir uno de los mejores caf\u00e9s de Costa Rica.<\/span><\/p>\n<p><span style=\"font-size: 14pt;\">Despu\u00e9s del tour de caf\u00e9 seguiremos hacia el Volc\u00e1n Po\u00e1s, donde no s\u00f3lo vamos a admirar el impresionante cr\u00e1ter principal, con fumarolas de azufre.<\/span><\/p>\n<p><span style=\"font-size: 14pt;\">La estad\u00eda total dentro del parque ser\u00e1 de 1:30 hora aproximadamente caminata hacia el mirador del cr\u00e1ter, permanencia el mirador, y visita a la laguna Botos.<\/span><\/p>\n<p><span style=\"font-size: 14pt;\">Por la altitud de este volc\u00e1n y su actividad, este tour no se recomienda para ninguna persona que presente problemas cardiacos, con presi\u00f3n arterial alta, operaciones recientes, mujeres embarazadas o ni\u00f1os.<\/span><\/p>\n<p><span style=\"font-size: 14pt;\">Tras la visita del volc\u00e1n, seguiremos hacia La Paz Waterfall Garden\u00b4s para el almuerzo y un tour en la naturaleza. A la llegada a La Paz, caminaremos por un sendero, que conduce a una espectacular catarata en medio del bosque. Dentro del parque tambi\u00e9n visitaremos la impresionante galer\u00eda de colibr\u00edes, el serpentario, el aviario y la exposici\u00f3n de ranas.<\/span><\/p>\n<p><span style=\"font-size: 14pt;\"><strong>Recomendaciones:<\/strong> sombrero -jacket- Zapatos de caminar- Repelente de insecto- Binoculares-C\u00e1mara fotogr\u00e1fica.<\/span><\/p>\n<p><span style=\"font-size: 14pt;\"><strong>Alojamiento en San Jos\u00e9.<\/strong><\/span><\/p>\n<p><span style=\"font-size: 14pt;\"><strong> <\/strong><\/span><\/p>\n<p><span style=\"font-size: 14pt;\"><strong>D\u00eda 3 \u2013 Traslado compartido desde San Jos\u00e9 a Arenal.<\/strong><\/span><\/p>\n<p><span style=\"font-size: 14pt;\">Desayuno incluido en el hotel.<\/span><\/p>\n<p><span style=\"font-size: 14pt;\">El Volc\u00e1n Arenal, ubicado a 91Km de San Jos\u00e9, es uno de los volcanes m\u00e1s j\u00f3venes y activos de Costa Rica, se encuentra en la provincia de Alajuela, cerca del pueblo de La Fortuna. La zona es considerada un para\u00edso para los amantes de la aventura y la naturaleza.<\/span><\/p>\n<p><span style=\"font-size: 14pt;\">Pregunta por nuestros tours disponibles no incluidos en este paquete.<\/span><\/p>\n<p><span style=\"font-size: 14pt;\"><strong>Alojamiento en La Fortuna de Arenal.<\/strong><\/span><\/p>\n<p>&nbsp;<\/p>\n<p><span style=\"font-size: 14pt;\"><strong>D\u00eda 4 \u2013 D\u00eda libre en la zona de Arenal para disfrutar sus alrededores.<\/strong><\/span><\/p>\n<p><span style=\"font-size: 14pt;\">Desayuno incluido en el hotel.<\/span><\/p>\n<p><span style=\"font-size: 14pt;\">Pregunta por nuestros tours disponibles no incluidos en este paquete.<\/span><\/p>\n<p><span style=\"font-size: 14pt;\"><strong>Alojamiento en La Fortuna de Arenal.<\/strong><\/span><\/p>\n<p>&nbsp;<\/p>\n<p><span style=\"font-size: 14pt;\"><strong> <\/strong><\/span><span style=\"font-size: 14pt;\"><strong>D\u00eda 5 \u2013 Traslado compartido desde Arenal a Monteverde.<\/strong><\/span><\/p>\n<p><span style=\"font-size: 14pt;\">Desayuno incluido en el hotel.<\/span><\/p>\n<p><span style=\"font-size: 14pt;\">Monteverde significa Monta\u00f1a Verde en espa\u00f1ol, y con raz\u00f3n, ya que es un peque\u00f1o pueblo exuberante, brumoso y nublado ubicado en la Regi\u00f3n Norte en el borde de la Cordillera de Tilar\u00e1n, a 110 millas de San Jos\u00e9, pero bien vale la pena la caminata, ya que es considerado un destino ecotur\u00edstico de primer nivel. Newsweek lo nombr\u00f3 recientemente como uno de los 100 lugares para recordar antes de que desaparezcan, apareciendo como el n\u00famero 14 de Am\u00e9rica. National Geographic lo ha nombrado \u201cla joya de la corona de las reservas de bosques nubosos\u201d. No sorprende que turistas y naturalistas acudan en masa a esta regi\u00f3n para experimentar la cautivadora belleza natural y la incomparable biodiversidad que es Monteverde.<\/span><\/p>\n<p><span style=\"font-size: 14pt;\">La Reserva Biol\u00f3gica del Bosque Nuboso Monteverde fue creada en 1972 y es una regi\u00f3n de 10,500 hect\u00e1reas, compuesta en un 90% de bosque virgen intacto y, por lo tanto, considerada uno de los lugares tur\u00edsticos m\u00e1s preciados de la regi\u00f3n.<\/span><\/p>\n<p><span style=\"font-size: 14pt;\">El clima variable y la gran altitud de Monteverde han ayudado a producir un nivel extremadamente alto de biodiversidad. Es el hogar de 2500 especies de plantas, con una cifra sin precedentes de 34 de 500 especies en todo el mundo, la concentraci\u00f3n m\u00e1s alta en cualquier \u00e1rea.<\/span><\/p>\n<p><span style=\"font-size: 14pt;\">La regi\u00f3n cuenta con 100 especies de mam\u00edferos, 400 especies de aves, 120 especies de reptiles y anfibios y miles de insectos.<\/span><\/p>\n<p><span style=\"font-size: 14pt;\">Tarde libre para disfrutar de Monteverde y sus alrededores.<\/span><\/p>\n<p><span style=\"font-size: 14pt;\"><strong>Alojamiento en Monteverde.<\/strong><\/span><\/p>\n<p>&nbsp;<\/p>\n<p><span style=\"font-size: 14pt;\"><strong>D\u00eda 6 \u2013 D\u00eda libre para disfrutar de Monteverde y sus alrededores.<\/strong><\/span><\/p>\n<p><span style=\"font-size: 14pt;\">Desayuno incluido en el hotel.<\/span><\/p>\n<p><span style=\"font-size: 14pt;\">Pregunta por nuestros tours disponibles no incluidos en este paquete.<\/span><\/p>\n<p><span style=\"font-size: 14pt;\"><strong>Alojamiento en Monteverde.<\/strong><\/span><\/p>\n<p>&nbsp;<\/p>\n<p><span style=\"font-size: 14pt;\"><strong>D\u00eda 7 \u2013 Traslado compartido desde Monteverde a San Jos\u00e9 y d\u00eda libre en San Jos\u00e9.<\/strong><\/span><\/p>\n<p><span style=\"font-size: 14pt;\">Desayuno en su hotel en Monteverde.<\/span><\/p>\n<p><span style=\"font-size: 14pt;\">Resto del d\u00eda libre para disfrutar de San Jos\u00e9 y sus alrededores.<\/span><\/p>\n<p><span style=\"font-size: 14pt;\"><strong>Alojamiento en San Jos\u00e9.<\/strong><\/span><\/p>\n<p><span style=\"font-size: 14pt;\"><strong> <\/strong><\/span><\/p>\n<p><span style=\"font-size: 14pt;\"><strong>D\u00eda 8 \u2013 Traslado al aeropuerto.<\/strong><\/span><\/p>\n<p><span style=\"font-size: 14pt;\">Traslado desde su hotel en San Jos\u00e9 al Aeropuerto Internacional para tomar su vuelo de regreso.<\/span><\/p>\n<p>&nbsp;<\/p>\n<p><span style=\"font-size: 14pt;\"><strong>El paquete incluye:<\/strong><\/span><\/p>\n<ul>\n<li><span style=\"font-size: 14pt;\">\u2022Traslados privados al aeropuerto ida y vuelta.<\/span><\/li>\n<li><span style=\"font-size: 14pt;\">\u2022Servicio VIP de asistencia en el aeropuerto en la fecha de llegada proporcionado por Expediciones Tropicales).<\/span><\/li>\n<li><span style=\"font-size: 14pt;\">\u202207 desayunos, y 01 almuerzo.<\/span><\/li>\n<li><span style=\"font-size: 14pt;\">\u202208 d\u00edas y 07 noches: 03 noches en San Jos\u00e9, 02 noches en Arenal y 02 noches en Monteverde. <\/span><\/li>\n<li><span style=\"font-size: 14pt;\">\u2022Desayuno incluido.<\/span><\/li>\n<li><span style=\"font-size: 14pt;\">\u2022Tour combinado (Entrada al Volc\u00e1n Po\u00e1s, Tour del Caf\u00e9 Doka y Jard\u00edn de Cataratas La Paz).<\/span><\/li>\n<li><span style=\"font-size: 14pt;\">\u2022Transporte compartido al Arenal.<\/span><\/li>\n<li><span style=\"font-size: 14pt;\">\u2022Transporte compartido a Monteverde.<\/span><\/li>\n<li><span style=\"font-size: 14pt;\">\u2022Transporte compartido a San Jos\u00e9.<\/span><\/li>\n<\/ul>\n<p>&nbsp;<\/p>\n<p><span style=\"font-size: 14pt;\"><strong>No incluido:<\/strong><\/span><\/p>\n<ul>\n<li><span style=\"font-size: 14pt;\">\u2022Comidas no mencionadas.<\/span><\/li>\n<li><span style=\"font-size: 14pt;\">\u2022Tiquete de avi\u00f3n.<\/span><\/li>\n<li><span style=\"font-size: 14pt;\">\u2022Impuestos de salida del aeropuerto.<\/span><\/li>\n<li><span style=\"font-size: 14pt;\">\u2022Bebidas alcoh\u00f3licas.<\/span><span style=\"font-size: 14pt;\">Extras del hotel (llamadas telef\u00f3nicas, lavander\u00eda, servicio de habitaciones, etc.).<\/span><\/li>\n<li><span style=\"font-size: 14pt;\">\u2022Propinas (no obligatorias, pero se agradecen).<\/span><\/li>\n<\/ul>\n<p>[\/vc_column_text][\/vc_tab][vc_tab title=\u00bbHighlights Del Paquete\u00bb tab_id=\u00bb1440611599700-5-1&#8243;][vc_column_text]<\/p>\n<p style=\"text-align: justify;\"><span style=\"font-family: arial, helvetica, sans-serif; font-size: 14pt;\">\u2022Traslado Aeropuerto SJO- Hotel- Aeropuerto SJO (veh\u00edculo con aire acondicionado).<\/span><\/p>\n<p style=\"text-align: justify;\"><span style=\"font-family: arial, helvetica, sans-serif; font-size: 14pt;\">\u2022Servicio de asistencia VIP en el aeropuerto a su llegada.<\/span><\/p>\n<p style=\"text-align: justify;\"><span style=\"font-family: arial, helvetica, sans-serif; font-size: 14pt;\">\u202208 d\u00edas y 07 noches: 03 noches en San Jos\u00e9, 02 noches en Arenal y 02 noches en Monteverde. Desayuno incluido.<\/span><\/p>\n<p style=\"text-align: justify;\"><span style=\"font-family: arial, helvetica, sans-serif; font-size: 14pt;\">\u20221 tours incluidos:<\/span><\/p>\n<p style=\"padding-left: 60px;\"><span style=\"font-family: arial, helvetica, sans-serif; font-size: 14pt;\">\u2022Combo Tour: Volc\u00e1n Po\u00e1s, Catarata La Paz y Tour de Caf\u00e9 Doka. <span style=\"font-family: arial, helvetica, sans-serif;\">(<a href=\"https:\/\/www.costaricaguides.com\/es\/tour\/combo-tour-costa-rica\/\">Descripci\u00f3n del tour<\/a>)<\/span><\/span><\/p>\n<p style=\"text-align: justify;\"><span style=\"font-family: arial, helvetica, sans-serif; font-size: 14pt;\">\u20227 desayunos y 01 almuerzo.<\/span><\/p>\n<p style=\"text-align: justify;\"><span style=\"font-family: arial, helvetica, sans-serif; font-size: 14pt;\">\u2022Entradas al Estado Doka y al Volc\u00e1n Po\u00e1s.<\/span><\/p>\n<p>[\/vc_column_text][\/vc_tab][vc_tab title=\u00bbPrecios\u00bb tab_id=\u00bb1440611482228-3-7&#8243;][vc_column_text]<span style=\"font-size: 14pt;\"><strong>Tarifas V\u00e1lidas del 01 de diciembre de 2024 al 30 de noviembre de 2025*. &#8211; Tarifas no aplican para Navidad, A\u00f1o Nuevo 24-25 y Semana Santa 2025.<br \/>\n<\/strong><\/span><\/p>\n<p>Las tarifas son por persona seg\u00fan categor\u00eda de hotel.<br \/>\n* Tarifas no aplican para Navidad, A\u00f1o Nuevo 24-25 y Semana Santa 2025.<\/p>\n<table border=\"1\" width=\"100%\" cellspacing=\"1\" cellpadding=\"3\">\n<tbody>\n<tr>\n<td colspan=\"4\" width=\"342\"><strong><em>Primera Experiencia en Costa Rica 08D \/ 07 N<\/em><\/strong><\/p>\n<p><strong>ET \u201301<\/strong>               <strong>01\/12\/24 &#8211; 30\/11\/25<\/strong><\/td>\n<\/tr>\n<tr>\n<td colspan=\"4\" width=\"342\"><strong>Tarifas por persona de acuerdo con la categor\u00eda de hotel<\/strong><\/td>\n<\/tr>\n<tr>\n<td><strong>Categor\u00eda<\/strong><\/td>\n<td><strong>Sencilla<\/strong><\/td>\n<td><strong>Doble<\/strong><\/td>\n<td><strong>Triple<\/strong><\/td>\n<\/tr>\n<tr>\n<td>Econ\u00f3mico<\/td>\n<td>$1333.00*<\/td>\n<td>$873.00*<\/td>\n<td>$803.00*<\/td>\n<\/tr>\n<tr>\n<td>Turista<\/td>\n<td>$1497.00*<\/td>\n<td>$994.00*<\/td>\n<td>$929.00*<\/td>\n<\/tr>\n<tr>\n<td>Superior<\/td>\n<td>$1970.00*<\/td>\n<td>$1199.00*<\/td>\n<td>$1060.00*<\/td>\n<\/tr>\n<tr>\n<td>Deluxe<\/td>\n<td>$3281.00*<\/td>\n<td>$1904.00*<\/td>\n<td>$1612.00*<\/td>\n<\/tr>\n<\/tbody>\n<\/table>\n<p>[\/vc_column_text][vc_column_text]<strong><span style=\"font-size: 12pt; font-family: arial, helvetica, sans-serif;\">Impuestos incluidos.<\/span><\/strong>[\/vc_column_text][vc_column_text]<\/p>\n<ul style=\"list-style-type: circle;\">\n<li><span style=\"font-size: 14pt;\">Los hoteles pueden variar y est\u00e1n sujetos a disponibilidad.<\/span><\/li>\n<li><span style=\"font-size: 14pt;\">Los t\u00e9rminos y condiciones de pago se determinan en el momento de reservar, ya que esto var\u00eda seg\u00fan las fechas y la temporada en que se realice la reservaci\u00f3n.<\/span><\/li>\n<li><span style=\"font-size: 14pt;\">La disponibilidad de las habitaciones no est\u00e1 garantizada hasta que se reciba el pago completo.<\/span><\/li>\n<li><span style=\"font-size: 14pt;\">Este paquete se puede modificar seg\u00fan sus requisitos especiales.<\/span><\/li>\n<li><span style=\"font-size: 14pt;\">No dude en contactar a nuestros ejecutivos de ventas para obtener su paquete personalizado. Recibir\u00e1s respuesta en un m\u00e1ximo de 24 horas, de lunes a viernes.<\/span><\/li>\n<\/ul>\n<p>[\/vc_column_text][\/vc_tab][\/vc_tabs][\/vc_column][\/vc_row]<\/p>\n<\/div>","protected":false},"excerpt":{"rendered":"<p>[vc_row][vc_column][rev_slider_vc alias=\u00bbslider10&#8243;][\/vc_column][\/vc_row][vc_row][vc_column][vc_custom_heading text=\u00bbPrimera Experiencia de Costa Rica \u00bb font_container=\u00bbtag:h2|font_size:36|text_align:center|color:%2381d742&#8243; google_fonts=\u00bbfont_family:Montserrat%3Aregular%2C700|font_style:400%20regular%3A400%3Anormal\u00bb][vc_row_inner][vc_column_inner width=\u00bb1\/2&#8243;][vc_column_text] Desde US $803.00 [\/vc_column_text][vc_btn title=\u00bbReserve Ahora\u00bb color=\u00bbwarning\u00bb align=\u00bbcenter\u00bb i_icon_fontawesome=\u00bbfa fa-calendar-o\u00bb add_icon=\u00bbtrue\u00bb link=\u00bburl:https%3A%2F%2Fwww.costaricaguides.com%2Fes%2Fcontacto%2F|\u00bb el_id=\u00bbbook_now_vacation_package_coral\u00bb][\/vc_column_inner][vc_column_inner width=\u00bb1\/2&#8243;][vc_column_text]Tarifas V\u00e1lidas del 1 de Diciembre 2024 al 30 de Noviembre 2025*. Tarifas no aplican para Navidad, A\u00f1o Nuevo 24-25 y Semana Santa 2025. [\/vc_column_text][\/vc_column_inner][\/vc_row_inner][\/vc_column][\/vc_row][vc_row][vc_column][vc_tabs][vc_tab title=\u00bbDescripci\u00f3n Del Itinerario\u00bb tab_id=\u00bbca7941d1-a582-8&#8243;][vc_column_text]D\u00eda 1 \u2013 [&hellip;]<\/p>\n","protected":false},"author":9,"featured_media":0,"parent":7609,"menu_order":0,"comment_status":"closed","ping_status":"closed","template":"templates\/template-with-right-sidebar.php","meta":{"_joinchat":[],"footnotes":""},"class_list":["post-7717","page","type-page","status-publish","hentry"],"_links":{"self":[{"href":"https:\/\/www.costaricaguides.com\/es\/wp-json\/wp\/v2\/pages\/7717","targetHints":{"allow":["GET"]}}],"collection":[{"href":"https:\/\/www.costaricaguides.com\/es\/wp-json\/wp\/v2\/pages"}],"about":[{"href":"https:\/\/www.costaricaguides.com\/es\/wp-json\/wp\/v2\/types\/page"}],"author":[{"embeddable":true,"href":"https:\/\/www.costaricaguides.com\/es\/wp-json\/wp\/v2\/users\/9"}],"replies":[{"embeddable":true,"href":"https:\/\/www.costaricaguides.com\/es\/wp-json\/wp\/v2\/comments?post=7717"}],"version-history":[{"count":37,"href":"https:\/\/www.costaricaguides.com\/es\/wp-json\/wp\/v2\/pages\/7717\/revisions"}],"predecessor-version":[{"id":13315,"href":"https:\/\/www.costaricaguides.com\/es\/wp-json\/wp\/v2\/pages\/7717\/revisions\/13315"}],"up":[{"embeddable":true,"href":"https:\/\/www.costaricaguides.com\/es\/wp-json\/wp\/v2\/pages\/7609"}],"wp:attachment":[{"href":"https:\/\/www.costaricaguides.com\/es\/wp-json\/wp\/v2\/media?parent=7717"}],"curies":[{"name":"wp","href":"https:\/\/api.w.org\/{rel}","templated":true}]}}