{"id":7723,"date":"2015-08-24T04:14:07","date_gmt":"2015-08-24T04:14:07","guid":{"rendered":"http:\/\/costaricaguides.com\/es\/vacation-packages\/eco-tour-with-manuel-antonio\/"},"modified":"2019-05-22T15:40:41","modified_gmt":"2019-05-22T15:40:41","slug":"eco-tour-with-manuel-antonio","status":"publish","type":"page","link":"https:\/\/www.costaricaguides.com\/es\/vacation-packages\/eco-tour-with-manuel-antonio\/","title":{"rendered":"Eco Tour en Manuel Antonio"},"content":{"rendered":"<div class=\"wpb-content-wrapper\"><p>[vc_row][vc_column][rev_slider_vc alias=\u00bbslider9&#8243;][\/vc_column][\/vc_row][vc_row][vc_column][vc_custom_heading text=\u00bbEco Tour en Manuel Antonio\u00bb font_container=\u00bbtag:h2|font_size:36|text_align:center|color:%2381d742&#8243; google_fonts=\u00bbfont_family:Montserrat%3Aregular%2C700|font_style:400%20regular%3A400%3Anormal\u00bb][vc_row_inner][vc_column_inner width=\u00bb1\/2&#8243;][vc_column_text]<\/p>\n<p style=\"text-align: center;\"><span style=\"font-family: 'arial black', sans-serif; font-size: 14pt;\">A partir de s\u00f3lo<\/span><br \/>\n<span style=\"color: #99cc00; font-size: 36pt;\">$709<\/span><\/p>\n<p>[\/vc_column_text][\/vc_column_inner][vc_column_inner width=\u00bb1\/2&#8243;][vc_column_text]<span style=\"font-size: 14pt; font-family: 'arial black', sans-serif;\">Precio V\u00e1lido hasta nov 30, 2015.<\/span>[\/vc_column_text][\/vc_column_inner][\/vc_row_inner][\/vc_column][\/vc_row][vc_row][vc_column][vc_tabs][vc_tab title=\u00bbDESCRIPCI\u00d3N DEL PAQUETE\u00bb tab_id=\u00bbca7941d1-a582-8&#8243;][vc_column_text]<\/p>\n<p style=\"text-align: justify;\"><span style=\"font-family: arial, helvetica, sans-serif; font-size: 14pt;\">D\u00eda 1 &#8211; Traslado del aeropuerto a su hotel en San Jos\u00e9<\/span><\/p>\n<p style=\"text-align: justify;\"><span style=\"font-family: arial, helvetica, sans-serif; font-size: 14pt;\">A la hora de su llegada, el cliente dispondr\u00e1 de la atenci\u00f3n un representante de Costa Rica Guides y Expediciones Tropicales una vez pasado el punto de migraci\u00f3n, al final de la rampa, \u00e9ste estar\u00e1 esperando por usted y llevar\u00e1 un letrero visible con su apellido. El represente podr\u00e1 brindarle ayuda con el equipaje una vez fuera del aeropuerto, ya que dentro del aeropuerto solo usted podr\u00e1 manipular su equipaje.<\/span><\/p>\n<p><span style=\"font-family: arial, helvetica, sans-serif; font-size: 14pt;\">Luego de esto el representante le trasladar\u00e1 en un transporte privado hacia su hotel en San Jos\u00e9<\/span><\/p>\n<p style=\"text-align: justify;\"><span style=\"font-family: arial, helvetica, sans-serif; font-size: 14pt;\">D\u00eda 2 &#8211; Visita a la zona del Volc\u00e1n Arenal con visita a Baldi Hotsprings Resort<\/span><\/p>\n<p><span style=\"font-family: arial, helvetica, sans-serif; font-size: 14pt;\">Situado a solo 91 kil\u00f3metros noroeste del San Jos\u00e9, el Volc\u00e1n Arenal es uno de los m\u00e1s imponentes volcanes en Costa Rica. Una erupci\u00f3n ocurrida en 1968 acabo con el peque\u00f1o poblado de Tabac\u00f3n. En el presente la actividad eruptiva es m\u00ednima.<\/span><\/p>\n<p><span style=\"font-family: arial, helvetica, sans-serif; font-size: 14pt;\">En la noche mientras disfrute en Baldi Hot Springs y rel\u00e1jese en sus tibias aguas mientras contempla el incre\u00edble cielo estrellado sobre el volc\u00e1n. Despu\u00e9s de una espectacular cena, usted ser\u00e1 transportado a su hotel en Arena<\/span><\/p>\n<p style=\"text-align: justify;\"><span style=\"font-family: arial, helvetica, sans-serif; font-size: 14pt;\">D\u00eda 3 &#8211; D\u00eda de descanso en los alrededores del Volc\u00e1n Arenal<\/span><\/p>\n<p style=\"text-align: justify;\"><span style=\"font-family: arial, helvetica, sans-serif; font-size: 14pt;\">D\u00eda 4 &#8211; Traslado a Manuel Antonio (Pac\u00edfico Central) y d\u00eda libre en Manuel Antonio<\/span><\/p>\n<p style=\"text-align: justify;\"><span style=\"font-family: arial, helvetica, sans-serif; font-size: 14pt;\">D\u00eda 5 &#8211; Visita al Parque Nacional Manuel Antonio<\/span><\/p>\n<p><span style=\"font-family: arial, helvetica, sans-serif; font-size: 14pt;\">El Parque Nacional Manuel Antonio es merecidamente el parque nacional m\u00e1s popular en Costa Rica, gracias a sus bellas playas de arena blanca; su oc\u00e9ano color esmeralda y su jungla. Nuestros gu\u00edas de la naturaleza le mostrar\u00e1n la historia y geograf\u00eda de la zona as\u00ed como le brindar\u00e1n su asistencia en la mayor parte de su recorrido, en el que veremos perezosos, monos, iguanas y gran variedad de insectos y aves durante esta inolvidable caminata de tres horas.<\/span><\/p>\n<p><span style=\"font-family: arial, helvetica, sans-serif; font-size: 14pt;\">* Tome nota: el Parque Nacional Manuel Antonio est\u00e1 cerrado los lunes.<\/span><\/p>\n<p><span style=\"font-family: arial, helvetica, sans-serif; font-size: 14pt;\">El resto del d\u00eda es libre.<\/span><\/p>\n<p style=\"text-align: justify;\"><span style=\"font-family: arial, helvetica, sans-serif; font-size: 14pt;\">D\u00eda 6 \u2013 D\u00eda libre en Manuel Antonio<\/span><\/p>\n<p style=\"text-align: justify;\"><span style=\"font-family: arial, helvetica, sans-serif; font-size: 14pt;\">D\u00eda 7 \u2013 Traslado desde Manuel Antonio a San Jos\u00e9 y d\u00eda libre en San Jos\u00e9<\/span><\/p>\n<p style=\"text-align: justify;\"><span style=\"font-family: arial, helvetica, sans-serif; font-size: 14pt;\">D\u00eda 8 \u2013 Traslado al aeropuerto<\/span><\/p>\n<p style=\"text-align: justify;\"><span style=\"font-family: arial, helvetica, sans-serif; font-size: 14pt;\">Translado desde su hotel en San Jos\u00e9 hasta el Aeropuerto Internacional.<\/span><\/p>\n<p>[\/vc_column_text][\/vc_tab][vc_tab title=\u00bbEL PAQUETE INCLUYE\u00bb tab_id=\u00bb04b85fc6-4c60-1&#8243;][vc_column_text]<\/p>\n<ul type=\"disc\">\n<li style=\"text-align: justify;\"><strong><span style=\"font-family: arial, helvetica, sans-serif; font-size: 14pt;\">El paquete incluye:<\/span><\/strong><span style=\"font-family: arial, helvetica, sans-serif; font-size: 14pt;\">-Servicio de translado privado ida y vuelta al aeropuerto.<\/span><br \/>\n<span style=\"font-family: arial, helvetica, sans-serif; font-size: 14pt;\"> -Servicio de transporte a los diferentes destinos incluidos en el programa.<\/span><br \/>\n<span style=\"font-family: arial, helvetica, sans-serif; font-size: 14pt;\"> -Servicio VIP (asistencia de Expediciones Tropicales en el aeropuerto a la hora de su llegada)<\/span><br \/>\n<span style=\"font-family: arial, helvetica, sans-serif; font-size: 14pt;\"> -7 desayunos<\/span><br \/>\n<span style=\"font-family: arial, helvetica, sans-serif; font-size: 14pt;\"> -1 almuerzo (D\u00eda 2)<\/span><br \/>\n<span style=\"font-family: arial, helvetica, sans-serif; font-size: 14pt;\"> -1 cena (D\u00eda 2)<\/span><br \/>\n<span style=\"font-family: arial, helvetica, sans-serif; font-size: 14pt;\"> -7 noches de hospedaje en el tipo de hotel de su elecci\u00f3n (impuestos del hotel incluidos)<\/span><br \/>\n<span style=\"font-family: arial, helvetica, sans-serif; font-size: 14pt;\"> -Tour Arenal Volcano (visita a Sarch\u00ed, y entrada a Baldi Resort Hot Springs)<\/span><br \/>\n<span style=\"font-family: arial, helvetica, sans-serif; font-size: 14pt;\"> -Tarifa de entrada al Parque Nacional Manuel Antonio<\/span><br \/>\n<strong><span style=\"font-family: arial, helvetica, sans-serif; font-size: 14pt;\">No incluido:<\/span><\/strong><span style=\"font-family: arial, helvetica, sans-serif; font-size: 14pt;\">-Comidas no mencionadas<\/span><br \/>\n<span style=\"font-family: arial, helvetica, sans-serif; font-size: 14pt;\"> -Tiquetes a\u00e9reos<\/span><br \/>\n<span style=\"font-family: arial, helvetica, sans-serif; font-size: 14pt;\"> -Impuestos de salida del pa\u00eds (US$29.00 por persona).<\/span><br \/>\n<span style=\"font-family: arial, helvetica, sans-serif; font-size: 14pt;\"> -Bebidas alcoholicas<\/span><br \/>\n<span style=\"font-family: arial, helvetica, sans-serif; font-size: 14pt;\"> -Equipo personal<\/span><br \/>\n<span style=\"font-family: arial, helvetica, sans-serif; font-size: 14pt;\"> -Extras en los hoteles (llamadas telef\u00f3nicas, lavander\u00eda, servicio a la habitaci\u00f3n)<\/span><br \/>\n<span style=\"font-family: arial, helvetica, sans-serif; font-size: 14pt;\"> -Propinas<\/span><\/li>\n<\/ul>\n<p>[\/vc_column_text][\/vc_tab][vc_tab title=\u00bbPRECIOS ESPECIALES\u00bb tab_id=\u00bb1440611372989-2-9&#8243;][vc_column_text]<\/p>\n<h4><span style=\"font-family: arial, helvetica, sans-serif; font-size: 14pt;\"> <\/span><\/h4>\n<table border=\"1\" width=\"500\" cellspacing=\"0\" cellpadding=\"0\" align=\"center\">\n<tbody>\n<tr>\n<td colspan=\"4\" bgcolor=\"#E1F4B2\"><center><span style=\"font-family: arial, helvetica, sans-serif; font-size: 14pt;\"><strong><em>Eco Tour en  Manuel Antonio 8 D\u00edas \/ 7 Noches<\/em><\/strong><\/span><br \/>\n<span style=\"font-family: arial, helvetica, sans-serif; font-size: 14pt;\"> <strong>Valido 30\/11\/15<\/strong><\/span><\/center><\/td>\n<\/tr>\n<tr>\n<td colspan=\"4\" align=\"center\"><span style=\"font-family: arial, helvetica, sans-serif; font-size: 14pt;\"><strong>Precios por persona de acuerdo a la categor\u00eda del hotel<\/strong><\/span><\/td>\n<\/tr>\n<tr>\n<td>\n<p align=\"center\"><span style=\"font-family: arial, helvetica, sans-serif; font-size: 14pt;\"><strong> <\/strong><\/span><\/p>\n<\/td>\n<td>\n<p align=\"center\"><span style=\"font-family: arial, helvetica, sans-serif; font-size: 14pt;\"><strong>Sencilla<\/strong><\/span><\/p>\n<\/td>\n<td>\n<p align=\"center\"><span style=\"font-family: arial, helvetica, sans-serif; font-size: 14pt;\"><strong>Doble<\/strong><\/span><\/p>\n<\/td>\n<td>\n<p align=\"center\"><span style=\"font-family: arial, helvetica, sans-serif; font-size: 14pt;\"><strong>Triple<\/strong><\/span><\/p>\n<\/td>\n<\/tr>\n<tr>\n<td>\n<p align=\"center\"><span style=\"font-family: arial, helvetica, sans-serif; font-size: 14pt;\">Economica<\/span><\/p>\n<\/td>\n<td>\n<p align=\"center\"><span style=\"font-family: arial, helvetica, sans-serif; font-size: 14pt;\">$970,00<\/span><\/p>\n<\/td>\n<td>\n<p align=\"center\"><span style=\"font-family: arial, helvetica, sans-serif; font-size: 14pt;\">$709,00<\/span><\/p>\n<\/td>\n<td>\n<p align=\"center\"><span style=\"font-family: arial, helvetica, sans-serif; font-size: 14pt;\">$689,00<\/span><\/p>\n<\/td>\n<\/tr>\n<tr>\n<td>\n<p align=\"center\"><span style=\"font-family: arial, helvetica, sans-serif; font-size: 14pt;\">Tourista<\/span><\/p>\n<\/td>\n<td>\n<p align=\"center\"><span style=\"font-family: arial, helvetica, sans-serif; font-size: 14pt;\">$1426,00<\/span><\/p>\n<\/td>\n<td>\n<p align=\"center\"><span style=\"font-family: arial, helvetica, sans-serif; font-size: 14pt;\">$966,00<\/span><\/p>\n<\/td>\n<td>\n<p align=\"center\"><span style=\"font-family: arial, helvetica, sans-serif; font-size: 14pt;\">$840,00<\/span><\/p>\n<\/td>\n<\/tr>\n<tr>\n<td>\n<p align=\"center\"><span style=\"font-family: arial, helvetica, sans-serif; font-size: 14pt;\">Superior<\/span><\/p>\n<\/td>\n<td>\n<p align=\"center\"><span style=\"font-family: arial, helvetica, sans-serif; font-size: 14pt;\">$1883,00<\/span><\/p>\n<\/td>\n<td>\n<p align=\"center\"><span style=\"font-family: arial, helvetica, sans-serif; font-size: 14pt;\">$1204,00<\/span><\/p>\n<\/td>\n<td>\n<p align=\"center\"><span style=\"font-family: arial, helvetica, sans-serif; font-size: 14pt;\">$1026,00<\/span><\/p>\n<\/td>\n<\/tr>\n<tr>\n<td>\n<p align=\"center\"><span style=\"font-family: arial, helvetica, sans-serif; font-size: 14pt;\">Deluxe<\/span><\/p>\n<\/td>\n<td>\n<p align=\"center\"><span style=\"font-family: arial, helvetica, sans-serif; font-size: 14pt;\">$2774,00<\/span><\/p>\n<\/td>\n<td>\n<p align=\"center\"><span style=\"font-family: arial, helvetica, sans-serif; font-size: 14pt;\">$1663,00<\/span><\/p>\n<\/td>\n<td>\n<p align=\"center\"><span style=\"font-family: arial, helvetica, sans-serif; font-size: 14pt;\">$1462,00<\/span><\/p>\n<\/td>\n<\/tr>\n<\/tbody>\n<\/table>\n<p style=\"text-align: justify;\"><span style=\"font-size: 14pt; font-family: arial, helvetica, sans-serif;\">Las tarifas no son v\u00e1lidas para los d\u00edas de fiesta como Pascua, Navidad y 31 de diciembre.<\/span><\/p>\n<p style=\"text-align: justify;\"><span style=\"font-size: 14pt; font-family: arial, helvetica, sans-serif;\">Los hoteles pueden variar y est\u00e1n sujetos a disponibilidad.<\/span><br \/>\n<span style=\"font-size: 14pt; font-family: arial, helvetica, sans-serif;\">Su tarjeta de cr\u00e9dito se cargar\u00e1 el coste total del paquete en el momento de la compra. Habitaciones disponibilidad no est\u00e1 garantizada hasta que se reciba el pago completo.<\/span><\/p>\n<p style=\"text-align: justify;\"><span style=\"font-size: 14pt; font-family: arial, helvetica, sans-serif;\">Este paquete puede ser modificado de acuerdo a sus necesidades especiales. Por favor, no dude en ponerse en contacto con nuestros ejecutivos de ventas para obtener su paquete personalizado. Usted recibir\u00e1 una respuesta en un m\u00e1ximo de 24 horas, de lunes a viernes.<\/span><\/p>\n<p>[\/vc_column_text][\/vc_tab][\/vc_tabs][\/vc_column][\/vc_row]<\/p>\n<\/div>","protected":false},"excerpt":{"rendered":"<p>[vc_row][vc_column][rev_slider_vc alias=\u00bbslider9&#8243;][\/vc_column][\/vc_row][vc_row][vc_column][vc_custom_heading text=\u00bbEco Tour en Manuel Antonio\u00bb font_container=\u00bbtag:h2|font_size:36|text_align:center|color:%2381d742&#8243; google_fonts=\u00bbfont_family:Montserrat%3Aregular%2C700|font_style:400%20regular%3A400%3Anormal\u00bb][vc_row_inner][vc_column_inner width=\u00bb1\/2&#8243;][vc_column_text] A partir de s\u00f3lo $709 [\/vc_column_text][\/vc_column_inner][vc_column_inner width=\u00bb1\/2&#8243;][vc_column_text]Precio V\u00e1lido hasta nov 30, 2015.[\/vc_column_text][\/vc_column_inner][\/vc_row_inner][\/vc_column][\/vc_row][vc_row][vc_column][vc_tabs][vc_tab title=\u00bbDESCRIPCI\u00d3N DEL PAQUETE\u00bb tab_id=\u00bbca7941d1-a582-8&#8243;][vc_column_text] D\u00eda 1 &#8211; Traslado del aeropuerto a su hotel en San Jos\u00e9 A la hora de su llegada, el cliente dispondr\u00e1 de la atenci\u00f3n un representante de Costa Rica [&hellip;]<\/p>\n","protected":false},"author":9,"featured_media":0,"parent":7609,"menu_order":0,"comment_status":"closed","ping_status":"closed","template":"templates\/template-with-right-sidebar.php","meta":{"_joinchat":[],"footnotes":""},"class_list":["post-7723","page","type-page","status-publish","hentry"],"_links":{"self":[{"href":"https:\/\/www.costaricaguides.com\/es\/wp-json\/wp\/v2\/pages\/7723","targetHints":{"allow":["GET"]}}],"collection":[{"href":"https:\/\/www.costaricaguides.com\/es\/wp-json\/wp\/v2\/pages"}],"about":[{"href":"https:\/\/www.costaricaguides.com\/es\/wp-json\/wp\/v2\/types\/page"}],"author":[{"embeddable":true,"href":"https:\/\/www.costaricaguides.com\/es\/wp-json\/wp\/v2\/users\/9"}],"replies":[{"embeddable":true,"href":"https:\/\/www.costaricaguides.com\/es\/wp-json\/wp\/v2\/comments?post=7723"}],"version-history":[{"count":1,"href":"https:\/\/www.costaricaguides.com\/es\/wp-json\/wp\/v2\/pages\/7723\/revisions"}],"predecessor-version":[{"id":11408,"href":"https:\/\/www.costaricaguides.com\/es\/wp-json\/wp\/v2\/pages\/7723\/revisions\/11408"}],"up":[{"embeddable":true,"href":"https:\/\/www.costaricaguides.com\/es\/wp-json\/wp\/v2\/pages\/7609"}],"wp:attachment":[{"href":"https:\/\/www.costaricaguides.com\/es\/wp-json\/wp\/v2\/media?parent=7723"}],"curies":[{"name":"wp","href":"https:\/\/api.w.org\/{rel}","templated":true}]}}