{"id":7728,"date":"2015-08-24T04:29:31","date_gmt":"2015-08-24T04:29:31","guid":{"rendered":"http:\/\/costaricaguides.com\/es\/vacation-packages\/tropical-expedition-with-monteverde\/"},"modified":"2024-12-12T14:50:28","modified_gmt":"2024-12-12T20:50:28","slug":"tropical-expedition-with-monteverde","status":"publish","type":"page","link":"https:\/\/www.costaricaguides.com\/es\/vacation-packages\/tropical-expedition-with-monteverde\/","title":{"rendered":"Expedici\u00f3n Tropical en Monteverde"},"content":{"rendered":"<div class=\"wpb-content-wrapper\"><p>[vc_row][vc_column][rev_slider_vc alias=\u00bbslider9&#8243;][\/vc_column][\/vc_row][vc_row][vc_column][vc_custom_heading text=\u00bbExpedici\u00f3n Tropical con Monteverde\u00bb font_container=\u00bbtag:h2|font_size:36|text_align:center|color:%2381d742&#8243; google_fonts=\u00bbfont_family:Montserrat%3Aregular%2C700|font_style:400%20regular%3A400%3Anormal\u00bb][vc_row_inner][vc_column_inner width=\u00bb1\/4&#8243;][vc_column_text]<\/p>\n<p style=\"text-align: center;\"><span style=\"font-family: 'arial black', sans-serif; font-size: 14pt;\">Desde<\/span><br \/>\n<span style=\"color: #99cc00; font-size: 36pt;\">US $1049.00<\/span><\/p>\n<p>[\/vc_column_text][vc_btn title=\u00bbReserve Ahora\u00bb color=\u00bbwarning\u00bb align=\u00bbcenter\u00bb i_icon_fontawesome=\u00bbfa fa-calendar-o\u00bb add_icon=\u00bbtrue\u00bb link=\u00bburl:https%3A%2F%2Fwww.costaricaguides.com%2Fes%2Fcontacto%2F|\u00bb el_id=\u00bbbook_now_vacation_package_coral\u00bb][\/vc_column_inner][vc_column_inner width=\u00bb1\/4&#8243;][vc_column_text]<span style=\"font-size: 14pt;\"><strong>Tarifas V\u00e1lidas del 1 de Diciembre 2024 al  30 de Noviembre 2025.<br \/>\nTarifas no aplican para Navidad, A\u00f1o Nuevo 24-25 y Semana Santa 2025.<br \/>\n<\/strong><\/span>[\/vc_column_text][\/vc_column_inner][\/vc_row_inner][\/vc_column][\/vc_row][vc_row][vc_column][vc_tabs][vc_tab title=\u00bbDescripci\u00f3n del Paquete\u00bb tab_id=\u00bbca7941d1-a582-8&#8243;][vc_column_text]<span style=\"font-size: 14pt;\"><strong>D\u00eda 1 \u2013<\/strong> Traslado privado desde el aeropuerto Juan Santamar\u00eda en San Jos\u00e9 a su hotel<\/span><\/p>\n<p><span style=\"font-size: 14pt;\">A su llegada, Costa Rica Guides y Expediciones Tropicales tendr\u00e1n un representante dentro del aeropuerto que le estar\u00e1 esperando, despu\u00e9s de que pase inmigraci\u00f3n, sosteniendo un cartel visible con su apellido. El representante no podr\u00e1 brindar asistencia con su equipaje dentro del aeropuerto, ya que usted es la \u00fanica persona autorizada a hacerlo.<\/span><\/p>\n<p><span style=\"font-size: 14pt;\">Una vez que haya salido del aeropuerto, nuestro conductor estar\u00e1 encantado de ayudarle con su equipaje y transporte privado hasta el hotel en San Jos\u00e9.<\/span><\/p>\n<p><span style=\"font-size: 14pt;\"><strong>Alojamiento en San Jos\u00e9.<\/strong><\/span><\/p>\n<p><span style=\"font-size: 14pt;\"><strong> <\/strong><\/span><\/p>\n<p><span style=\"font-size: 14pt;\"><strong>D\u00eda 2 \u2013 Tour Cl\u00e1sico por la ciudad de San Jos\u00e9.<\/strong><\/span><\/p>\n<p><span style=\"font-size: 14pt;\">Desayuno incluido en el hotel.<\/span><\/p>\n<p><span style=\"font-size: 14pt;\">Este tour muestra la cultura e historia de Costa Rica, visitando el museo de Oro Precolombino y sitios hist\u00f3ricos en la ciudad de San Jos\u00e9. Por ejemplo, el Lobby del Teatro Nacional, monumento patrio construido por manos costarricenses en 1897 conocido tambi\u00e9n como \u00abLa joya de San Jos\u00e9\u00bb.<\/span><\/p>\n<p><span style=\"font-size: 14pt;\">Paradas en varios puntos de igual importancia, tales como: La antigua estaci\u00f3n del tren, la F\u00e1brica Nacional De Licores, Tribunal Supremo De Elecciones, Asamblea Legislativa, El Edificio Met\u00e1lico, El Mercado Central y algunos parques. En fin, una introducci\u00f3n a nuestra ciudad capital, as\u00ed como informaci\u00f3n de temas de gran relevancia incluyendo econom\u00eda, cultura, pol\u00edtica, religi\u00f3n, y actualidad en general.<\/span><\/p>\n<p><span style=\"font-size: 14pt;\">Nuestra visita finaliza en un taller especializado en joyas y piezas en Oro, donde se recibir\u00e1 una explicaci\u00f3n complementaria de las t\u00e9cnicas utilizadas por nuestros ancestros para el trabajo metal\u00fargico.<\/span><\/p>\n<p><span style=\"font-size: 14pt;\"><strong>Recomendaciones:<\/strong> -C\u00e1mara fotogr\u00e1fica &#8211; Paraguas -Chaqueta impermeable.<\/span><\/p>\n<p><span style=\"font-size: 14pt;\"><strong>Alojamiento en San Jos\u00e9.<\/strong><\/span><\/p>\n<p><span style=\"font-size: 14pt;\"><strong> <\/strong><\/span><\/p>\n<p><span style=\"font-size: 14pt;\"><strong>D\u00eda 3 &#8211; Combo Tour: Parque Nacional Volc\u00e1n Po\u00e1s \/ Doka Tour de Caf\u00e9 \/ Jardines de Cataratas de La Paz.<\/strong><\/span><\/p>\n<p><span style=\"font-size: 14pt;\">Desayuno incluido en el hotel.<\/span><\/p>\n<p><span style=\"font-size: 14pt;\">Para llegar a los diferentes atractivos incluidos en esta excursi\u00f3n, nos dirigiremos a la ciudad de Alajuela.<\/span><\/p>\n<p><span style=\"font-size: 14pt;\">En el ascenso al Volc\u00e1n Po\u00e1s notaremos el cambio de temperatura y de vegetaci\u00f3n; veremos plantaciones de caf\u00e9, as\u00ed como helechos, flores y fresas en el camino, creando un hermoso paisaje.<\/span><\/p>\n<p><span style=\"font-size: 14pt;\">Visitaremos Doka Coffee Tour para un delicioso desayuno y un tour de caf\u00e9. En una plantaci\u00f3n de caf\u00e9 real, donde vamos a aprender sobre las t\u00e9cnicas ancestrales utilizadas por los expertos para producir uno de los mejores caf\u00e9s de Costa Rica.<\/span><\/p>\n<p><span style=\"font-size: 14pt;\">Despu\u00e9s del tour de caf\u00e9 seguiremos hacia el Volc\u00e1n Po\u00e1s, donde no s\u00f3lo vamos a admirar el impresionante cr\u00e1ter principal, con fumarolas de azufre.<\/span><\/p>\n<p><span style=\"font-size: 14pt;\">La estad\u00eda total dentro del parque ser\u00e1 de 1:30 hora aproximadamente caminata hacia el mirador del cr\u00e1ter, permanencia el mirador, y visita a la laguna Botos.<\/span><\/p>\n<p><span style=\"font-size: 14pt;\">Por la altitud de este volc\u00e1n y su actividad, este tour no se recomienda para ninguna persona que presente problemas cardiacos, con presi\u00f3n arterial alta, operaciones recientes, mujeres embarazadas o ni\u00f1os.<\/span><\/p>\n<p><span style=\"font-size: 14pt;\">Tras la visita del volc\u00e1n, seguiremos hacia La Paz Waterfall Garden\u00b4s para el almuerzo y un tour en la naturaleza. A la llegada a La Paz, caminaremos por un sendero, que conduce a una espectacular catarata en medio del bosque. Dentro del parque tambi\u00e9n visitaremos la impresionante galer\u00eda de colibr\u00edes, el serpentario, el aviario y la exposici\u00f3n de ranas.<\/span><\/p>\n<p><span style=\"font-size: 14pt;\"><strong>Recomendaciones:<\/strong> sombrero -jacket- Zapatos de caminar- Repelente de insecto- Binoculares-C\u00e1mara fotogr\u00e1fica.<\/span><\/p>\n<p><span style=\"font-size: 14pt;\"><strong>Alojamiento en San Jos\u00e9.<\/strong><\/span><\/p>\n<p>&nbsp;<\/p>\n<p><span style=\"font-size: 14pt;\"><strong>D\u00eda 4 \u2013 Volc\u00e1n Arenal con Termales de Bald\u00ed.<\/strong><\/span><\/p>\n<p><span style=\"font-size: 14pt;\">Desayuno incluido en el hotel.<\/span><\/p>\n<p><span style=\"font-size: 14pt;\">El tour al Volc\u00e1n Arenal con Baldi Hot Springs es uno de los favoritos entre los viajeros.<\/span><\/p>\n<p><span style=\"font-size: 14pt;\">Este tour ofrece el lugar propicio para admirar el imponente Volc\u00e1n Arenal, y las relajantes aguas termales. En ruta hacia el Volc\u00e1n Arenal habr\u00e1 una parada en la famosa ciudad de Sarch\u00ed, conocido como el lugar de nacimiento de Artesanos de Costa Rica.<\/span><\/p>\n<p><span style=\"font-size: 14pt;\">En Sarch\u00ed, es muy posible que vea una carreta de bueyes que ostenta el t\u00edtulo de ser la m\u00e1s grande carreta de bueyes en el mundo. Haremos una parada para disfrutar de un almuerzo en un acogedor restaurante.<\/span><\/p>\n<p><span style=\"font-size: 14pt;\">Luego ir\u00e1 a relajarse en una de las mejores aguas termales de la zona donde podr\u00e1 disfrutar de los efectos rejuvenecedores de las aguas termales.<\/span><\/p>\n<p><span style=\"font-size: 14pt;\">Y para un final perfecto, una maravillosa cena ser\u00e1 servida con una gran vista del volc\u00e1n para que no se pierda ninguna oportunidad de mirar el impresionante y en forma cl\u00e1sicamente volc\u00e1n una vez m\u00e1s.<\/span><\/p>\n<p><span style=\"font-size: 14pt;\"><strong>Alojamiento en Arenal.<\/strong><\/span><\/p>\n<p><span style=\"font-size: 14pt;\"><strong> <\/strong><\/span><\/p>\n<p><span style=\"font-size: 14pt;\"><strong>D\u00eda 5 \u2013 Traslado compartido desde Arenal a Monteverde.<\/strong><\/span><\/p>\n<p><span style=\"font-size: 14pt;\">Desayuno incluido en el hotel.<\/span><\/p>\n<p><span style=\"font-size: 14pt;\">Monteverde significa Monta\u00f1a Verde en espa\u00f1ol, y con raz\u00f3n, ya que es un peque\u00f1o pueblo exuberante, brumoso y nublado ubicado en la Regi\u00f3n Norte en el borde de la Cordillera de Tilar\u00e1n, a 110 millas de San Jos\u00e9, pero bien vale la pena la caminata, ya que es considerado un destino ecotur\u00edstico de primer nivel. Newsweek lo nombr\u00f3 recientemente como uno de los 100 lugares para recordar antes de que desaparezcan, apareciendo como el n\u00famero 14 de Am\u00e9rica. National Geographic lo ha nombrado \u201cla joya de la corona de las reservas de bosques nubosos\u201d. No sorprende que turistas y naturalistas acudan en masa a esta regi\u00f3n para experimentar la cautivadora belleza natural y la incomparable biodiversidad que es Monteverde.<\/span><\/p>\n<p><span style=\"font-size: 14pt;\">La Reserva Biol\u00f3gica del Bosque Nuboso Monteverde fue creada en 1972 y es una regi\u00f3n de 10,500 hect\u00e1reas, compuesta en un 90% de bosque virgen intacto y, por lo tanto, considerada uno de los lugares tur\u00edsticos m\u00e1s preciados de la regi\u00f3n.<\/span><\/p>\n<p><span style=\"font-size: 14pt;\">El clima variable y la gran altitud de Monteverde han ayudado a producir un nivel extremadamente alto de biodiversidad. Es el hogar de 2500 especies de plantas, con una cifra sin precedentes de 34 de 500 especies en todo el mundo, la concentraci\u00f3n m\u00e1s alta en cualquier \u00e1rea.<\/span><\/p>\n<p><span style=\"font-size: 14pt;\">La regi\u00f3n cuenta con 100 especies de mam\u00edferos, 400 especies de aves, 120 especies de reptiles y anfibios y miles de insectos.<\/span><\/p>\n<p><span style=\"font-size: 14pt;\">Tarde libre para disfrutar de Monteverde y sus alrededores.<\/span><\/p>\n<p><span style=\"font-size: 14pt;\"><strong>Alojamiento en Monteverde.<\/strong><\/span><\/p>\n<p><span style=\"font-size: 14pt;\"><strong> <\/strong><\/span><\/p>\n<p><span style=\"font-size: 14pt;\"><strong>D\u00eda 6 \u2013 Tour Puentes Colgantes.<\/strong><\/span><\/p>\n<p><span style=\"font-size: 14pt;\">Desayuno incluido en el hotel.<\/span><\/p>\n<p><span style=\"font-size: 14pt;\">Emb\u00e1rquese en un viaje a los primeros puentes colgantes de Costa Rica, un verdadero hito en la industria. Interact\u00fae con 6 puentes colgantes, que van desde 157 a 774 pies, elev\u00e1ndose a alturas de hasta 164 pies. Sum\u00e9rgete en el encantador bosque nuboso, atravesando una combinaci\u00f3n de 1,7 millas de senderos y puentes colgantes.<\/span><\/p>\n<p><span style=\"font-size: 14pt;\">Tarde libre para disfrutar de Monteverde y sus alrededores.<\/span><\/p>\n<p><span style=\"font-size: 14pt;\"><strong>Alojamiento en Monteverde.<\/strong><\/span><\/p>\n<p><span style=\"font-size: 14pt;\"><strong> <\/strong><\/span><\/p>\n<p><span style=\"font-size: 14pt;\"><strong>Day 7 \u2013 Traslado compartido desde Monteverde a San Jos\u00e9.<\/strong><\/span><\/p>\n<p><span style=\"font-size: 14pt;\">Desayuno incluido en el hotel.<\/span><\/p>\n<p><span style=\"font-size: 14pt;\">Resto del d\u00eda libre para disfrutar de San Jos\u00e9 y sus alrededores.<\/span><\/p>\n<p><span style=\"font-size: 14pt;\"><strong>Alojamiento en San Jos\u00e9.<\/strong><\/span><\/p>\n<p>&nbsp;<\/p>\n<p><span style=\"font-size: 14pt;\"><strong>Day 8 \u2013 Traslado al Aeropuerto.<\/strong><\/span><\/p>\n<p><span style=\"font-size: 14pt;\">Traslado desde su hotel en San Jos\u00e9 al Aeropuerto Internacional para tomar su vuelo de regreso.<\/span><\/p>\n<p><span style=\"font-size: 14pt;\"><strong> <\/strong><\/span><\/p>\n<p><span style=\"font-size: 14pt;\"><strong>El paquete incluye:<\/strong><\/span><\/p>\n<ul>\n<li><span style=\"font-size: 14pt;\">\u2022Traslados privados al aeropuerto ida y vuelta.<\/span><\/li>\n<li><span style=\"font-size: 14pt;\">\u2022Servicio VIP de asistencia en el aeropuerto en la fecha de llegada proporcionado por Expediciones Tropicales).<\/span><\/li>\n<li><span style=\"font-size: 14pt;\">\u202207 desayunos, 03 almuerzos y 01 cenas.<\/span><\/li>\n<li><span style=\"font-size: 14pt;\">\u202208 d\u00edas y 07 noches: 04 noches en San Jos\u00e9, 01 noche en Arenal y 02 noches en Monteverde. <\/span><\/li>\n<li><span style=\"font-size: 14pt;\">\u2022Desayuno incluido.<\/span><\/li>\n<li><span style=\"font-size: 14pt;\">\u202204 tours incluidos.<\/span><\/li>\n<li><span style=\"font-size: 14pt;\">\u2022Transporte compartido al Arenal.<\/span><\/li>\n<li><span style=\"font-size: 14pt;\">\u2022Transporte compartido a Monteverde.<\/span><\/li>\n<li><span style=\"font-size: 14pt;\">\u2022Transporte compartido a San Jos\u00e9.<\/span><\/li>\n<\/ul>\n<p>&nbsp;<\/p>\n<p><span style=\"font-size: 14pt;\"><strong> <\/strong><\/span><span style=\"font-size: 14pt;\"><strong>No incluido:<\/strong><\/span><\/p>\n<ul>\n<li><span style=\"font-size: 14pt;\">\u2022Comidas no mencionadas.<\/span><\/li>\n<li><span style=\"font-size: 14pt;\">\u2022Tiquete de avi\u00f3n.<\/span><\/li>\n<li><span style=\"font-size: 14pt;\">\u2022Impuestos de salida del aeropuerto.<\/span><\/li>\n<li><span style=\"font-size: 14pt;\">\u2022Bebidas alcoh\u00f3licas.<\/span><\/li>\n<li><span style=\"font-size: 14pt;\">\u2022Extras del hotel (llamadas telef\u00f3nicas, lavander\u00eda, servicio de habitaciones, etc.).<\/span><\/li>\n<li><span style=\"font-size: 14pt;\">\u2022Propinas (no obligatorias, pero se agradecen).<\/span><\/li>\n<\/ul>\n<p>[\/vc_column_text][\/vc_tab][vc_tab title=\u00bbHighlights Del Paquete\u00bb tab_id=\u00bb04b85fc6-4c60-1&#8243;][vc_column_text]<\/p>\n<p style=\"text-align: justify;\"><span style=\"font-family: arial, helvetica, sans-serif; font-size: 14pt;\">\u2022Traslado Aeropuerto SJO- Hotel- Aeropuerto SJO (veh\u00edculo con aire acondicionado).<\/span><\/p>\n<p style=\"text-align: justify;\"><span style=\"font-family: arial, helvetica, sans-serif; font-size: 14pt;\">\u2022Servicio de asistencia VIP en el aeropuerto a su llegada.<\/span><\/p>\n<p style=\"text-align: justify;\"><span style=\"font-family: arial, helvetica, sans-serif; font-size: 14pt;\">\u202208 d\u00edas y 07 noches: 03 noches en San Jos\u00e9, 01 noche en Arenal y 02 noches en Monteverde. Desayuno incluido.<\/span><\/p>\n<p style=\"text-align: justify;\"><span style=\"font-family: arial, helvetica, sans-serif; font-size: 14pt;\">\u20224 tours incluidos:<\/span><\/p>\n<p style=\"padding-left: 60px;\"><span style=\"font-family: arial, helvetica, sans-serif; font-size: 14pt;\">\u2022Tour combinado: Volc\u00e1n Po\u00e1s, Catarata La Paz y Tour del Caf\u00e9 Doka. <a href=\"https:\/\/www.costaricaguides.com\/es\/tour\/combo-tour-costa-rica\/\">(Detalles del tour)<\/a><\/span><\/p>\n<p style=\"padding-left: 60px;\"><span style=\"font-family: arial, helvetica, sans-serif; font-size: 14pt;\">\u2022Explorador de la ciudad de San Jos\u00e9. <a href=\"https:\/\/www.costaricaguides.com\/es\/tour\/san-jose-city-tour\/\">(Detalles del tour)<\/a><\/span><\/p>\n<p style=\"padding-left: 60px;\"><span style=\"font-family: arial, helvetica, sans-serif; font-size: 14pt;\">\u2022Volc\u00e1n Arenal y Termas Bald\u00ed. <a href=\"https:\/\/www.costaricaguides.com\/es\/tour\/arenal-volcano-baldi-hot-springs\/\">(Detalles del tour)<\/a><\/span><\/p>\n<p style=\"padding-left: 60px;\"><span style=\"font-family: arial, helvetica, sans-serif; font-size: 14pt;\">\u2022Puentes Colgantes.<\/span><\/p>\n<p style=\"text-align: justify;\"><span style=\"font-family: arial, helvetica, sans-serif; font-size: 14pt;\">\u20227 desayunos, 3 almuerzos y 01 cena.<\/span><\/p>\n<p style=\"text-align: justify;\"><span style=\"font-family: arial, helvetica, sans-serif; font-size: 14pt;\">\u2022Entradas al Museo del Oro, Estado de Doka y Volc\u00e1n Po\u00e1s, Jard\u00edn de las Cataratas de La Paz. Termas Bald\u00ed y Puentes Colgantes.<\/span><\/p>\n<p>[\/vc_column_text][\/vc_tab][vc_tab title=\u00bbPrecios\u00bb tab_id=\u00bb1440611372989-2-9&#8243;][vc_column_text]<span style=\"font-size: 14pt;\"><strong>Tarifas V\u00e1lidas del 01 de diciembre de 2024 al 30 de noviembre de 2025. &#8211; Tarifas no aplican para Navidad, A\u00f1o Nuevo 24-25 y Semana Santa 2025.<br \/>\n<\/strong><\/span><\/p>\n<p>Las tarifas son por persona seg\u00fan categor\u00eda de hotel.<\/p>\n<p>* Tarifas no aplican para Navidad, A\u00f1o Nuevo 24-25 y Semana Santa 2025.[\/vc_column_text][vc_column_text]<\/p>\n<h3><\/h3>\n<table border=\"1\" width=\"100%\" cellspacing=\"1\" cellpadding=\"3\">\n<tbody>\n<tr>\n<td colspan=\"4\" width=\"342\"><strong><em>Expedici\u00f3n Tropical en Moneteverde 08 D \/ 07 N<\/em><\/strong><\/p>\n<p><strong>ET \u201301<\/strong>               <strong>01\/12\/24 &#8211; 30\/11\/25<\/strong><\/td>\n<\/tr>\n<tr>\n<td colspan=\"4\" width=\"342\"><strong>Tarifas por persona de acuerdo con categor\u00eda de hotel<\/strong><\/td>\n<\/tr>\n<tr>\n<td width=\"83\"><strong>Categor\u00eda<\/strong><\/td>\n<td width=\"76\"><strong>Sencilla<\/strong><\/td>\n<td width=\"76\"><strong>Doble<\/strong><\/td>\n<td width=\"107\"><strong>Triple<\/strong><\/td>\n<\/tr>\n<tr>\n<td width=\"83\">Econ\u00f3mico<\/td>\n<td width=\"76\">$1552.00<\/td>\n<td width=\"76\">$1115.00<\/td>\n<td width=\"107\">$1049.00<\/td>\n<\/tr>\n<tr>\n<td width=\"83\">Turista<\/td>\n<td width=\"76\">$1680.00<\/td>\n<td width=\"76\">$1220.00<\/td>\n<td width=\"107\">$1160.00<\/td>\n<\/tr>\n<tr>\n<td width=\"83\">Superior<\/td>\n<td width=\"76\">$2075.00<\/td>\n<td width=\"76\">$1392.00<\/td>\n<td width=\"107\">$1280.00<\/td>\n<\/tr>\n<tr>\n<td width=\"83\">Deluxe<\/td>\n<td width=\"76\">$3230.00<\/td>\n<td width=\"76\">$2006.00<\/td>\n<td width=\"107\">$1758.00<\/td>\n<\/tr>\n<\/tbody>\n<\/table>\n<p>[\/vc_column_text][vc_column_text]<strong><span style=\"font-family: arial, helvetica, sans-serif; font-size: 12pt;\">Impuestos incluidos.<\/span><\/strong>[\/vc_column_text][vc_column_text]<\/p>\n<ul style=\"list-style-type: circle;\">\n<li><span style=\"font-size: 14pt;\">Los hoteles pueden variar y est\u00e1n sujetos a disponibilidad.<\/span><\/li>\n<li><span style=\"font-size: 14pt;\">Los t\u00e9rminos y condiciones de pago se determinan en el momento de reservar, ya que esto var\u00eda seg\u00fan las fechas y la temporada en que se realice la reservaci\u00f3n.<\/span><\/li>\n<li><span style=\"font-size: 14pt;\">La disponibilidad de las habitaciones no est\u00e1 garantizada hasta que se reciba el pago completo.<\/span><\/li>\n<li><span style=\"font-size: 14pt;\">Este paquete se puede modificar seg\u00fan sus requisitos especiales.<\/span><\/li>\n<li><span style=\"font-size: 14pt;\">No dude en contactar a nuestros ejecutivos de ventas para obtener su paquete personalizado. Recibir\u00e1s respuesta en un m\u00e1ximo de 24 horas, de lunes a viernes.<\/span><\/li>\n<\/ul>\n<p>[\/vc_column_text][\/vc_tab][\/vc_tabs][\/vc_column][\/vc_row]<\/p>\n<\/div>","protected":false},"excerpt":{"rendered":"<p>[vc_row][vc_column][rev_slider_vc alias=\u00bbslider9&#8243;][\/vc_column][\/vc_row][vc_row][vc_column][vc_custom_heading text=\u00bbExpedici\u00f3n Tropical con Monteverde\u00bb font_container=\u00bbtag:h2|font_size:36|text_align:center|color:%2381d742&#8243; google_fonts=\u00bbfont_family:Montserrat%3Aregular%2C700|font_style:400%20regular%3A400%3Anormal\u00bb][vc_row_inner][vc_column_inner width=\u00bb1\/4&#8243;][vc_column_text] Desde US $1049.00 [\/vc_column_text][vc_btn title=\u00bbReserve Ahora\u00bb color=\u00bbwarning\u00bb align=\u00bbcenter\u00bb i_icon_fontawesome=\u00bbfa fa-calendar-o\u00bb add_icon=\u00bbtrue\u00bb link=\u00bburl:https%3A%2F%2Fwww.costaricaguides.com%2Fes%2Fcontacto%2F|\u00bb el_id=\u00bbbook_now_vacation_package_coral\u00bb][\/vc_column_inner][vc_column_inner width=\u00bb1\/4&#8243;][vc_column_text]Tarifas V\u00e1lidas del 1 de Diciembre 2024 al 30 de Noviembre 2025. Tarifas no aplican para Navidad, A\u00f1o Nuevo 24-25 y Semana Santa 2025. [\/vc_column_text][\/vc_column_inner][\/vc_row_inner][\/vc_column][\/vc_row][vc_row][vc_column][vc_tabs][vc_tab title=\u00bbDescripci\u00f3n del Paquete\u00bb tab_id=\u00bbca7941d1-a582-8&#8243;][vc_column_text]D\u00eda 1 \u2013 Traslado privado [&hellip;]<\/p>\n","protected":false},"author":9,"featured_media":0,"parent":7609,"menu_order":0,"comment_status":"closed","ping_status":"closed","template":"templates\/template-with-right-sidebar.php","meta":{"_joinchat":[],"footnotes":""},"class_list":["post-7728","page","type-page","status-publish","hentry"],"_links":{"self":[{"href":"https:\/\/www.costaricaguides.com\/es\/wp-json\/wp\/v2\/pages\/7728","targetHints":{"allow":["GET"]}}],"collection":[{"href":"https:\/\/www.costaricaguides.com\/es\/wp-json\/wp\/v2\/pages"}],"about":[{"href":"https:\/\/www.costaricaguides.com\/es\/wp-json\/wp\/v2\/types\/page"}],"author":[{"embeddable":true,"href":"https:\/\/www.costaricaguides.com\/es\/wp-json\/wp\/v2\/users\/9"}],"replies":[{"embeddable":true,"href":"https:\/\/www.costaricaguides.com\/es\/wp-json\/wp\/v2\/comments?post=7728"}],"version-history":[{"count":28,"href":"https:\/\/www.costaricaguides.com\/es\/wp-json\/wp\/v2\/pages\/7728\/revisions"}],"predecessor-version":[{"id":13318,"href":"https:\/\/www.costaricaguides.com\/es\/wp-json\/wp\/v2\/pages\/7728\/revisions\/13318"}],"up":[{"embeddable":true,"href":"https:\/\/www.costaricaguides.com\/es\/wp-json\/wp\/v2\/pages\/7609"}],"wp:attachment":[{"href":"https:\/\/www.costaricaguides.com\/es\/wp-json\/wp\/v2\/media?parent=7728"}],"curies":[{"name":"wp","href":"https:\/\/api.w.org\/{rel}","templated":true}]}}