{"id":7745,"date":"2015-08-25T00:05:30","date_gmt":"2015-08-25T00:05:30","guid":{"rendered":"http:\/\/costaricaguides.com\/es\/vacation-packages\/tropical-escape\/"},"modified":"2024-12-12T14:57:34","modified_gmt":"2024-12-12T20:57:34","slug":"tropical-escape","status":"publish","type":"page","link":"https:\/\/www.costaricaguides.com\/es\/vacation-packages\/tropical-escape\/","title":{"rendered":"Escape Tropical"},"content":{"rendered":"<div class=\"wpb-content-wrapper\"><p>[vc_row][vc_column][rev_slider_vc alias=\u00bbslider10&#8243;][\/vc_column][\/vc_row][vc_row][vc_column][vc_custom_heading text=\u00bbEscape Tropical\u00bb font_container=\u00bbtag:h2|font_size:36|text_align:center|color:%2381d742&#8243; google_fonts=\u00bbfont_family:Montserrat%3Aregular%2C700|font_style:400%20regular%3A400%3Anormal\u00bb][vc_row_inner][vc_column_inner width=\u00bb1\/2&#8243;][vc_column_text]<\/p>\n<p style=\"text-align: center;\"><span style=\"font-family: 'arial black', sans-serif; font-size: 14pt;\">Desde<\/span><br \/>\n<span style=\"color: #99cc00; font-size: 36pt;\">$1054.00<\/span><\/p>\n<p>[\/vc_column_text][vc_btn title=\u00bbReserve Ahora\u00bb color=\u00bbwarning\u00bb align=\u00bbcenter\u00bb i_icon_fontawesome=\u00bbfa fa-calendar-o\u00bb add_icon=\u00bbtrue\u00bb link=\u00bburl:https%3A%2F%2Fwww.costaricaguides.com%2Fes%2Fcontacto%2F|\u00bb el_id=\u00bbbook_now_vacation_package_coral\u00bb][\/vc_column_inner][vc_column_inner width=\u00bb1\/2&#8243;][vc_column_text]<span lang=\"FR\"><b>Tarifas v\u00e1lidas desde el <\/b><\/span><b>01 diciembre 2024 al 30 de noviembre 2025.<br \/>\nTarifas no aplican para Navidad, A\u00f1o Nuevo 24-25 y Semana Santa 2025.<br \/>\n<\/b>[\/vc_column_text][\/vc_column_inner][\/vc_row_inner][\/vc_column][\/vc_row][vc_row][vc_column][vc_tabs][vc_tab title=\u00bbDescripci\u00f3n del Paquete \u00bb tab_id=\u00bbca7941d1-a582-8&#8243;][vc_column_text]<strong><span style=\"font-family: arial, helvetica, sans-serif; font-size: 14pt;\">D\u00eda 1 \u2013 Traslado del aeropuerto a su hotel en San Jos\u00e9<\/span><\/strong><\/p>\n<p><span style=\"font-family: arial, helvetica, sans-serif; font-size: 14pt;\">A la hora de su llegada, el cliente dispondr\u00e1 de la atenci\u00f3n un representante de Costa Rica Guides y Expediciones Tropicales una vez pasado el punto de migraci\u00f3n, al final de la rampa, este estar\u00e1 esperando por usted y llevar\u00e1 un letrero visible con su apellido. El represente podr\u00e1 brindarle ayuda con el equipaje una vez fuera del aeropuerto, ya que dentro del aeropuerto solo usted podr\u00e1 manipular su equipaje.<\/span><\/p>\n<p><span style=\"font-family: arial, helvetica, sans-serif; font-size: 14pt;\">Luego de esto el representante le trasladar\u00e1 en un transporte privado hacia su hotel en San Jos\u00e9<\/span><\/p>\n<p><strong><span style=\"font-family: arial, helvetica, sans-serif; font-size: 14pt;\">D\u00eda 2 \u2013 Combo Tour (Volc\u00e1n Poas, Doka Coffee Tour y La Paz Waterfall Garden)<\/span><\/strong><\/p>\n<p><span style=\"font-family: arial, helvetica, sans-serif; font-size: 14pt;\">Tomaremos la ruta Panamericana Sur, para comenzar a ascender el gran \u201cIztaru\u201d. La sinuosa carretera pasa a trav\u00e9s de f\u00e9rtiles tierras cultivadas de todo tipo de vegetales mientras observamos un hermosa vista panor\u00e1mica. En la cima del volc\u00e1n podremos observar el cr\u00e1ter principal y en un d\u00eda despejado, el oc\u00e9ano Pac\u00edfico y el mar Caribe pueden ser observados.<\/span><\/p>\n<p><span style=\"font-family: arial, helvetica, sans-serif; font-size: 14pt;\">Al descender hacia la ciudad de Cartago, haremos una parada en la Bas\u00edlica de la Virgen de los \u00c1ngeles, lugar de peregrinaje de muchos fieles. La siguiente parada ser\u00e1n los Jardines Lankester, centro de la Universidad de Costa Rica, creado para la investigaci\u00f3n y protecci\u00f3n de m\u00e1s de 800 especies de orqu\u00eddeas y otras plantas. Continuaremos hacia el maravilloso valle de Oros\u00ed. Visitaremos una de las pocas iglesias coloniales que a\u00fan permanecen en pie, seguido de un delicioso almuerzo en uno de los restaurantes locales. Ver descripci\u00f3n de esta excursi\u00f3n<\/span><\/p>\n<p><strong><span style=\"font-family: arial, helvetica, sans-serif; font-size: 14pt;\">D\u00eda 3 \u2013 Visita al Telef\u00e9rico del Bosque lluvioso<\/span><\/strong><\/p>\n<p><span style=\"font-family: arial, helvetica, sans-serif; font-size: 14pt;\">A solo veinte minutos en las afueras de San Jos\u00e9, cruzando la divisoria continental y entrando al Parque Nacional Braulio Carrillo, Despues de una hora y media de recorrido en el parque, el bus llegara a una reserva privada de bosque virgen de 1000 acres.<\/span><\/p>\n<p><span style=\"font-family: arial, helvetica, sans-serif; font-size: 14pt;\">Habr\u00e1 un transporte desde el parqueo hasta el centro de visitantes. Durante el traslado se provee de una introducci\u00f3n al bosque, mientras los visitantes pasan por un peque\u00f1o r\u00edo y numerosos \u00e1rboles con nidos de varias aves. En el centro de visitantes, se les dara una breve charla a los visitantes sobre canopy y la construcci\u00f3n del telef\u00e9rico. A partir de este punto, se dividira a los visitantes en peque\u00f1os grupos, para opcionalmente hacer una caminata de 45 a 90 minutos en la naturaleza acompa\u00f1ados de un gu\u00eda naturalista.<\/span><\/p>\n<p><span style=\"font-family: arial, helvetica, sans-serif; font-size: 14pt;\">Entonces abordaremos el Telef\u00e9rico que consiste en una cabina abierta a los lados conducida por un cable la cual puede llevar a 5 pasajeros y un gu\u00eda. El viaje en telef\u00e9rico dura aproximadamente una hora y quince minutos. M\u00e1s abajo, en la parte de la salida del recorrido el telef\u00e9rico nos llevar\u00e1 rapidamente sobre colinas; dentro y fuera de debajo del dosel, un mundo de luz t\u00e9nue entre las goteantes ramas salpicadas de musgos, helechos y orqu\u00eddeas. Lianas y enredaderas cae sobre las ramas y atraviesan los espacios del bosque como una carretera para las peque\u00f1as creaturas. El viaje har\u00e1 algunas paradas para abordar pasajeros en las distintas estaciones.<\/span><\/p>\n<p><span style=\"font-family: arial, helvetica, sans-serif; font-size: 14pt;\">La parte de regreso del paseo revela la porci\u00f3n m\u00e1s espectacular del viaje ya que el carro se desliza, en un recorrido que roba el aliento, a trav\u00e9s y por arriba del dosel \u00e1rboreo.<\/span><\/p>\n<p><strong><span style=\"font-family: arial, helvetica, sans-serif; font-size: 14pt;\">D\u00eda 4 \u2013 Visita a la zona del Volc\u00e1n Arenal con visita a Baldi Hot Springs<\/span><\/strong><\/p>\n<p><span style=\"font-family: arial, helvetica, sans-serif; font-size: 14pt;\">Situado a solo 91 kil\u00f3metros noroeste del San Jos\u00e9, el Volc\u00e1n Arenal es uno de los m\u00e1s imponentes volcanes en Costa Rica. Una erupci\u00f3n ocurrida en 1968 acabo con el peque\u00f1o poblado de Baldi Hot Springs. En el presente la actividad eruptiva es m\u00ednima.<\/span><\/p>\n<p><span style=\"font-family: arial, helvetica, sans-serif; font-size: 14pt;\">En la noche mientras disfrute en Baldi Hot Springs y rel\u00e1jese en sus tibias aguas mientras contempla el incre\u00edble cielo estrellado sobre el volc\u00e1n. Despu\u00e9s de una espectacular cena, usted ser\u00e1 transportado a su hotel en Arenal. Ver descripci\u00f3n del Tour<\/span><\/p>\n<p><strong><span style=\"font-family: arial, helvetica, sans-serif; font-size: 14pt;\">D\u00eda 5 \u2013 Traslado a Playa Jac\u00f3 &amp; resto del d\u00eda libre<\/span><\/strong><\/p>\n<p><strong><span style=\"font-family: arial, helvetica, sans-serif; font-size: 14pt;\">D\u00eda 6 \u2013 D\u00eda libre en Playa Jac\u00f3<\/span><\/strong><\/p>\n<p><strong><span style=\"font-family: arial, helvetica, sans-serif; font-size: 14pt;\">D\u00eda 7 \u2013 Traslado a San Jos\u00e9 &amp; resto del d\u00eda libre en San Jos\u00e9<\/span><\/strong><\/p>\n<p><strong><span style=\"font-family: arial, helvetica, sans-serif; font-size: 14pt;\">D\u00eda 8 \u2013 Traslado de su hotel en San Jos\u00e9 al aeropuerto internacional<\/span><\/strong><\/p>\n<p><span style=\"font-family: arial, helvetica, sans-serif; font-size: 14pt;\">Desayuno en su hotel en San Jos\u00e9. Traslado del hotel hasta el aeropuerto internacional<\/span>.[\/vc_column_text][\/vc_tab][vc_tab title=\u00bbIncluye\u00bb tab_id=\u00bb04b85fc6-4c60-1&#8243;][vc_column_text]<span style=\"font-size: 14pt; font-family: arial, helvetica, sans-serif;\"><strong>El paquete incluye:<\/strong><\/span><\/p>\n<p><span style=\"font-size: 14pt; font-family: arial, helvetica, sans-serif;\">Traslado privado aeropuerto-hotel \/ hotel-aeropuerto<\/span><br \/>\n<span style=\"font-size: 14pt; font-family: arial, helvetica, sans-serif;\"> Servicio VIP (asistencia en el aeropuerto el d\u00eda de su llegada, servicio brindado por Expediciones Tropicales)<\/span><br \/>\n<span style=\"font-size: 14pt; font-family: arial, helvetica, sans-serif;\"> Transporte privado a los diferentes destinos incluidos en el programa<\/span><br \/>\n<span style=\"font-size: 14pt; font-family: arial, helvetica, sans-serif;\"> 5 desayuno (D\u00edas 2, 3, 4, 7 y 8)<\/span><br \/>\n<span style=\"font-size: 14pt; font-family: arial, helvetica, sans-serif;\"> 3 almuerzos (D\u00edas 2, 3 y 4)<\/span><br \/>\n<span style=\"font-size: 14pt; font-family: arial, helvetica, sans-serif;\"> 1 cena (D\u00eda 4)<\/span><br \/>\n<span style=\"font-size: 14pt; font-family: arial, helvetica, sans-serif;\"> 7 noches de hospedaje en una habitaci\u00f3n de categor\u00eda de su elecci\u00f3n (impuestos de hotel incluidos)<\/span><br \/>\n<span style=\"font-size: 14pt; font-family: arial, helvetica, sans-serif;\"> Visita al Telef\u00e9rico del bosque lluvioso.<\/span><br \/>\n<span style=\"font-size: 14pt; font-family: arial, helvetica, sans-serif;\"> Excursi\u00f3n Volc\u00e1n Arenal (visita a Sarch\u00ed y entrada al hotel Tabac\u00f3n Grand Spa)<\/span><\/p>\n<p><span style=\"font-size: 14pt; font-family: arial, helvetica, sans-serif;\"><strong>No incluye:<\/strong><\/span><\/p>\n<p><span style=\"font-size: 14pt; font-family: arial, helvetica, sans-serif;\">Comidas no mencionadas anteriormente<\/span><br \/>\n<span style=\"font-size: 14pt; font-family: arial, helvetica, sans-serif;\"> Tiquete a\u00e9reo<\/span><br \/>\n<span style=\"font-size: 14pt; font-family: arial, helvetica, sans-serif;\"> Impuestos de salida del pa\u00eds ($29)<\/span><br \/>\n<span style=\"font-size: 14pt; font-family: arial, helvetica, sans-serif;\"> Bebidas alcoh\u00f3licas<\/span><br \/>\n<span style=\"font-size: 14pt; font-family: arial, helvetica, sans-serif;\"> Equipo personal<\/span><br \/>\n<span style=\"font-size: 14pt; font-family: arial, helvetica, sans-serif;\"> Extras en el hotel (llamadas telef\u00f3nicas, servicio de lavander\u00eda, etc.)<\/span><br \/>\n<span style=\"font-size: 14pt; font-family: arial, helvetica, sans-serif;\"> Propinas (no son obligatorias pero s\u00ed agradecidas)<\/span>[\/vc_column_text][\/vc_tab][vc_tab title=\u00bbPrecios\u00bb tab_id=\u00bb1440611372989-2-9&#8243;][vc_column_text]<span style=\"font-family: arial, helvetica, sans-serif; font-size: 14pt;\">Tarifa por persona, basado en ocupaci\u00f3n y categor\u00eda de hotel.<\/span><\/p>\n<p><span style=\"font-family: arial, helvetica, sans-serif; font-size: 14pt;\">Tarifas no aplican para Navidad, A\u00f1o Nuevo 24-25 y Semana Santa 2025.<\/span><\/p>\n<table border=\"1\" width=\"100%\" cellspacing=\"1\" cellpadding=\"3\">\n<tbody>\n<tr>\n<td colspan=\"4\" width=\"342\"><strong><em>Tropical Escape 08 D \/ 07 N<\/em><\/strong><\/p>\n<p><strong>ET \u201301<\/strong>               <strong>01\/07\/24 &#8211; 30\/11\/25<\/strong><\/td>\n<\/tr>\n<tr>\n<td colspan=\"4\" width=\"342\"><strong>Tarifas por persona de acuerdo con categor\u00eda de hotel<\/strong><\/td>\n<\/tr>\n<tr>\n<td width=\"83\"><strong>Categor\u00eda<\/strong><\/td>\n<td width=\"76\"><strong>Sencilla<\/strong><\/td>\n<td width=\"76\"><strong>Doble<\/strong><\/td>\n<td width=\"107\"><strong>Triple<\/strong><\/td>\n<\/tr>\n<tr>\n<td width=\"83\">Econ\u00f3mico<\/td>\n<td width=\"76\">$1565.00<\/td>\n<td width=\"76\">$1129.00<\/td>\n<td width=\"107\">$1054.00<\/td>\n<\/tr>\n<tr>\n<td width=\"83\">Turista<\/td>\n<td width=\"76\">$1676.00<\/td>\n<td width=\"76\">$1225.00<\/td>\n<td width=\"107\">$1145.00<\/td>\n<\/tr>\n<tr>\n<td width=\"83\">Superior<\/td>\n<td width=\"76\">$1994.00<\/td>\n<td width=\"76\">$1387.00<\/td>\n<td width=\"107\">$1288.00<\/td>\n<\/tr>\n<tr>\n<td width=\"83\">Deluxe<\/td>\n<td width=\"76\">$2882.00<\/td>\n<td width=\"76\">$1791.00<\/td>\n<td width=\"107\">$1572.00<\/td>\n<\/tr>\n<\/tbody>\n<\/table>\n<p>&nbsp;<\/p>\n<p><strong><span style=\"font-family: arial, helvetica, sans-serif; font-size: 14pt;\">Impuestos incluidos.<\/span><\/strong><\/p>\n<p><span style=\"font-family: arial, helvetica, sans-serif; font-size: 14pt;\">Paquete sujeto a disponibilidad hotelera.<\/span><\/p>\n<p><span style=\"font-family: arial, helvetica, sans-serif; font-size: 14pt;\">Toda reserva se prepaga en su totalidad.<\/span><\/p>\n<p><span style=\"font-family: arial, helvetica, sans-serif; font-size: 14pt;\">Ning\u00fan servicio est\u00e1 garantizado hasta que el pago total sea recibido.<\/span><\/p>\n<p><span style=\"font-family: arial, helvetica, sans-serif; font-size: 14pt;\">Podemos modificar estos paquetes y adaptarlos a sus intereses y presupuesto.<\/span>[\/vc_column_text][\/vc_tab][\/vc_tabs][\/vc_column][\/vc_row][vc_row][vc_column width=\u00bb1\/3&#8243;][\/vc_column][vc_column width=\u00bb1\/3&#8243;][vc_column_text]<a href=\"https:\/\/www.costaricaguides.com\/wp-content\/uploads\/2016\/09\/914.pdf\" target=\"_blank\" rel=\"noopener noreferrer\"><img loading=\"lazy\" decoding=\"async\" class=\"wp-image-9750\" src=\"https:\/\/www.costaricaguides.com\/wp-content\/uploads\/2015\/08\/download-300x87.png\" alt=\"download vacation packages\" width=\"224\" height=\"65\" \/><\/a>[\/vc_column_text][\/vc_column][vc_column width=\u00bb1\/3&#8243;][\/vc_column][\/vc_row]<\/p>\n<\/div>","protected":false},"excerpt":{"rendered":"<p>[vc_row][vc_column][rev_slider_vc alias=\u00bbslider10&#8243;][\/vc_column][\/vc_row][vc_row][vc_column][vc_custom_heading text=\u00bbEscape Tropical\u00bb font_container=\u00bbtag:h2|font_size:36|text_align:center|color:%2381d742&#8243; google_fonts=\u00bbfont_family:Montserrat%3Aregular%2C700|font_style:400%20regular%3A400%3Anormal\u00bb][vc_row_inner][vc_column_inner width=\u00bb1\/2&#8243;][vc_column_text] Desde $1054.00 [\/vc_column_text][vc_btn title=\u00bbReserve Ahora\u00bb color=\u00bbwarning\u00bb align=\u00bbcenter\u00bb i_icon_fontawesome=\u00bbfa fa-calendar-o\u00bb add_icon=\u00bbtrue\u00bb link=\u00bburl:https%3A%2F%2Fwww.costaricaguides.com%2Fes%2Fcontacto%2F|\u00bb el_id=\u00bbbook_now_vacation_package_coral\u00bb][\/vc_column_inner][vc_column_inner width=\u00bb1\/2&#8243;][vc_column_text]Tarifas v\u00e1lidas desde el 01 diciembre 2024 al 30 de noviembre 2025. Tarifas no aplican para Navidad, A\u00f1o Nuevo 24-25 y Semana Santa 2025. [\/vc_column_text][\/vc_column_inner][\/vc_row_inner][\/vc_column][\/vc_row][vc_row][vc_column][vc_tabs][vc_tab title=\u00bbDescripci\u00f3n del Paquete \u00bb tab_id=\u00bbca7941d1-a582-8&#8243;][vc_column_text]D\u00eda 1 \u2013 Traslado del aeropuerto a [&hellip;]<\/p>\n","protected":false},"author":9,"featured_media":0,"parent":7609,"menu_order":0,"comment_status":"closed","ping_status":"closed","template":"templates\/template-with-right-sidebar.php","meta":{"_joinchat":[],"footnotes":""},"class_list":["post-7745","page","type-page","status-publish","hentry"],"_links":{"self":[{"href":"https:\/\/www.costaricaguides.com\/es\/wp-json\/wp\/v2\/pages\/7745","targetHints":{"allow":["GET"]}}],"collection":[{"href":"https:\/\/www.costaricaguides.com\/es\/wp-json\/wp\/v2\/pages"}],"about":[{"href":"https:\/\/www.costaricaguides.com\/es\/wp-json\/wp\/v2\/types\/page"}],"author":[{"embeddable":true,"href":"https:\/\/www.costaricaguides.com\/es\/wp-json\/wp\/v2\/users\/9"}],"replies":[{"embeddable":true,"href":"https:\/\/www.costaricaguides.com\/es\/wp-json\/wp\/v2\/comments?post=7745"}],"version-history":[{"count":21,"href":"https:\/\/www.costaricaguides.com\/es\/wp-json\/wp\/v2\/pages\/7745\/revisions"}],"predecessor-version":[{"id":10925,"href":"https:\/\/www.costaricaguides.com\/es\/wp-json\/wp\/v2\/pages\/7745\/revisions\/10925"}],"up":[{"embeddable":true,"href":"https:\/\/www.costaricaguides.com\/es\/wp-json\/wp\/v2\/pages\/7609"}],"wp:attachment":[{"href":"https:\/\/www.costaricaguides.com\/es\/wp-json\/wp\/v2\/media?parent=7745"}],"curies":[{"name":"wp","href":"https:\/\/api.w.org\/{rel}","templated":true}]}}