{"id":7750,"date":"2015-08-25T00:18:21","date_gmt":"2015-08-25T00:18:21","guid":{"rendered":"http:\/\/costaricaguides.com\/es\/vacation-packages\/tropical-explorer\/"},"modified":"2024-12-12T15:08:37","modified_gmt":"2024-12-12T21:08:37","slug":"tropical-explorer","status":"publish","type":"page","link":"https:\/\/www.costaricaguides.com\/es\/vacation-packages\/tropical-explorer\/","title":{"rendered":"Explorador Tropical"},"content":{"rendered":"<div class=\"wpb-content-wrapper\"><p>[vc_row][vc_column][rev_slider_vc alias=\u00bbslider9&#8243;][\/vc_column][\/vc_row][vc_row][vc_column][vc_custom_heading text=\u00bbExplorador Tropical\u00bb font_container=\u00bbtag:h2|font_size:36|text_align:center|color:%2381d742&#8243; google_fonts=\u00bbfont_family:Montserrat%3Aregular%2C700|font_style:400%20regular%3A400%3Anormal\u00bb][vc_row_inner][vc_column_inner width=\u00bb1\/2&#8243;][vc_column_text]<\/p>\n<p style=\"text-align: center;\"><span style=\"font-family: 'arial black', sans-serif; font-size: 14pt;\">Desde<\/span><br \/>\n<span style=\"color: #99cc00; font-size: 36pt;\">$2539.00<\/span><\/p>\n<p>[\/vc_column_text][vc_btn title=\u00bbReserve Ahora\u00bb color=\u00bbwarning\u00bb align=\u00bbcenter\u00bb i_icon_fontawesome=\u00bbfa fa-calendar-o\u00bb add_icon=\u00bbtrue\u00bb link=\u00bburl:https%3A%2F%2Fwww.costaricaguides.com%2Fes%2Fcontacto%2F|\u00bb el_id=\u00bbbook_now_vacation_package_coral\u00bb][\/vc_column_inner][vc_column_inner width=\u00bb1\/2&#8243;][vc_column_text]<b><span lang=\"FR\">Tarifas v\u00e1lidas desde el <\/span><\/b><b>01 diciembre 2024 al 30 de noviembre 2025.<br \/>\nTarifas no aplican para Navidad, A\u00f1o Nuevo 24-25 y Semana Santa 2025.<br \/>\n<\/b>[\/vc_column_text][\/vc_column_inner][\/vc_row_inner][\/vc_column][\/vc_row][vc_row][vc_column][vc_tabs][vc_tab title=\u00bbDescripci\u00f3n del Paquete\u00bb tab_id=\u00bbca7941d1-a582-8&#8243;][vc_column_text]<strong><span style=\"font-size: 14pt; font-family: arial, helvetica, sans-serif;\">D\u00eda 1: Traslado del aeropuerto a su hotel en San Jos\u00e9<\/span><\/strong><\/p>\n<p><span style=\"font-size: 14pt; font-family: arial, helvetica, sans-serif;\">A la hora de su llegada, el cliente dispondr\u00e1 de la atenci\u00f3n un representante de Costa Rica Guides y Expediciones Tropicales. Una vez pasado el punto de migraci\u00f3n, nuestro representante los estar\u00e1 esperando con un letrero visible con su apellido. El represente podr\u00e1 brindarle ayuda con el equipaje una vez fuera del aeropuerto, ya que dentro del aeropuerto solo usted podr\u00e1 manipular su equipaje.<\/span><\/p>\n<p><span style=\"font-size: 14pt; font-family: arial, helvetica, sans-serif;\">Luego de esto el representante le trasladar\u00e1 en un transporte privado hacia su hotel en San Jos\u00e9.<\/span><\/p>\n<p><strong><span style=\"font-size: 14pt; font-family: arial, helvetica, sans-serif;\">D\u00eda 2 \u2013 Visita guiada a la ciudad de San Jos\u00e9<\/span><\/strong><\/p>\n<p><span style=\"font-size: 14pt; font-family: arial, helvetica, sans-serif;\">Este recorrido nos sumergiremos en la rica historia y cultura de Costa Rica experimentando la belleza de sus museos y sitios historicos en San Jos\u00e9. Nuestro recorrido comienza con una orientaci\u00f3n mientras nos dirigimos hacia el Parque de la Sabana. Seguidamente caminaremos hacia el hist\u00f3rico Teatro Nacional, el cual fue completado en 1897, el teatro es una obra maestra del arte y la arquitectura. Despues de eso visitaremos uno de los muchos museos de Costa Rica.<\/span><\/p>\n<p><span style=\"font-size: 14pt; font-family: arial, helvetica, sans-serif;\">Continuaremos nuestro recorrido hacia la Universidad de Costa Rica, La Suprema Corte y diversos sitios de inter\u00e9s. Haremos una breve pausa en una tienda de artesan\u00edas, tendremos un tiempo para recorrerla y \u00bfpor qu\u00e9 no? llevarnos un peque\u00f1o recuerdo a nuestra tierra de origen.<\/span><\/p>\n<p><strong><span style=\"font-size: 14pt; font-family: arial, helvetica, sans-serif;\">D\u00eda 3 \u2013 Combo Tour (Volc\u00e1n Poas, Doka Coffee Tour y La Paz Waterfall Garden)<\/span><\/strong><\/p>\n<p><span style=\"font-size: 14pt; font-family: arial, helvetica, sans-serif;\">Poas Volcano Primero le guiaremos hacia la famosa ciudad de Alajuela pasando por el monumento al Agricultor, seguido por el monumento a Juan Santamar\u00eda y el c\u00e9lebre \u201cParque de los Mangos\u201d. Camino hacia el volc\u00e1n haremos una parada en Doka Coffee Estate para disfrutar de un delicioso desayuno y hacer una visita a la plantaci\u00f3n de caf\u00e9, donde aprenderemos acerca de las t\u00e9cnicas usadas por los \u00e9xpertos para producir unos de los mejore caf\u00e9s en Costa Rica.<\/span><\/p>\n<p><span style=\"font-size: 14pt; font-family: arial, helvetica, sans-serif;\">Despu\u00e9s del tour del caf\u00e9 continuaremos al Volc\u00e1n Poas donde no solo admiraremos el impresionante cr\u00e1ter principal, el cual presenta varias fumarolas sulfurosas, m\u00e1s tambi\u00e9n aprenderemos sobre los diferentes ecosistemas en este bello destino. Continuando con el recorrido visitaremos La Paz Waterfall Gardens en donde haremos se almorazar\u00e1 y se har\u00e1 una excursi\u00f3n. A la llegada a La Paz caminaremos a trav\u00e9s de un trillo que nos guiar\u00e1 a una espectacular catarata en el medio del bosque lluvioso. Dentro del parque tambi\u00e9n el m\u00e1s grande mariposario en el pa\u00eds, la impresionante galer\u00eda de colibr\u00edes, el serpentario, la pajarera y la exhibici\u00f3n de ranas. Despu\u00e9s de la excursi\u00f3n, se le trasladar\u00e1 hacia su hotel en San Jos\u00e9. Ver descripci\u00f3n de la excursi\u00f3n<\/span><\/p>\n<p><strong><span style=\"font-size: 14pt; font-family: arial, helvetica, sans-serif;\">D\u00eda 4 \u2013 Visita a la zona del Volc\u00e1n Arenal y visita a Baldi Hot Springs<\/span><\/strong><\/p>\n<p><span style=\"font-size: 14pt; font-family: arial, helvetica, sans-serif;\">Traslado a la ciudad del Volc\u00e1n Arenal, Situado a solo 91 kil\u00f3metros noroeste del San Jos\u00e9, el Volc\u00e1n Arenal es uno de los m\u00e1s imponentes volcanes en Costa Rica. Una erupci\u00f3n ocurrida en 1968 acabo con el peque\u00f1o poblado de Baldi Hot Springs. En el presente la actividad eruptiva es m\u00ednima.<\/span><\/p>\n<p><span style=\"font-size: 14pt; font-family: arial, helvetica, sans-serif;\">En la noche mientras disfrute en Baldi Hot Springs y rel\u00e1jese en sus tibias aguas mientras contempla el incre\u00edble cielo estrellado sobre el volc\u00e1n. Despu\u00e9s de una espectacular cena, usted ser\u00e1 transportado a su hotel en Arenal. Ver descripci\u00f3n de la excursi\u00f3n<\/span><\/p>\n<p><span style=\"font-size: 14pt; font-family: arial, helvetica, sans-serif;\"><strong>D\u00eda 5 \u2013 D\u00eda libre en la ciudad del Volc\u00e1n Arena<\/strong>l<\/span><\/p>\n<p><strong><span style=\"font-size: 14pt; font-family: arial, helvetica, sans-serif;\">D\u00eda 6 \u2013 Traslado a Monteverde y resto del d\u00eda libre en Monteverde<\/span><\/strong><\/p>\n<p><strong><span style=\"font-size: 14pt; font-family: arial, helvetica, sans-serif;\">D\u00eda 7 \u2013 Excursi\u00f3n a la Reserva Bosque Nuboso Monteverde<\/span><\/strong><\/p>\n<p><span style=\"font-size: 14pt; font-family: arial, helvetica, sans-serif;\">Excursi\u00f3n en la ma\u00f1ana a la Reserva Bosque Nuboso Monteverde: Reserva privada y sin fines de lucro administrado por el Centro de Ciencia Tropical. La reserva es el hogar de una gran variedad de aves, insectos, mariposas y plantas, la visita es ideal para observar la vida silvestre.<\/span><\/p>\n<p><strong><span style=\"font-size: 14pt; font-family: arial, helvetica, sans-serif;\">D\u00eda 8 \u2013 Transporte desde Monteverde a San Jos\u00e9 y d\u00eda libre en San Jos\u00e9<\/span><\/strong><\/p>\n<p><strong><span style=\"font-size: 14pt; font-family: arial, helvetica, sans-serif;\">D\u00eda 9 \u2013 Vuelo local a Corcovado<\/span><\/strong><\/p>\n<p><span style=\"font-size: 14pt; font-family: arial, helvetica, sans-serif;\">Vuelo local de 45 minutos hacia Palmar Sur. Seguido del traslado del aeropuerto local hacia el centro del recepci\u00f3n de La Hacienda, en Sierpe, en unos 30 minutos. Entonces tomaremos un pintoresco paseo en bote por 90 minutos a trav\u00e9s del R\u00edo Sierpe donde podremos disfrutar de los manglares.<\/span><\/p>\n<p><span style=\"font-size: 14pt; font-family: arial, helvetica, sans-serif;\">A nuestra llegada a Casa Corcovado, disfrutaremos de un cocktail de bienvenida antes del almuerzo y habr\u00e1 un tiempo para explorar los senderos naturales y la playa antes de la cena.<\/span><\/p>\n<p><strong><span style=\"font-size: 14pt; font-family: arial, helvetica, sans-serif;\">D\u00eda 10 \u2013 Visita al Parque Nacional Corcovado<\/span><\/strong><\/p>\n<p><span style=\"font-size: 14pt; font-family: arial, helvetica, sans-serif;\">D\u00eda completo de excursi\u00f3n en el Parque Nacional Corcovado, que incluye un \u201cd\u00eda de campo\u201d y un gu\u00eda naturista.<\/span><\/p>\n<p><strong><span style=\"font-size: 14pt; font-family: arial, helvetica, sans-serif;\">D\u00eda 11 \u2013 Excursi\u00f3n a la Reserva Biologica Isla del Ca\u00f1o<\/span><\/strong><\/p>\n<p><span style=\"font-size: 14pt; font-family: arial, helvetica, sans-serif;\">D\u00eda completo de excursi\u00f3n en Isla del Ca\u00f1o, que incluye un almuerzo de d\u00eda de campo y una aventura de snorkeling, con un gu\u00eda naturista.<\/span><\/p>\n<p><strong><span style=\"font-size: 14pt; font-family: arial, helvetica, sans-serif;\">D\u00eda 12 \u2013 Vuelo local hac\u00eda San Jos\u00e9<\/span><\/strong><\/p>\n<p><span style=\"font-size: 14pt; font-family: arial, helvetica, sans-serif;\">Regresaremos hacia La Hacienda en Sierpe, donde tomaremos un vuelo hac\u00eda San Jos\u00e9, uno vez en San Jose le trasladaremos a su hotel.<\/span><\/p>\n<p><strong><span style=\"font-size: 14pt; font-family: arial, helvetica, sans-serif;\">D\u00eda 13 \u2013 D\u00eda de descanso en San Jos\u00e9<\/span><\/strong><\/p>\n<p><strong><span style=\"font-size: 14pt; font-family: arial, helvetica, sans-serif;\">D\u00eda 14 \u2013 Traslado al aeropuerto<\/span><\/strong>[\/vc_column_text][\/vc_tab][vc_tab title=\u00bbIncluye\u00bb tab_id=\u00bb04b85fc6-4c60-1&#8243;][vc_column_text]<span style=\"font-family: arial, helvetica, sans-serif; font-size: 14pt;\"><strong>El Paquete Incluye:<\/strong><\/span><\/p>\n<p><span style=\"font-family: arial, helvetica, sans-serif; font-size: 14pt;\">-Servicio de translado privado ida y vuelta al aeropuerto.<\/span><br \/>\n<span style=\"font-family: arial, helvetica, sans-serif; font-size: 14pt;\"> -Servicio VIP (asistencia de Expediciones Tropicales en el aeropuerto a la hora de su llegada)<\/span><br \/>\n<span style=\"font-family: arial, helvetica, sans-serif; font-size: 14pt;\"> -Servicio de transporte a los diferentes destinos incluidos en el programa<\/span><br \/>\n<span style=\"font-family: arial, helvetica, sans-serif; font-size: 14pt;\"> -13 Desayunos<\/span><br \/>\n<span style=\"font-family: arial, helvetica, sans-serif; font-size: 14pt;\"> -4 Almuerzos (D\u00edas 3, 9, 10 y 11)<\/span><br \/>\n<span style=\"font-family: arial, helvetica, sans-serif; font-size: 14pt;\"> -4 Cenas (D\u00edas 5, 9, 10 y 11)<\/span><br \/>\n<span style=\"font-family: arial, helvetica, sans-serif; font-size: 14pt;\"> -13 noches de alojamiento en una habitaci\u00f3n standard (Impuestos de hotel incluidos)<\/span><br \/>\n<span style=\"font-family: arial, helvetica, sans-serif; font-size: 14pt;\"> -Excursi\u00f3n en la ciudad de San Jos\u00e9 \u2013 entrada al Teatro Nacional y el Museo Nacional (o un museo similar)<\/span><br \/>\n<span style=\"font-family: arial, helvetica, sans-serif; font-size: 14pt;\"> -Combo Tour (entrada al Volc\u00e1n Poas, Doka Coffee Tour y La Paz Waterfall Gardens)<\/span><br \/>\n<span style=\"font-family: arial, helvetica, sans-serif; font-size: 14pt;\"> -Entrada a las aguas termales de Tabac\u00f3n Grand Spa<\/span><br \/>\n<span style=\"font-family: arial, helvetica, sans-serif; font-size: 14pt;\"> -Entrada a la reserva Bosque Nuboso MonteverdeEl paquete de 4 d\u00edas \/ 3 noches en Corcovado incluye:Transporte A\u00e9reo San Jos\u00e9 \u2013 Palmar Sur \u2013 San Jos\u00e9; Transporte Terrestre Palmar Sur \u2013 Sierpe \u2013 Palmar Sur; Transporte por Bote Sierpe \u2013 Casa Corcovado \u2013 Sierpe;<\/span><br \/>\n<span style=\"font-family: arial, helvetica, sans-serif; font-size: 14pt;\"> Excursi\u00f3n al Parque Nacional Corcovado y Visita a la Isla del Ca\u00f1o<\/span><br \/>\n<span style=\"font-family: arial, helvetica, sans-serif; font-size: 14pt;\"> *Importante: La m\u00e1xima cantidad de equipaje por persona para vuelos locales es de 25 libras por persona.<\/span><\/p>\n<p><span style=\"font-family: arial, helvetica, sans-serif; font-size: 14pt;\"><strong>No incluye:<\/strong><\/span><\/p>\n<p><span style=\"font-family: arial, helvetica, sans-serif; font-size: 14pt;\">-Alimentos no incluidos<\/span><br \/>\n<span style=\"font-family: arial, helvetica, sans-serif; font-size: 14pt;\"> -Tiquete A\u00e9reo<\/span><br \/>\n<span style=\"font-family: arial, helvetica, sans-serif; font-size: 14pt;\"> -Impuesto de salida del Aeropuerto (US$29.00 por persona).<\/span><br \/>\n<span style=\"font-family: arial, helvetica, sans-serif; font-size: 14pt;\"> -Bebidas alcoholicas<\/span><br \/>\n<span style=\"font-family: arial, helvetica, sans-serif; font-size: 14pt;\"> -Extras del Hotel (llamadas telef\u00f3nicas, lavander\u00eda, servicio a la habitaci\u00f3n, etc.)<\/span><br \/>\n<span style=\"font-family: arial, helvetica, sans-serif; font-size: 14pt;\"> -Propinas<\/span>[\/vc_column_text][\/vc_tab][vc_tab title=\u00bbPrecios\u00bb tab_id=\u00bb1440611372989-2-9&#8243;][vc_column_text]<span style=\"font-size: 14pt; font-family: arial, helvetica, sans-serif;\">Tarifa por persona, basado en ocupaci\u00f3n y categor\u00eda de hotel.<\/span><\/p>\n<p><span style=\"font-size: 14pt; font-family: arial, helvetica, sans-serif;\">Tarifas no aplican para Navidad, A\u00f1o Nuevo 24-25 y Semana Santa 2025.<\/span><\/p>\n<table border=\"1\" width=\"100%\" cellspacing=\"1\" cellpadding=\"3\">\n<tbody>\n<tr>\n<td colspan=\"4\" width=\"342\"><strong><em>Explorador Tropical Costa Rica 14 D \/ 13 N <\/em><\/strong><\/p>\n<p><strong>ET \u201301<\/strong>               <strong>01\/07\/24 &#8211; 30\/11\/25<\/strong><\/td>\n<\/tr>\n<tr>\n<td colspan=\"4\" width=\"342\"><strong>Tarifas por persona de acuerdo con categor\u00eda de hotel<\/strong><\/td>\n<\/tr>\n<tr>\n<td width=\"83\"><strong>Categor\u00eda<\/strong><\/td>\n<td width=\"76\"><strong>Sencilla<\/strong><\/td>\n<td width=\"76\"><strong>Doble<\/strong><\/td>\n<td width=\"107\"><strong>Triple<\/strong><\/td>\n<\/tr>\n<tr>\n<td width=\"83\">Econ\u00f3mico<\/td>\n<td width=\"76\">$3548.00<\/td>\n<td width=\"76\">$2632.00<\/td>\n<td width=\"107\">$2539.00<\/td>\n<\/tr>\n<tr>\n<td width=\"83\">Turista<\/td>\n<td width=\"76\">$3916.00<\/td>\n<td width=\"76\">$2847.00<\/td>\n<td width=\"107\">$2724.00<\/td>\n<\/tr>\n<tr>\n<td width=\"83\">Superior<\/td>\n<td width=\"76\">$6022.00<\/td>\n<td width=\"76\">$4241.00<\/td>\n<td width=\"107\">$3998.00<\/td>\n<\/tr>\n<tr>\n<td width=\"83\">Deluxe<\/td>\n<td width=\"76\">$7170.00<\/td>\n<td width=\"76\">$4847.00<\/td>\n<td width=\"107\">$4451.00<\/td>\n<\/tr>\n<\/tbody>\n<\/table>\n<p><strong><span style=\"font-size: 14pt; font-family: arial, helvetica, sans-serif;\">Impuestos incluidos.<\/span><\/strong><\/p>\n<p><span style=\"font-size: 14pt; font-family: arial, helvetica, sans-serif;\">Paquete sujeto a disponibilidad hotelera.<\/span><\/p>\n<p><span style=\"font-size: 14pt; font-family: arial, helvetica, sans-serif;\">Toda reserva se prepaga en su totalidad.<\/span><\/p>\n<p><span style=\"font-size: 14pt; font-family: arial, helvetica, sans-serif;\">Ning\u00fan servicio est\u00e1 garantizado hasta que el pago total sea recibido.<\/span><\/p>\n<p><span style=\"font-size: 14pt; font-family: arial, helvetica, sans-serif;\">Podemos modificar estos paquetes y adaptarlos a sus intereses y presupuesto.<\/span>[\/vc_column_text][\/vc_tab][\/vc_tabs][\/vc_column][\/vc_row][vc_row][vc_column width=\u00bb1\/3&#8243;][\/vc_column][vc_column width=\u00bb1\/3&#8243;][vc_column_text]<a href=\"https:\/\/www.costaricaguides.com\/wp-content\/uploads\/2016\/09\/1896.pdf\" target=\"_blank\" rel=\"noopener noreferrer\"><img loading=\"lazy\" decoding=\"async\" class=\"wp-image-9750\" src=\"https:\/\/www.costaricaguides.com\/wp-content\/uploads\/2015\/08\/download-300x87.png\" alt=\"download vacation packages\" width=\"224\" height=\"65\" \/><\/a>[\/vc_column_text][\/vc_column][vc_column width=\u00bb1\/3&#8243;][\/vc_column][\/vc_row]<\/p>\n<\/div>","protected":false},"excerpt":{"rendered":"<p>[vc_row][vc_column][rev_slider_vc alias=\u00bbslider9&#8243;][\/vc_column][\/vc_row][vc_row][vc_column][vc_custom_heading text=\u00bbExplorador Tropical\u00bb font_container=\u00bbtag:h2|font_size:36|text_align:center|color:%2381d742&#8243; google_fonts=\u00bbfont_family:Montserrat%3Aregular%2C700|font_style:400%20regular%3A400%3Anormal\u00bb][vc_row_inner][vc_column_inner width=\u00bb1\/2&#8243;][vc_column_text] Desde $2539.00 [\/vc_column_text][vc_btn title=\u00bbReserve Ahora\u00bb color=\u00bbwarning\u00bb align=\u00bbcenter\u00bb i_icon_fontawesome=\u00bbfa fa-calendar-o\u00bb add_icon=\u00bbtrue\u00bb link=\u00bburl:https%3A%2F%2Fwww.costaricaguides.com%2Fes%2Fcontacto%2F|\u00bb el_id=\u00bbbook_now_vacation_package_coral\u00bb][\/vc_column_inner][vc_column_inner width=\u00bb1\/2&#8243;][vc_column_text]Tarifas v\u00e1lidas desde el 01 diciembre 2024 al 30 de noviembre 2025. Tarifas no aplican para Navidad, A\u00f1o Nuevo 24-25 y Semana Santa 2025. [\/vc_column_text][\/vc_column_inner][\/vc_row_inner][\/vc_column][\/vc_row][vc_row][vc_column][vc_tabs][vc_tab title=\u00bbDescripci\u00f3n del Paquete\u00bb tab_id=\u00bbca7941d1-a582-8&#8243;][vc_column_text]D\u00eda 1: Traslado del aeropuerto a su hotel [&hellip;]<\/p>\n","protected":false},"author":9,"featured_media":0,"parent":7609,"menu_order":0,"comment_status":"closed","ping_status":"closed","template":"templates\/template-with-right-sidebar.php","meta":{"_joinchat":[],"footnotes":""},"class_list":["post-7750","page","type-page","status-publish","hentry"],"_links":{"self":[{"href":"https:\/\/www.costaricaguides.com\/es\/wp-json\/wp\/v2\/pages\/7750","targetHints":{"allow":["GET"]}}],"collection":[{"href":"https:\/\/www.costaricaguides.com\/es\/wp-json\/wp\/v2\/pages"}],"about":[{"href":"https:\/\/www.costaricaguides.com\/es\/wp-json\/wp\/v2\/types\/page"}],"author":[{"embeddable":true,"href":"https:\/\/www.costaricaguides.com\/es\/wp-json\/wp\/v2\/users\/9"}],"replies":[{"embeddable":true,"href":"https:\/\/www.costaricaguides.com\/es\/wp-json\/wp\/v2\/comments?post=7750"}],"version-history":[{"count":19,"href":"https:\/\/www.costaricaguides.com\/es\/wp-json\/wp\/v2\/pages\/7750\/revisions"}],"predecessor-version":[{"id":13323,"href":"https:\/\/www.costaricaguides.com\/es\/wp-json\/wp\/v2\/pages\/7750\/revisions\/13323"}],"up":[{"embeddable":true,"href":"https:\/\/www.costaricaguides.com\/es\/wp-json\/wp\/v2\/pages\/7609"}],"wp:attachment":[{"href":"https:\/\/www.costaricaguides.com\/es\/wp-json\/wp\/v2\/media?parent=7750"}],"curies":[{"name":"wp","href":"https:\/\/api.w.org\/{rel}","templated":true}]}}