{"id":7755,"date":"2015-08-25T00:21:26","date_gmt":"2015-08-25T00:21:26","guid":{"rendered":"http:\/\/costaricaguides.com\/es\/vacation-packages\/tropical-adventure-land\/"},"modified":"2024-12-12T15:11:50","modified_gmt":"2024-12-12T21:11:50","slug":"tropical-adventure-land","status":"publish","type":"page","link":"https:\/\/www.costaricaguides.com\/es\/vacation-packages\/tropical-adventure-land\/","title":{"rendered":"Tierra de Aventuras Tropicales"},"content":{"rendered":"<div class=\"wpb-content-wrapper\"><p>[vc_row][vc_column][rev_slider_vc alias=\u00bbslider10&#8243;][\/vc_column][\/vc_row][vc_row][vc_column][vc_custom_heading text=\u00bbTierra de Aventuras Tropicales\u00bb font_container=\u00bbtag:h2|font_size:36|text_align:center|color:%2381d742&#8243; google_fonts=\u00bbfont_family:Montserrat%3Aregular%2C700|font_style:400%20regular%3A400%3Anormal\u00bb][vc_row_inner][vc_column_inner width=\u00bb1\/2&#8243;][vc_column_text]<\/p>\n<p style=\"text-align: center;\"><span style=\"font-family: 'arial black', sans-serif; font-size: 14pt;\">Desde<\/span><br \/>\n<span style=\"color: #99cc00; font-size: 36pt;\">$1859.00<\/span><\/p>\n<p>[\/vc_column_text][vc_btn title=\u00bbReserve Ahora\u00bb color=\u00bbwarning\u00bb align=\u00bbcenter\u00bb i_icon_fontawesome=\u00bbfa fa-calendar-o\u00bb add_icon=\u00bbtrue\u00bb link=\u00bburl:https%3A%2F%2Fwww.costaricaguides.com%2Fes%2Fcontacto%2F|\u00bb el_id=\u00bbbook_now_vacation_package_coral\u00bb][\/vc_column_inner][vc_column_inner width=\u00bb1\/2&#8243;][vc_column_text]<b><span lang=\"FR\">Tarifas v\u00e1lidas desde el <\/span><\/b><b>01 diciembre 2024 al 30 de noviembre 2025<br \/>\nTarifas no aplican para Navidad, A\u00f1o Nuevo 24-25 y Semana Santa 2025.<br \/>\n<\/b>[\/vc_column_text][\/vc_column_inner][\/vc_row_inner][\/vc_column][\/vc_row][vc_row][vc_column][vc_tabs][vc_tab title=\u00bbDescripci\u00f3n del Paquete\u00bb tab_id=\u00bbca7941d1-a582-8&#8243;][vc_column_text]<span style=\"font-family: arial, helvetica, sans-serif; font-size: 14pt;\">Dia 1: Traslado del Aeropuerto Internacional a su hotel en San Jos\u00e9<\/span><\/p>\n<p><span style=\"font-family: arial, helvetica, sans-serif; font-size: 14pt;\">A la hora de su llegada, el cliente dispondr\u00e1 de la atenci\u00f3n un representante de Costa Rica Guides y Expediciones Tropicales. Una vez pasado el punto de migraci\u00f3n, nuestro representante los estar\u00e1 esperando con un letrero visible con su apellido. El represente podr\u00e1 brindarle ayuda con el equipaje una vez fuera del aeropuerto, ya que dentro del aeropuerto solo usted podr\u00e1 manipular su equipaje.<\/span><\/p>\n<p><span style=\"font-family: arial, helvetica, sans-serif; font-size: 14pt;\">Luego de esto el representante le trasladar\u00e1 en un transporte privado hacia su hotel en San Jos\u00e9.<\/span><\/p>\n<p><span style=\"font-family: arial, helvetica, sans-serif; font-size: 14pt;\">Dia 2: Tour en la ciudad de San Jos\u00e9<\/span><\/p>\n<p><span style=\"font-family: arial, helvetica, sans-serif; font-size: 14pt;\">Este tour le mostrar\u00e1 la cultura e historia de Costa Rica por medio de visitas a museos y sitios hist\u00f3ricos en la ciudad de San Jos\u00e9. El tour inicia con una visita al hermoso parque de La Sabana. Luego,le llevaremos a caminar por el hist\u00f3rico Museo Nacional, construido en 1897 y considerado una obra maestra de arte y arquitectura. Seguidamente, visitaremos varios de los museos m\u00e1s importantes del pa\u00eds.<\/span><br \/>\n<span style=\"font-family: arial, helvetica, sans-serif; font-size: 14pt;\">Continuaremos el tour haciendo paradas en varios puntos de inter\u00e9s, tales como la Universidad de Costa Rica y la Corte Suprema de Justicia. Tambi\u00e9n visitaremos una hermosa tienda de artesan\u00edas, donde podr\u00e1 conseguir hermosos souvenirs para llevar de vuelta a casa.<\/span><\/p>\n<p><span style=\"font-family: arial, helvetica, sans-serif; font-size: 14pt;\">Dia 3: Combo Tour del Volc\u00e1n Po\u00e1s, y Sarch\u00ed<\/span><\/p>\n<p><span style=\"font-family: arial, helvetica, sans-serif; font-size: 14pt;\">En el Volc\u00e1n se tomar\u00e1 el tiempo necesario para observar el impresionante cr\u00e1ter principal, con fumarolas de azufre.<\/span><\/p>\n<p><span style=\"font-family: arial, helvetica, sans-serif; font-size: 14pt;\">Posteriormente realizaremos una caminata por el sendero hasta la hermosa Laguna Botos que nos permitir\u00e1 conocer acerca de los diferentes ecosistemas del parque.<\/span><\/p>\n<p><span style=\"font-family: arial, helvetica, sans-serif; font-size: 14pt;\">Posteriormente en Sarch\u00ed, ciudad llamada la cuna de la artesan\u00eda costarricense por la abundante concurrencia de talleres que trabajan en finas maderas, se contar\u00e1 con el tiempo necesario para observar los art\u00edsticos trabajos de los artesanos en la fabricaci\u00f3n de las famosas carretas t\u00edpicas y adem\u00e1s se podr\u00e1 escoger el souvenir para llevar a casa. Ver descripci\u00f3n de la visita<\/span><\/p>\n<p><span style=\"font-family: arial, helvetica, sans-serif; font-size: 14pt;\">Dia 4: Tortuguero<\/span><\/p>\n<p><span style=\"font-family: arial, helvetica, sans-serif; font-size: 14pt;\">Saldremos de San Jos\u00e9 en la ma\u00f1ana. Pasaremos por el Parque Nacional Braulio Carrillo, donde podremos admirar la biodiversidad de una sorprendente \u00e1rea protegida \u2013 un bosque primario en el 95% de su extensi\u00f3n. Disfrutaremos de un delicioso desayuno en ruta. Al llegar a Tortuguero, disfrutaremos del ex\u00f3tico para\u00edso natural de la zona a lo largo de los Canales de Tortuguero, a bordo de un c\u00f3modo barco.<\/span><br \/>\n<span style=\"font-family: arial, helvetica, sans-serif; font-size: 14pt;\">Seguidamente, disfrutaremos de un refrescante c\u00f3ctel y un delicioso almuerzo en el lodge en Tortuguero. Despu\u00e9s del almuerzo, visitaremos el museo, el \u00e1rea de playa y el peque\u00f1o y pintoresco pueblo de Tortuguero. Una deliciosa cena se servir\u00e1 a la llegada al albergue.<\/span><\/p>\n<p><span style=\"font-family: arial, helvetica, sans-serif; font-size: 14pt;\">Dia 5: Excursi\u00f3n en Tortuguero<\/span><br \/>\n<span style=\"font-family: arial, helvetica, sans-serif; font-size: 14pt;\">\u00a1Prep\u00e1rese para una caminata en la monta\u00f1a del Parque Nacional Tortuguero y conozca este singular para\u00edso y su magn\u00edfica flora y fauna!<\/span><\/p>\n<p><span style=\"font-family: arial, helvetica, sans-serif; font-size: 14pt;\">Despu\u00e9s de un merecido almuerzo en el hotel, podr\u00e1 disfrutar de los senderos privados, paseos en barco por los canales o simplemente relajarse mientras admira la naturaleza.<\/span><\/p>\n<p><span style=\"font-family: arial, helvetica, sans-serif; font-size: 14pt;\">Dia 6: Traslado a la zona del Volc\u00e1n Arenal<\/span><br \/>\n<span style=\"font-family: arial, helvetica, sans-serif; font-size: 14pt;\">Le trasladaremos en bote del hotel al muelle, para tomar el servicio de transporte que le llevar\u00e1 a la zona del Volc\u00e1n Arenal.<\/span><\/p>\n<p><span style=\"font-family: arial, helvetica, sans-serif; font-size: 14pt;\">Dia 7: Tour al Volc\u00e1n Arenal &amp; visita a Termales de Baldi Hot Springs<\/span><br \/>\n<span style=\"font-family: arial, helvetica, sans-serif; font-size: 14pt;\">El volc\u00e1n Arenal es uno de los volcanes m\u00e1s hermosos de America. Durante su visita a las aguas Termales de Baldi Hot Springs, usted podr\u00e1 sentir el suelo vibrar y admirar el entorno natural del imponente volc\u00e1n. Tambi\u00e9n disfrutar\u00e1 de las aguas termales, donde se podr\u00e1 relajar en las tibias aguas mientras contempla la naturaleza. Ver descripci\u00f3n de la visita<\/span><\/p>\n<p><span style=\"font-family: arial, helvetica, sans-serif; font-size: 14pt;\">Dia 8: Traslado a Monteverde y resto del d\u00eda libre en Monteverde<\/span><\/p>\n<p><span style=\"font-family: arial, helvetica, sans-serif; font-size: 14pt;\">Dia 9: Excursi\u00f3n en la Reserva Bosque Nuboso Monteverde<\/span><br \/>\n<span style=\"font-family: arial, helvetica, sans-serif; font-size: 14pt;\">Por la ma\u00f1ana visitaremos la Reserva Bosque Nuboso Monteverde \u2013 reserva privada sin fines de lucro administrada por el Centro Tropical de Ciencias. Existen 6 distintas zonas ecol\u00f3gicas dentro de la reserva y es considerado un bosque nuboso ya que debido a su altitud, las nubes pasan por medio del bosque. La actividad de canopy es perfecta en el \u00e1rea gracias a las miles de plantas, aves, insectos y mariposas que habitan el lugar.<\/span><\/p>\n<p><span style=\"font-family: arial, helvetica, sans-serif; font-size: 14pt;\">Dia 10: Traslado a Manuel Antonio &amp; resto del d\u00eda libre en Manuel Antonio<\/span><\/p>\n<p><span style=\"font-family: arial, helvetica, sans-serif; font-size: 14pt;\">Dia 11: Visita guiada al Parque Nacional Manuel Antonio<\/span><br \/>\n<span style=\"font-family: arial, helvetica, sans-serif; font-size: 14pt;\">El Parque Nacional Manuel Antonio es el parque m\u00e1s popular de Costa Rica, con sus hermosas playas de arena blanca rodeadas por una exuberante vegetaci\u00f3n. Nuestros gu\u00edas naturalistas le explicar\u00e1n la historia y geograf\u00eda del \u00e1rea, y le ayudar\u00e1n a sacarle el mayor provecho a esta experiencia. Durante el tour, usted podr\u00e1 ver perezosos, monos, iguanas y gran cantidad de aves e insectos.<\/span><\/p>\n<p><span style=\"font-family: arial, helvetica, sans-serif; font-size: 14pt;\">Dia 12: D\u00eda libre en Manuel Antonio<\/span><\/p>\n<p><span style=\"font-family: arial, helvetica, sans-serif; font-size: 14pt;\">Dia 13: Traslado a San Jos\u00e9 &amp; resto del d\u00eda libre en San Jos\u00e9<\/span><\/p>\n<p><span style=\"font-family: arial, helvetica, sans-serif; font-size: 14pt;\">Dia 14: Traslado de su hotel en San Jos\u00e9 al aeropuerto internacional<\/span>[\/vc_column_text][\/vc_tab][vc_tab title=\u00bbIncluye\u00bb tab_id=\u00bb04b85fc6-4c60-1&#8243;][vc_column_text]<span style=\"font-family: arial, helvetica, sans-serif; font-size: 14pt;\"><strong>Paquete incluye:<\/strong><\/span><\/p>\n<p><span style=\"font-family: arial, helvetica, sans-serif; font-size: 14pt;\">\u2013 Traslado privado aeropuerto \u2013 hotel \u2013 aeropuerto<\/span><br \/>\n<span style=\"font-family: arial, helvetica, sans-serif; font-size: 14pt;\">\u2013 Servicio VIP (asistencia en el aeropuerto por la empresa Expediciones Tropicales)<\/span><br \/>\n<span style=\"font-family: arial, helvetica, sans-serif; font-size: 14pt;\">\u2013 13 desayunos<\/span><br \/>\n<span style=\"font-family: arial, helvetica, sans-serif; font-size: 14pt;\">\u2013 4 almuerzos (D\u00edas 3, 4, 5 &amp; 6)<\/span><br \/>\n<span style=\"font-family: arial, helvetica, sans-serif; font-size: 14pt;\">\u2013 3 cenas (D\u00edas 4, 5 &amp; 7)<\/span><br \/>\n<span style=\"font-family: arial, helvetica, sans-serif; font-size: 14pt;\">\u2013 Hospedaje en el tipo de habitaci\u00f3n de su elecci\u00f3n (impuestos de hotel incluidos)<\/span><br \/>\n<span style=\"font-family: arial, helvetica, sans-serif; font-size: 14pt;\">\u2013 Tour por la ciudad de San Jos\u00e9, incluye entrada al Teatro Nacional y el Museo Nacional (o museo similar)<\/span><br \/>\n<span style=\"font-family: arial, helvetica, sans-serif; font-size: 14pt;\">\u2013 Visita y entrada al Volc\u00e1n Po\u00e1s<\/span><br \/>\n<span style=\"font-family: arial, helvetica, sans-serif; font-size: 14pt;\">\u2013 Paquete a Tortuguero de 2N\/3D (incluye transporte, todas las comidas y tours)<\/span><br \/>\n<span style=\"font-family: arial, helvetica, sans-serif; font-size: 14pt;\">\u2013 Visita y entradas a Tabac\u00f3n Grand Spa, con la cena.<\/span><br \/>\n<span style=\"font-family: arial, helvetica, sans-serif; font-size: 14pt;\">\u2013 Visita al la Reserva del Bosque Nuboso Monteverde. La tarifa de entrada incluida.<\/span><br \/>\n<span style=\"font-family: arial, helvetica, sans-serif; font-size: 14pt;\">\u2013 Visita al Parque Nacional Manuel Antonio (este parque est\u00e1 cerrado los lunes) La tarifa de entrada esta incluida.<\/span><\/p>\n<p><span style=\"font-family: arial, helvetica, sans-serif; font-size: 14pt;\"><strong>No incluye:<\/strong><\/span><\/p>\n<p><span style=\"font-family: arial, helvetica, sans-serif; font-size: 14pt;\">\u2013 Las comidas no mencionadas<\/span><br \/>\n<span style=\"font-family: arial, helvetica, sans-serif; font-size: 14pt;\">\u2013 Billete de avi\u00f3n<\/span><br \/>\n<span style=\"font-family: arial, helvetica, sans-serif; font-size: 14pt;\">\u2013 Aeropuerto- Impuestos de salida (29,00 d\u00f3lares de los EE.UU. por persona).<\/span><br \/>\n<span style=\"font-family: arial, helvetica, sans-serif; font-size: 14pt;\">\u2013 Las bebidas alcoh\u00f3licas<\/span><br \/>\n<span style=\"font-family: arial, helvetica, sans-serif; font-size: 14pt;\">\u2013 Extras en los hoteles (llamadas telef\u00f3nicas, lavander\u00eda, servicio de habitaciones)<\/span><br \/>\n<span style=\"font-family: arial, helvetica, sans-serif; font-size: 14pt;\">\u2013 Propina (no es obligatorio, pero apreciado)<\/span>[\/vc_column_text][\/vc_tab][vc_tab title=\u00bbPrecios\u00bb tab_id=\u00bb1440611372989-2-9&#8243;][vc_column_text]<span style=\"font-family: arial, helvetica, sans-serif; font-size: 14pt;\">Precios por persona de acuerdo a la categor\u00eda del hotel<\/span><\/p>\n<p><span style=\"font-family: arial, helvetica, sans-serif; font-size: 14pt;\">Tarifas no aplican para Navidad, A\u00f1o Nuevo 24-25 y Semana Santa 2025.<\/span><\/p>\n<table border=\"1\" width=\"100%\" cellspacing=\"1\" cellpadding=\"3\">\n<tbody>\n<tr>\n<td colspan=\"4\" width=\"342\"><strong><em>Tierra de Aventuras Tropicales 14 D \/ 13 N<\/em><\/strong><\/p>\n<p><strong>ET \u201301<\/strong>               <strong>01\/07\/24 &#8211; 30\/11\/25<\/strong><\/td>\n<\/tr>\n<tr>\n<td colspan=\"4\" width=\"342\"><strong>Tarifas por persona de acuerdo con categor\u00eda de hotel<\/strong><\/td>\n<\/tr>\n<tr>\n<td width=\"83\"><strong>Categor\u00eda<\/strong><\/td>\n<td width=\"76\"><strong>Sencilla<\/strong><\/td>\n<td width=\"76\"><strong>Doble<\/strong><\/td>\n<td width=\"107\"><strong>Triple<\/strong><\/td>\n<\/tr>\n<tr>\n<td width=\"83\">Econ\u00f3mico<\/td>\n<td width=\"76\">$2811.00<\/td>\n<td width=\"76\">$2045.00<\/td>\n<td width=\"107\">$1859.00<\/td>\n<\/tr>\n<tr>\n<td width=\"83\">Turista<\/td>\n<td width=\"76\">$3308.00<\/td>\n<td width=\"76\">$2338.00<\/td>\n<td width=\"107\">$2120.00<\/td>\n<\/tr>\n<tr>\n<td width=\"83\">Superior<\/td>\n<td width=\"76\">$4500.00<\/td>\n<td width=\"76\"><\/td>\n<td width=\"107\"><\/td>\n<\/tr>\n<tr>\n<td width=\"83\"><\/td>\n<td width=\"76\"><\/td>\n<td width=\"76\"><\/td>\n<td width=\"107\"><\/td>\n<\/tr>\n<\/tbody>\n<\/table>\n<p>&nbsp;<\/p>\n<p><strong><span style=\"font-family: arial, helvetica, sans-serif; font-size: 14pt;\">Impuestos incluidos.<\/span><\/strong><br \/>\n<span style=\"font-family: arial, helvetica, sans-serif; font-size: 14pt;\">Los hoteles pueden variar y est\u00e1n sujetos a disponibilidad.<\/span><br \/>\n<span style=\"font-family: arial, helvetica, sans-serif; font-size: 14pt;\">Su tarjeta de cr\u00e9dito se cargar\u00e1 el coste total del paquete en el momento de la compra. Habitaciones disponibilidad no est\u00e1 garantizada hasta que se reciba el pago completo.<\/span><\/p>\n<p><span style=\"font-family: arial, helvetica, sans-serif; font-size: 14pt;\">Este paquete puede ser modificado de acuerdo a sus necesidades especiales. Por favor, no dude en ponerse en contacto con nuestros ejecutivos de ventas para obtener su paquete personalizado. Usted recibir\u00e1 una respuesta en un m\u00e1ximo de 24 horas, de lunes a viernes.<\/span>[\/vc_column_text][\/vc_tab][\/vc_tabs][\/vc_column][\/vc_row][vc_row][vc_column width=\u00bb1\/3&#8243;][\/vc_column][vc_column width=\u00bb1\/3&#8243;][vc_column_text]<a href=\"https:\/\/www.costaricaguides.com\/wp-content\/uploads\/2016\/09\/1499.pdf\" target=\"_blank\" rel=\"noopener noreferrer\"><img loading=\"lazy\" decoding=\"async\" class=\"wp-image-9750\" src=\"https:\/\/www.costaricaguides.com\/wp-content\/uploads\/2015\/08\/download-300x87.png\" alt=\"download vacation packages\" width=\"224\" height=\"65\" \/><\/a>[\/vc_column_text][\/vc_column][vc_column width=\u00bb1\/3&#8243;][\/vc_column][\/vc_row]<\/p>\n<\/div>","protected":false},"excerpt":{"rendered":"<p>[vc_row][vc_column][rev_slider_vc alias=\u00bbslider10&#8243;][\/vc_column][\/vc_row][vc_row][vc_column][vc_custom_heading text=\u00bbTierra de Aventuras Tropicales\u00bb font_container=\u00bbtag:h2|font_size:36|text_align:center|color:%2381d742&#8243; google_fonts=\u00bbfont_family:Montserrat%3Aregular%2C700|font_style:400%20regular%3A400%3Anormal\u00bb][vc_row_inner][vc_column_inner width=\u00bb1\/2&#8243;][vc_column_text] Desde $1859.00 [\/vc_column_text][vc_btn title=\u00bbReserve Ahora\u00bb color=\u00bbwarning\u00bb align=\u00bbcenter\u00bb i_icon_fontawesome=\u00bbfa fa-calendar-o\u00bb add_icon=\u00bbtrue\u00bb link=\u00bburl:https%3A%2F%2Fwww.costaricaguides.com%2Fes%2Fcontacto%2F|\u00bb el_id=\u00bbbook_now_vacation_package_coral\u00bb][\/vc_column_inner][vc_column_inner width=\u00bb1\/2&#8243;][vc_column_text]Tarifas v\u00e1lidas desde el 01 diciembre 2024 al 30 de noviembre 2025 Tarifas no aplican para Navidad, A\u00f1o Nuevo 24-25 y Semana Santa 2025. [\/vc_column_text][\/vc_column_inner][\/vc_row_inner][\/vc_column][\/vc_row][vc_row][vc_column][vc_tabs][vc_tab title=\u00bbDescripci\u00f3n del Paquete\u00bb tab_id=\u00bbca7941d1-a582-8&#8243;][vc_column_text]Dia 1: Traslado del Aeropuerto Internacional [&hellip;]<\/p>\n","protected":false},"author":9,"featured_media":0,"parent":7609,"menu_order":0,"comment_status":"closed","ping_status":"closed","template":"templates\/template-with-right-sidebar.php","meta":{"_joinchat":[],"footnotes":""},"class_list":["post-7755","page","type-page","status-publish","hentry"],"_links":{"self":[{"href":"https:\/\/www.costaricaguides.com\/es\/wp-json\/wp\/v2\/pages\/7755","targetHints":{"allow":["GET"]}}],"collection":[{"href":"https:\/\/www.costaricaguides.com\/es\/wp-json\/wp\/v2\/pages"}],"about":[{"href":"https:\/\/www.costaricaguides.com\/es\/wp-json\/wp\/v2\/types\/page"}],"author":[{"embeddable":true,"href":"https:\/\/www.costaricaguides.com\/es\/wp-json\/wp\/v2\/users\/9"}],"replies":[{"embeddable":true,"href":"https:\/\/www.costaricaguides.com\/es\/wp-json\/wp\/v2\/comments?post=7755"}],"version-history":[{"count":22,"href":"https:\/\/www.costaricaguides.com\/es\/wp-json\/wp\/v2\/pages\/7755\/revisions"}],"predecessor-version":[{"id":13324,"href":"https:\/\/www.costaricaguides.com\/es\/wp-json\/wp\/v2\/pages\/7755\/revisions\/13324"}],"up":[{"embeddable":true,"href":"https:\/\/www.costaricaguides.com\/es\/wp-json\/wp\/v2\/pages\/7609"}],"wp:attachment":[{"href":"https:\/\/www.costaricaguides.com\/es\/wp-json\/wp\/v2\/media?parent=7755"}],"curies":[{"name":"wp","href":"https:\/\/api.w.org\/{rel}","templated":true}]}}