{"id":7760,"date":"2015-08-25T00:22:21","date_gmt":"2015-08-25T00:22:21","guid":{"rendered":"http:\/\/costaricaguides.com\/es\/vacation-packages\/tropical-adventure\/"},"modified":"2024-12-12T15:14:41","modified_gmt":"2024-12-12T21:14:41","slug":"tropical-adventure","status":"publish","type":"page","link":"https:\/\/www.costaricaguides.com\/es\/vacation-packages\/tropical-adventure\/","title":{"rendered":"Aventura Tropical"},"content":{"rendered":"<div class=\"wpb-content-wrapper\"><p>[vc_row][vc_column][rev_slider_vc alias=\u00bbslider10&#8243;][\/vc_column][\/vc_row][vc_row][vc_column][vc_custom_heading text=\u00bbAventura Tropical\u00bb font_container=\u00bbtag:h2|font_size:36|text_align:center|color:%2381d742&#8243; google_fonts=\u00bbfont_family:Montserrat%3Aregular%2C700|font_style:400%20regular%3A400%3Anormal\u00bb][vc_row_inner][vc_column_inner width=\u00bb1\/2&#8243;][vc_column_text]<\/p>\n<p style=\"text-align: center;\"><span style=\"font-family: 'arial black', sans-serif; font-size: 14pt;\">A partir de s\u00f3lo<\/span><br \/>\n<span style=\"color: #99cc00; font-size: 36pt;\">$1866.00<\/span><\/p>\n<p>[\/vc_column_text][vc_btn title=\u00bbReserve Ahora\u00bb color=\u00bbwarning\u00bb align=\u00bbcenter\u00bb i_icon_fontawesome=\u00bbfa fa-calendar-o\u00bb add_icon=\u00bbtrue\u00bb link=\u00bburl:https%3A%2F%2Fwww.costaricaguides.com%2Fes%2Fcontacto%2F|||\u00bb el_id=\u00bbbook_now_vacation_package_coral\u00bb][\/vc_column_inner][vc_column_inner width=\u00bb1\/2&#8243;][vc_column_text]<span lang=\"FR\"><b>Tarifas v\u00e1lidas desde el <\/b><\/span><b>01 diciembre 2024 al 30 de noviembre 2025<br \/>\nTarifas no aplican para Navidad, A\u00f1o Nuevo 24-25 y Semana Santa 2025.<br \/>\n<\/b>[\/vc_column_text][\/vc_column_inner][\/vc_row_inner][\/vc_column][\/vc_row][vc_row][vc_column][vc_tabs][vc_tab title=\u00bbDescripci\u00f3n del Paquete\u00bb tab_id=\u00bbca7941d1-a582-8&#8243;][vc_column_text]<\/p>\n<p style=\"text-align: justify;\"><strong><span style=\"font-family: arial, helvetica, sans-serif; font-size: 14pt;\">D\u00eda 1 &#8211; Traslado del aeropuerto a su hotel en San Jos\u00e9<\/span><\/strong><\/p>\n<p style=\"text-align: justify;\"><span style=\"font-family: arial, helvetica, sans-serif; font-size: 14pt;\">A la hora de su llegada, el cliente dispondr\u00e1 de la atenci\u00f3n un representante de Costa Rica Guides y Expediciones Tropicales. Una vez pasado el punto de migraci\u00f3n, nuestro representante los estar\u00e1 esperando con un letrero visible con su apellido. El represente podr\u00e1 brindarle ayuda con el equipaje una vez fuera del aeropuerto, ya que dentro del aeropuerto solo usted podr\u00e1 manipular su equipaje.<\/span><\/p>\n<p style=\"text-align: justify;\"><span style=\"font-family: arial, helvetica, sans-serif; font-size: 14pt;\">Luego de esto el representante le trasladar\u00e1 en un transporte privado hacia su hotel en San Jos\u00e9.<\/span><\/p>\n<p style=\"text-align: justify;\"><strong><span style=\"font-family: arial, helvetica, sans-serif; font-size: 14pt;\">Day 2 \u2013 Visita guiada a la ciudad de San Jos\u00e9<\/span><\/strong><\/p>\n<p style=\"text-align: justify;\"><span style=\"font-family: arial, helvetica, sans-serif; font-size: 14pt;\">Teatro NacionalEste recorrido nos sumergiremos en la rica historia y cultura de Costa Rica experimentando la belleza de sus museos y sitios historicos en San Jos\u00e9. Nuestro recorrido comienza con una orientaci\u00f3n mientras nos dirigimos hacia el Parque de la Sabana. Seguidamente caminaremos hacia el hist\u00f3rico Teatro Nacional, el cual fue completado en 1897, el teatro es una obra maestra del arte y la arquitectura. Despues de eso visitaremos uno de los muchos museos de Costa Rica.<\/span><br \/>\n<span style=\"font-family: arial, helvetica, sans-serif; font-size: 14pt;\">Continuaremos nuestro recorrido hacia la Universidad de Costa Rica, La Suprema Corte y diversos sitios de inter\u00e9s. Haremos una breve pausa en una tienda de artesan\u00edas, tendremos un tiempo para recorrerla y \u00bfpor qu\u00e9 no? llevarnos un peque\u00f1o recuerdo a nuestra tierra de origen.<\/span><\/p>\n<p style=\"text-align: justify;\"><strong><span style=\"font-family: arial, helvetica, sans-serif; font-size: 14pt;\">D\u00eda 3 &#8211; Combo Tour (Volc\u00e1n Poas, Doka Coffee Tour y La Paz Waterfall Garden)<\/span><\/strong><\/p>\n<p style=\"text-align: justify;\"><span style=\"font-family: arial, helvetica, sans-serif; font-size: 14pt;\">Primero le guiaremos hacia la famosa ciudad de Alajuela pasando por el monumento al Agricultor, seguido por el monumento a Juan Santamar\u00eda y el c\u00e9lebre \u00abParque de los Mangos\u00bb. Camino hacia el volc\u00e1n haremos una parada en Doka Coffee Estate para disfrutar de un delicioso desayuno y hacer una visita a la plantaci\u00f3n de caf\u00e9, donde aprenderemos acerca de las t\u00e9cnicas usadas por los \u00e9xpertos para producir unos de los mejore caf\u00e9s en Costa Rica.<\/span><\/p>\n<p><span style=\"font-family: arial, helvetica, sans-serif; font-size: 14pt;\">Despu\u00e9s del tour del caf\u00e9 continuaremos al Volc\u00e1n Poas donde no solo admiraremos el impresionante cr\u00e1ter principal, el cual presenta varias fumarolas sulfurosas, m\u00e1s tambi\u00e9n aprenderemos sobre los diferentes ecosistemas en este bello destino. Continuando con el recorrido visitaremos La Paz Waterfall Gardens en donde haremos se almorazar\u00e1 y se har\u00e1 una excursi\u00f3n. A la llegada a La Paz caminaremos a trav\u00e9s de un trillo que nos guiar\u00e1 a una espectacular catarata en el medio del bosque lluvioso. Dentro del parque tambi\u00e9n el m\u00e1s grande mariposario en el pa\u00eds, la impresionante galer\u00eda de colibr\u00edes, el serpentario, la pajarera y la exhibici\u00f3n de ranas. Despu\u00e9s de la excursi\u00f3n, se le trasladar\u00e1 hacia su hotel en San Jos\u00e9. Ver descripci\u00f3n de esta excursi\u00f3n<\/span><\/p>\n<p><strong><span style=\"font-family: arial, helvetica, sans-serif; font-size: 14pt;\">D\u00eda 4 &#8211; Traslado a la ciudad del Volc\u00e1n Arenal y resto del d\u00eda libre<\/span><\/strong><\/p>\n<p style=\"text-align: justify;\"><strong><span style=\"font-family: arial, helvetica, sans-serif; font-size: 14pt;\">D\u00eda 5 &#8211; Visita a la zona del Volc\u00e1n Arenal con visita a Baldi Hot Springs<\/span><\/strong><\/p>\n<p style=\"text-align: justify;\"><span style=\"font-family: arial, helvetica, sans-serif; font-size: 14pt;\">Baldi Hot Springs est\u00e1 situado a tan solo 91 kil\u00f3metros noroeste del San Jos\u00e9, el Volc\u00e1n Arenal es uno de los m\u00e1s imponentes volcanes en Costa Rica. Una erupci\u00f3n ocurrida en 1968 acabo con el peque\u00f1o poblado de Baldi Hot Springs. En el presente la actividad eruptiva es m\u00ednima.<\/span><\/p>\n<p style=\"text-align: justify;\"><span style=\"font-family: arial, helvetica, sans-serif; font-size: 14pt;\">En la noche mientras disfrute en Baldi Hot Springs y rel\u00e1jese en sus tibias aguas mientras contempla el incre\u00edble cielo estrellado sobre el volc\u00e1n. Despu\u00e9s de una espectacular cena, usted ser\u00e1 transportado a su hotel en Arenal. Ver descripci\u00f3n del tour<\/span><\/p>\n<p style=\"text-align: justify;\"><strong><span style=\"font-family: arial, helvetica, sans-serif; font-size: 14pt;\">D\u00eda 6 &#8211; Traslado a Monteverde y resto del d\u00eda libre en Monteverde<\/span><\/strong><\/p>\n<p style=\"text-align: justify;\"><strong><span style=\"font-family: arial, helvetica, sans-serif; font-size: 14pt;\">D\u00eda 7 &#8211; Excursi\u00f3n a la Reserva Bosque Nuboso Monteverde<\/span><\/strong><\/p>\n<p style=\"text-align: justify;\"><span style=\"font-family: arial, helvetica, sans-serif; font-size: 14pt;\">Monteverde-Cloud-ForestExcursi\u00f3n en la ma\u00f1ana a la Reserva Bosque Nuboso Monteverde: Reserva privada y sin fines de lucro administrado por el Centro de Ciencia Tropical. La reserva es el hogar de una gran variedad de aves, insectos, mariposas y plantas, la visita es ideal para observar la vida silvestre.<\/span><\/p>\n<p style=\"text-align: justify;\"><strong><span style=\"font-family: arial, helvetica, sans-serif; font-size: 14pt;\">D\u00eda 8 \u2013 Traslado a Playa Tamarindo y d\u00eda libre en Playa Tamarindo<\/span><\/strong><\/p>\n<p style=\"text-align: justify;\"><strong><span style=\"font-family: arial, helvetica, sans-serif; font-size: 14pt;\">D\u00eda 9-10 \u2013 D\u00eda libre en playa Tamarindo<\/span><\/strong><\/p>\n<p style=\"text-align: justify;\"><strong><span style=\"font-family: arial, helvetica, sans-serif; font-size: 14pt;\">D\u00eda 11 \u2013 Traslado a Playa Jac\u00f3 y d\u00eda de descanso en Playa Jac\u00f3<\/span><\/strong><\/p>\n<p style=\"text-align: justify;\"><strong><span style=\"font-family: arial, helvetica, sans-serif; font-size: 14pt;\">D\u00eda 12 \u2013 D\u00eda libre en Playa Jac\u00f3<\/span><\/strong><\/p>\n<p style=\"text-align: justify;\"><strong><span style=\"font-family: arial, helvetica, sans-serif; font-size: 14pt;\">D\u00eda 13 \u2013 Traslado a San Jos\u00e9 y d\u00eda libre en San Jos\u00e9<\/span><\/strong><\/p>\n<p style=\"text-align: justify;\"><strong><span style=\"font-family: arial, helvetica, sans-serif; font-size: 14pt;\">D\u00eda 14 \u2013 Traslado al aeropuerto<\/span><\/strong><\/p>\n<p style=\"text-align: justify;\"><span style=\"font-family: arial, helvetica, sans-serif; font-size: 14pt;\">Traslado desde su hotel en San Jos\u00e9 hasta el aeropuerto internacional para el tomar el vuelo de regreso a casa.<\/span><\/p>\n<p>[\/vc_column_text][\/vc_tab][vc_tab title=\u00bbIncluye\u00bb tab_id=\u00bb04b85fc6-4c60-1&#8243;][vc_column_text]<span style=\"font-family: 'arial black', sans-serif; font-size: 14pt;\">El paquete incluye:<\/span><\/p>\n<p><span style=\"font-family: arial, helvetica, sans-serif; font-size: 14pt;\">-Servicio de translado privado ida y vuelta al aeropuerto.<\/span><br \/>\n<span style=\"font-family: arial, helvetica, sans-serif; font-size: 14pt;\"> -Servicio VIP (asistencia de Expediciones Tropicales en el aeropuerto a la hora de su llegada)<\/span><br \/>\n<span style=\"font-family: arial, helvetica, sans-serif; font-size: 14pt;\"> -Servicio de transporte a los diferentes destinos incluidos en el programa<\/span><br \/>\n<span style=\"font-family: arial, helvetica, sans-serif; font-size: 14pt;\"> -13 Servicio de transporte a los diferentes destinos incluidos en el programa<\/span><br \/>\n<span style=\"font-family: arial, helvetica, sans-serif; font-size: 14pt;\"> -1 Almuerzos (D\u00eda 3)<\/span><br \/>\n<span style=\"font-family: arial, helvetica, sans-serif; font-size: 14pt;\"> -1 Cena (D\u00eda 5)<\/span><br \/>\n<span style=\"font-family: arial, helvetica, sans-serif; font-size: 14pt;\"> -13- noches de alojamiento en habitaciones standard (Impuestos de hotel incluidos)<\/span><br \/>\n<span style=\"font-family: arial, helvetica, sans-serif; font-size: 14pt;\"> -Excursi\u00f3n en la ciudad de San Jos\u00e9 &#8211; entrada al Teatro Nacional y el Museo Nacional (o un museo similar)<\/span><br \/>\n<span style=\"font-family: arial, helvetica, sans-serif; font-size: 14pt;\"> -Combo Tour (entrada al Volc\u00e1n Poas, Doka Coffee Tour y La Paz Waterfall Gardens)<\/span><br \/>\n<span style=\"font-family: arial, helvetica, sans-serif; font-size: 14pt;\"> -Entrada a las aguas termales de Tabac\u00f3n Grand Spa<\/span><br \/>\n<span style=\"font-family: arial, helvetica, sans-serif; font-size: 14pt;\"> -Entrada a la reserva Bosque Nuboso Monteverde<\/span><br \/>\n<span style=\"font-family: 'arial black', sans-serif; font-size: 14pt;\">No incluido :<\/span><\/p>\n<p><span style=\"font-family: arial, helvetica, sans-serif; font-size: 14pt;\">-Alimentos no incluidos<\/span><br \/>\n<span style=\"font-family: arial, helvetica, sans-serif; font-size: 14pt;\"> -Tiquete A\u00e9reo<\/span><br \/>\n<span style=\"font-family: arial, helvetica, sans-serif; font-size: 14pt;\"> -Impuesto de salida del Aeropuerto (US$29.00 por persona).<\/span><br \/>\n<span style=\"font-family: arial, helvetica, sans-serif; font-size: 14pt;\"> -Bebidas alcoh\u00f3licas<\/span><br \/>\n<span style=\"font-family: arial, helvetica, sans-serif; font-size: 14pt;\"> -Extras del Hotel (llamadas telef\u00f3nicas, lavander\u00eda, servicio a la habitaci\u00f3n, etc.)<\/span><br \/>\n<span style=\"font-family: arial, helvetica, sans-serif; font-size: 14pt;\"> -Propinas<\/span>[\/vc_column_text][\/vc_tab][vc_tab title=\u00bbPrecios\u00bb tab_id=\u00bb1440611372989-2-9&#8243;][vc_column_text]<span style=\"font-family: arial, helvetica, sans-serif; font-size: 14pt;\">Tarifa por persona, basado en ocupaci\u00f3n y categor\u00eda de hotel.<\/span><\/p>\n<p><span style=\"font-family: arial, helvetica, sans-serif; font-size: 14pt;\">Tarifas no aplican para Navidad, A\u00f1o Nuevo 24-25 y Semana Santa 2025.<\/span><\/p>\n<table border=\"1\" width=\"100%\" cellspacing=\"1\" cellpadding=\"3\">\n<tbody>\n<tr>\n<td colspan=\"4\" width=\"342\"><strong><em>Aventura Tropical 14 D \/ 13 N <\/em><\/strong><\/p>\n<p><strong>ET \u201301<\/strong>               <strong>01\/07\/24 &#8211; 30\/11\/25<\/strong><\/td>\n<\/tr>\n<tr>\n<td colspan=\"4\" width=\"342\"><strong>Tarifas por persona seg\u00fan categor\u00eda de hotel<\/strong><\/td>\n<\/tr>\n<tr>\n<td width=\"83\"><strong>Categor\u00eda<\/strong><\/td>\n<td width=\"76\"><strong>Sencilla<\/strong><\/td>\n<td width=\"76\"><strong>Doble<\/strong><\/td>\n<td width=\"107\"><strong>Triple<\/strong><\/td>\n<\/tr>\n<tr>\n<td width=\"83\">Econ\u00f3mico<\/td>\n<td width=\"76\">$3263.00<\/td>\n<td width=\"76\">$1931.00<\/td>\n<td width=\"107\">$1866.00<\/td>\n<\/tr>\n<tr>\n<td width=\"83\">Turista<\/td>\n<td width=\"76\">$3733.00<\/td>\n<td width=\"76\">$2257.00<\/td>\n<td width=\"107\">$2073.00<\/td>\n<\/tr>\n<tr>\n<td width=\"83\">Superior<\/td>\n<td width=\"76\">$4665.00<\/td>\n<td width=\"76\">$2703.00<\/td>\n<td width=\"107\">$2393.00<\/td>\n<\/tr>\n<tr>\n<td width=\"83\">Deluxe<\/td>\n<td width=\"76\">$6628.00<\/td>\n<td width=\"76\">$3703.00<\/td>\n<td width=\"107\">$3135.00<\/td>\n<\/tr>\n<\/tbody>\n<\/table>\n<p><strong><span style=\"font-family: arial, helvetica, sans-serif; font-size: 14pt;\">Impuestos incluidos.<\/span><\/strong><br \/>\n<span style=\"font-family: arial, helvetica, sans-serif; font-size: 14pt;\">Los hoteles pueden variar y est\u00e1n sujetos a disponibilidad.<\/span><br \/>\n<span style=\"font-family: arial, helvetica, sans-serif; font-size: 14pt;\">Su tarjeta de cr\u00e9dito se cargar\u00e1 el coste total del paquete en el momento de la compra. Habitaciones disponibilidad no est\u00e1 garantizada hasta que se reciba el pago completo.<\/span><\/p>\n<p style=\"text-align: justify;\"><span style=\"font-family: arial, helvetica, sans-serif; font-size: 14pt;\">Este paquete puede ser modificado de acuerdo a sus necesidades especiales. Por favor, no dude en ponerse en contacto con nuestros ejecutivos de ventas para obtener su paquete personalizado. Usted recibir\u00e1 una respuesta en un m\u00e1ximo de 24 horas, de lunes a viernes.<\/span><\/p>\n<p>[\/vc_column_text][\/vc_tab][\/vc_tabs][\/vc_column][\/vc_row]<\/p>\n<\/div>","protected":false},"excerpt":{"rendered":"<p>[vc_row][vc_column][rev_slider_vc alias=\u00bbslider10&#8243;][\/vc_column][\/vc_row][vc_row][vc_column][vc_custom_heading text=\u00bbAventura Tropical\u00bb font_container=\u00bbtag:h2|font_size:36|text_align:center|color:%2381d742&#8243; google_fonts=\u00bbfont_family:Montserrat%3Aregular%2C700|font_style:400%20regular%3A400%3Anormal\u00bb][vc_row_inner][vc_column_inner width=\u00bb1\/2&#8243;][vc_column_text] A partir de s\u00f3lo $1866.00 [\/vc_column_text][vc_btn title=\u00bbReserve Ahora\u00bb color=\u00bbwarning\u00bb align=\u00bbcenter\u00bb i_icon_fontawesome=\u00bbfa fa-calendar-o\u00bb add_icon=\u00bbtrue\u00bb link=\u00bburl:https%3A%2F%2Fwww.costaricaguides.com%2Fes%2Fcontacto%2F|||\u00bb el_id=\u00bbbook_now_vacation_package_coral\u00bb][\/vc_column_inner][vc_column_inner width=\u00bb1\/2&#8243;][vc_column_text]Tarifas v\u00e1lidas desde el 01 diciembre 2024 al 30 de noviembre 2025 Tarifas no aplican para Navidad, A\u00f1o Nuevo 24-25 y Semana Santa 2025. [\/vc_column_text][\/vc_column_inner][\/vc_row_inner][\/vc_column][\/vc_row][vc_row][vc_column][vc_tabs][vc_tab title=\u00bbDescripci\u00f3n del Paquete\u00bb tab_id=\u00bbca7941d1-a582-8&#8243;][vc_column_text] D\u00eda 1 &#8211; Traslado [&hellip;]<\/p>\n","protected":false},"author":9,"featured_media":0,"parent":7609,"menu_order":0,"comment_status":"closed","ping_status":"closed","template":"templates\/template-with-right-sidebar.php","meta":{"_joinchat":[],"footnotes":""},"class_list":["post-7760","page","type-page","status-publish","hentry"],"_links":{"self":[{"href":"https:\/\/www.costaricaguides.com\/es\/wp-json\/wp\/v2\/pages\/7760","targetHints":{"allow":["GET"]}}],"collection":[{"href":"https:\/\/www.costaricaguides.com\/es\/wp-json\/wp\/v2\/pages"}],"about":[{"href":"https:\/\/www.costaricaguides.com\/es\/wp-json\/wp\/v2\/types\/page"}],"author":[{"embeddable":true,"href":"https:\/\/www.costaricaguides.com\/es\/wp-json\/wp\/v2\/users\/9"}],"replies":[{"embeddable":true,"href":"https:\/\/www.costaricaguides.com\/es\/wp-json\/wp\/v2\/comments?post=7760"}],"version-history":[{"count":19,"href":"https:\/\/www.costaricaguides.com\/es\/wp-json\/wp\/v2\/pages\/7760\/revisions"}],"predecessor-version":[{"id":13325,"href":"https:\/\/www.costaricaguides.com\/es\/wp-json\/wp\/v2\/pages\/7760\/revisions\/13325"}],"up":[{"embeddable":true,"href":"https:\/\/www.costaricaguides.com\/es\/wp-json\/wp\/v2\/pages\/7609"}],"wp:attachment":[{"href":"https:\/\/www.costaricaguides.com\/es\/wp-json\/wp\/v2\/media?parent=7760"}],"curies":[{"name":"wp","href":"https:\/\/api.w.org\/{rel}","templated":true}]}}