{"id":7768,"date":"2015-09-16T05:31:49","date_gmt":"2015-09-16T05:31:49","guid":{"rendered":"http:\/\/costaricaguides.com\/es\/overnight-tours\/arenal-monteverde\/"},"modified":"2025-01-22T10:08:14","modified_gmt":"2025-01-22T16:08:14","slug":"arenal-monteverde","status":"publish","type":"page","link":"https:\/\/www.costaricaguides.com\/es\/overnight-tours\/arenal-monteverde\/","title":{"rendered":"Arenal Monteverde"},"content":{"rendered":"<div class=\"wpb-content-wrapper\"><p>[vc_row][vc_column][vc_column_text]<\/p>\n<p style=\"text-align: center;\"><strong><span style=\"font-size: 14pt;\">Arenal Volcano Tour &amp; Monteverde with Overnight<\/span><\/strong><\/p>\n<p>[\/vc_column_text][vc_column_text]<\/p>\n<table style=\"width: 100%;\" border=\"1px\">\n<tbody>\n<tr>\n<td style=\"width: 83px;\"><\/td>\n<td style=\"width: 221px;\">\n<p style=\"text-align: center;\"><strong>ACTIVIDAD<\/strong><\/p>\n<\/td>\n<td style=\"width: 299px;\">\n<p style=\"text-align: center;\"><strong>INCLUYE<\/strong><\/p>\n<\/td>\n<td style=\"width: 136px;\">\n<p style=\"text-align: center;\"><strong>COMIDAS<\/strong><\/p>\n<\/td>\n<\/tr>\n<tr>\n<td style=\"width: 83px;\" rowspan=\"3\"><strong>D\u00eda 1<\/strong><\/td>\n<td style=\"width: 221px; text-align: center;\">Tranporte a la zona de Arenal<\/td>\n<td style=\"width: 299px; text-align: center;\">Transporte y tour a la zona de Arenal<\/td>\n<td style=\"width: 136px; text-align: center;\" rowspan=\"3\">Desayuno y Cena<\/td>\n<\/tr>\n<tr>\n<td style=\"width: 221px; text-align: center;\">Visita a Bald\u00ed Hot Springs<\/td>\n<td style=\"width: 299px; text-align: center;\">Entrada a Bald\u00ed Hot Springs<\/td>\n<\/tr>\n<tr>\n<td style=\"width: 221px; text-align: center;\"><\/td>\n<td style=\"width: 299px; text-align: center;\">Noche en Arenal<\/td>\n<\/tr>\n<tr>\n<td style=\"width: 83px;\"><strong>D\u00eda 2<\/strong><\/td>\n<td style=\"width: 221px; text-align: center;\">Transporte Van-Boat-Van a Monteverde Tour en Sky Adventure<\/td>\n<td style=\"width: 299px; text-align: center;\">Transporte Arenal-Monteverde Puentes Colgantes, Puente en Sky Walk Noche en Monteverde<\/td>\n<td style=\"width: 136px; text-align: center;\">Desayuno y Almuerzo<\/td>\n<\/tr>\n<tr>\n<td style=\"width: 83px;\"><strong>D\u00eda 3<\/strong><\/td>\n<td style=\"width: 221px; text-align: center;\">Transporte a San Jos\u00e9<\/td>\n<td style=\"width: 299px; text-align: center;\">Ma\u00f1ana libre Transporte a San Jos\u00e9 en horas de la tarde<\/td>\n<td style=\"width: 136px; text-align: center;\">Desayuno<\/td>\n<\/tr>\n<\/tbody>\n<\/table>\n<p>[\/vc_column_text][vc_btn title=\u00bbM\u00e1s Informaci\u00f3n\u00bb align=\u00bbcenter\u00bb link=\u00bburl:https%3A%2F%2Fwww.costaricaguides.com%2Fes%2Fcontacto%2F|title:Contacto||\u00bb][\/vc_column][\/vc_row][vc_row el_class=\u00bb.escondercontenido\u00bb][vc_column][vc_column_text]<\/p>\n<p style=\"text-align: center;\"><strong><span style=\"font-size: 14pt;\">Arenal Volcano Tour &amp; Monteverde with Overnight<\/span><\/strong><\/p>\n<p style=\"text-align: center;\"><strong>V\u00e1lido de Dec. 01, 2023 a Nov. 30, 2024 Tarifas rack + impuestos 13% IVA<\/strong><br \/>\nNo v\u00e1lido para Semana Santa \/ Navidad &#8211; Fin de a\u00f1o<\/p>\n<table style=\"width: 100%;\" border=\"1px\">\n<tbody>\n<tr>\n<td style=\"width: 83px;\"><\/td>\n<td style=\"width: 221px;\">\n<p style=\"text-align: center;\"><strong>ACTIVIDAD<\/strong><\/p>\n<\/td>\n<td style=\"width: 299px;\">\n<p style=\"text-align: center;\"><strong>INCLUYE<\/strong><\/p>\n<\/td>\n<td style=\"width: 136px;\">\n<p style=\"text-align: center;\"><strong>COMIDAS<\/strong><\/p>\n<\/td>\n<\/tr>\n<tr>\n<td style=\"width: 83px;\" rowspan=\"3\"><strong>D\u00eda 1<\/strong><\/td>\n<td style=\"width: 221px; text-align: center;\">Tranporte a la zona  de Arenal<\/td>\n<td style=\"width: 299px; text-align: center;\">Transporte y tour a la zona de Arenal<\/td>\n<td style=\"width: 136px; text-align: center;\" rowspan=\"3\">&nbsp;<\/p>\n<p>Desayuno y Cena<\/td>\n<\/tr>\n<tr>\n<td style=\"width: 221px; text-align: center;\">Visita a Bald\u00ed Hot Springs<\/td>\n<td style=\"width: 299px; text-align: center;\">Entrada a Bald\u00ed Hot Springs<\/td>\n<\/tr>\n<tr>\n<td style=\"width: 221px; text-align: center;\"><\/td>\n<td style=\"width: 299px; text-align: center;\">Noche en Arenal<\/td>\n<\/tr>\n<tr>\n<td style=\"width: 83px;\">&nbsp;<\/p>\n<p>&nbsp;<\/p>\n<p><strong>D\u00eda 2<\/strong><\/td>\n<td style=\"width: 221px; text-align: center;\">Transporte Van-Boat-Van a<\/p>\n<p>Monteverde<\/p>\n<p>Tour en Sky Adventure<\/td>\n<td style=\"width: 299px; text-align: center;\">Transporte Arenal-Monteverde<\/p>\n<p>Puentes Colgantes, Puente en Sky Walk<\/p>\n<p>Noche en Monteverde<\/td>\n<td style=\"width: 136px; text-align: center;\">&nbsp;<\/p>\n<p>&nbsp;<\/p>\n<p>Desayuno y Almuerzo<\/td>\n<\/tr>\n<tr>\n<td style=\"width: 83px;\">&nbsp;<\/p>\n<p><strong>D\u00eda 3<\/strong><\/td>\n<td style=\"width: 221px; text-align: center;\">&nbsp;<\/p>\n<p>Transporte a San Jos\u00e9<\/td>\n<td style=\"width: 299px; text-align: center;\">Ma\u00f1ana libre<\/p>\n<p>Transporte a San Jos\u00e9 en horas de la tarde<\/td>\n<td style=\"width: 136px; text-align: center;\">&nbsp;<\/p>\n<p>Desayuno<\/td>\n<\/tr>\n<tr>\n<td style=\"width: 83px;\"><\/td>\n<td style=\"width: 221px; text-align: center;\">Sencilla<\/td>\n<td style=\"width: 299px; text-align: center;\">Doble<\/td>\n<td style=\"width: 136px; text-align: center;\">Triple<\/td>\n<\/tr>\n<tr>\n<td style=\"width: 83px;\">Econ\u00f3mico<\/td>\n<td style=\"width: 221px; text-align: center;\">$ 596.00<\/td>\n<td style=\"width: 299px; text-align: center;\">$ 514.00<\/td>\n<td style=\"width: 136px; text-align: center;\">$ 501.00<\/td>\n<\/tr>\n<tr>\n<td style=\"width: 83px;\">Turista<\/td>\n<td style=\"width: 221px; text-align: center;\">$ 649.00<\/td>\n<td style=\"width: 299px; text-align: center;\">$ 548.00<\/td>\n<td style=\"width: 136px; text-align: center;\">$ 535.00<\/td>\n<\/tr>\n<tr>\n<td style=\"width: 83px;\">Superior<\/td>\n<td style=\"width: 221px; text-align: center;\">$ 877.00<\/td>\n<td style=\"width: 299px; text-align: center;\">$ 653.00<\/td>\n<td style=\"width: 136px; text-align: center;\">$ 613.00<\/td>\n<\/tr>\n<tr>\n<td style=\"width: 83px;\">De Lujo<\/td>\n<td style=\"width: 221px;\">\n<p style=\"text-align: center;\">$ 1 071.00<\/p>\n<\/td>\n<td style=\"width: 299px;\">\n<p style=\"text-align: center;\">$ 749.00<\/p>\n<\/td>\n<td style=\"width: 136px;\">\n<p style=\"text-align: center;\">$ 687.00<\/p>\n<\/td>\n<\/tr>\n<\/tbody>\n<\/table>\n<p style=\"text-align: center;\"><strong>Nota: Tarifas son por persona en base al tipo de ocupaci\u00f3n y hotel<\/strong><br \/>\n<strong>Las tarifas no son v\u00e1lidas para pascua, navidad ni para el 31 de diciembre<\/strong><\/p>\n<p>[\/vc_column_text][\/vc_column][\/vc_row]<\/p>\n<\/div>","protected":false},"excerpt":{"rendered":"<p>[vc_row][vc_column][vc_column_text] Arenal Volcano Tour &amp; Monteverde with Overnight [\/vc_column_text][vc_column_text] ACTIVIDAD INCLUYE COMIDAS D\u00eda 1 Tranporte a la zona de Arenal Transporte y tour a la zona de Arenal Desayuno y Cena Visita a Bald\u00ed Hot Springs Entrada a Bald\u00ed Hot Springs Noche en Arenal D\u00eda 2 Transporte Van-Boat-Van a Monteverde Tour en Sky Adventure Transporte [&hellip;]<\/p>\n","protected":false},"author":9,"featured_media":0,"parent":8307,"menu_order":0,"comment_status":"closed","ping_status":"closed","template":"templates\/template-with-right-sidebar.php","meta":{"_joinchat":[],"footnotes":""},"class_list":["post-7768","page","type-page","status-publish","hentry"],"_links":{"self":[{"href":"https:\/\/www.costaricaguides.com\/es\/wp-json\/wp\/v2\/pages\/7768","targetHints":{"allow":["GET"]}}],"collection":[{"href":"https:\/\/www.costaricaguides.com\/es\/wp-json\/wp\/v2\/pages"}],"about":[{"href":"https:\/\/www.costaricaguides.com\/es\/wp-json\/wp\/v2\/types\/page"}],"author":[{"embeddable":true,"href":"https:\/\/www.costaricaguides.com\/es\/wp-json\/wp\/v2\/users\/9"}],"replies":[{"embeddable":true,"href":"https:\/\/www.costaricaguides.com\/es\/wp-json\/wp\/v2\/comments?post=7768"}],"version-history":[{"count":12,"href":"https:\/\/www.costaricaguides.com\/es\/wp-json\/wp\/v2\/pages\/7768\/revisions"}],"predecessor-version":[{"id":13387,"href":"https:\/\/www.costaricaguides.com\/es\/wp-json\/wp\/v2\/pages\/7768\/revisions\/13387"}],"up":[{"embeddable":true,"href":"https:\/\/www.costaricaguides.com\/es\/wp-json\/wp\/v2\/pages\/8307"}],"wp:attachment":[{"href":"https:\/\/www.costaricaguides.com\/es\/wp-json\/wp\/v2\/media?parent=7768"}],"curies":[{"name":"wp","href":"https:\/\/api.w.org\/{rel}","templated":true}]}}