{"id":7776,"date":"2015-09-16T05:38:48","date_gmt":"2015-09-16T05:38:48","guid":{"rendered":"http:\/\/costaricaguides.com\/es\/overnight-tours\/costa-rica-classic-getaway\/"},"modified":"2025-04-08T22:47:33","modified_gmt":"2025-04-09T04:47:33","slug":"costa-rica-classic-getaway","status":"publish","type":"page","link":"https:\/\/www.costaricaguides.com\/es\/overnight-tours\/costa-rica-classic-getaway\/","title":{"rendered":"Escapada Cl\u00e1sica a Costa Rica"},"content":{"rendered":"<div class=\"wpb-content-wrapper\"><p>[vc_row][vc_column][rev_slider_vc alias=\u00bbslider10&#8243;][\/vc_column][\/vc_row][vc_row][vc_column][vc_custom_heading text=\u00bbEscapada Cl\u00e1sica a Costa Rica\u00bb font_container=\u00bbtag:h2|font_size:36|text_align:center|color:%2381d742&#8243; google_fonts=\u00bbfont_family:Montserrat%3Aregular%2C700|font_style:400%20regular%3A400%3Anormal\u00bb][vc_row_inner][vc_column_inner][vc_column_text el_class=\u00bb.escondercontenido\u00bb]<\/p>\n<p style=\"text-align: center;\"><strong><span style=\"font-family: 'arial black', sans-serif; font-size: 14pt;\">A partir de s\u00f3lo<\/span><\/strong><br \/>\n<span style=\"color: #99cc00; font-size: 36pt;\">$435<\/span><\/p>\n<p>[\/vc_column_text][\/vc_column_inner][\/vc_row_inner][\/vc_column][\/vc_row][vc_row][vc_column][vc_tabs][vc_tab title=\u00bbDESCRIPCI\u00d3N DEL PAQUETE\u00bb tab_id=\u00bbca7941d1-a582-8&#8243;][vc_column_text]<span style=\"font-family: arial, helvetica, sans-serif; font-size: 14pt;\">Descripci\u00f3n del paquete<\/span><\/p>\n<p><span style=\"font-family: arial, helvetica, sans-serif; font-size: 14pt;\">Este paquete de vacaciones en Costa Rica est\u00e1 dise\u00f1ado para viajeros que buscan una experiencia corta pero inolvidable en este para\u00edso tropical. Es ideal tanto para quienes desean realizar una breve visita como para aquellos que planean una escapada llena de aventura, naturaleza y relajaci\u00f3n.<\/span><\/p>\n<p><span style=\"font-family: arial, helvetica, sans-serif; font-size: 14pt;\">El aeropuerto de llegada para este paquete de viaje de 5 d\u00edas puede ser el Aeropuerto Internacional Juan Santa Mar\u00eda, situada cerca de la ciudad capital de San Jos\u00e9 o el Aeropuerto Daniel Oduber Internacional de Liberia, Guanacaste.<\/span><\/p>\n<p><strong><span style=\"font-family: arial, helvetica, sans-serif; font-size: 14pt;\">Para aquellos que vuelan al Aeropuerto Internacional Juan Santa Mar\u00eda, cerca de la ciudad capital de San Jos\u00e9:<\/span><\/strong><\/p>\n<p><span style=\"font-family: arial, helvetica, sans-serif; font-size: 14pt;\">D\u00eda 1 \u2013 Traslado de llegada a la ciudad capital de San Jos\u00e9, Costa Rica<\/span><\/p>\n<p><span style=\"font-family: arial, helvetica, sans-serif; font-size: 14pt;\">A su llegada, Costa Rica Guides y Expediciones Tropicales tendr\u00e1n un representante dentro del aeropuerto que le estar\u00e1 esperando, despu\u00e9s de que pase inmigraci\u00f3n, sosteniendo un cartel visible con su apellido. El representante no podr\u00e1 brindar asistencia con su equipaje dentro del aeropuerto, ya que usted es la \u00fanica persona autorizada a hacerlo.<\/span><\/p>\n<p><span style=\"font-family: arial, helvetica, sans-serif; font-size: 14pt;\">Una vez que haya salido del aeropuerto, nuestro conductor estar\u00e1 encantado de ayudarle con su equipaje y transporte privado hasta el hotel en San Jos\u00e9.<\/span><\/p>\n<p><span style=\"font-family: arial, helvetica, sans-serif; font-size: 14pt;\">D\u00eda 2 \u2013 Transporte de traslado a la zona del Volc\u00e1n Arenal<\/span><\/p>\n<p><span style=\"font-family: arial, helvetica, sans-serif; font-size: 14pt;\">Si\u00e9ntase libre para ver una lista de las actividades opcionales.<\/span><\/p>\n<p><span style=\"font-family: arial, helvetica, sans-serif; font-size: 14pt;\">D\u00eda 3 \u2013 D\u00eda libre en Arenal<\/span><\/p>\n<p><span style=\"font-family: arial, helvetica, sans-serif; font-size: 14pt;\">Actividades opcionales disponibles<\/span><\/p>\n<p><span style=\"font-family: arial, helvetica, sans-serif; font-size: 14pt;\">D\u00eda 4 \u2013 Traslado temprano a la ciudad capital de San Jos\u00e9<\/span><\/p>\n<p><span style=\"font-family: arial, helvetica, sans-serif; font-size: 14pt;\">Se puede disfrutar de una tarde libre, donde podr\u00e1 descubrir los diferentes museos y tiendas en la zona.<\/span><\/p>\n<p><span style=\"font-family: arial, helvetica, sans-serif; font-size: 14pt;\">D\u00eda 5 \u2013 Salida Traslado al Aeropuerto Internacional Juan Santa Mar\u00eda<\/span><\/p>\n<p><strong><span style=\"font-family: arial, helvetica, sans-serif; font-size: 14pt;\">Para aquellos que vuelan en el aeropuerto Daniel Oduber, cerca de la ciudad de Liberia, Guanacaste:<\/span><\/strong><\/p>\n<p><span style=\"font-family: arial, helvetica, sans-serif; font-size: 14pt;\">D\u00eda 1 \u2013 Traslado de llegada a la zona de Playa Hermosa, Guanacaste, Costa Rica<\/span><\/p>\n<p><span style=\"font-family: arial, helvetica, sans-serif; font-size: 14pt;\">A su llegada, Costa Rica Guides y Expediciones Tropicales tendr\u00e1n un representante fuera del aeropuerto que le estar\u00e1 esperando a la salida, sosteniendo un cartel visible con su apellido, nuestro conductor estar\u00e1 encantado de ayudarle con su equipaje y transporte privado hasta el hotel en Playa Hermosa, Guanacaste.<\/span><\/p>\n<p><span style=\"font-family: arial, helvetica, sans-serif; font-size: 14pt;\">D\u00eda 2 \u2013 D\u00eda libre en la playa<\/span><\/p>\n<p><span style=\"font-family: arial, helvetica, sans-serif; font-size: 14pt;\">D\u00eda 3 \u2013 Transporte de traslado a la zona del Volc\u00e1n Arenal<\/span><\/p>\n<p><span style=\"font-family: arial, helvetica, sans-serif; font-size: 14pt;\">Si\u00e9ntase libre para ver una lista de las actividades opcionales.<\/span><\/p>\n<p><span style=\"font-family: arial, helvetica, sans-serif; font-size: 14pt;\">D\u00eda 4 \u2013 D\u00eda libre en Arenal<\/span><\/p>\n<p><span style=\"font-family: arial, helvetica, sans-serif; font-size: 14pt;\">D\u00eda 5 \u2013 Salida Traslado al Aeropuerto Daniel Oduber. Liberia, Costa Rica.<\/span><\/p>\n<p><span style=\"font-family: arial, helvetica, sans-serif; font-size: 14pt;\">Venga a descubrir Costa Rica en cualquiera de nuestros viajes de cinco d\u00edas. Si usted est\u00e1 buscando para las actividades de una duraci\u00f3n m\u00e1s o menos larga, simplemente h\u00e1galo saber y estaremos encantados de organizar un paquete especial de la funci\u00f3n de sus necesidades.<\/span><\/p>\n<p><strong><span style=\"font-family: arial, helvetica, sans-serif; font-size: 14pt;\">Actividades opcionales:<\/span><\/strong><\/p>\n<p><span style=\"font-family: arial, helvetica, sans-serif; font-size: 14pt;\">Senderismo, Tirolesas, Cataratas,Kayak,Tratamientos de Spa y Aguas Termaless, R\u00e1pidos en el r\u00edo, Paseos a caballo, Caminatas, Visitas culturales y mucho m\u00e1s.<\/span><\/p>\n<p><strong><span style=\"font-family: arial, helvetica, sans-serif; font-size: 14pt;\">Incluido en el viaje:<\/span><\/strong><\/p>\n<p><span style=\"font-family: arial, helvetica, sans-serif; font-size: 14pt;\">2 noches de alojamiento en el hotel Country Inn Hotel and Suites \u00f3 similar \/\/ 2 noches en Hotel Mangaby \u00f3 similar en Playa Hermosa, Guanacaste.<br \/>\n2 noches de alojamiento en el Volc\u00e1n Arenal Inn Hotel \u00f3 similar.<br \/>\nTodos los desayunos est\u00e1n incluidas durante su estancia.<br \/>\nTraslado privado desde el Aeropuerto Internacional Juan Santamar\u00eda a su hotel en San Jos\u00e9 o Daniel Oduber en Liberia.<br \/>\nTraslado de salida de la zona de Arenal a San Jos\u00e9 o al Aeropuerto en Liberia, Guanacaste.<\/span><\/p>\n<p><strong><span style=\"font-family: arial, helvetica, sans-serif; font-size: 14pt;\">No incluido:<\/span><\/strong><br \/>\n<span style=\"font-family: arial, helvetica, sans-serif; font-size: 14pt;\">Vuelos a Costa Rica, hoteles en San Jos\u00e9 *, cenas y algunos almuerzos, excursiones opcionales o el transporte a otros lugares no se incluyen en el programa.<\/span><\/p>\n<p><strong><span style=\"font-family: arial, helvetica, sans-serif; font-size: 14pt;\">Que traer:<\/span><\/strong><\/p>\n<p><span style=\"font-family: arial, helvetica, sans-serif; font-size: 14pt;\">Ropa de peso ligero, tales como camisetas, pantalones cortos o pantalones largos ligeros.Una chaqueta ligera, sandalias, botas de monta\u00f1a, bloqueador solar, repelente de insectos, medicaci\u00f3n personal, identificaci\u00f3n (inclusive original y \/ o copia del pasaporte), se recomiendan. Adem\u00e1s, si usted va a utilizar su tarjeta de cr\u00e9dito, se recomienda que sean VISA, MC \u00f3 AMEX para no tener ning\u00fan problema al momento de pagar.<\/span>[\/vc_column_text][\/vc_tab][\/vc_tabs][vc_btn title=\u00bbM\u00e1s Informaci\u00f3n\u00bb align=\u00bbcenter\u00bb link=\u00bburl:https%3A%2F%2Fwww.costaricaguides.com%2Fes%2Fcontacto%2F|title:Contacto||\u00bb][\/vc_column][\/vc_row][vc_row el_class=\u00bb.escondercontenido\u00bb][vc_column][vc_tabs][vc_tab title=\u00bbDESCRIPCI\u00d3N DEL PAQUETE\u00bb tab_id=\u00bbca7941d1-a582-8&#8243;][vc_column_text]<span style=\"font-family: arial, helvetica, sans-serif; font-size: 14pt;\">Descripci\u00f3n del paquete<\/span><\/p>\n<p><span style=\"font-family: arial, helvetica, sans-serif; font-size: 14pt;\">Este paquete de vacaciones en Costa Rica est\u00e1 orientado para los visitantes que deseen hacer una breve visita a Costa Rica o simplemente disfrutar de una escapada corta pero inolvidable.<\/span><\/p>\n<p><span style=\"font-family: arial, helvetica, sans-serif; font-size: 14pt;\">El aeropuerto de llegada para este paquete de viaje de 5 d\u00edas puede ser el Aeropuerto Internacional Juan Santa Mar\u00eda, situada cerca de la ciudad capital de San Jos\u00e9 o el Aeropuerto Daniel Oduber Internacional de Liberia, Guanacaste.<\/span><\/p>\n<p><span style=\"font-family: arial, helvetica, sans-serif; font-size: 14pt;\">Para aquellos que vuelan al Aeropuerto Internacional Juan Santa Mar\u00eda, cerca de la ciudad capital de San Jos\u00e9:<\/span><\/p>\n<p><span style=\"font-family: arial, helvetica, sans-serif; font-size: 14pt;\">D\u00eda 1 \u2013 Traslado de llegada a la ciudad capital de San Jos\u00e9, Costa Rica<\/span><\/p>\n<p><span style=\"font-family: arial, helvetica, sans-serif; font-size: 14pt;\">A su llegada, Costa Rica Guides y Expediciones Tropicales tendr\u00e1n un representante dentro del aeropuerto que le estar\u00e1 esperando, despu\u00e9s de que pase inmigraci\u00f3n, sosteniendo un cartel visible con su apellido. El representante no podr\u00e1 brindar asistencia con su equipaje dentro del aeropuerto, ya que usted es la \u00fanica persona autorizada a hacerlo.<\/span><\/p>\n<p><span style=\"font-family: arial, helvetica, sans-serif; font-size: 14pt;\">Una vez que haya salido del aeropuerto, nuestro conductor estar\u00e1 encantado de ayudarle con su equipaje y transporte privado hasta el hotel en San Jos\u00e9.<\/span><\/p>\n<p><span style=\"font-family: arial, helvetica, sans-serif; font-size: 14pt;\">D\u00eda 2 \u2013 Transporte de traslado a la zona del Volc\u00e1n Arenal<\/span><\/p>\n<p><span style=\"font-family: arial, helvetica, sans-serif; font-size: 14pt;\">Si\u00e9ntase libre para ver una lista de las actividades opcionales.<\/span><\/p>\n<p><span style=\"font-family: arial, helvetica, sans-serif; font-size: 14pt;\">D\u00eda 3 \u2013 D\u00eda libre en Arenal<\/span><\/p>\n<p><span style=\"font-family: arial, helvetica, sans-serif; font-size: 14pt;\">Actividades opcionales disponibles<\/span><\/p>\n<p><span style=\"font-family: arial, helvetica, sans-serif; font-size: 14pt;\">D\u00eda 4 \u2013 Traslado temprano a la ciudad capital de San Jos\u00e9<\/span><\/p>\n<p><span style=\"font-family: arial, helvetica, sans-serif; font-size: 14pt;\">Se puede disfrutar de una tarde libre, donde podr\u00e1 descubrir los diferentes museos y tiendas en la zona.<\/span><\/p>\n<p><span style=\"font-family: arial, helvetica, sans-serif; font-size: 14pt;\">D\u00eda 5 \u2013 Salida Traslado al Aeropuerto Internacional Juan Santa Mar\u00eda<\/span><\/p>\n<p><span style=\"font-family: arial, helvetica, sans-serif; font-size: 14pt;\">Para aquellos que vuelan en el aeropuerto Daniel Oduber, cerca de la ciudad de Liberia, Guanacaste:<\/span><\/p>\n<p><span style=\"font-family: arial, helvetica, sans-serif; font-size: 14pt;\">D\u00eda 1 \u2013 Traslado de llegada a la zona de Playa Hermosa, Guanacaste, Costa Rica<\/span><\/p>\n<p><span style=\"font-family: arial, helvetica, sans-serif; font-size: 14pt;\">A su llegada, Costa Rica Guides y Expediciones Tropicales tendr\u00e1n un representante fuera del aeropuerto que le estar\u00e1 esperando a la salida, sosteniendo un cartel visible con su apellido, nuestro conductor estar\u00e1 encantado de ayudarle con su equipaje y transporte privado hasta el hotel en Playa Hermosa, Guanacaste.<\/span><\/p>\n<p><span style=\"font-family: arial, helvetica, sans-serif; font-size: 14pt;\">D\u00eda 2 \u2013 D\u00eda libre en la playa<\/span><\/p>\n<p><span style=\"font-family: arial, helvetica, sans-serif; font-size: 14pt;\">D\u00eda 3 \u2013 Transporte de traslado a la zona del Volc\u00e1n Arenal<\/span><\/p>\n<p><span style=\"font-family: arial, helvetica, sans-serif; font-size: 14pt;\">Si\u00e9ntase libre para ver una lista de las actividades opcionales.<\/span><\/p>\n<p><span style=\"font-family: arial, helvetica, sans-serif; font-size: 14pt;\">D\u00eda 4 \u2013 D\u00eda libre en Arenal<\/span><\/p>\n<p><span style=\"font-family: arial, helvetica, sans-serif; font-size: 14pt;\">D\u00eda 5 \u2013 Salida Traslado al Aeropuerto Daniel Oduber. Liberia, Costa Rica.<\/span><\/p>\n<p><span style=\"font-family: arial, helvetica, sans-serif; font-size: 14pt;\">Venga a descubrir Costa Rica en cualquiera de nuestros viajes de cinco d\u00edas. Si usted est\u00e1 buscando para las actividades de una duraci\u00f3n m\u00e1s o menos larga, simplemente h\u00e1galo saber y estaremos encantados de organizar un paquete especial de la funci\u00f3n de sus necesidades.<\/span><\/p>\n<p><span style=\"font-family: arial, helvetica, sans-serif; font-size: 14pt;\">Actividades opcionales:<\/span><\/p>\n<p><span style=\"font-family: arial, helvetica, sans-serif; font-size: 14pt;\">Senderismo, Tirolesas, cascadas, kayak, tratamientos de spa y aguas termales termales, r\u00e1pidos en el r\u00edo, paseos a caballo, caminatas, visitas culturales y mucho m\u00e1s.<\/span><\/p>\n<p><span style=\"font-family: arial, helvetica, sans-serif; font-size: 14pt;\">Incluido en el viaje:<\/span><\/p>\n<p><span style=\"font-family: arial, helvetica, sans-serif; font-size: 14pt;\">2 noches de alojamiento en el hotel Country Inn Hotel and Suites \u00f3 similar \/\/ 2 noches en Hotel Mangaby \u00f3 similar en Playa Hermosa, Guanacaste.<\/span><br \/>\n<span style=\"font-family: arial, helvetica, sans-serif; font-size: 14pt;\">2 noches de alojamiento en el Volc\u00e1n Arenal Inn Hotel \u00f3 similar.<\/span><br \/>\n<span style=\"font-family: arial, helvetica, sans-serif; font-size: 14pt;\">Todos los desayunos est\u00e1n incluidas durante su estancia.<\/span><br \/>\n<span style=\"font-family: arial, helvetica, sans-serif; font-size: 14pt;\">Traslado privado desde el Aeropuerto Internacional Juan Santamar\u00eda a su hotel en San Jos\u00e9 o Daniel Oduber en Liberia<\/span><br \/>\n<span style=\"font-family: arial, helvetica, sans-serif; font-size: 14pt;\">Traslado de salida de la zona de Arenal a San Jos\u00e9 o al Aeropuerto en Liberia, Guanacaste.<\/span><\/p>\n<p><span style=\"font-family: arial, helvetica, sans-serif; font-size: 14pt;\">No incluido:<\/span><br \/>\n<span style=\"font-family: arial, helvetica, sans-serif; font-size: 14pt;\">Vuelos a Costa Rica, hoteles en San Jos\u00e9 *, cenas y algunos almuerzos, excursiones opcionales o el transporte a otros lugares no se incluyen en el programa.<\/span><\/p>\n<p><span style=\"font-family: arial, helvetica, sans-serif; font-size: 14pt;\">Que traer:<\/span><\/p>\n<p><span style=\"font-family: arial, helvetica, sans-serif; font-size: 14pt;\">Ropa de peso ligero, tales como camisetas, pantalones cortos o pantalones largos ligeros, adem\u00e1s, una chaqueta ligera, sandalias, botas de monta\u00f1a, bloqueador solar, repelente de insectos, medicaci\u00f3n personal, identificaci\u00f3n (inclusive original y \/ o copia del pasaporte), se recomiendan. Adem\u00e1s, si usted va a utilizar su tarjeta de cr\u00e9dito, se recomienda que sean VISA, MC \u00f3 AMEX para no tener ning\u00fan problema al momento de pagar.<\/span>[\/vc_column_text][\/vc_tab][vc_tab title=\u00bbPRECIOS ESPECIALES\u00bb tab_id=\u00bb04b85fc6-4c60-1&#8243;][vc_column_text]<span style=\"font-family: arial, helvetica, sans-serif; font-size: 14pt;\">NOTA:<\/span><\/p>\n<p class=\"p1\"><span class=\"s1\" style=\"font-family: arial, helvetica, sans-serif; font-size: 14pt;\">Los precios empiezan en<br \/>\nEE.UU. $435.00 para ocupaci\u00f3n doble \/ por persona. (San Jos\u00e9 &amp; Arenal)<br \/>\nEE.UU $618.00 para ocupaci\u00f3n doble \/ por persona. (Guanacaste, Playa Hermosa &amp; Arenal)<br \/>\nCategor\u00eda de Hotel: Clase Turista.<\/span><\/p>\n<p class=\"p1\"><span class=\"s1\" style=\"font-family: arial, helvetica, sans-serif; font-size: 14pt;\">* Tarifas v\u00e1lidas hasta el 30\/11\/2019<\/span><\/p>\n<p class=\"p1\"><span class=\"s1\" style=\"font-family: arial, helvetica, sans-serif; font-size: 14pt;\">Tarifas no v\u00e1lidas para Semana Santa y periodo de Navidad y Fin de A\u00f1o.<\/span><\/p>\n<p>[\/vc_column_text][\/vc_tab][\/vc_tabs][\/vc_column][\/vc_row]<\/p>\n<\/div>","protected":false},"excerpt":{"rendered":"<p>[vc_row][vc_column][rev_slider_vc alias=\u00bbslider10&#8243;][\/vc_column][\/vc_row][vc_row][vc_column][vc_custom_heading text=\u00bbEscapada Cl\u00e1sica a Costa Rica\u00bb font_container=\u00bbtag:h2|font_size:36|text_align:center|color:%2381d742&#8243; google_fonts=\u00bbfont_family:Montserrat%3Aregular%2C700|font_style:400%20regular%3A400%3Anormal\u00bb][vc_row_inner][vc_column_inner][vc_column_text el_class=\u00bb.escondercontenido\u00bb] A partir de s\u00f3lo $435 [\/vc_column_text][\/vc_column_inner][\/vc_row_inner][\/vc_column][\/vc_row][vc_row][vc_column][vc_tabs][vc_tab title=\u00bbDESCRIPCI\u00d3N DEL PAQUETE\u00bb tab_id=\u00bbca7941d1-a582-8&#8243;][vc_column_text]Descripci\u00f3n del paquete Este paquete de vacaciones en Costa Rica est\u00e1 dise\u00f1ado para viajeros que buscan una experiencia corta pero inolvidable en este para\u00edso tropical. Es ideal tanto para quienes desean realizar una breve visita como [&hellip;]<\/p>\n","protected":false},"author":9,"featured_media":0,"parent":8307,"menu_order":0,"comment_status":"closed","ping_status":"closed","template":"templates\/template-with-right-sidebar.php","meta":{"_joinchat":[],"footnotes":""},"class_list":["post-7776","page","type-page","status-publish","hentry"],"_links":{"self":[{"href":"https:\/\/www.costaricaguides.com\/es\/wp-json\/wp\/v2\/pages\/7776","targetHints":{"allow":["GET"]}}],"collection":[{"href":"https:\/\/www.costaricaguides.com\/es\/wp-json\/wp\/v2\/pages"}],"about":[{"href":"https:\/\/www.costaricaguides.com\/es\/wp-json\/wp\/v2\/types\/page"}],"author":[{"embeddable":true,"href":"https:\/\/www.costaricaguides.com\/es\/wp-json\/wp\/v2\/users\/9"}],"replies":[{"embeddable":true,"href":"https:\/\/www.costaricaguides.com\/es\/wp-json\/wp\/v2\/comments?post=7776"}],"version-history":[{"count":5,"href":"https:\/\/www.costaricaguides.com\/es\/wp-json\/wp\/v2\/pages\/7776\/revisions"}],"predecessor-version":[{"id":13441,"href":"https:\/\/www.costaricaguides.com\/es\/wp-json\/wp\/v2\/pages\/7776\/revisions\/13441"}],"up":[{"embeddable":true,"href":"https:\/\/www.costaricaguides.com\/es\/wp-json\/wp\/v2\/pages\/8307"}],"wp:attachment":[{"href":"https:\/\/www.costaricaguides.com\/es\/wp-json\/wp\/v2\/media?parent=7776"}],"curies":[{"name":"wp","href":"https:\/\/api.w.org\/{rel}","templated":true}]}}