{"id":7782,"date":"2015-08-27T13:08:53","date_gmt":"2015-08-27T13:08:53","guid":{"rendered":"http:\/\/costaricaguides.com\/es\/group-rates-8-or-more\/"},"modified":"2019-05-22T15:40:47","modified_gmt":"2019-05-22T15:40:47","slug":"group-rates-8-or-more","status":"publish","type":"page","link":"https:\/\/www.costaricaguides.com\/es\/group-rates-8-or-more\/","title":{"rendered":"Viajes Grupales en Costa Rica"},"content":{"rendered":"<div class=\"wpb-content-wrapper\"><p>[vc_row][vc_column][vc_column_text]<\/p>\n<h1><span style=\"color: #7caa0d; font-family: arial, helvetica, sans-serif;\">Viajes Grupales en Costa Rica<\/span><\/h1>\n<p>[\/vc_column_text][\/vc_column][\/vc_row][vc_row][vc_column width=\u00bb1\/3&#8243;][vc_column_text]<\/p>\n<p><img loading=\"lazy\" decoding=\"async\" class=\"size-full wp-image-2932 aligncenter\" src=\"http:\/\/costaricaguides.com\/wp-content\/uploads\/2015\/08\/costaricaguides_groups_2.jpg\" alt=\"costaricaguides_groups_2\" width=\"276\" height=\"181\" \/><\/p>\n<p>[\/vc_column_text][\/vc_column][vc_column width=\u00bb1\/3&#8243;][vc_column_text]<\/p>\n<p><img loading=\"lazy\" decoding=\"async\" class=\"size-full wp-image-2933 aligncenter\" src=\"http:\/\/costaricaguides.com\/wp-content\/uploads\/2015\/08\/costaricaguides_groups_1.jpg\" alt=\"costaricaguides_groups_1\" width=\"276\" height=\"181\" \/><\/p>\n<p>[\/vc_column_text][\/vc_column][vc_column width=\u00bb1\/3&#8243;][vc_column_text]<\/p>\n<p><img loading=\"lazy\" decoding=\"async\" class=\"size-full wp-image-2934 aligncenter\" src=\"http:\/\/costaricaguides.com\/wp-content\/uploads\/2015\/08\/costaricaguides_groups_3.jpg\" alt=\"costaricaguides_groups_3\" width=\"276\" height=\"181\" \/><\/p>\n<p>[\/vc_column_text][\/vc_column][\/vc_row][vc_row][vc_column][vc_column_text]<\/p>\n<h1><span style=\"color: #7caa0d;\">Tipos de Viajes de Grupos Realizados<\/span><\/h1>\n<p>[\/vc_column_text][\/vc_column][\/vc_row][vc_row][vc_column width=\u00bb1\/3&#8243;][vc_column_text]<\/p>\n<ul>\n<ul>\n<li>\n<ul>\n<ul>\n<li><span style=\"font-family: arial, helvetica, sans-serif; font-size: 14pt;\">Vacaciones y reuniones familiares<\/span><\/li>\n<\/ul>\n<\/ul>\n<p>&nbsp;<\/p>\n<ul>\n<ul>\n<li><\/li>\n<li><span style=\"font-family: arial, helvetica, sans-serif; font-size: 14pt;\">Viajes de adultos mayores<\/span><\/li>\n<li><\/li>\n<li><span style=\"font-family: arial, helvetica, sans-serif; font-size: 14pt;\">Grupos de amigos<\/span><\/li>\n<li><\/li>\n<\/ul>\n<\/ul>\n<p>&nbsp;<\/p>\n<ul>\n<ul>\n<li><span style=\"font-family: arial, helvetica, sans-serif; font-size: 14pt;\">Congregaciones<\/span><\/li>\n<li><\/li>\n<\/ul>\n<\/ul>\n<p>&nbsp;<\/p>\n<ul>\n<ul>\n<li><span style=\"font-family: arial, helvetica, sans-serif; font-size: 14pt;\">Bodas<\/span><\/li>\n<li><\/li>\n<\/ul>\n<\/ul>\n<p>&nbsp;<\/p>\n<ul>\n<ul>\n<li><span style=\"font-family: arial, helvetica, sans-serif; font-size: 14pt;\">Eventos deportivos aficionados<\/span><\/li>\n<li><\/li>\n<\/ul>\n<\/ul>\n<p>&nbsp;<\/p>\n<ul>\n<li><span style=\"font-family: arial, helvetica, sans-serif; font-size: 14pt;\">Orquestras y grupos de m\u00fasicos<\/span><\/li>\n<\/ul>\n<\/li>\n<\/ul>\n<\/ul>\n<p>[\/vc_column_text][\/vc_column][vc_column width=\u00bb1\/3&#8243;][vc_column_text]<\/p>\n<ul>\n<ul>\n<li>\n<ul>\n<ul>\n<li><span style=\"font-family: arial, helvetica, sans-serif; font-size: 14pt;\">Grupos educacionales y de estudiantes<\/span><\/li>\n<\/ul>\n<\/ul>\n<p>&nbsp;<\/p>\n<ul>\n<ul>\n<li><span style=\"font-family: arial, helvetica, sans-serif; font-size: 14pt;\">Grupos de observaci\u00f3n de aves<\/span><\/li>\n<\/ul>\n<\/ul>\n<p>&nbsp;<\/p>\n<ul>\n<ul>\n<li><span style=\"font-family: arial, helvetica, sans-serif; font-size: 14pt;\">Fot\u00f3grafos<\/span><\/li>\n<\/ul>\n<\/ul>\n<p>&nbsp;<\/p>\n<ul>\n<ul>\n<li><span style=\"font-family: arial, helvetica, sans-serif; font-size: 14pt;\">Grupos agricolas<\/span><\/li>\n<\/ul>\n<\/ul>\n<p>&nbsp;<\/p>\n<ul>\n<ul>\n<li><span style=\"font-family: arial, helvetica, sans-serif; font-size: 14pt;\">Visitas ecol\u00f3gicas<\/span><\/li>\n<\/ul>\n<\/ul>\n<p>&nbsp;<\/p>\n<ul>\n<ul>\n<li><span style=\"font-family: arial, helvetica, sans-serif; font-size: 14pt;\">Grupos culinarios<\/span><\/li>\n<\/ul>\n<\/ul>\n<p>&nbsp;<\/p>\n<ul>\n<li><span style=\"font-family: arial, helvetica, sans-serif; font-size: 14pt;\">Academias de lenguaje<\/span><\/li>\n<\/ul>\n<\/li>\n<\/ul>\n<\/ul>\n<p>[\/vc_column_text][\/vc_column][vc_column width=\u00bb1\/3&#8243;][vc_column_text]<\/p>\n<ul>\n<ul>\n<li>\n<ul>\n<ul>\n<li><span style=\"font-family: arial, helvetica, sans-serif; font-size: 14pt;\">Programas de educaci\u00f3n contin\u00faa<\/span><\/li>\n<\/ul>\n<\/ul>\n<p>&nbsp;<\/p>\n<ul>\n<ul>\n<li><span style=\"font-family: arial, helvetica, sans-serif; font-size: 14pt;\">Incentivos corporativos<\/span><\/li>\n<\/ul>\n<\/ul>\n<p>&nbsp;<\/p>\n<ul>\n<ul>\n<li><span style=\"font-family: arial, helvetica, sans-serif; font-size: 14pt;\">Grupos de arte y entretenimiento<\/span><\/li>\n<\/ul>\n<\/ul>\n<p>&nbsp;<\/p>\n<ul>\n<ul>\n<li><span style=\"font-family: arial, helvetica, sans-serif; font-size: 14pt;\">Organizaciones Sociales<\/span><\/li>\n<\/ul>\n<\/ul>\n<p>&nbsp;<\/p>\n<ul>\n<ul>\n<li><span style=\"font-family: arial, helvetica, sans-serif; font-size: 14pt;\">Grupos c\u00edvicos<\/span><\/li>\n<\/ul>\n<\/ul>\n<p>&nbsp;<\/p>\n<ul>\n<ul>\n<li><span style=\"font-family: arial, helvetica, sans-serif; font-size: 14pt;\">Organizaciones no gubernamentales<\/span><\/li>\n<\/ul>\n<\/ul>\n<p>&nbsp;<\/p>\n<ul>\n<li><span style=\"font-family: arial, helvetica, sans-serif; font-size: 14pt;\">Grupos con intereses especiales<\/span><\/li>\n<\/ul>\n<\/li>\n<\/ul>\n<\/ul>\n<p>[\/vc_column_text][\/vc_column][\/vc_row][vc_row][vc_column][vc_empty_space][\/vc_column][\/vc_row][vc_row][vc_column width=\u00bb1\/2&#8243;][vc_column_text]<\/p>\n<p><img loading=\"lazy\" decoding=\"async\" class=\"alignnone size-full wp-image-2940\" src=\"http:\/\/costaricaguides.com\/wp-content\/uploads\/2015\/08\/Arenal_volcano.jpg\" alt=\"Arenal_volcano\" width=\"423\" height=\"238\" srcset=\"https:\/\/www.costaricaguides.com\/wp-content\/uploads\/2015\/08\/Arenal_volcano.jpg 423w, https:\/\/www.costaricaguides.com\/wp-content\/uploads\/2015\/08\/Arenal_volcano-300x169.jpg 300w\" sizes=\"auto, (max-width: 423px) 100vw, 423px\" \/><\/p>\n<p>[\/vc_column_text][\/vc_column][vc_column width=\u00bb1\/2&#8243;][vc_column_text]<\/p>\n<p><img loading=\"lazy\" decoding=\"async\" class=\"alignnone size-full wp-image-2942\" src=\"http:\/\/costaricaguides.com\/wp-content\/uploads\/2015\/08\/Manuel_antonio.jpg\" alt=\"Manuel_antonio\" width=\"423\" height=\"238\" srcset=\"https:\/\/www.costaricaguides.com\/wp-content\/uploads\/2015\/08\/Manuel_antonio.jpg 423w, https:\/\/www.costaricaguides.com\/wp-content\/uploads\/2015\/08\/Manuel_antonio-300x169.jpg 300w\" sizes=\"auto, (max-width: 423px) 100vw, 423px\" \/><\/p>\n<p>[\/vc_column_text][\/vc_column][\/vc_row][vc_row][vc_column][vc_column_text]<\/p>\n<h1><span style=\"color: #7caa0d;\">\u00bfPor qu\u00e9 elegir Costa Rica Guides?<\/span><\/h1>\n<p>[\/vc_column_text][\/vc_column][\/vc_row][vc_row][vc_column][vc_column_text]<\/p>\n<ul>\n<ul>\n<li style=\"text-align: justify;\">\n<ul>\n<ul>\n<li><span style=\"font-family: arial, helvetica, sans-serif; font-size: 14pt;\">Hemos coordinado grupos de viaje a Costa Rica desde 1993<\/span><\/li>\n<\/ul>\n<\/ul>\n<p>&nbsp;<\/p>\n<ul>\n<ul>\n<li><span style=\"font-family: arial, helvetica, sans-serif; font-size: 14pt;\">Ofrecemos precios realmente especiales, y en muchos casos \u00a1menos de la mitad del precio que viajar a Europa!<\/span><\/li>\n<\/ul>\n<\/ul>\n<p>&nbsp;<\/p>\n<ul>\n<ul>\n<li><span style=\"font-family: arial, helvetica, sans-serif; font-size: 14pt;\">Trabajamos sin intermediarios directamente con los clientes, ofreciendo m\u00e1s flexibilidad y precios m\u00e1s competitivos<\/span><\/li>\n<\/ul>\n<\/ul>\n<p>&nbsp;<\/p>\n<ul>\n<ul>\n<li><span style=\"font-family: arial, helvetica, sans-serif; font-size: 14pt;\">Tenemos excelentes referencias de nuestros antiguos clientes de todo el mundo<\/span><\/li>\n<\/ul>\n<\/ul>\n<p>&nbsp;<\/p>\n<ul>\n<ul>\n<li><span style=\"font-family: arial, helvetica, sans-serif; font-size: 14pt;\">Inspeccionamos, evaluamos y garantizamos personalmente la calidad de nuestros proveedores, hoteles, transportes, etc\u00e9tera<\/span><\/li>\n<\/ul>\n<\/ul>\n<p>&nbsp;<\/p>\n<ul>\n<ul>\n<li><span style=\"font-family: arial, helvetica, sans-serif; font-size: 14pt;\">Contamos con programas de referencias, que en un grupo de 11 personas la persona n\u00famero 11 viaja sin cargo<\/span><\/li>\n<\/ul>\n<\/ul>\n<p>&nbsp;<\/p>\n<ul>\n<ul>\n<li><span style=\"font-family: arial, helvetica, sans-serif; font-size: 14pt;\">Nos encanta trabajar con grupos y estamos comprometidos a que viva la mejor experiencia posible<\/span><\/li>\n<\/ul>\n<\/ul>\n<p>&nbsp;<\/p>\n<p><span style=\"font-family: arial, helvetica, sans-serif; font-size: 14pt;\">Si\u00e9ntase en libertad de contactar con nuestros representantes. Nuestro grupo de expertos le brindar\u00e1 la informaci\u00f3n que necesite. <strong>Llame a nuestra l\u00ednea gratuita (desde Canad\u00e1 y Estados Unidos):<\/strong> 1-877-281-8515 <strong>O en Costa Rica<\/strong> (506) 2233-5151<\/span><\/p>\n<p>&nbsp;<\/p>\n<p><span style=\"font-family: arial, helvetica, sans-serif; font-size: 14pt;\"><small>* Los programas de referencia no aplican con las excursiones de un d\u00eda<\/small><\/span><\/li>\n<\/ul>\n<\/ul>\n<p>[\/vc_column_text][\/vc_column][\/vc_row]<\/p>\n<\/div>","protected":false},"excerpt":{"rendered":"<p>[vc_row][vc_column][vc_column_text] Viajes Grupales en Costa Rica [\/vc_column_text][\/vc_column][\/vc_row][vc_row][vc_column width=\u00bb1\/3&#8243;][vc_column_text] [\/vc_column_text][\/vc_column][vc_column width=\u00bb1\/3&#8243;][vc_column_text] [\/vc_column_text][\/vc_column][vc_column width=\u00bb1\/3&#8243;][vc_column_text] [\/vc_column_text][\/vc_column][\/vc_row][vc_row][vc_column][vc_column_text] Tipos de Viajes de Grupos Realizados [\/vc_column_text][\/vc_column][\/vc_row][vc_row][vc_column width=\u00bb1\/3&#8243;][vc_column_text] Vacaciones y reuniones familiares &nbsp; Viajes de adultos mayores Grupos de amigos &nbsp; Congregaciones &nbsp; Bodas &nbsp; Eventos deportivos aficionados &nbsp; Orquestras y grupos de m\u00fasicos [\/vc_column_text][\/vc_column][vc_column width=\u00bb1\/3&#8243;][vc_column_text] Grupos educacionales y de estudiantes &nbsp; [&hellip;]<\/p>\n","protected":false},"author":9,"featured_media":0,"parent":0,"menu_order":0,"comment_status":"closed","ping_status":"closed","template":"templates\/template-with-right-sidebar.php","meta":{"_joinchat":[],"footnotes":""},"class_list":["post-7782","page","type-page","status-publish","hentry"],"_links":{"self":[{"href":"https:\/\/www.costaricaguides.com\/es\/wp-json\/wp\/v2\/pages\/7782","targetHints":{"allow":["GET"]}}],"collection":[{"href":"https:\/\/www.costaricaguides.com\/es\/wp-json\/wp\/v2\/pages"}],"about":[{"href":"https:\/\/www.costaricaguides.com\/es\/wp-json\/wp\/v2\/types\/page"}],"author":[{"embeddable":true,"href":"https:\/\/www.costaricaguides.com\/es\/wp-json\/wp\/v2\/users\/9"}],"replies":[{"embeddable":true,"href":"https:\/\/www.costaricaguides.com\/es\/wp-json\/wp\/v2\/comments?post=7782"}],"version-history":[{"count":1,"href":"https:\/\/www.costaricaguides.com\/es\/wp-json\/wp\/v2\/pages\/7782\/revisions"}],"predecessor-version":[{"id":11418,"href":"https:\/\/www.costaricaguides.com\/es\/wp-json\/wp\/v2\/pages\/7782\/revisions\/11418"}],"wp:attachment":[{"href":"https:\/\/www.costaricaguides.com\/es\/wp-json\/wp\/v2\/media?parent=7782"}],"curies":[{"name":"wp","href":"https:\/\/api.w.org\/{rel}","templated":true}]}}