{"id":7864,"date":"2015-10-08T16:07:52","date_gmt":"2015-10-08T16:07:52","guid":{"rendered":"http:\/\/costaricaguides.com\/es\/caribbean-coast\/limon\/"},"modified":"2019-05-22T15:40:33","modified_gmt":"2019-05-22T15:40:33","slug":"limon","status":"publish","type":"page","link":"https:\/\/www.costaricaguides.com\/es\/caribbean-coast\/limon\/","title":{"rendered":"Limon"},"content":{"rendered":"<div class=\"wpb-content-wrapper\"><p>[vc_row][vc_column][vc_column_text]<\/p>\n<p style=\"text-align: justify;\"><span style=\"font-family: arial, helvetica, sans-serif; font-size: 14pt;\">Aproximadamente el 50 por ciento de los residentes de la provincia de Lim\u00f3n son afrocaribe\u00f1a, la mayor\u00eda de ellos de descendencia jamaiquina. Ingl\u00e9s criollo y espa\u00f1ol se hablan en la provincia. Lim\u00f3n tiene playas con costas de coco con flecos, as\u00ed como las zonas de monta\u00f1a y grandes \u00e1reas protegidas, tales como Barra del Colorado National Wildlife Refuge, el Parque Nacional Tortuguero, el Parque Nacional Braulio Carrillo, Parque Nacional Cahuita, Gandoca &#8211; Manzanillo Refugio de Vida Silvestre, el Parque Internacional La Amistad y K\u00e9k\u00f6ldi Reserva Ind\u00edgena. Los pasajeros de cruceros llegan a Puerto Lim\u00f3n ubicado en la ciudad capital del mismo nombre de Lim\u00f3n y justo al norte de la ciudad es Puerto Moin manejo de muchos de importaci\u00f3n y exportaci\u00f3n de tr\u00e1fico del pa\u00eds.<\/span><\/p>\n<p>[\/vc_column_text][\/vc_column][\/vc_row][vc_row][vc_column][vc_empty_space][\/vc_column][\/vc_row][vc_row][vc_column]<div class=\"block image-carousel style2 flexslider\" data-animation=\"slide\" data-item-width=\"270\" data-item-margin=\"30\"><ul class=\"slides hotel image-box listing-style1\"><li>\r\n\t\t\t<article class=\"box\">\r\n\r\n\t\t\t\t<figure >\r\n\r\n\t\t\t\t\t<a href=\"https:\/\/www.costaricaguides.com\/accommodation\/suerre-guapiles\/\" data-post_id=\"4468\" class=\"hover-effect\"><img loading=\"lazy\" decoding=\"async\" width=\"500\" height=\"300\" src=\"https:\/\/www.costaricaguides.com\/wp-content\/uploads\/2015\/11\/aboutslidernuevo1-500x300.jpg\" class=\"attachment-biggallery-thumb size-biggallery-thumb wp-post-image\" alt=\"\" \/><\/a>\r\n\r\n\t\t\t\t\t\r\n\t\t\t\t<\/figure>\r\n\r\n\t\t\t\t<div class=\"details\">\r\n\r\n\t\t\t\t\t\r\n\t\t\t\t\t\t\t<span class=\"price\"><small>From<\/small>$104.00<\/span>\r\n\r\n\t\t\t\t\t\t\r\n\t\t\t\t\t\t<h4 class=\"box-title\">\r\n\r\n\t\t\t\t\t\t\t<a href=\"https:\/\/www.costaricaguides.com\/accommodation\/suerre-guapiles\/\">Suerre Gu\u00e1piles<\/a>\r\n\r\n\t\t\t\t\t\t\t<small>Limon Caribbean Coast<\/small>\r\n\r\n\t\t\t\t\t\t<\/h4>\r\n\r\n\t\t\t\t\t\t<div class=\"feedback\">\r\n\r\n\t\t\t\t\t\t\t<div data-placement=\"bottom\" data-toggle=\"tooltip\" class=\"five-stars-container\" title=\"0 stars\"><span style=\"width: 0%;\" class=\"five-stars\"><\/span><\/div>\r\n\r\n\t\t\t\t\t\t\t<span class=\"review\">0 reviews<\/span>\r\n\r\n\t\t\t\t\t\t<\/div>\r\n\r\n\t\t\t\t\t\t<p class=\"description\">Suerre Hotel is located in Gu\u00e1piles, surrounded by lush tropical gardens, at 1 hour driving from San Jose and on<\/p>\r\n\r\n\t\t\t\t\t\t<div class=\"action clearfix\">\r\n\r\n\t\t\t\t\t\t\t\r\n\t\t\t\t\t\t\t\t<a class=\"button btn-small\" href=\"https:\/\/www.costaricaguides.com\/accommodation\/suerre-guapiles\/\">SELECT<\/a>\r\n\r\n\t\t\t\t\t\t\t\t<a class=\"button btn-small yellow popup-map\" href=\"#\" data-box=\"10.216609877577058,-83.78198249037268\">VIEW ON MAP<\/a>\r\n\r\n\t\t\t\t\t\t\t\r\n\t\t\t\t\t\t<\/div>\r\n\r\n\t\t\t\t\t\r\n\t\t\t\t<\/div>\r\n\r\n\t\t\t<\/article>\r\n\r\n\r\n\r\n\t\t<\/li><li>\r\n\t\t\t<article class=\"box\">\r\n\r\n\t\t\t\t<figure >\r\n\r\n\t\t\t\t\t<a href=\"https:\/\/www.costaricaguides.com\/accommodation\/selva-bananito-lodge\/\" data-post_id=\"4730\" class=\"hover-effect\"><img loading=\"lazy\" decoding=\"async\" width=\"500\" height=\"300\" src=\"https:\/\/www.costaricaguides.com\/wp-content\/uploads\/2015\/11\/001-500x300.jpg\" class=\"attachment-biggallery-thumb size-biggallery-thumb wp-post-image\" alt=\"\" \/><\/a>\r\n\r\n\t\t\t\t\t\r\n\t\t\t\t<\/figure>\r\n\r\n\t\t\t\t<div class=\"details\">\r\n\r\n\t\t\t\t\t\r\n\t\t\t\t\t\t\t<span class=\"price\"><small>From<\/small>$266.00<\/span>\r\n\r\n\t\t\t\t\t\t\r\n\t\t\t\t\t\t<h4 class=\"box-title\">\r\n\r\n\t\t\t\t\t\t\t<a href=\"https:\/\/www.costaricaguides.com\/accommodation\/selva-bananito-lodge\/\">Selva Bananito Lodge<\/a>\r\n\r\n\t\t\t\t\t\t\t<small>Limon Caribbean Coast<\/small>\r\n\r\n\t\t\t\t\t\t<\/h4>\r\n\r\n\t\t\t\t\t\t<div class=\"feedback\">\r\n\r\n\t\t\t\t\t\t\t<div data-placement=\"bottom\" data-toggle=\"tooltip\" class=\"five-stars-container\" title=\"0 stars\"><span style=\"width: 0%;\" class=\"five-stars\"><\/span><\/div>\r\n\r\n\t\t\t\t\t\t\t<span class=\"review\">0 reviews<\/span>\r\n\r\n\t\t\t\t\t\t<\/div>\r\n\r\n\t\t\t\t\t\t<p class=\"description\">Included: Transfer, 2 nights lodging, breakfast, lunch, three course dinner, natural fruit juices with all meals and tours.\r\nRequest to us for special packages.<\/p>\r\n\r\n\t\t\t\t\t\t<div class=\"action clearfix\">\r\n\r\n\t\t\t\t\t\t\t\r\n\t\t\t\t\t\t\t\t<a class=\"button btn-small\" href=\"https:\/\/www.costaricaguides.com\/accommodation\/selva-bananito-lodge\/\">SELECT<\/a>\r\n\r\n\t\t\t\t\t\t\t\t<a class=\"button btn-small yellow popup-map\" href=\"#\" data-box=\"9.86907828424466,-83.00483053321841\">VIEW ON MAP<\/a>\r\n\r\n\t\t\t\t\t\t\t\r\n\t\t\t\t\t\t<\/div>\r\n\r\n\t\t\t\t\t\r\n\t\t\t\t<\/div>\r\n\r\n\t\t\t<\/article>\r\n\r\n\r\n\r\n\t\t<\/li><\/ul><\/div>[\/vc_column][\/vc_row]<\/p>\n<\/div>","protected":false},"excerpt":{"rendered":"<p>[vc_row][vc_column][vc_column_text] Aproximadamente el 50 por ciento de los residentes de la provincia de Lim\u00f3n son afrocaribe\u00f1a, la mayor\u00eda de ellos de descendencia jamaiquina. Ingl\u00e9s criollo y espa\u00f1ol se hablan en la provincia. Lim\u00f3n tiene playas con costas de coco con flecos, as\u00ed como las zonas de monta\u00f1a y grandes \u00e1reas protegidas, tales como Barra del [&hellip;]<\/p>\n","protected":false},"author":1,"featured_media":0,"parent":7835,"menu_order":0,"comment_status":"closed","ping_status":"closed","template":"","meta":{"_joinchat":[],"footnotes":""},"class_list":["post-7864","page","type-page","status-publish","hentry"],"_links":{"self":[{"href":"https:\/\/www.costaricaguides.com\/es\/wp-json\/wp\/v2\/pages\/7864","targetHints":{"allow":["GET"]}}],"collection":[{"href":"https:\/\/www.costaricaguides.com\/es\/wp-json\/wp\/v2\/pages"}],"about":[{"href":"https:\/\/www.costaricaguides.com\/es\/wp-json\/wp\/v2\/types\/page"}],"author":[{"embeddable":true,"href":"https:\/\/www.costaricaguides.com\/es\/wp-json\/wp\/v2\/users\/1"}],"replies":[{"embeddable":true,"href":"https:\/\/www.costaricaguides.com\/es\/wp-json\/wp\/v2\/comments?post=7864"}],"version-history":[{"count":1,"href":"https:\/\/www.costaricaguides.com\/es\/wp-json\/wp\/v2\/pages\/7864\/revisions"}],"predecessor-version":[{"id":11381,"href":"https:\/\/www.costaricaguides.com\/es\/wp-json\/wp\/v2\/pages\/7864\/revisions\/11381"}],"up":[{"embeddable":true,"href":"https:\/\/www.costaricaguides.com\/es\/wp-json\/wp\/v2\/pages\/7835"}],"wp:attachment":[{"href":"https:\/\/www.costaricaguides.com\/es\/wp-json\/wp\/v2\/media?parent=7864"}],"curies":[{"name":"wp","href":"https:\/\/api.w.org\/{rel}","templated":true}]}}