{"id":7868,"date":"2015-10-08T16:09:37","date_gmt":"2015-10-08T16:09:37","guid":{"rendered":"http:\/\/costaricaguides.com\/es\/caribbean-coast\/tortuguero\/"},"modified":"2019-05-22T15:40:33","modified_gmt":"2019-05-22T15:40:33","slug":"tortuguero","status":"publish","type":"page","link":"https:\/\/www.costaricaguides.com\/es\/caribbean-coast\/tortuguero\/","title":{"rendered":"Tortuguero"},"content":{"rendered":"<div class=\"wpb-content-wrapper\"><p>[vc_row][vc_column][vc_column_text]<\/p>\n<p style=\"text-align: justify;\"><span style=\"font-family: arial, helvetica, sans-serif; font-size: 14pt;\">Parque Nacional Tortuguero es uno de los m\u00e1s famosos de la de Costa Rica Parques Nacionales. El paisaje de los canales y la selva que est\u00e1 alrededor de ellos es simplemente una visita obligada. Mientras viaja por los diferentes canales de una gran variedad de flora y fauna puede ser testigo. Despu\u00e9s de que usted puede encontrar en Tortuguero Lodges y Hoteles que son com\u00fanmente utilizados por los turistas que visitan esta zona.<\/span><\/p>\n<p style=\"text-align: justify;\"><span style=\"font-family: arial, helvetica, sans-serif; font-size: 14pt;\">La mayor\u00eda de los visitantes a Tortuguero tomar excursiones de varios d\u00edas que se apartan de las diferentes \u00e1reas de Costa Rica, ya que nadie puede llegar en coche. S\u00f3lo hay dos posibilidades de transportarse a Tortuguero, ya sea en barco o en los aviones peque\u00f1os locales.<\/span><\/p>\n<p>[\/vc_column_text][\/vc_column][\/vc_row][vc_row][vc_column][vc_empty_space][\/vc_column][\/vc_row][vc_row][vc_column]<div class=\"block image-carousel style2 flexslider\" data-animation=\"slide\" data-item-width=\"270\" data-item-margin=\"30\"><ul class=\"slides hotel image-box listing-style1\"><li>\r\n\t\t\t<article class=\"box\">\r\n\r\n\t\t\t\t<figure >\r\n\r\n\t\t\t\t\t<a href=\"https:\/\/www.costaricaguides.com\/accommodation\/laguna-lodge\/\" data-post_id=\"2974\" class=\"hover-effect\"><img loading=\"lazy\" decoding=\"async\" width=\"500\" height=\"300\" src=\"https:\/\/www.costaricaguides.com\/wp-content\/uploads\/2015\/09\/hotel2-500x300.jpg\" class=\"attachment-biggallery-thumb size-biggallery-thumb wp-post-image\" alt=\"\" \/><\/a>\r\n\r\n\t\t\t\t\t\r\n\t\t\t\t<\/figure>\r\n\r\n\t\t\t\t<div class=\"details\">\r\n\r\n\t\t\t\t\t\r\n\t\t\t\t\t\t\t<span class=\"price\"><small>From<\/small>$222.00<\/span>\r\n\r\n\t\t\t\t\t\t\r\n\t\t\t\t\t\t<h4 class=\"box-title\">\r\n\r\n\t\t\t\t\t\t\t<a href=\"https:\/\/www.costaricaguides.com\/accommodation\/laguna-lodge\/\">Laguna Lodge<\/a>\r\n\r\n\t\t\t\t\t\t\t<small>Tortuguero Caribbean Coast<\/small>\r\n\r\n\t\t\t\t\t\t<\/h4>\r\n\r\n\t\t\t\t\t\t<div class=\"feedback\">\r\n\r\n\t\t\t\t\t\t\t<div data-placement=\"bottom\" data-toggle=\"tooltip\" class=\"five-stars-container\" title=\"0 stars\"><span style=\"width: 0%;\" class=\"five-stars\"><\/span><\/div>\r\n\r\n\t\t\t\t\t\t\t<span class=\"review\">0 reviews<\/span>\r\n\r\n\t\t\t\t\t\t<\/div>\r\n\r\n\t\t\t\t\t\t<p class=\"description\">Laguna is located in Tortuguero in the northern Caribbean of Costa Rica. The Hotel has 106 Standard rooms, two swimming<\/p>\r\n\r\n\t\t\t\t\t\t<div class=\"action clearfix\">\r\n\r\n\t\t\t\t\t\t\t\r\n\t\t\t\t\t\t\t\t<a class=\"button btn-small\" href=\"https:\/\/www.costaricaguides.com\/accommodation\/laguna-lodge\/\">SELECT<\/a>\r\n\r\n\t\t\t\t\t\t\t\t<a class=\"button btn-small yellow popup-map\" href=\"#\" data-box=\"10.538656312377704,-83.50236758880789\">VIEW ON MAP<\/a>\r\n\r\n\t\t\t\t\t\t\t\r\n\t\t\t\t\t\t<\/div>\r\n\r\n\t\t\t\t\t\r\n\t\t\t\t<\/div>\r\n\r\n\t\t\t<\/article>\r\n\r\n\r\n\r\n\t\t<\/li><li>\r\n\t\t\t<article class=\"box\">\r\n\r\n\t\t\t\t<figure >\r\n\r\n\t\t\t\t\t<a href=\"https:\/\/www.costaricaguides.com\/accommodation\/mawamba-lodge\/\" data-post_id=\"2983\" class=\"hover-effect\"><\/a>\r\n\r\n\t\t\t\t\t\r\n\t\t\t\t<\/figure>\r\n\r\n\t\t\t\t<div class=\"details\">\r\n\r\n\t\t\t\t\t\r\n\t\t\t\t\t\t\t<span class=\"price\"><small>From<\/small>$257.00<\/span>\r\n\r\n\t\t\t\t\t\t\r\n\t\t\t\t\t\t<h4 class=\"box-title\">\r\n\r\n\t\t\t\t\t\t\t<a href=\"https:\/\/www.costaricaguides.com\/accommodation\/mawamba-lodge\/\">Mawamba Lodge<\/a>\r\n\r\n\t\t\t\t\t\t\t<small>Tortuguero Caribbean Coast<\/small>\r\n\r\n\t\t\t\t\t\t<\/h4>\r\n\r\n\t\t\t\t\t\t<div class=\"feedback\">\r\n\r\n\t\t\t\t\t\t\t<div data-placement=\"bottom\" data-toggle=\"tooltip\" class=\"five-stars-container\" title=\"0 stars\"><span style=\"width: 0%;\" class=\"five-stars\"><\/span><\/div>\r\n\r\n\t\t\t\t\t\t\t<span class=\"review\">0 reviews<\/span>\r\n\r\n\t\t\t\t\t\t<\/div>\r\n\r\n\t\t\t\t\t\t<p class=\"description\">Mawamba Lodge is located in Tortuguero in the northern Caribbean of Costa Rica. The hotel has 54 standard rooms and<\/p>\r\n\r\n\t\t\t\t\t\t<div class=\"action clearfix\">\r\n\r\n\t\t\t\t\t\t\t\r\n\t\t\t\t\t\t\t\t<a class=\"button btn-small\" href=\"https:\/\/www.costaricaguides.com\/accommodation\/mawamba-lodge\/\">SELECT<\/a>\r\n\r\n\t\t\t\t\t\t\t\t<a class=\"button btn-small yellow popup-map\" href=\"#\" data-box=\"10.548212856370247,-83.5051529366167\">VIEW ON MAP<\/a>\r\n\r\n\t\t\t\t\t\t\t\r\n\t\t\t\t\t\t<\/div>\r\n\r\n\t\t\t\t\t\r\n\t\t\t\t<\/div>\r\n\r\n\t\t\t<\/article>\r\n\r\n\r\n\r\n\t\t<\/li><li>\r\n\t\t\t<article class=\"box\">\r\n\r\n\t\t\t\t<figure >\r\n\r\n\t\t\t\t\t<a href=\"https:\/\/www.costaricaguides.com\/accommodation\/pachira-lodge\/\" data-post_id=\"3796\" class=\"hover-effect\"><img loading=\"lazy\" decoding=\"async\" width=\"500\" height=\"300\" src=\"https:\/\/www.costaricaguides.com\/wp-content\/uploads\/2015\/10\/10-exteriores_Pachira_1-500x300.jpg\" class=\"attachment-biggallery-thumb size-biggallery-thumb wp-post-image\" alt=\"\" \/><\/a>\r\n\r\n\t\t\t\t\t\r\n\t\t\t\t<\/figure>\r\n\r\n\t\t\t\t<div class=\"details\">\r\n\r\n\t\t\t\t\t\r\n\t\t\t\t\t\t\t<span class=\"price\"><small>From<\/small>$257.00<\/span>\r\n\r\n\t\t\t\t\t\t\r\n\t\t\t\t\t\t<h4 class=\"box-title\">\r\n\r\n\t\t\t\t\t\t\t<a href=\"https:\/\/www.costaricaguides.com\/accommodation\/pachira-lodge\/\">Pachira Lodge<\/a>\r\n\r\n\t\t\t\t\t\t\t<small>Tortuguero Caribbean Coast<\/small>\r\n\r\n\t\t\t\t\t\t<\/h4>\r\n\r\n\t\t\t\t\t\t<div class=\"feedback\">\r\n\r\n\t\t\t\t\t\t\t<div data-placement=\"bottom\" data-toggle=\"tooltip\" class=\"five-stars-container\" title=\"0 stars\"><span style=\"width: 0%;\" class=\"five-stars\"><\/span><\/div>\r\n\r\n\t\t\t\t\t\t\t<span class=\"review\">0 reviews<\/span>\r\n\r\n\t\t\t\t\t\t<\/div>\r\n\r\n\t\t\t\t\t\t<p class=\"description\">Laguna is located in Tortuguero in the northern Caribbean of Costa Rica. At only 5 minutes away from the Tortuguero<\/p>\r\n\r\n\t\t\t\t\t\t<div class=\"action clearfix\">\r\n\r\n\t\t\t\t\t\t\t\r\n\t\t\t\t\t\t\t\t<a class=\"button btn-small\" href=\"https:\/\/www.costaricaguides.com\/accommodation\/pachira-lodge\/\">SELECT<\/a>\r\n\r\n\t\t\t\t\t\t\t\t<a class=\"button btn-small yellow popup-map\" href=\"#\" data-box=\"10.548849633147253,-83.50987777273986\">VIEW ON MAP<\/a>\r\n\r\n\t\t\t\t\t\t\t\r\n\t\t\t\t\t\t<\/div>\r\n\r\n\t\t\t\t\t\r\n\t\t\t\t<\/div>\r\n\r\n\t\t\t<\/article>\r\n\r\n\r\n\r\n\t\t<\/li><\/ul><\/div>[\/vc_column][\/vc_row]<\/p>\n<\/div>","protected":false},"excerpt":{"rendered":"<p>[vc_row][vc_column][vc_column_text] Parque Nacional Tortuguero es uno de los m\u00e1s famosos de la de Costa Rica Parques Nacionales. El paisaje de los canales y la selva que est\u00e1 alrededor de ellos es simplemente una visita obligada. Mientras viaja por los diferentes canales de una gran variedad de flora y fauna puede ser testigo. Despu\u00e9s de que [&hellip;]<\/p>\n","protected":false},"author":1,"featured_media":0,"parent":7835,"menu_order":0,"comment_status":"closed","ping_status":"closed","template":"","meta":{"_joinchat":[],"footnotes":""},"class_list":["post-7868","page","type-page","status-publish","hentry"],"_links":{"self":[{"href":"https:\/\/www.costaricaguides.com\/es\/wp-json\/wp\/v2\/pages\/7868","targetHints":{"allow":["GET"]}}],"collection":[{"href":"https:\/\/www.costaricaguides.com\/es\/wp-json\/wp\/v2\/pages"}],"about":[{"href":"https:\/\/www.costaricaguides.com\/es\/wp-json\/wp\/v2\/types\/page"}],"author":[{"embeddable":true,"href":"https:\/\/www.costaricaguides.com\/es\/wp-json\/wp\/v2\/users\/1"}],"replies":[{"embeddable":true,"href":"https:\/\/www.costaricaguides.com\/es\/wp-json\/wp\/v2\/comments?post=7868"}],"version-history":[{"count":1,"href":"https:\/\/www.costaricaguides.com\/es\/wp-json\/wp\/v2\/pages\/7868\/revisions"}],"predecessor-version":[{"id":11382,"href":"https:\/\/www.costaricaguides.com\/es\/wp-json\/wp\/v2\/pages\/7868\/revisions\/11382"}],"up":[{"embeddable":true,"href":"https:\/\/www.costaricaguides.com\/es\/wp-json\/wp\/v2\/pages\/7835"}],"wp:attachment":[{"href":"https:\/\/www.costaricaguides.com\/es\/wp-json\/wp\/v2\/media?parent=7868"}],"curies":[{"name":"wp","href":"https:\/\/api.w.org\/{rel}","templated":true}]}}