{"id":7910,"date":"2015-08-14T14:24:25","date_gmt":"2015-08-14T14:24:25","guid":{"rendered":"http:\/\/costaricaguides.com\/es\/costa-rica-info\/"},"modified":"2019-05-22T15:40:33","modified_gmt":"2019-05-22T15:40:33","slug":"costa-rica-info","status":"publish","type":"page","link":"https:\/\/www.costaricaguides.com\/es\/costa-rica-info\/","title":{"rendered":"Costa Rica Info"},"content":{"rendered":"<div class=\"wpb-content-wrapper\"><p>[vc_row][vc_column][vc_column_text]<\/p>\n<h2 style=\"text-align: justify;\"><span style=\"font-family: 'arial black', sans-serif; font-size: 14pt; color: #339966;\">\u00bfPorqu\u00e9 visitar Costa Rica?<\/span><\/h2>\n<p style=\"text-align: justify;\"><span style=\"font-family: arial, helvetica, sans-serif; font-size: 14pt;\">Aunque Costa Rica es un pa\u00eds peque\u00f1o, tiene un gran valor biol\u00f3gico y una enorme diversidad de h\u00e1bitats debido a la convergencia de los dos hemisferios, dos oc\u00e9anos y su variante geograf\u00eda. Esto crea una gran variedad de paisajes para el viajero. Costa Rica cuenta con una cadena de monta\u00f1as , las cuales forman una &#8216;espina dorsal&#8217; a lo largo del pa\u00eds.<\/span><\/p>\n<p style=\"text-align: justify;\"><span style=\"font-family: arial, helvetica, sans-serif; font-size: 14pt;\">Iniciando en el norte con la Cordillera de Guanacaste, continua hasta la Cordillera de Tilar\u00e1n (Donde se ubican Monteverde y Arenal), La Cordillera Central (Iraz\u00fa, Poas Braulio Carrillo) y termina en la Cordillera de Talamanca (siendo \u00e9sta la m\u00e1s alta del pa\u00eds).<\/span><\/p>\n<p style=\"text-align: justify;\"><span style=\"font-family: arial, helvetica, sans-serif; font-size: 14pt;\">Mientras la Costa Pac\u00edfica tiene por lo menos 1016 km, el Caribe solo cuenta con 212 km. En el pac\u00edfico se ubican Pen\u00ednsulas de terreno abrupto. Hay dos grandes golfos, y muchas encenadas y bah\u00edas. Dos grandes puertos se localizan en el pac\u00edfico: El Puerto de Puntarenas y Puerto Caldera. En el Caribe, hay un puerto natural ubicado en Mo\u00edn, en el \u00e1rea de Lim\u00f3n. \u00c9sta es la m\u00e1s grande \u00e1rea de llanuras (una quinta parte de Costa Rica aproximadamente), que se extiende desde la linea costera norte hasta casi Lim\u00f3n.<\/span><\/p>\n<p style=\"text-align: justify;\"><span style=\"font-family: arial, helvetica, sans-serif; font-size: 14pt;\">Costa Rica yace en el tr\u00f3pico entre los 8 y 11 grados norte en la l\u00ednea del Ecuador. Las temperaturas son moderadas, pero las formas geogr\u00e1ficas de las monta\u00f1as crean gran variedad de microclimas. La mayor\u00eda de visitantes se sorprenden al enterarse de que el hielo y la escarcha se puede formar en picos altos, como es el caso del Cerro Chirrip\u00f3. Las temperaturas son un poco m\u00e1s elevadas en el Pac\u00edfico que en el Caribe (a\u00fan estando ambas regiones a una misma altitud sobre el nivel del mar), esto debido a que la cuenca del Caribe suele ser m\u00e1s nubosa a lo largo del a\u00f1o. Sobre el nivel del mar en ambas costas, el promedio de temperaturas anual esta aproximadamente sobre los 24\u00ba C. Algunos de los cerros m\u00e1s altos alcanzan temperaturas de 12\u00ba C en promedio, pudiendo tambi\u00e9n alcanzar temperaturas debajo del punto de congelamiento.Costa Rica Nature<\/span><\/p>\n<p style=\"text-align: justify;\"><span style=\"font-family: arial, helvetica, sans-serif; font-size: 14pt;\">No hay ni primavera y oto\u00f1o en Costa Rica. Las estaciones son llamadas verano e invierno, a pesar de que en realidad deberian ser llamadas \u00c9poca Seca (desde Diciembre hasta Abril) y \u00c9poca Lluviosa (desde Mayo hasta Noviembre). Las diferencias entre las temperaturas ocsilan entre los 8\u00ba C y 10\u00ba C. Desde Noviembre hasta Enero, se presentan brisas fr\u00edas provenientes del norte dirigidas por las monta\u00f1as del norteam\u00e9rica,causando una peque\u00f1a baja en la temperatura. Costa Rica es uno de los pocos paises del mundo en que el viendo polar se acerca tanto al ecuador. Los meses m\u00e1s c\u00e1lidos son Marzo, Abril y Mayo y los meses m\u00e1s lluviosos son Setiembre y Octubre. Las lluvias varian desde menos de 1500 mm hasta los 4800 mm en los meses lluviosos. El patr\u00f3n promedio de lluvias en el pa\u00eds est\u00e1 en un rango desde los 2000 mm hasta los 4000 mm. Las precipitaciones se pueden presentar como aguaceros con impresionante rayer\u00eda y truenos, lluvia constante o un temporal (lluvia ligera constante por varios d\u00edas)<\/span><\/p>\n<p style=\"text-align: justify;\"><span style=\"font-family: arial, helvetica, sans-serif; font-size: 14pt;\">A\u00fan en la estaci\u00f3n lluviosa, no suele llover durante todo el d\u00eda todos los d\u00edas. Usualmente comienza a llover temprano despu\u00e9s del mediod\u00eda, esto en el Valle Central y otras \u00e1reas de gran altura, En las tierras bajas del Pac\u00edfico comienza a llover m\u00e1s tarde en la tarde. Cada estaci\u00f3n tiene sus caracter\u00edsticas \u00fanicas. En la estaci\u00f3n lluviosa la flora es abundante, con vibrante vida que llega hasta el alma. La estaci\u00f3n seca es ideal para las orqu\u00eddeas, bouganvilleas, reina de la noche, as\u00ed como los hermosos \u00e1rboles que solo florean durante esta estaci\u00f3n.<\/span><\/p>\n<p style=\"text-align: justify;\"><span style=\"font-family: arial, helvetica, sans-serif; font-size: 14pt;\">Costa Rica puede presumir de ser uno de los paises con m\u00e1s territorio dedicado a su conservaci\u00f3n en forma de \u00e1reas protegidas como los son: Reservas forestales, Reservas biol\u00f3gicas, Refugios de vida silvestre, y por supuesto los Parques Nacionales. Esas son buenas razones por las cuales muchos Europeos y Norte\u00e1mericanos, m\u00e1s alla de venir de visita, hacen de \u00e9ste pa\u00eds su hogar, sinedo alrededor de un 1% de la poblaci\u00f3n costarricense.<\/span><\/p>\n<h2 style=\"text-align: justify;\"><span style=\"font-family: 'arial black', sans-serif; font-size: 14pt; color: #339966;\">\u00bfD\u00f3nde se ubica Costa Rica?<\/span><br \/>\n<span style=\"font-family: arial, helvetica, sans-serif; font-size: 14pt;\">Localizaci\u00f3n de Costa Rica<\/span><\/h2>\n<p style=\"text-align: justify;\"><span style=\"font-family: arial, helvetica, sans-serif; font-size: 14pt;\">Costa Rica Location Junto a El Salvador, Costa Rica es uno de los pa\u00edses m\u00e1s peque\u00f1os en Am\u00e9rica Central, situado entre las latitudes 8\u00b003\u2019 y 11\u00b013\u2019 Latitud Norte, y las longitudes 82\u00b0 32\u2019 y 86\u00b0 Oeste. Bordeado por el Mar Caribe al este y el \u00d3ceano Pac\u00edfico al oeste, tiene un total de 1290 kil\u00f3metros de linea costera, 212 kilometros en la costa Atl\u00e1ntica y 1016 kil\u00f3metros en la costa Pac\u00edfica. La costa Pac\u00edfica presenta una serie de irregularidades como pen\u00ednsulas, golfos y bah\u00edas. Esta circumstancia facilita el establecimiento de puertos y desarrollo tur\u00edstico. Por otro lado la costa del Caribe es regular, pero inapropiada para este tipo de instalaciones.<\/span><\/p>\n<p style=\"text-align: justify;\"><span style=\"font-family: arial, helvetica, sans-serif; font-size: 14pt;\">Costa Rica limita al norte con Nicaragua, con una totalidad de 302 kil\u00f3metros de l\u00ednea fronteriza y al sureste limita con Panam\u00e1 su frontera alcanza los 639 kil\u00f3metros. El \u00e1rea de este pa\u00eds centro\u00e1mericano es de 51 100 kil\u00f3metros cuadrados. Las aguas territoriales de Costa Rica tienen un \u00e1rea total de 589 kil\u00f3metros cuadrados.<\/span><\/p>\n<p style=\"text-align: justify;\"><span style=\"font-family: arial, helvetica, sans-serif; font-size: 14pt;\">Costa Rica es una pa\u00eds monta\u00f1oso con muchos hermosos paisajes tales como volcanes o cordilleras. El Cerro Chirrip\u00f3 es el punto m\u00e1s alto con una elevaci\u00f3n de 3819 metros sobre el nivel del mar, El Chirrip\u00f3 es la quinta monta\u00f1a m\u00e1s alta de centroam\u00e9rica. El Volc\u00e1n Iraz\u00fa es el volc\u00e1n m\u00e1s alto en Costa Rica, con una elevaci\u00f3n de 3430 metros sobre el nivel del mar.<\/span><\/p>\n<p style=\"text-align: justify;\"><span style=\"font-family: arial, helvetica, sans-serif; font-size: 14pt;\">Costa Rica cuenta tambi\u00e9n con numerosas islas. La Isla del Coco es un para\u00edso de maravillas mar\u00edtimas naturales y est\u00e1 localizado a 550 kil\u00f3metros de Puntarenas. La Isla del Coco cuenta con un \u00e1rea de poco menos de 24 kil\u00f3metros cuadrados. La Isla m\u00e1s grande de Costa Rica es Isla Calero con un \u00e1rea de 151.6 kil\u00f3metros cuadrados. Costa Rica es tambi\u00e9n conocida por la protecci\u00f3n de sus recursos naturales con m\u00e1s de un 20% de su territorio siendo parte de una zona protegida.<\/span><\/p>\n<p style=\"text-align: justify;\"><span style=\"font-family: arial, helvetica, sans-serif; font-size: 14pt;\">Desde los or\u00edgenes como un territorio \u00edtsmico, ha sido un puente biol\u00f3gico donde distintas especies de flora y fauna coexisten, algunas pertenecen al ne\u00e1rtico, el neotr\u00f3pico y algunas a las indias occidentales. Debido a esta biodiversidad algunas zonas de vida han existido, incluyendo vistas costeras al nivel del mar y algunos paisajes deserticos a 3000 metros de altitud.<\/span><\/p>\n<p style=\"text-align: justify;\"><span style=\"font-family: arial, helvetica, sans-serif; font-size: 14pt;\">La biodiversidad del pa\u00eds permite tener un estudio interno de cerca de 360 diferentes especies de reptiles y anfibios (150 anfibios y 210 reptiles) aproximadamente 850 especies de aves (625 aves de nido y 225 son migratorias) m\u00e1s de 205 especies de mam\u00edferos, incluyendo murci\u00e9lagos y otros mam\u00edferos no alados.<\/span><\/p>\n<p style=\"text-align: justify;\"><span style=\"font-family: arial, helvetica, sans-serif; font-size: 14pt;\">Este sorprendente pa\u00eds es un perfecto destino de escape, para aqu\u00e9llos que busquen relajarse cerca de la naturaleza. Si desea revisar algunos paquetes de vacaciones visite:<\/span><\/p>\n<p style=\"text-align: justify;\"><span style=\"font-family: arial, helvetica, sans-serif; font-size: 14pt;\">www.costaricaguides.com<\/span><\/p>\n<p style=\"text-align: justify;\"><span style=\"font-family: arial, helvetica, sans-serif; font-size: 14pt;\">Area<\/span><br \/>\n<span style=\"font-family: arial, helvetica, sans-serif; font-size: 14pt;\">51,100 km2<\/span><\/p>\n<h2 style=\"text-align: justify;\"><span style=\"font-family: 'arial black', sans-serif; font-size: 14pt; color: #339966;\">Divisi\u00f3n Geogr\u00e1fica<\/span><\/h2>\n<p style=\"text-align: justify;\"><span style=\"font-family: arial, helvetica, sans-serif; font-size: 14pt;\">Political MapCosta Rica esta dividido en 7 provincias : Alajuela, Cartago, Guanacaste, Heredia, Lim\u00f3n, Puntarenas, &amp; San Jos\u00e9 (Capital del pa\u00eds).<\/span><\/p>\n<p style=\"text-align: justify;\"><span style=\"font-family: arial, helvetica, sans-serif; font-size: 14pt;\">Aqu\u00ed, la geograf\u00eda comprime una sorprendente cantidad de vida animal y vegetal dentro de una modesta \u00e1rea de 50 900 km2<\/span><\/p>\n<p style=\"text-align: justify;\"><span style=\"font-family: arial, helvetica, sans-serif; font-size: 14pt;\">Here, geography constricts a breathtaking amount of plant and animal life within a modest area of 19,563 square miles (50,900 sq. km), un \u00e1rea comparable en tama\u00f1o a Dinamarca o West Virginia. Dentro de esta diminuta naci\u00f3n se encuentra un sorprendente 5% de la biodiversidad del mundo, incluyendo m\u00e1s de 800 especies de helechos, 1.000 de orqu\u00eddeas, 2.000 tipos de \u00e1rboles y 200 especies de mam\u00edferos.<\/span><\/p>\n<p style=\"text-align: justify;\"><span style=\"font-family: arial, helvetica, sans-serif; font-size: 14pt;\">Ambas costas de Costa Rica tienen una abundancia de playas, a pesar de las m\u00e1rgenes del Pac\u00edfico son en general, tanto menos desarrolladas y menos espaciosas. Entre las costas, el interior del pa\u00eds est\u00e1 formado por cuatro cordilleras o cadenas monta\u00f1osas, que van de norte a sur. La capital, San Jos\u00e9, se encuentra m\u00e1s o menos en el centro del pa\u00eds, dentro de un valle en una localizaci\u00f3n de altura. En cascada hacia el Caribe desde las monta\u00f1as centrales, Costa Rica cuenta con muchos r\u00edos, entre ellos el R\u00edo Reventaz\u00f3n. El sector Pac\u00edfico est\u00e1 marcado por dos grandes pen\u00ednsulas que se enganchan en el Pac\u00edfico, estas son Nicoya y Osa, siendo una curiosidad geogr\u00e1fica que ambas tienen una estructura similar, siendo Osa como una copia en peque\u00f1o de Nicoya.<\/span><\/p>\n<p style=\"text-align: justify;\"><span style=\"font-family: arial, helvetica, sans-serif; font-size: 14pt;\">M\u00e1s sobre geograf\u00eda&#8230;<\/span><\/p>\n<h2 style=\"text-align: justify;\"><span style=\"font-family: 'arial black', sans-serif; font-size: 14pt; color: #339966;\">Clima<\/span><\/h2>\n<p style=\"text-align: justify;\"><span style=\"font-family: arial, helvetica, sans-serif; font-size: 14pt;\">El clima de Costa Rica es un renombrado deleite atm\u00f3sferico. Ligeras condiciones subtropicales prevalecen durante el a\u00f1o, y los extremos periodos grises y de temperaturas extremas son practicamente inexistentes. Las temperaturas varian de acuerdo a la altura, a m\u00e1s altura habr\u00e1 un clima m\u00e1s fr\u00edo. La parte m\u00e1s intensa de la estaci\u00f3n lluviosa dura desde Mayo a Noviembre, mientras que breves momentos de sequ\u00eda llegan desde Febrero hasta Abril. La parte m\u00e1s lluviosa de Costa Rica es el sector Caribe, mientras que la costa Pac\u00edfica se caracteriza por tener un clima m\u00e1s \u00e1rido.<\/span><\/p>\n<p style=\"text-align: justify;\"><span style=\"font-family: arial, helvetica, sans-serif; font-size: 14pt;\">Lea m\u00e1s sobre el clima de Costa Rica<\/span><br \/>\n<span style=\"font-family: arial, helvetica, sans-serif; font-size: 14pt;\">Parques Nacionales<\/span><\/p>\n<p style=\"text-align: justify;\"><span style=\"font-family: arial, helvetica, sans-serif; font-size: 14pt;\">Costa Rica tiene uno de los m\u00e1s grandes porcentajes de \u00e1reas protegidas en el mundo \u2013 cerca del 20% del territorio de Costa Rica esta constituido como un Parque Nacional o una Reserva. La mayor\u00eda de parques nacionales y reservas son f\u00e1cilmente accesibles desde cualquier lugar del pa\u00eds, haciendo de Costa Rica el destino perfecto si quiere estar rodeado de una exhuberante naturaleza. Las tarifas de las entradas a laosl Parques Nacionales van desde los $7 hasta los $15 por persona. Conozca un poco m\u00e1s sobre los Parques Nacionales de Costa Rica.<\/span><\/p>\n<h2 style=\"text-align: justify;\"><span style=\"font-family: 'arial black', sans-serif; font-size: 14pt; color: #339966;\">Gu\u00eda de Surf de Costa Rica<\/span><\/h2>\n<p style=\"text-align: justify;\"><span style=\"font-family: arial, helvetica, sans-serif; font-size: 14pt;\">Costa Rica se ha convertido en uno de los m\u00e1s populares destinos para los viajeros surfistas de alrededor del mundo. Viaje a Costa Rica y compruebe rapidamente el porqu\u00e9, un gran clima en todo el a\u00f1o, aguas tibias, gente amistosa y millones de olas viniendo de todas direcciones en ambas costas. <\/span><br \/>\n<span style=\"font-family: arial, helvetica, sans-serif; font-size: 14pt;\">Lenguajes<\/span><\/p>\n<p style=\"text-align: justify;\"><span style=\"font-family: arial, helvetica, sans-serif; font-size: 14pt;\">El lenguaje m\u00e1s hablado en Costa Rica es el espa\u00f1ol (97% de la poblaci\u00f3n) ; a pesar de que hay otros idiomas nativos usados dentro de las reservas ind\u00edgenas. Muchos negocios, en y alrededor de San Jos\u00e9, adem\u00e1s de hoteles tienen empleados que hablan en ingl\u00e9s.<\/span><br \/>\n<span style=\"font-family: arial, helvetica, sans-serif; font-size: 14pt;\">Electricidad<\/span><\/p>\n<h2 style=\"text-align: justify;\"><span style=\"font-family: arial, helvetica, sans-serif; font-size: 14pt;\">El voltaje es de 110 voltios. Los conectores suelen ser de 2 patillas sin la patilla de tierra.<\/span><br \/>\n<span style=\"font-family: 'arial black', sans-serif; font-size: 14pt; color: #339966;\">Moneda y Tipo de Cambio<\/span><\/h2>\n<p style=\"text-align: justify;\"><span style=\"font-family: arial, helvetica, sans-serif; font-size: 14pt;\">El Col\u00f3n (\u00a21.00) es la moneda nacional de Costa Rica. La tasa de cambio con respecto al d\u00f3lar puede variar d\u00eda con d\u00eda, por lo que sugerimos solo cambiar dinero en el sistema bancario nacional.<\/span><br \/>\n<span style=\"font-family: arial, helvetica, sans-serif; font-size: 14pt;\">Tarjetas de Cr\u00e9dito<\/span><\/p>\n<p style=\"text-align: justify;\"><span style=\"font-family: arial, helvetica, sans-serif; font-size: 14pt;\">Los cajeros autom\u00e1ticos (ATM&#8217;s) pueden ser encontrados en la mayor parte de poblados de Costa Rica. Las tarjetas de cr\u00e9dito internacionales m\u00e1s aceptadas en el pa\u00eds son: Visa, Master Card and American Express.<\/span><br \/>\n<span style=\"font-family: arial, helvetica, sans-serif; font-size: 14pt;\">Propinas<\/span><\/p>\n<p style=\"text-align: justify;\"><span style=\"font-family: arial, helvetica, sans-serif; font-size: 14pt;\">La mayor\u00eda de restaurantes incluyen un 10% de servicio adicional en la cuenta. Los taxistas no suelen pedir propina. Si se encuentra satisfecho con el servicio recibido por ejemplo por sirvientas, gu\u00edas tur\u00edsticos y choferes siempre se aprecia una propina.<\/span><\/p>\n<p>[\/vc_column_text][\/vc_column][\/vc_row]<\/p>\n<\/div>","protected":false},"excerpt":{"rendered":"<p>[vc_row][vc_column][vc_column_text] \u00bfPorqu\u00e9 visitar Costa Rica? Aunque Costa Rica es un pa\u00eds peque\u00f1o, tiene un gran valor biol\u00f3gico y una enorme diversidad de h\u00e1bitats debido a la convergencia de los dos hemisferios, dos oc\u00e9anos y su variante geograf\u00eda. Esto crea una gran variedad de paisajes para el viajero. Costa Rica cuenta con una cadena de monta\u00f1as [&hellip;]<\/p>\n","protected":false},"author":9,"featured_media":0,"parent":0,"menu_order":0,"comment_status":"closed","ping_status":"open","template":"templates\/template-with-right-sidebar.php","meta":{"_joinchat":[],"footnotes":""},"class_list":["post-7910","page","type-page","status-publish","hentry"],"_links":{"self":[{"href":"https:\/\/www.costaricaguides.com\/es\/wp-json\/wp\/v2\/pages\/7910","targetHints":{"allow":["GET"]}}],"collection":[{"href":"https:\/\/www.costaricaguides.com\/es\/wp-json\/wp\/v2\/pages"}],"about":[{"href":"https:\/\/www.costaricaguides.com\/es\/wp-json\/wp\/v2\/types\/page"}],"author":[{"embeddable":true,"href":"https:\/\/www.costaricaguides.com\/es\/wp-json\/wp\/v2\/users\/9"}],"replies":[{"embeddable":true,"href":"https:\/\/www.costaricaguides.com\/es\/wp-json\/wp\/v2\/comments?post=7910"}],"version-history":[{"count":1,"href":"https:\/\/www.costaricaguides.com\/es\/wp-json\/wp\/v2\/pages\/7910\/revisions"}],"predecessor-version":[{"id":11383,"href":"https:\/\/www.costaricaguides.com\/es\/wp-json\/wp\/v2\/pages\/7910\/revisions\/11383"}],"wp:attachment":[{"href":"https:\/\/www.costaricaguides.com\/es\/wp-json\/wp\/v2\/media?parent=7910"}],"curies":[{"name":"wp","href":"https:\/\/api.w.org\/{rel}","templated":true}]}}