{"id":7914,"date":"2015-08-14T14:25:26","date_gmt":"2015-08-14T14:25:26","guid":{"rendered":"http:\/\/costaricaguides.com\/es\/maps\/"},"modified":"2019-05-22T15:40:38","modified_gmt":"2019-05-22T15:40:38","slug":"maps","status":"publish","type":"page","link":"https:\/\/www.costaricaguides.com\/es\/maps\/","title":{"rendered":"Mapas de Costa Rica (mapas de referencia Costa Rica)"},"content":{"rendered":"<div class=\"wpb-content-wrapper\"><p>[vc_row][vc_column][vc_column_text]<\/p>\n<p style=\"text-align: justify;\"><span style=\"font-family: arial, helvetica, sans-serif; font-size: 14pt;\">Costa Rica es sin duda uno de los destinos vacacionales m\u00e1s populares de todo el mundo. Sin duda, es uno de los lugares m\u00e1s ex\u00f3ticos para visitar, ya que ofrece a los viajeros una variada topograf\u00eda incre\u00edble durante todo su territorio.<\/span><\/p>\n<p style=\"text-align: justify;\"><span style=\"font-family: arial, helvetica, sans-serif; font-size: 14pt;\">Desde las playas de arena caliente de bosques nubosos primarios, bosques tropicales y volcanes activos, este hermoso pa\u00eds atrae a m\u00e1s de dos millones de visitantes cada a\u00f1o.<\/span><\/p>\n<p style=\"text-align: justify;\"><span style=\"font-family: arial, helvetica, sans-serif; font-size: 14pt;\">Costa Rica se encuentra en el istmo centroamericano, bordeando el Mar Caribe (Oc\u00e9ano Atl\u00e1ntico) hacia el este y el Oc\u00e9ano Pac\u00edfico al oeste. Tambi\u00e9n limita con Nicaragua (al norte) y Panam\u00e1 (al sureste).<\/span><\/p>\n<p style=\"text-align: justify;\"><span style=\"font-family: arial, helvetica, sans-serif; font-size: 14pt;\">A continuaci\u00f3n puede encontrar una gran variedad de mapas de Costa Rica, mapas de San Jos\u00e9 Costa Rica y otros tipos de mapas de Costa Rica divididas en diferentes categor\u00edas:<\/span><\/p>\n<p style=\"text-align: justify;\"><span style=\"font-family: arial, helvetica, sans-serif; font-size: 14pt;\">Mapa de Costa Rica Clima: proporciona informaci\u00f3n general sobre el clima y la precipitaci\u00f3n del pa\u00eds.<\/span><\/p>\n<p style=\"text-align: justify;\"><span style=\"font-family: arial, helvetica, sans-serif; font-size: 14pt;\">Mapa econ\u00f3mica: muestra el tipo de recursos naturales o de actividades econ\u00f3micas en la Costa Rica.<\/span><\/p>\n<p style=\"text-align: justify;\"><span style=\"font-family: arial, helvetica, sans-serif; font-size: 14pt;\">Mapa f\u00edsico: ilustra las monta\u00f1as, volcanes, r\u00edos, lagos y playas a lo largo de Costa Rica.<\/span><\/p>\n<p style=\"text-align: justify;\"><span style=\"font-family: arial, helvetica, sans-serif; font-size: 14pt;\">Mapa pol\u00edtico: indica provincias, las fronteras nacionales y la capital del pa\u00eds y las principales ciudades.<\/span><\/p>\n<p style=\"text-align: justify;\"><span style=\"font-family: arial, helvetica, sans-serif; font-size: 14pt;\">Mapa de Costa Rica por carretera: caracter\u00edsticas principales autopistas y carreteras, aeropuertos, v\u00edas de ferrocarril, ciudades y lugares de inter\u00e9s en cada regi\u00f3n. Usted tambi\u00e9n encontrar\u00e1 las distancias y los tiempos de conducci\u00f3n a los principales lugares de inter\u00e9s.<\/span><\/p>\n<p style=\"text-align: justify;\"><span style=\"font-family: arial, helvetica, sans-serif; font-size: 14pt;\">Mapa de las Provincias: proporciona informaci\u00f3n de las provincias (Estados), l\u00edmites, caminos y lugares de inter\u00e9s.<\/span><\/p>\n<p style=\"text-align: justify;\"><span style=\"font-family: arial, helvetica, sans-serif; font-size: 14pt;\">Zonas tur\u00edsticas: Estos mapas muestran informaci\u00f3n detallada acerca de los detalles espec\u00edficos que los visitantes puedan requerir para la planificaci\u00f3n de sus vacaciones.<\/span><\/p>\n<p style=\"text-align: justify;\"><span style=\"font-family: arial, helvetica, sans-serif; font-size: 14pt;\">Explora diferentes mapas de Costa Rica por debajo de la hora de planificar sus pr\u00f3ximas vacaciones en Costa Rica.<\/span><\/p>\n<p>[\/vc_column_text][\/vc_column][\/vc_row][vc_row][vc_column][vc_gmaps link=\u00bb#E-8_JTNDaWZyYW1lJTIwc3JjJTNEJTIyaHR0cHMlM0ElMkYlMkZ3d3cuZ29vZ2xlLmNvbSUyRm1hcHMlMkZlbWJlZCUzRnBiJTNEJTIxMW0xOCUyMTFtMTIlMjExbTMlMjExZDIwMTQwMDAuMDg2MzUzNzQzNyUyMTJkLTg0LjI1NDE4NDM1JTIxM2Q5LjYzMDE4OTE5OTk5OTk5OCUyMTJtMyUyMTFmMCUyMTJmMCUyMTNmMCUyMTNtMiUyMTFpMTAyNCUyMTJpNzY4JTIxNGYxMy4xJTIxM20zJTIxMW0yJTIxMXMweDhmOTJlNTYyMjFhY2M5MjUlMjUzQTB4NjI1NGY3MjUzNTgxOWEyYiUyMTJzQ29zdGElMkJSaWNhJTIxNWUwJTIxM20yJTIxMXNlbiUyMTJzJTIxNHYxNDQzMzMwODM3MTM0JTIyJTIwd2lkdGglM0QlMjI2MDAlMjIlMjBoZWlnaHQlM0QlMjI0NTAlMjIlMjBmcmFtZWJvcmRlciUzRCUyMjAlMjIlMjBzdHlsZSUzRCUyMmJvcmRlciUzQTAlMjIlMjBhbGxvd2Z1bGxzY3JlZW4lM0UlM0MlMkZpZnJhbWUlM0U=\u00bb size=\u00bb450&#8243; title=\u00bbCosta Rica\u00bb][\/vc_column][\/vc_row][vc_row][vc_column width=\u00bb1\/3&#8243;][vc_gmaps link=\u00bb#E-8_JTNDaWZyYW1lJTIwc3JjJTNEJTIyaHR0cHMlM0ElMkYlMkZ3d3cuZ29vZ2xlLmNvbSUyRm1hcHMlMkZlbWJlZCUzRnBiJTNEJTIxMW0xOCUyMTFtMTIlMjExbTMlMjExZDEwMDY5ODcuOTEyNjU0MDElMjEyZC04My45OTY1NDI5OTk5OTk5NyUyMTNkOS42MzQyNTU5OTk5OTk5OTUlMjEybTMlMjExZjAlMjEyZjAlMjEzZjAlMjEzbTIlMjExaTEwMjQlMjEyaTc2OCUyMTRmMTMuMSUyMTNtMyUyMTFtMiUyMTFzMHg4ZmEwZTM0MmM1MGQxNWM1JTI1M0EweGZmOGVhYzI5NjQ0M2U4MzYlMjEyc1NhbiUyQkpvc2UlMjUyQyUyQkNvc3RhJTJCUmljYSUyMTVlMCUyMTNtMiUyMTFzZW4lMjEycyUyMTR2MTQ0MzMzMTQ5NDA5NiUyMiUyMHdpZHRoJTNEJTIyNjAwJTIyJTIwaGVpZ2h0JTNEJTIyNDUwJTIyJTIwZnJhbWVib3JkZXIlM0QlMjIwJTIyJTIwc3R5bGUlM0QlMjJib3JkZXIlM0EwJTIyJTIwYWxsb3dmdWxsc2NyZWVuJTNFJTNDJTJGaWZyYW1lJTNF\u00bb title=\u00bbSan Jos\u00e9- Costa Rica\u00bb][\/vc_column][vc_column width=\u00bb1\/3&#8243;][vc_gmaps link=\u00bb#E-8_JTNDaWZyYW1lJTIwc3JjJTNEJTIyaHR0cHMlM0ElMkYlMkZ3d3cuZ29vZ2xlLmNvbSUyRm1hcHMlMkZlbWJlZCUzRnBiJTNEJTIxMW0xOCUyMTFtMTIlMjExbTMlMjExZDE1NjkzLjU1NzQ1NTAwNDUlMjEyZC04NC42NDAzODgzNTAwMDAwMSUyMTNkMTAuNDY5OTQwMjUwMDAwMDElMjEybTMlMjExZjAlMjEyZjAlMjEzZjAlMjEzbTIlMjExaTEwMjQlMjEyaTc2OCUyMTRmMTMuMSUyMTNtMyUyMTFtMiUyMTFzMHg4ZmEwMGM4OTA2NjBlOTk5JTI1M0EweDY5ZTNhODdiZDI1NzJjZTYlMjEyc0xhJTJCRm9ydHVuYSUyNTJDJTJCQ29zdGElMkJSaWNhJTIxNWUwJTIxM20yJTIxMXNlbiUyMTJzJTIxNHYxNDQzMzMxMjcxMDgxJTIyJTIwd2lkdGglM0QlMjI2MDAlMjIlMjBoZWlnaHQlM0QlMjI0NTAlMjIlMjBmcmFtZWJvcmRlciUzRCUyMjAlMjIlMjBzdHlsZSUzRCUyMmJvcmRlciUzQTAlMjIlMjBhbGxvd2Z1bGxzY3JlZW4lM0UlM0MlMkZpZnJhbWUlM0U=\u00bb title=\u00bbLa Fortuna San Carlos\u00bb][\/vc_column][vc_column width=\u00bb1\/3&#8243;][vc_gmaps link=\u00bb#E-8_JTNDaWZyYW1lJTIwc3JjJTNEJTIyaHR0cHMlM0ElMkYlMkZ3d3cuZ29vZ2xlLmNvbSUyRm1hcHMlMkZlbWJlZCUzRnBiJTNEJTIxMW0xOCUyMTFtMTIlMjExbTMlMjExZDc4NzIuMzE0MDc5MTcxNDE5JTIxMmQtODQuMTUzOTAwMjAwMDAwMDElMjEzZDkuNDA3NjE1MjUwMDAwMDAxJTIxMm0zJTIxMWYwJTIxMmYwJTIxM2YwJTIxM20yJTIxMWkxMDI0JTIxMmk3NjglMjE0ZjEzLjElMjEzbTMlMjExbTIlMjExczB4OGZhMTcxN2Q1NDVmNTljNyUyNTNBMHg1YjA2Mjk2YTY3MzJiYWNlJTIxMnNNYW51ZWwlMkJBbnRvbmlvJTI1MkMlMkJRdWVwb3MlMjUyQyUyQkNvc3RhJTJCUmljYSUyMTVlMCUyMTNtMiUyMTFzZW4lMjEycyUyMTR2MTQ0MzMzMTM2MDI1OCUyMiUyMHdpZHRoJTNEJTIyNjAwJTIyJTIwaGVpZ2h0JTNEJTIyNDUwJTIyJTIwZnJhbWVib3JkZXIlM0QlMjIwJTIyJTIwc3R5bGUlM0QlMjJib3JkZXIlM0EwJTIyJTIwYWxsb3dmdWxsc2NyZWVuJTNFJTNDJTJGaWZyYW1lJTNF\u00bb title=\u00bbManuel Antonio\u00bb][\/vc_column][\/vc_row][vc_row][vc_column][vc_column_text]<\/p>\n<p style=\"text-align: center;\"><span style=\"color: #51a22a;\"><strong><span style=\"font-family: arial, helvetica, sans-serif; font-size: 18pt;\">Costa Rica Geograf\u00eda f\u00edsica<\/span><\/strong><\/span><\/p>\n<p style=\"text-align: justify;\"><span style=\"font-family: arial, helvetica, sans-serif; font-size: 14pt;\">El territorio de Costa Rica es llano con amplias zonas monta\u00f1osas &#8211; incluyendo la Cordillera de Talamanca y la Cordillera Central. Las escarpadas monta\u00f1as forman la columna vertebral de Costa Rica, que separa las costas del Caribe y del Pac\u00edfico.<\/span><br \/>\n<span style=\"font-family: arial, helvetica, sans-serif; font-size: 14pt;\">Rangos de monta\u00f1a de Costa Rica<\/span><\/p>\n<p style=\"text-align: justify;\"><span style=\"font-family: arial, helvetica, sans-serif; font-size: 14pt;\">Tilar\u00e1n Cordillera<\/span><br \/>\n<span style=\"font-family: arial, helvetica, sans-serif; font-size: 14pt;\">El Range Tilar\u00e1n se encuentra en Abangares, Guanacaste, comenzando en el lado este del lago Arenal, cerca del Volc\u00e1n Arenal. Al margen de esta cordillera es Monteverde, uno de los destinos de ecoturismo m\u00e1s populares en el pa\u00eds.<\/span><\/p>\n<p style=\"text-align: justify;\"><span style=\"font-family: arial, helvetica, sans-serif; font-size: 14pt;\">Cordillera Central<\/span><br \/>\n<span style=\"font-family: arial, helvetica, sans-serif; font-size: 14pt;\">La Cordillera Central, conocida como la &#8216;Cordillera Central&#8217;, sigue la divisoria continental al este de la cordillera de Tilar\u00e1n. Cuatro volcanes importantes comprenden la gama &#8211; Po\u00e1s, Barva, Iraz\u00fa y Turrialba.<\/span><\/p>\n<p style=\"text-align: justify;\"><span style=\"font-family: arial, helvetica, sans-serif; font-size: 14pt;\">Cordillera de Guanacaste<\/span><br \/>\n<span style=\"font-family: arial, helvetica, sans-serif; font-size: 14pt;\">Esta gama se encuentra en la norte\u00f1a provincia de Guanacaste y es parte de la regi\u00f3n sur de la Cordillera Central. Su pico m\u00e1s alto es el volc\u00e1n Miravalles (2.028 metros).<\/span><\/p>\n<p style=\"text-align: justify;\"><span style=\"font-family: arial, helvetica, sans-serif; font-size: 14pt;\">Cordillera de Talamanca<\/span><br \/>\n<span style=\"font-family: arial, helvetica, sans-serif; font-size: 14pt;\">La mayor parte de la Cordillera de Talamanca se encuentra dentro del Parque Internacional La Amistad, que es parte de Costa Rica y Panam\u00e1.<\/span><\/p>\n<p style=\"text-align: justify;\"><span style=\"font-family: arial, helvetica, sans-serif; font-size: 14pt;\">Escaz\u00fa Hills<\/span><br \/>\n<span style=\"font-family: arial, helvetica, sans-serif; font-size: 14pt;\">El Escaz\u00fa Hills es parte de la porci\u00f3n norte de la Cordillera de Talamanca, bordeando el Valle Central hacia el sur.<\/span><\/p>\n<p style=\"text-align: justify;\"><span style=\"font-family: arial, helvetica, sans-serif; font-size: 14pt;\">Tiempo y Ecolog\u00eda de Costa Rica<\/span><br \/>\n<span style=\"font-family: arial, helvetica, sans-serif; font-size: 14pt;\">Ser parte del Neotr\u00f3pico, Costa Rica tiene dos climas &#8211; tropicales y subtropicales. Costa Rica es tambi\u00e9n parte de diferentes eco-regiones, incluidos los bosques estacionales h\u00famedos, bosques secos, manglares y peque\u00f1as islas en el Pac\u00edfico.<\/span><\/p>\n<p style=\"text-align: justify;\"><span style=\"font-family: arial, helvetica, sans-serif; font-size: 14pt;\">Recursos Naturales de Costa Rica<\/span><br \/>\n<span style=\"font-family: arial, helvetica, sans-serif; font-size: 14pt;\">La producci\u00f3n el\u00e9ctrica de Costa Rica depende principalmente de los r\u00edos y lagos del pa\u00eds &#8211; la energ\u00eda hidroel\u00e9ctrica es de aproximadamente 80% de la energ\u00eda de Costa Rica. La electricidad tambi\u00e9n es generado por el petr\u00f3leo, la energ\u00eda geot\u00e9rmica, la solar y la e\u00f3lica.<\/span><\/p>\n<p style=\"text-align: justify;\"><span style=\"font-family: arial, helvetica, sans-serif; font-size: 14pt;\">\u00c1reas Protegidas de Costa Rica<\/span><br \/>\n<span style=\"font-family: arial, helvetica, sans-serif; font-size: 14pt;\">Sistema de parques nacionales de Costa Rica es administrado por el SINAC (Sistema Nacional de \u00c1reas de Conservaci\u00f3n), que protege a los 26 parques nacionales y m\u00e1s de 150 \u00e1reas protegidas en todo el pa\u00eds. Adem\u00e1s de los parques nacionales del pa\u00eds, otros tipos de \u00e1reas protegidas son los siguientes:<\/span><\/p>\n<p style=\"text-align: justify;\"><span style=\"font-family: arial, helvetica, sans-serif; font-size: 14pt;\">Refugios Nacionales de Vida Silvestre<\/span><br \/>\n<span style=\"font-family: arial, helvetica, sans-serif; font-size: 14pt;\">Reservas Biol\u00f3gicas<\/span><br \/>\n<span style=\"font-family: arial, helvetica, sans-serif; font-size: 14pt;\">Zonas de Protecci\u00f3n<\/span><br \/>\n<span style=\"font-family: arial, helvetica, sans-serif; font-size: 14pt;\">Absolute Reservas Naturales<\/span><\/p>\n<p style=\"text-align: justify;\"><span style=\"font-family: arial, helvetica, sans-serif; font-size: 14pt;\">\u00c1reas protegidas de Costa Rica comprenden m\u00e1s de una cuarta parte del territorio del pa\u00eds.<\/span><\/p>\n<p style=\"text-align: justify;\"><span style=\"font-family: arial, helvetica, sans-serif; font-size: 14pt;\">Parque Nacional Tortuguero<\/span><\/p>\n<p style=\"text-align: justify;\"><span style=\"font-family: arial, helvetica, sans-serif; font-size: 14pt;\">El Parque Nacional Tortuguero es uno de los sitios de anidaci\u00f3n m\u00e1s importantes en el mundo para las tortugas marinas como las tortugas la\u00fad gigantes, las tortugas marinas verdes y las tortugas carey. De julio a septiembre, miles de tortugas llegan a la costa a lo largo de estas playas de fama mundial para poner sus huevos. Parque Nacional Tortuguero cuenta con 11 h\u00e1bitats ecol\u00f3gicos y permite una gran diversidad de fauna y flora que se observa a la mano. Es muy com\u00fan encontrar monos ara\u00f1a, monos aulladores y monos blancos de cara balanceo a trav\u00e9s de los \u00e1rboles, as\u00ed como cientos de especies de aves y vida silvestre, incluyendo tigre Garzas, Boas, Caimon de, Murci\u00e9lagos \u00c1rbol, iguanas y mucho m\u00e1s.<\/span><\/p>\n<p style=\"text-align: justify;\"><span style=\"font-family: arial, helvetica, sans-serif; font-size: 14pt;\">Tratados Ambientales<\/span><\/p>\n<p style=\"text-align: justify;\"><span style=\"font-family: arial, helvetica, sans-serif; font-size: 14pt;\">Costa Rica ha participado en varios tratados ambientales, incluyendo los siguientes:<\/span><\/p>\n<p style=\"text-align: justify;\"><span style=\"font-family: arial, helvetica, sans-serif; font-size: 14pt;\">Convenio sobre la Diversidad Biol\u00f3gica<\/span><br \/>\n<span style=\"font-family: arial, helvetica, sans-serif; font-size: 14pt;\">Protocolo Montreal<\/span><br \/>\n<span style=\"font-family: arial, helvetica, sans-serif; font-size: 14pt;\">Convenio sobre la Modificaci\u00f3n Ambiental<\/span><br \/>\n<span style=\"font-family: arial, helvetica, sans-serif; font-size: 14pt;\">Convenci\u00f3n de Ramsar<\/span><br \/>\n<span style=\"font-family: arial, helvetica, sans-serif; font-size: 14pt;\">Convenci\u00f3n Marco de Naciones Unidas sobre el Cambio Clim\u00e1tico<\/span><br \/>\n<span style=\"font-family: arial, helvetica, sans-serif; font-size: 14pt;\">Convenci\u00f3n de Especies Amenazadas<\/span><br \/>\n<span style=\"font-family: arial, helvetica, sans-serif; font-size: 14pt;\">Convenci\u00f3n Internacional para la Regulaci\u00f3n de la Caza de Ballenas<\/span><br \/>\n<span style=\"font-family: arial, helvetica, sans-serif; font-size: 14pt;\">Convenci\u00f3n sobre la Desertificaci\u00f3n<\/span><br \/>\n<span style=\"font-family: arial, helvetica, sans-serif; font-size: 14pt;\">Convenio de Basilea<\/span><br \/>\n<span style=\"font-family: arial, helvetica, sans-serif; font-size: 14pt;\">Convenci\u00f3n sobre el Derecho del Mar<\/span><br \/>\n<span style=\"font-family: arial, helvetica, sans-serif; font-size: 14pt;\">Convenio sobre la marina Dumping<\/span><br \/>\n<span style=\"font-family: arial, helvetica, sans-serif; font-size: 14pt;\">Completa de los Ensayos Tratado de Prohibici\u00f3n<\/span><\/p>\n<p>[\/vc_column_text][\/vc_column][\/vc_row]<\/p>\n<\/div>","protected":false},"excerpt":{"rendered":"<p>[vc_row][vc_column][vc_column_text] Costa Rica es sin duda uno de los destinos vacacionales m\u00e1s populares de todo el mundo. Sin duda, es uno de los lugares m\u00e1s ex\u00f3ticos para visitar, ya que ofrece a los viajeros una variada topograf\u00eda incre\u00edble durante todo su territorio. Desde las playas de arena caliente de bosques nubosos primarios, bosques tropicales y [&hellip;]<\/p>\n","protected":false},"author":9,"featured_media":0,"parent":0,"menu_order":0,"comment_status":"closed","ping_status":"closed","template":"templates\/template-with-right-sidebar.php","meta":{"_joinchat":[],"footnotes":""},"class_list":["post-7914","page","type-page","status-publish","hentry"],"_links":{"self":[{"href":"https:\/\/www.costaricaguides.com\/es\/wp-json\/wp\/v2\/pages\/7914","targetHints":{"allow":["GET"]}}],"collection":[{"href":"https:\/\/www.costaricaguides.com\/es\/wp-json\/wp\/v2\/pages"}],"about":[{"href":"https:\/\/www.costaricaguides.com\/es\/wp-json\/wp\/v2\/types\/page"}],"author":[{"embeddable":true,"href":"https:\/\/www.costaricaguides.com\/es\/wp-json\/wp\/v2\/users\/9"}],"replies":[{"embeddable":true,"href":"https:\/\/www.costaricaguides.com\/es\/wp-json\/wp\/v2\/comments?post=7914"}],"version-history":[{"count":1,"href":"https:\/\/www.costaricaguides.com\/es\/wp-json\/wp\/v2\/pages\/7914\/revisions"}],"predecessor-version":[{"id":11404,"href":"https:\/\/www.costaricaguides.com\/es\/wp-json\/wp\/v2\/pages\/7914\/revisions\/11404"}],"wp:attachment":[{"href":"https:\/\/www.costaricaguides.com\/es\/wp-json\/wp\/v2\/media?parent=7914"}],"curies":[{"name":"wp","href":"https:\/\/api.w.org\/{rel}","templated":true}]}}