{"id":7919,"date":"2014-11-06T10:30:53","date_gmt":"2014-11-06T10:30:53","guid":{"rendered":"http:\/\/costaricaguides.com\/es\/blog-with-right-sidebar\/"},"modified":"2019-05-22T15:40:38","modified_gmt":"2019-05-22T15:40:38","slug":"blog-with-right-sidebar","status":"publish","type":"page","link":"https:\/\/www.costaricaguides.com\/es\/blog-with-right-sidebar\/","title":{"rendered":"News About Costa Rica"},"content":{"rendered":"<div class=\"wpb-content-wrapper\">\r\n\r\r\n<div class=\"page\">\r\r\n\t<div class=\"post-content\">\r\r\n\t\t<div class=\"blog-infinite\">\r\r\n\t\t\t\r\n\r\r\n<div id=\"post-12209\" class=\"post-12209 post type-post status-publish format-standard has-post-thumbnail hentry category-destinos-favoritos category-types-of-trips\">\r\r\n\t<div class=\"post-content-wrapper\">\r\r\n\t\t<figure class=\"image-container\"><img loading=\"lazy\" decoding=\"async\" width=\"800\" height=\"600\" src=\"https:\/\/www.costaricaguides.com\/wp-content\/uploads\/2020\/05\/ecologia-arenal.jpg\" class=\"attachment-post-thumbnail size-post-thumbnail wp-post-image\" alt=\"\" srcset=\"https:\/\/www.costaricaguides.com\/wp-content\/uploads\/2020\/05\/ecologia-arenal.jpg 800w, https:\/\/www.costaricaguides.com\/wp-content\/uploads\/2020\/05\/ecologia-arenal-300x225.jpg 300w\" sizes=\"auto, (max-width: 800px) 100vw, 800px\" \/><\/figure>\r\n\r\r\n\t\t<div class=\"details\">\r\r\n\t\t\t<h2 class=\"entry-title\"><a href=\"https:\/\/www.costaricaguides.com\/es\/arenal-el-pueblo-mas-ecologico-del-pais\/\">Arenal, el pueblo m\u00e1s ecol\u00f3gico del pa\u00eds<\/a><\/h2>\r\r\n\t\t\t<div class=\"excerpt-container entry-content\">\r\r\n\t\t\t\t<p><p>[vc_row][vc_column][vc_column_text]El Volc\u00e1n Arenal ocupa el segundo lugar en la lista de las 7 maravillas naturales de Costa Rica. Si al ir por la carretera observa el cono geom\u00e9tricamente perfecto del Volc\u00e1n Arenal es porque ha llegado a La Fortuna de San Carlos. Un peque\u00f1o pueblo pintoresco que se ha diferenciado a nivel mundial por ser [&hellip;]<\/p>\n<\/p>\r\r\n\t\t\t<\/div>\r\r\n\t\t\t<div class=\"post-meta\">\r\r\n\t\t\t\t<div class=\"entry-date\">\r\r\n\t\t\t\t\t<label class=\"date\">19<\/label>\r\r\n\t\t\t\t\t<label class=\"month\">May<\/label>\r\r\n\t\t\t\t<\/div>\r\r\n\t\t\t\t<div class=\"entry-author fn\">\r\r\n\t\t\t\t\t<i class=\"icon soap-icon-user\"><\/i> Posted By:\r\r\n\t\t\t\t\t<a href=\"https:\/\/www.costaricaguides.com\/es\/author\/coral\/\" title=\"Entradas de coral\" rel=\"author\">coral<\/a>\r\n\t\t\t\t<\/div>\r\r\n\t\t\t\t<div class=\"entry-action\">\r\r\n\t\t\t\t\t<a href=\"https:\/\/www.costaricaguides.com\/es\/arenal-el-pueblo-mas-ecologico-del-pais\/#respond\" class=\"button entry-comment btn-small\"><i class=\"soap-icon-comment\"><\/i>\r\r\n\t\t\t\t\t\t<span>\r\r\n\t\t\t\t\t\t\tNo Comments\r\n\t\t\t\t\t\t<\/span>\r\r\n\t\t\t\t\t<\/a>\r\r\n\t\t\t\t\t\r\n\t\t\t\t\t\r\n\t\t\t\t<\/div>\r\r\n\t\t\t<\/div>\r\r\n\t\t<\/div>\r\r\n\t<\/div>\r\r\n<\/div>\r\n\r\r\n<div id=\"post-10306\" class=\"post-10306 post type-post status-publish format-standard has-post-thumbnail hentry category-destinos-favoritos\">\r\r\n\t<div class=\"post-content-wrapper\">\r\r\n\t\t<figure class=\"image-container\"><img loading=\"lazy\" decoding=\"async\" width=\"800\" height=\"470\" src=\"https:\/\/www.costaricaguides.com\/wp-content\/uploads\/2017\/10\/Doka-blog.jpg\" class=\"attachment-post-thumbnail size-post-thumbnail wp-post-image\" alt=\"\" srcset=\"https:\/\/www.costaricaguides.com\/wp-content\/uploads\/2017\/10\/Doka-blog.jpg 800w, https:\/\/www.costaricaguides.com\/wp-content\/uploads\/2017\/10\/Doka-blog-300x176.jpg 300w, https:\/\/www.costaricaguides.com\/wp-content\/uploads\/2017\/10\/Doka-blog-270x160.jpg 270w\" sizes=\"auto, (max-width: 800px) 100vw, 800px\" \/><\/figure>\r\n\r\r\n\t\t<div class=\"details\">\r\r\n\t\t\t<h2 class=\"entry-title\"><a href=\"https:\/\/www.costaricaguides.com\/es\/doka-estate-y-la-paz-waterfall-gardens\/\">Doka Estate y La Paz Waterfall Gardens<\/a><\/h2>\r\r\n\t\t\t<div class=\"excerpt-container entry-content\">\r\r\n\t\t\t\t<p><p>[vc_row][vc_column][vc_column_text] La historia del caf\u00e9 y una visita a la selva. Para conocer las maravillas de Costa Rica son necesarios muchos d\u00edas, quiz\u00e1s meses o a\u00f1os. Sin embargo poco a poco se puede ir descubriendo el verdadero oro de este pa\u00eds. Un tour de un d\u00eda puede permitirnos vivir esas experiencias, en poco tiempo. Esta [&hellip;]<\/p>\n<\/p>\r\r\n\t\t\t<\/div>\r\r\n\t\t\t<div class=\"post-meta\">\r\r\n\t\t\t\t<div class=\"entry-date\">\r\r\n\t\t\t\t\t<label class=\"date\">26<\/label>\r\r\n\t\t\t\t\t<label class=\"month\">Oct<\/label>\r\r\n\t\t\t\t<\/div>\r\r\n\t\t\t\t<div class=\"entry-author fn\">\r\r\n\t\t\t\t\t<i class=\"icon soap-icon-user\"><\/i> Posted By:\r\r\n\t\t\t\t\t<a href=\"https:\/\/www.costaricaguides.com\/es\/author\/costa-rica-guides\/\" title=\"Entradas de Costa Rica Guides\" rel=\"author\">Costa Rica Guides<\/a>\r\n\t\t\t\t<\/div>\r\r\n\t\t\t\t<div class=\"entry-action\">\r\r\n\t\t\t\t\t<a href=\"https:\/\/www.costaricaguides.com\/es\/doka-estate-y-la-paz-waterfall-gardens\/#respond\" class=\"button entry-comment btn-small\"><i class=\"soap-icon-comment\"><\/i>\r\r\n\t\t\t\t\t\t<span>\r\r\n\t\t\t\t\t\t\tNo Comments\r\n\t\t\t\t\t\t<\/span>\r\r\n\t\t\t\t\t<\/a>\r\r\n\t\t\t\t\t\r\n\t\t\t\t\t\r\n\t\t\t\t<\/div>\r\r\n\t\t\t<\/div>\r\r\n\t\t<\/div>\r\r\n\t<\/div>\r\r\n<\/div>\r\n\r\r\n<div id=\"post-9605\" class=\"post-9605 post type-post status-publish format-standard has-post-thumbnail hentry category-fechas-importantes tag-dia-de-la-madre-tierra\">\r\r\n\t<div class=\"post-content-wrapper\">\r\r\n\t\t<figure class=\"image-container\"><img loading=\"lazy\" decoding=\"async\" width=\"950\" height=\"454\" src=\"https:\/\/www.costaricaguides.com\/wp-content\/uploads\/2016\/04\/dia-de-la-madre-tierra.jpg\" class=\"attachment-post-thumbnail size-post-thumbnail wp-post-image\" alt=\"dia de la madre tierra\" srcset=\"https:\/\/www.costaricaguides.com\/wp-content\/uploads\/2016\/04\/dia-de-la-madre-tierra.jpg 950w, https:\/\/www.costaricaguides.com\/wp-content\/uploads\/2016\/04\/dia-de-la-madre-tierra-300x143.jpg 300w\" sizes=\"auto, (max-width: 950px) 100vw, 950px\" \/><\/figure>\r\n\r\r\n\t\t<div class=\"details\">\r\r\n\t\t\t<h2 class=\"entry-title\"><a href=\"https:\/\/www.costaricaguides.com\/es\/dia-internacional-de-la-tierra\/\">D\u00eda Internacional de la Tierra<\/a><\/h2>\r\r\n\t\t\t<div class=\"excerpt-container entry-content\">\r\r\n\t\t\t\t<p><p>[vc_row][vc_column][vc_column_text] El D\u00eda de la Tierra es un d\u00eda celebrado en muchos pa\u00edses. Su promotor, el senador estadounidense Gaylord Nelson, instaur\u00f3 este d\u00eda para crear una conciencia com\u00fan a los problemas de la superpoblaci\u00f3n, la producci\u00f3n de contaminaci\u00f3n, la conservaci\u00f3n de la biodiversidad y otras preocupaciones ambientales para proteger la Tierra. Es un d\u00eda para [&hellip;]<\/p>\n<\/p>\r\r\n\t\t\t<\/div>\r\r\n\t\t\t<div class=\"post-meta\">\r\r\n\t\t\t\t<div class=\"entry-date\">\r\r\n\t\t\t\t\t<label class=\"date\">22<\/label>\r\r\n\t\t\t\t\t<label class=\"month\">Abr<\/label>\r\r\n\t\t\t\t<\/div>\r\r\n\t\t\t\t<div class=\"entry-author fn\">\r\r\n\t\t\t\t\t<i class=\"icon soap-icon-user\"><\/i> Posted By:\r\r\n\t\t\t\t\t<a href=\"https:\/\/www.costaricaguides.com\/es\/author\/costa-rica-guides\/\" title=\"Entradas de Costa Rica Guides\" rel=\"author\">Costa Rica Guides<\/a>\r\n\t\t\t\t<\/div>\r\r\n\t\t\t\t<div class=\"entry-action\">\r\r\n\t\t\t\t\t<a href=\"https:\/\/www.costaricaguides.com\/es\/dia-internacional-de-la-tierra\/#respond\" class=\"button entry-comment btn-small\"><i class=\"soap-icon-comment\"><\/i>\r\r\n\t\t\t\t\t\t<span>\r\r\n\t\t\t\t\t\t\tNo Comments\r\n\t\t\t\t\t\t<\/span>\r\r\n\t\t\t\t\t<\/a>\r\r\n\t\t\t\t\t\r\n\t\t\t\t\t\r\n\t\t\t\t\t\t<span class=\"entry-tags\"><i class=\"soap-icon-features\"><\/i><span><a href=\"https:\/\/www.costaricaguides.com\/es\/tag\/dia-de-la-madre-tierra\/\" rel=\"tag\">dia de la madre tierra<\/a><\/span><\/span>\r\r\n\t\t\t\t\t\r\n\t\t\t\t<\/div>\r\r\n\t\t\t<\/div>\r\r\n\t\t<\/div>\r\r\n\t<\/div>\r\r\n<\/div>\r\n\r\r\n<div id=\"post-9534\" class=\"post-9534 post type-post status-publish format-standard has-post-thumbnail hentry category-fechas-importantes tag-dia-mundial-de-la-salud tag-health-day-es\">\r\r\n\t<div class=\"post-content-wrapper\">\r\r\n\t\t<figure class=\"image-container\"><img loading=\"lazy\" decoding=\"async\" width=\"960\" height=\"348\" src=\"https:\/\/www.costaricaguides.com\/wp-content\/uploads\/2016\/04\/salud.jpg\" class=\"attachment-post-thumbnail size-post-thumbnail wp-post-image\" alt=\"Dia Mundial de la Salud\" srcset=\"https:\/\/www.costaricaguides.com\/wp-content\/uploads\/2016\/04\/salud.jpg 960w, https:\/\/www.costaricaguides.com\/wp-content\/uploads\/2016\/04\/salud-300x109.jpg 300w\" sizes=\"auto, (max-width: 960px) 100vw, 960px\" \/><\/figure>\r\n\r\r\n\t\t<div class=\"details\">\r\r\n\t\t\t<h2 class=\"entry-title\"><a href=\"https:\/\/www.costaricaguides.com\/es\/the-world-health-day\/\">D\u00eda Mundial de la Salud<\/a><\/h2>\r\r\n\t\t\t<div class=\"excerpt-container entry-content\">\r\r\n\t\t\t\t<p><p>El D\u00eda Mundial de la Salud se celebra el 7 de abril todos los a\u00f1os para conmemorar el aniversario de la fundaci\u00f3n de la Organizaci\u00f3n Mundial de la Salud en 1948.<br \/>\nSe viene celebrando desde el 1950.<\/p>\n<\/p>\r\r\n\t\t\t<\/div>\r\r\n\t\t\t<div class=\"post-meta\">\r\r\n\t\t\t\t<div class=\"entry-date\">\r\r\n\t\t\t\t\t<label class=\"date\">07<\/label>\r\r\n\t\t\t\t\t<label class=\"month\">Abr<\/label>\r\r\n\t\t\t\t<\/div>\r\r\n\t\t\t\t<div class=\"entry-author fn\">\r\r\n\t\t\t\t\t<i class=\"icon soap-icon-user\"><\/i> Posted By:\r\r\n\t\t\t\t\t<a href=\"https:\/\/www.costaricaguides.com\/es\/author\/costa-rica-guides\/\" title=\"Entradas de Costa Rica Guides\" rel=\"author\">Costa Rica Guides<\/a>\r\n\t\t\t\t<\/div>\r\r\n\t\t\t\t<div class=\"entry-action\">\r\r\n\t\t\t\t\t<a href=\"https:\/\/www.costaricaguides.com\/es\/the-world-health-day\/#respond\" class=\"button entry-comment btn-small\"><i class=\"soap-icon-comment\"><\/i>\r\r\n\t\t\t\t\t\t<span>\r\r\n\t\t\t\t\t\t\tNo Comments\r\n\t\t\t\t\t\t<\/span>\r\r\n\t\t\t\t\t<\/a>\r\r\n\t\t\t\t\t\r\n\t\t\t\t\t\r\n\t\t\t\t\t\t<span class=\"entry-tags\"><i class=\"soap-icon-features\"><\/i><span><a href=\"https:\/\/www.costaricaguides.com\/es\/tag\/dia-mundial-de-la-salud\/\" rel=\"tag\">Dia mundial de la salud<\/a>, <a href=\"https:\/\/www.costaricaguides.com\/es\/tag\/health-day-es\/\" rel=\"tag\">Health Day<\/a><\/span><\/span>\r\r\n\t\t\t\t\t\r\n\t\t\t\t<\/div>\r\r\n\t\t\t<\/div>\r\r\n\t\t<\/div>\r\r\n\t<\/div>\r\r\n<\/div>\r\n\t\t<\/div>\r\r\n\t\t\r\n\t\t\r\n\t<\/div>\r\r\n<\/div>\n<\/div>","protected":false},"excerpt":{"rendered":"[vc_row][vc_column][vc_column_text] El D\u00eda Mundial de la Salud se celebra el 7 de abril todos los a\u00f1os para conmemorar el aniversario de la fundaci\u00f3n de la Organizaci\u00f3n Mundial de la Salud en 1948. Se viene celebrando desde el 1950. Cada a\u00f1o se elige para esta fecha un tema de salud espec\u00edfico a fin de destacar un [...]","protected":false},"author":1,"featured_media":0,"parent":0,"menu_order":0,"comment_status":"closed","ping_status":"open","template":"templates\/template-with-right-sidebar.php","meta":{"_joinchat":[],"footnotes":""},"class_list":["post-7919","page","type-page","status-publish","hentry"],"_links":{"self":[{"href":"https:\/\/www.costaricaguides.com\/es\/wp-json\/wp\/v2\/pages\/7919","targetHints":{"allow":["GET"]}}],"collection":[{"href":"https:\/\/www.costaricaguides.com\/es\/wp-json\/wp\/v2\/pages"}],"about":[{"href":"https:\/\/www.costaricaguides.com\/es\/wp-json\/wp\/v2\/types\/page"}],"author":[{"embeddable":true,"href":"https:\/\/www.costaricaguides.com\/es\/wp-json\/wp\/v2\/users\/1"}],"replies":[{"embeddable":true,"href":"https:\/\/www.costaricaguides.com\/es\/wp-json\/wp\/v2\/comments?post=7919"}],"version-history":[{"count":1,"href":"https:\/\/www.costaricaguides.com\/es\/wp-json\/wp\/v2\/pages\/7919\/revisions"}],"predecessor-version":[{"id":11314,"href":"https:\/\/www.costaricaguides.com\/es\/wp-json\/wp\/v2\/pages\/7919\/revisions\/11314"}],"wp:attachment":[{"href":"https:\/\/www.costaricaguides.com\/es\/wp-json\/wp\/v2\/media?parent=7919"}],"curies":[{"name":"wp","href":"https:\/\/api.w.org\/{rel}","templated":true}]}}