{"id":7945,"date":"2015-08-27T13:23:52","date_gmt":"2015-08-27T13:23:52","guid":{"rendered":"http:\/\/costaricaguides.com\/es\/san-jose-city-sorroundings\/"},"modified":"2025-04-22T15:08:47","modified_gmt":"2025-04-22T21:08:47","slug":"san-jose-city-sorroundings","status":"publish","type":"page","link":"https:\/\/www.costaricaguides.com\/es\/san-jose-city-sorroundings\/","title":{"rendered":"San Jos\u00e9 y Alrededores"},"content":{"rendered":"<div class=\"wpb-content-wrapper\"><p>[vc_row][vc_column][vc_column_text]<\/p>\n<h1 style=\"text-align: justify;\">Un vistazo a San Jos\u00e9<\/h1>\n<h1 style=\"text-align: justify;\"><span style=\"font-family: arial, helvetica, sans-serif; font-size: 14pt;\">San Jos\u00e9 Costa Rica<\/span><\/h1>\n<p style=\"text-align: justify;\"><span style=\"font-family: arial, helvetica, sans-serif; font-size: 14pt;\">San Jos\u00e9 est\u00e1 localizado a menos de 20 minutos del Aeropuerto internacional Juan Santamar\u00eda, de donde la mayor\u00eda de visitantes inician su Aventura en Costa Rica. \u00c9sta es una de las capitales m\u00e1s j\u00f3venes de Am\u00e9rica Latina, y una de las m\u00e1s progresivas en t\u00e9rminos de comercio, arte y arquitectura, haci\u00e9ndola un destino atractivo para los viajeros de todo el mundo.<\/span><\/p>\n<p style=\"text-align: justify;\"><span style=\"font-family: arial, helvetica, sans-serif; font-size: 14pt;\">Distritos, Transporte, Cocina, Climas, Atracciones y Cultura Popular<\/span><\/p>\n<p style=\"text-align: justify;\"><span style=\"font-family: arial, helvetica, sans-serif; font-size: 14pt;\">San Jos\u00e9 est\u00e1 compuesto de 11 distritos, y esos distritos est\u00e1n divididos a su vez en caser\u00edos (tambi\u00e9n llamados barrios); los cuales ofrecen una excitante y variada experiencia. El transporte desde y hacia distintos puntos del pa\u00eds, esto es posible gracias a una extensa cadena de buses, taxis y compa\u00f1\u00edas privadas de transporte, su traslado puede ser organizado por compa\u00f1\u00edas de gran reputaci\u00f3n tales como Expediciones Tropicales, entre otras. Tambi\u00e9n, la proximidad de San Jos\u00e9 a las ciudades y pueblos vecinos, hace de esta ciudad un punto de partida, desde el cual se pueden experimentar una gran cantidad de actividades al aire libre, como podr\u00eda ser la visita al Monte Zurqu\u00ed a s\u00f3lo pocos minutos del centro de la ciudad.<\/span><\/p>\n<p style=\"text-align: justify;\"><span style=\"font-family: arial, helvetica, sans-serif; font-size: 14pt;\">La comida aut\u00f3ctona o t\u00edpica del pa\u00eds es el delicioso gallo pinto, que consiste de arroz y frijoles arreglados usualmente con ensalada de lechuga y tomate, pl\u00e1tanos fritos, y carne; es f\u00e1cil de encontrar y a precios bajos. A pesar de que la ciudad de San Jos\u00e9 se encuentra en una zona intertropical, su elevaci\u00f3n hace que tenga un clima moderado con temperaturas en promedio de 25\u00baC o 77\u00baF, un clima muy agradable todo el a\u00f1o. La \u00e9poca lluviosa va desde Mayo a mediados de noviembre, y hay aproximadamente unas 2040 horas de sol al a\u00f1o. San Jos\u00e9 rebosa de museos, teatros y edificios hist\u00f3ricos que proveen una vasta cantidad de actividades culturales. Tanto el Teatro Nacional completado en 1897 como el Teatro Melico Salazar ofrecen funciones de nivel mundial durante todo el a\u00f1o. Se puede apreciar las maravillosas reliquias de la antigua Latinoam\u00e9rica en exhibici\u00f3n en el Museo de Oro. Para aquellos que buscan m\u00e1s el verde en vez del dorado, est\u00e1 el Jard\u00edn Bot\u00e1nico Lankester localizado en las afueras de San Jos\u00e9 siendo una de las muchas excursiones disponibles. Otras atracciones incluyen gran variedad de espect\u00e1culos musicales como por ejemplo los realizados en el Jazz Caf\u00e9.<\/span><\/p>\n<p style=\"text-align: justify;\"><span style=\"font-family: arial, helvetica, sans-serif; font-size: 14pt;\">Como punto y aparte, San Jos\u00e9 aparece en una escena aparentando ser una playa en la popular pel\u00edcula de 1993, Parque Jur\u00e1sico, a pesar de ser un error, San Jos\u00e9 se encuentra a menos de una hora de muchas playas.<\/span><\/p>\n<p style=\"text-align: justify;\"><span style=\"font-family: arial, helvetica, sans-serif; font-size: 14pt;\">An\u00edmese a dejarse tocar por las encantadoras actuaciones musicales, las raras civilizaciones antiguas, o ab\u00e1rquelo todo esto en un caf\u00e9 local, mientras el vibrante ambiente de la ciudad le rodea. Cualquiera que sea su decisi\u00f3n le damos la bienvenida a nuestra ciudad y le invitamos a visitarla y conocer m\u00e1s sobre nosotros.<\/span><br \/>\n<span style=\"font-family: arial, helvetica, sans-serif; font-size: 14pt;\">Mapa de San Jos\u00e9<\/span><\/p>\n<table border=\"0\" width=\"100%\" cellspacing=\"0\" cellpadding=\"5\">\n<tbody>\n<tr>\n<td colspan=\"2\" valign=\"top\"><strong>San Jose- Mapa<\/strong><\/p>\n<hr \/>\n<\/td>\n<\/tr>\n<tr>\n<td valign=\"top\" width=\"1%\">\n<p align=\"center\"><a href=\"https:\/\/www.costaricaguides.com\/wp-content\/uploads\/2025\/03\/san_jose_map.jpg\" target=\"_blank\" rel=\"noopener\"><br \/>\nClick aqu\u00ed para ver el mapa <\/a><\/p>\n<\/td>\n<td valign=\"top\" width=\"99%\"><center>Los tiempos de viaje a destinos costarricenses populares<\/center>&nbsp;<\/p>\n<table border=\"1\" width=\"100%\" cellspacing=\"0\" cellpadding=\"0\">\n<tbody>\n<tr>\n<td>\n<table border=\"0\" width=\"100%\" cellspacing=\"1\" cellpadding=\"3\">\n<tbody>\n<tr>\n<td colspan=\"2\" bgcolor=\"#67B53E\"><strong><span style=\"color: #ffffff;\">From San Jose to: <\/span><\/strong><\/td>\n<\/tr>\n<tr>\n<td bgcolor=\"#E8E8E8\" width=\"57%\"><span style=\"color: #006600;\">Jaco<\/span><\/td>\n<td bgcolor=\"#E8E8E8\" width=\"43%\">2h<\/td>\n<\/tr>\n<tr>\n<td bgcolor=\"#E8E8E8\"><span style=\"color: #006600;\">San Ramon <\/span><\/td>\n<td bgcolor=\"#E8E8E8\">1h:15m<\/td>\n<\/tr>\n<tr>\n<td bgcolor=\"#E8E8E8\"><span style=\"color: #006600;\">Alajuela Airport <\/span><\/td>\n<td bgcolor=\"#E8E8E8\">30m<\/td>\n<\/tr>\n<tr>\n<td bgcolor=\"#E8E8E8\"><span style=\"color: #006600;\">Arenal Volcano <\/span><\/td>\n<td bgcolor=\"#E8E8E8\">3h<\/td>\n<\/tr>\n<tr>\n<td bgcolor=\"#E8E8E8\"><span style=\"color: #006600;\">Monteverde<\/span><\/td>\n<td bgcolor=\"#E8E8E8\">4h<\/td>\n<\/tr>\n<tr>\n<td bgcolor=\"#E8E8E8\"><span style=\"color: #006600;\">Liberia<\/span><\/td>\n<td bgcolor=\"#E8E8E8\">3h:30m<\/td>\n<\/tr>\n<tr>\n<td bgcolor=\"#E8E8E8\"><span style=\"color: #006600;\">Manuel Antonio <\/span><\/td>\n<td bgcolor=\"#E8E8E8\">3h:15m<\/td>\n<\/tr>\n<tr>\n<td colspan=\"2\" bgcolor=\"#E8E8E8\">*Approximate driving times<\/td>\n<\/tr>\n<\/tbody>\n<\/table>\n<\/td>\n<\/tr>\n<\/tbody>\n<\/table>\n<\/td>\n<\/tr>\n<\/tbody>\n<\/table>\n<p style=\"text-align: justify;\"><span style=\"font-family: arial, helvetica, sans-serif; font-size: 14pt;\"><strong>Traslad\u00e1ndose a San Jos\u00e9<\/strong><\/span><\/p>\n<hr \/>\n<p align=\"justify\"><span style=\"font-family: arial, helvetica, sans-serif; font-size: 14pt;\">El aeropuerto internacional Juan Santamar\u00eda se encuentra a aproximadamente 20 km de la ciudad de San Jos\u00e9. Hay disponibles muchas alternativas de transporte en el aeropuerto.<\/span><\/p>\n<p align=\"justify\"><span style=\"font-family: arial, helvetica, sans-serif; font-size: 14pt;\"><strong><img loading=\"lazy\" decoding=\"async\" src=\"https:\/\/www.costaricaguides.com\/espanol\/at_a_glance\/images\/taxi.png\" alt=\"\" width=\"40\" height=\"40\" align=\"absmiddle\" hspace=\"5\" \/>Taxi<\/strong><\/span><\/p>\n<p align=\"justify\"><span style=\"font-family: arial, helvetica, sans-serif; font-size: 14pt;\">Le recomendamos tomar \u00fanicamente los taxis de color naranja, los cuales son agentes autorizados. El viaje hacia San Jos\u00e9 le podr\u00eda costar alrededor de US $15 y toma aproximadamente unos 20 minutos.<\/span><\/p>\n<p align=\"justify\"><span style=\"font-family: arial, helvetica, sans-serif; font-size: 14pt;\"><strong><img loading=\"lazy\" decoding=\"async\" src=\"https:\/\/www.costaricaguides.com\/espanol\/at_a_glance\/images\/van.png\" alt=\"\" width=\"40\" height=\"40\" align=\"absmiddle\" hspace=\"5\" \/>Compa\u00f1\u00edas de Transporte Local<\/strong><\/span><\/p>\n<p align=\"justify\"><span style=\"font-family: arial, helvetica, sans-serif; font-size: 14pt;\">Al utilizar una compa\u00f1\u00eda de transporte tur\u00edstico, \u00e9sta usualmente le provee un servicio \u00abllave en mano\u00bb, lo que se traduce en asistencia para los visitantes todo el camino hasta llegar al hotel, el servicio cuesta casi lo mismo que un taxi especialmente si son m\u00e1s de 2 personas.<\/span><\/p>\n<p align=\"justify\"><span style=\"font-family: arial, helvetica, sans-serif; font-size: 14pt;\"><strong><img loading=\"lazy\" decoding=\"async\" src=\"https:\/\/www.costaricaguides.com\/espanol\/at_a_glance\/images\/bus.png\" alt=\"\" width=\"40\" height=\"40\" align=\"absmiddle\" hspace=\"5\" \/>Transporte p\u00fablico<\/strong><\/span><\/p>\n<p align=\"justify\"><span style=\"font-family: arial, helvetica, sans-serif; font-size: 14pt;\">No es recomendado usar el transporte p\u00fablico si se lleva equipaje. Si se opta por su uso, el autob\u00fas hace una parada en frente de la calle principal fuera del aeropuerto, despu\u00e9s del parqueo. Los buses pasan aproximadamente cada 10 minutos desde las 5 am hasta las 10 pm con destino a San Jos\u00e9. Tome nota que utilizar este m\u00e9todo de transporte podr\u00eda ser inseguro.<\/span><\/p>\n<p style=\"text-align: justify;\"><span style=\"font-family: arial, helvetica, sans-serif; font-size: 14pt;\"><strong>Desplaz\u00e1ndose por San Jos\u00e9<\/strong><\/span><\/p>\n<hr \/>\n<p><span style=\"font-family: arial, helvetica, sans-serif; font-size: 14pt;\">San Jos\u00e9 cuenta con un sistema de transporte eficiente y de bajo costo.<\/span><\/p>\n<p><span style=\"font-family: arial, helvetica, sans-serif; font-size: 14pt;\"><strong>Autob\u00fas p\u00fablico<\/strong><\/span><\/p>\n<p align=\"justify\"><span style=\"font-family: arial, helvetica, sans-serif; font-size: 14pt;\">La tarifa para el servicio de autob\u00fas p\u00fablico es en promedio de unos \u00a2500, aproximadamente $1 Estadounidense, y le permitir\u00e1 recorrer la ciudad a su propio paso. Se recomienda llevar cambio ya que no se aceptan billetes de alta denominaci\u00f3n ni d\u00f3lares. La mayor\u00eda de los buses recorren la ciudad en horarios de 5 am a 11 pm de lunes a domingo. Ya que el gobierno de la ciudad no publica un horario oficial para los autobuses, se debe preguntar para saber c\u00f3mo llegar a su destino, es recomendado que se familiarice con el sistema de transporte p\u00fablico. Por otro lado, las paradas de bus suelen realizarse en \u00e1reas abiertas, tales como parques, dicho esto cabe destacar que los costarricenses son gente muy amable y le brindar\u00e1n su ayuda.<\/span><\/p>\n<p align=\"justify\"><span style=\"font-family: arial, helvetica, sans-serif; font-size: 14pt;\"><strong>Taxis<\/strong><\/span><\/p>\n<p align=\"justify\"><span style=\"font-family: arial, helvetica, sans-serif; font-size: 14pt;\">El taxi es la segunda opci\u00f3n, en lo econ\u00f3mico, despu\u00e9s de los autobuses, El lado positivo es que se pueden conseguir 24\/7 y es por lo general m\u00e1s r\u00e1pido que viajar en bus. Los taxis oficiales son rojos y obligatoriamente cuentan con tax\u00edmetros. Es recomendado usar taxis oficiales, y no los llamados \u00abtaxis piratas\u00bb. El visitante debe asegurarse de que el tax\u00edmetro esta funcionando desde el principio del recorrido, el cual comienza en \u20a1595, que es poco m\u00e1s de un d\u00f3lar estadounidense, la tarifa es igual para el kil\u00f3metro adicional, y puede aumentar dependiendo del nivel de tr\u00e1fico, obras en la v\u00eda, forma de conducir del chof\u00e9r.<\/span><\/p>\n<p align=\"justify\"><span style=\"font-family: arial, helvetica, sans-serif; font-size: 14pt;\">Como en cualquier \u00e1rea metropolitana de gran extensi\u00f3n, tenga cuidado de no mostrar su dinero o llevar joyas de lujo,<\/span><\/p>\n<p style=\"text-align: justify;\"><span style=\"font-family: arial, helvetica, sans-serif; font-size: 14pt;\"><strong>Principales Excursiones y Atractivos<\/strong><\/span><\/p>\n<hr \/>\n<p align=\"justify\"><span style=\"font-family: arial, helvetica, sans-serif; font-size: 14pt;\">San Jos\u00e9 es el punto de partida en el Valle Central para muchas emocionantes actividades en Alajuela, Heredia, Cartago y Turrialba, as\u00ed como lugares m\u00e1s remotos como Sarapiqu\u00ed.<\/span><\/p>\n<p align=\"justify\"><span style=\"font-family: arial, helvetica, sans-serif; font-size: 14pt;\">Alajuela ofrece amplias vistas desde los muchos de los hoteles de monta\u00f1a y del siempre popular Volc\u00e1n Po\u00e1s. Heredia es conocida por sus plantaciones de caf\u00e9, hermosas monta\u00f1as y encantadores vecindarios, con una amplia gama de cabinas de monta\u00f1a en medio del paisaje natural. La provincia de Cartago es el hogar del Volc\u00e1n Iraz\u00fa y justo en el oriente de la ciudad se encuentra un lugar de peregrinaci\u00f3n religiosa. No se pierda la visita al Monumento Nacional Guayabo, una antigua ciudad aborigen; El Volc\u00e1n Turrialba; y los r\u00edos Paquare y Reventaz\u00f3n, que ofrecen excitantes r\u00e1pidos en aguas cristalinas, para desde principiantes a expertos. Finalmente Sarapiqu\u00ed, el cual es una impresionante belleza natural con pintorescas villas, que ofrece una gran variedad de actividades al aire libre, o simplemente poder relajarse admirando mariposas multicolor mientras se escuchan los calmantes sonidos de la naturaleza.<\/span><\/p>\n<p align=\"justify\"><span style=\"font-family: arial, helvetica, sans-serif; font-size: 14pt;\">Contin\u00fae con nosotros y comience su aventura en Costa Rica hoy <\/span><span style=\"font-family: arial, helvetica, sans-serif; font-size: 14pt; line-height: 1.5;\">!<\/span><\/p>\n<p>[\/vc_column_text][\/vc_column][\/vc_row]<\/p>\n<\/div>","protected":false},"excerpt":{"rendered":"<p>[vc_row][vc_column][vc_column_text] Un vistazo a San Jos\u00e9 San Jos\u00e9 Costa Rica San Jos\u00e9 est\u00e1 localizado a menos de 20 minutos del Aeropuerto internacional Juan Santamar\u00eda, de donde la mayor\u00eda de visitantes inician su Aventura en Costa Rica. \u00c9sta es una de las capitales m\u00e1s j\u00f3venes de Am\u00e9rica Latina, y una de las m\u00e1s progresivas en t\u00e9rminos [&hellip;]<\/p>\n","protected":false},"author":9,"featured_media":0,"parent":0,"menu_order":0,"comment_status":"closed","ping_status":"closed","template":"templates\/template-with-right-sidebar.php","meta":{"_joinchat":[],"footnotes":""},"class_list":["post-7945","page","type-page","status-publish","hentry"],"_links":{"self":[{"href":"https:\/\/www.costaricaguides.com\/es\/wp-json\/wp\/v2\/pages\/7945","targetHints":{"allow":["GET"]}}],"collection":[{"href":"https:\/\/www.costaricaguides.com\/es\/wp-json\/wp\/v2\/pages"}],"about":[{"href":"https:\/\/www.costaricaguides.com\/es\/wp-json\/wp\/v2\/types\/page"}],"author":[{"embeddable":true,"href":"https:\/\/www.costaricaguides.com\/es\/wp-json\/wp\/v2\/users\/9"}],"replies":[{"embeddable":true,"href":"https:\/\/www.costaricaguides.com\/es\/wp-json\/wp\/v2\/comments?post=7945"}],"version-history":[{"count":3,"href":"https:\/\/www.costaricaguides.com\/es\/wp-json\/wp\/v2\/pages\/7945\/revisions"}],"predecessor-version":[{"id":13461,"href":"https:\/\/www.costaricaguides.com\/es\/wp-json\/wp\/v2\/pages\/7945\/revisions\/13461"}],"wp:attachment":[{"href":"https:\/\/www.costaricaguides.com\/es\/wp-json\/wp\/v2\/media?parent=7945"}],"curies":[{"name":"wp","href":"https:\/\/api.w.org\/{rel}","templated":true}]}}