{"id":7968,"date":"2015-09-15T04:28:42","date_gmt":"2015-09-15T04:28:42","guid":{"rendered":"http:\/\/costaricaguides.com\/es\/transportation\/"},"modified":"2025-04-08T23:07:53","modified_gmt":"2025-04-09T05:07:53","slug":"transportation","status":"publish","type":"page","link":"https:\/\/www.costaricaguides.com\/es\/transportation\/","title":{"rendered":"Transportes"},"content":{"rendered":"<div class=\"wpb-content-wrapper\"><p>[vc_row el_class=\u00bbocultarcontenedor\u00bb][vc_column][vc_column_text]<\/p>\n<p style=\"text-align: justify;\"><span style=\"font-family: arial, helvetica, sans-serif; font-size: 14pt;\">Somos Expediciones Tropicales, operador tur\u00edstico y transportista costarricense con m\u00e1s de 25 a\u00f1os de experiencia y acreditado por el ICT (Instituto Costarricense de Turismo &#8211; Junta de Turismo de Costa Rica), CANATUR (C\u00e1mara Nacional de Turismo y ACOT (Asociaci\u00f3n Costarricense de Turismo). <\/span><\/p>\n<p style=\"text-align: justify;\"><span style=\"font-family: arial, helvetica, sans-serif; font-size: 14pt;\">\u00bfNecesita transporte desde el aeropuerto hasta su hotel, o bien entre destinos, de un hotel a otro? \u00bfNo desea conducir durante tu visita? \u00bfPrefiere conducir usted mismo? \u00bfSu presupuesto es limitado?<\/span><\/p>\n<p style=\"text-align: justify;\"><span style=\"font-family: arial, helvetica, sans-serif; font-size: 14pt;\">Ofrecemos diferentes opciones de transporte en Costa Rica para su comodidad, preferencias y presupuesto, como transporte privado, compartido, vuelos nacionales y\/o alquiler de autom\u00f3viles.<\/span><\/p>\n<p><span style=\"font-family: arial, helvetica, sans-serif; font-size: 14pt;\">Env\u00edenos un correo electr\u00f3nico a <a href=\"mailto:info@costaricaguides.com\">info@costaricaguides.com<\/a> y estaremos encantados de ayudarle.<\/span><\/p>\n<p style=\"text-align: justify;\"><strong><span style=\"font-family: arial, helvetica, sans-serif; font-size: 14pt;\">Autos de alquiler<\/span><\/strong><br \/>\n<span style=\"font-family: arial, helvetica, sans-serif; font-size: 14pt;\">Los autos de alquiler son muy comunes en Costa Rica, especialmente los 4&#215;4, que son ideales para recorrer las carreteras rurales. Puedes encontrar autos de alquiler disponibles en el aeropuerto, en la ciudad de San Jos\u00e9 y en otros destinos tur\u00edsticos populares. Aunque las condiciones de las carreteras principales son generalmente aceptables, muchas de las rutas rurales presentan baches profundos y caminos dif\u00edciles, lo que hace que un 4&#215;4 sea la opci\u00f3n m\u00e1s segura y c\u00f3moda para moverse.<br \/>\nEl tr\u00e1fico en el centro de San Jos\u00e9 suele ser pesado, lo que puede ser un reto para los viajeros. Si bien el transporte p\u00fablico es accesible y puede llevarte a casi cualquier lugar del pa\u00eds, no es la opci\u00f3n m\u00e1s recomendable para recorrer las \u00e1reas rurales, ya que la frecuencia y comodidad del servicio pueden ser limitadas. Por ello, muchos turistas optan por usar el transporte p\u00fablico dentro de la Zona Metropolitana y luego alquilan un coche 4&#215;4 para explorar los destinos m\u00e1s remotos de Costa Rica.<\/span><\/p>\n<p>&nbsp;<\/p>\n<p style=\"text-align: justify;\"><strong><span style=\"font-family: arial, helvetica, sans-serif; font-size: 14pt;\">Transporte Privado<\/span><\/strong><br \/>\n<span style=\"font-family: arial, helvetica, sans-serif; font-size: 14pt;\">Transporte privado es la forma m\u00e1s segura y conveniente de explorar Costa Rica. Puede ser planificado en cualquier momento que desee, desde y hacia cualquier parte del pa\u00eds. Este servicio se puede personalizar para satisfacer sus necesidades de viaje, lo que le permite relajarse y disfrutar de los impresionantes paisajes que ofrece Costa Rica, mientras es conducido por un chofer confiable y profesional en un veh\u00edculo con aire acondicionado c\u00f3modo.<br \/>\nAdicional a ser una manera libre de preocupaciones para explorar los diferentes destinos de Costa Rica, el transporte privado ofrece tambi\u00e9n un mejor valor-costo por persona, especialmente cuando se viaja en grupos de 6 o m\u00e1s personas.<\/span><\/p>\n<p>[\/vc_column_text][\/vc_column][\/vc_row][vc_row css=\u00bb.vc_custom_1744175271687{padding-top: 20px !important;padding-bottom: 30px !important;}\u00bb][vc_column][vc_column_text]<span style=\"font-family: arial, helvetica, sans-serif; font-size: 14pt;\">Bienvenidos a Costa Rica Guides, operados por Expediciones Tropicales! Somos su operador tur\u00edstico y transportista de confianza en Costa Rica con m\u00e1s de 30 a\u00f1os de experiencia brindando un servicio excepcional a turistas de todo el mundo. Estamos acreditados por el Instituto Costarricense de Turismo (ICT), CANATUR y ACOT, lo que nos avala como una de las compa\u00f1\u00edas m\u00e1s confiables del pa\u00eds. Si est\u00e1 buscando una experiencia de turismo en Costa Rica \u00fanica y sin preocupaciones, \u00a1est\u00e1 en el lugar correcto!<\/span><\/p>\n<p><span style=\"font-family: arial, helvetica, sans-serif; font-size: 14pt;\">\u00bfEst\u00e1 planeando su viaje a Costa Rica y necesita un transporte seguro y confiable? \u00bfBuscando una forma c\u00f3moda de moverse entre destinos tur\u00edsticos o desde el aeropuerto hasta su hotel? No se preocupe, tenemos una soluci\u00f3n perfecta para cada necesidad. Ya sea que prefiera el transporte privado, un servicio compartido, o incluso alquilar su propio coche, nosotros nos encargamos de todo para que disfrute de su estancia sin complicaciones.<\/span><\/p>\n<p><span style=\"font-family: arial, helvetica, sans-serif; font-size: 14pt;\">En Expediciones Tropicales, ofrecemos una variedad de opciones de transporte en Costa Rica que se ajustan a su presupuesto y preferencias. Si no desea conducir durante su visita, nuestros taxis privados son la mejor opci\u00f3n. Disfrute de un servicio personalizado con conductores profesionales y confiables, en c\u00f3modos veh\u00edculos con aire acondicionado, mientras explora los impresionantes paisajes de nuestro pa\u00eds. Adem\u00e1s, si prefiere viajar de manera independiente, podemos gestionar su alquiler de coches 4&#215;4, ideales para explorar las zonas rurales y disfrutar de la verdadera belleza de Costa Rica.<\/span><\/p>\n<p><span style=\"font-family: arial, helvetica, sans-serif; font-size: 14pt;\">Ya sea que necesite moverse por la Zona Metropolitana o aventurarse a los destinos m\u00e1s alejados, le ofrecemos el mejor valor por persona, especialmente cuando viaja en grupo. No importa cu\u00e1l sea su plan, le aseguramos que su experiencia ser\u00e1 inolvidable.<\/span><\/p>\n<p><strong><span style=\"font-family: arial, helvetica, sans-serif; font-size: 14pt;\">\u00a1No espere m\u00e1s para conocer Costa Rica con nosotros! Env\u00edenos un correo a info@costaricaguides.com y nuestro equipo estar\u00e1 encantado de ayudarle a organizar su viaje de ensue\u00f1o. \u00a1Venga y disfrute de lo mejor de Costa Rica guiado por Costa Rica Guides!<\/span><\/strong>[\/vc_column_text][\/vc_column][\/vc_row][vc_row][vc_column width=\u00bb1\/4&#8243;][vc_column_text]<a href=\"http:\/\/costaricaguides.com\/es\/rent-a-car-costa-rica\/\" rel=\"attachment wp-att-7993\"><img loading=\"lazy\" decoding=\"async\" class=\"alignnone size-full wp-image-7993\" src=\"http:\/\/costaricaguides.com\/wp-content\/uploads\/2015\/11\/renta-de-vehiculos.jpg\" alt=\"renta de vehiculos costa rica\" width=\"417\" height=\"319\" srcset=\"https:\/\/www.costaricaguides.com\/wp-content\/uploads\/2015\/11\/renta-de-vehiculos.jpg 417w, https:\/\/www.costaricaguides.com\/wp-content\/uploads\/2015\/11\/renta-de-vehiculos-300x229.jpg 300w\" sizes=\"auto, (max-width: 417px) 100vw, 417px\" \/><\/a>[\/vc_column_text][\/vc_column][vc_column width=\u00bb1\/4&#8243;][vc_column_text]<a href=\"http:\/\/costaricaguides.com\/es\/car-boat-car\/\" rel=\"attachment wp-att-7995\"><img loading=\"lazy\" decoding=\"async\" class=\"alignnone size-full wp-image-7995\" src=\"http:\/\/costaricaguides.com\/wp-content\/uploads\/2015\/11\/carro-bote-carro.jpg\" alt=\"carro-bote-carro\" width=\"417\" height=\"319\" srcset=\"https:\/\/www.costaricaguides.com\/wp-content\/uploads\/2015\/11\/carro-bote-carro.jpg 417w, https:\/\/www.costaricaguides.com\/wp-content\/uploads\/2015\/11\/carro-bote-carro-300x229.jpg 300w\" sizes=\"auto, (max-width: 417px) 100vw, 417px\" \/><\/a>[\/vc_column_text][\/vc_column][vc_column width=\u00bb1\/4&#8243;][vc_column_text]<a href=\"http:\/\/costaricaguides.com\/es\/rent-a-van-or-a-bus\/\" rel=\"attachment wp-att-7999\"><img loading=\"lazy\" decoding=\"async\" class=\"alignnone size-full wp-image-7999\" src=\"http:\/\/costaricaguides.com\/wp-content\/uploads\/2015\/11\/transporte-privados.jpg\" alt=\"transporte privados costa rica\" width=\"417\" height=\"319\" srcset=\"https:\/\/www.costaricaguides.com\/wp-content\/uploads\/2015\/11\/transporte-privados.jpg 417w, https:\/\/www.costaricaguides.com\/wp-content\/uploads\/2015\/11\/transporte-privados-300x229.jpg 300w\" sizes=\"auto, (max-width: 417px) 100vw, 417px\" \/><\/a>[\/vc_column_text][\/vc_column][vc_column width=\u00bb1\/4&#8243;][vc_column_text]<a href=\"\/es\/transportation\/shared-shuttle-service\/\" rel=\"attachment wp-att-7997\"><img loading=\"lazy\" decoding=\"async\" class=\"alignnone size-full wp-image-7997\" src=\"http:\/\/costaricaguides.com\/wp-content\/uploads\/2015\/11\/Transporte-compartido.jpg\" alt=\"Transporte compartido Costa Rica\" width=\"417\" height=\"319\" srcset=\"https:\/\/www.costaricaguides.com\/wp-content\/uploads\/2015\/11\/Transporte-compartido.jpg 417w, https:\/\/www.costaricaguides.com\/wp-content\/uploads\/2015\/11\/Transporte-compartido-300x229.jpg 300w\" sizes=\"auto, (max-width: 417px) 100vw, 417px\" \/><\/a>[\/vc_column_text][\/vc_column][\/vc_row][vc_row][vc_column width=\u00bb1\/4&#8243;][\/vc_column][vc_column width=\u00bb1\/4&#8243;][\/vc_column][vc_column width=\u00bb1\/4&#8243;][\/vc_column][vc_column width=\u00bb1\/4&#8243;][\/vc_column][\/vc_row]<\/p>\n<\/div>","protected":false},"excerpt":{"rendered":"<p>[vc_row el_class=\u00bbocultarcontenedor\u00bb][vc_column][vc_column_text] Somos Expediciones Tropicales, operador tur\u00edstico y transportista costarricense con m\u00e1s de 25 a\u00f1os de experiencia y acreditado por el ICT (Instituto Costarricense de Turismo &#8211; Junta de Turismo de Costa Rica), CANATUR (C\u00e1mara Nacional de Turismo y ACOT (Asociaci\u00f3n Costarricense de Turismo). \u00bfNecesita transporte desde el aeropuerto hasta su hotel, o bien entre [&hellip;]<\/p>\n","protected":false},"author":9,"featured_media":0,"parent":0,"menu_order":0,"comment_status":"closed","ping_status":"closed","template":"templates\/template-with-right-sidebar.php","meta":{"_joinchat":[],"footnotes":""},"class_list":["post-7968","page","type-page","status-publish","hentry"],"_links":{"self":[{"href":"https:\/\/www.costaricaguides.com\/es\/wp-json\/wp\/v2\/pages\/7968","targetHints":{"allow":["GET"]}}],"collection":[{"href":"https:\/\/www.costaricaguides.com\/es\/wp-json\/wp\/v2\/pages"}],"about":[{"href":"https:\/\/www.costaricaguides.com\/es\/wp-json\/wp\/v2\/types\/page"}],"author":[{"embeddable":true,"href":"https:\/\/www.costaricaguides.com\/es\/wp-json\/wp\/v2\/users\/9"}],"replies":[{"embeddable":true,"href":"https:\/\/www.costaricaguides.com\/es\/wp-json\/wp\/v2\/comments?post=7968"}],"version-history":[{"count":14,"href":"https:\/\/www.costaricaguides.com\/es\/wp-json\/wp\/v2\/pages\/7968\/revisions"}],"predecessor-version":[{"id":13449,"href":"https:\/\/www.costaricaguides.com\/es\/wp-json\/wp\/v2\/pages\/7968\/revisions\/13449"}],"wp:attachment":[{"href":"https:\/\/www.costaricaguides.com\/es\/wp-json\/wp\/v2\/media?parent=7968"}],"curies":[{"name":"wp","href":"https:\/\/api.w.org\/{rel}","templated":true}]}}