{"id":7984,"date":"2015-09-22T23:33:19","date_gmt":"2015-09-22T23:33:19","guid":{"rendered":"http:\/\/costaricaguides.com\/es\/rent-a-van-or-a-bus\/"},"modified":"2024-07-10T14:19:52","modified_gmt":"2024-07-10T20:19:52","slug":"rente-una-van-o-un-bus","status":"publish","type":"page","link":"https:\/\/www.costaricaguides.com\/es\/rente-una-van-o-un-bus\/","title":{"rendered":"Rente una Van o un Bus"},"content":{"rendered":"<div class=\"wpb-content-wrapper\"><p>[vc_row][vc_column][vc_column_text]<span style=\"font-family: arial, helvetica, sans-serif; font-size: 14pt;\"><span class=\"Y2IQFc\" lang=\"es\">Los alquileres de minivans y autobuses siempre incluyen el servicio de conductor<\/span>.<\/span><\/p>\n<ul>\n<li><span style=\"font-family: arial, helvetica, sans-serif; font-size: 14pt;\">No se requiere dep\u00f3sito.<\/span><\/li>\n<li><span style=\"font-family: arial, helvetica, sans-serif; font-size: 14pt;\">Los gastos de conductor no est\u00e1n incluidos.<\/span><\/li>\n<li><span style=\"font-family: arial, helvetica, sans-serif; font-size: 14pt;\">Las tarifas var\u00edan seg\u00fan tipo de veh\u00edculo y la ruta.<\/span><\/li>\n<li><span style=\"font-family: arial, helvetica, sans-serif; font-size: 14pt;\"><span class=\"Y2IQFc\" lang=\"es\">Los veh\u00edculos se pueden alquilar por horas, por un d\u00eda o m\u00e1s. \u00a1Pregunte por nuestras tarifas!<\/span><\/span><\/li>\n<li><span style=\"font-family: arial, helvetica, sans-serif; font-size: 14pt;\"><span class=\"Y2IQFc\" lang=\"es\">Todos nuestros veh\u00edculos cuentan con la mayor cobertura de seguro permitida por el Gobierno de Costa Rica<\/span><\/span><\/li>\n<\/ul>\n<hr \/>\n<p><span style=\"font-family: arial, helvetica, sans-serif; font-size: 14pt;\">Para reservaciones llame gratis al <strong><span style=\"color: #ff0000;\">1-877-202-3381<\/span><\/strong> en E.U. y Canad\u00e1 o al (506) 2233-5151 en Costa Rica o escriba a info@costaricaguides.com<\/span>[\/vc_column_text][\/vc_column][\/vc_row][vc_row][vc_column][vc_column_text]<\/p>\n<table class=\"tablasTextoCenter\" width=\"100%\" cellspacing=\"0\" cellpadding=\"4\">\n<tbody>\n<tr bgcolor=\"#006600\">\n<td class=\"HotelesCentradoTabla\" colspan=\"2\" bgcolor=\"#B2D658\" height=\"30\"><span class=\"style6\" style=\"font-family: arial, helvetica, sans-serif; font-size: 14pt;\">TOYOTA HI-ACE<\/span><\/td>\n<\/tr>\n<tr>\n<td colspan=\"2\" height=\"20\"><span style=\"font-family: arial, helvetica, sans-serif; font-size: 14pt;\">Capacidad para 8 personas<\/span><\/td>\n<\/tr>\n<tr>\n<td align=\"center\" width=\"235\" height=\"225\"><span style=\"font-family: arial, helvetica, sans-serif; font-size: 14pt;\"><img loading=\"lazy\" decoding=\"async\" class=\"alignnone wp-image-12749\" src=\"https:\/\/www.costaricaguides.com\/wp-content\/uploads\/2023\/08\/Hiace-2022.jpg\" alt=\"\" width=\"857\" height=\"400\" srcset=\"https:\/\/www.costaricaguides.com\/wp-content\/uploads\/2023\/08\/Hiace-2022.jpg 1600w, https:\/\/www.costaricaguides.com\/wp-content\/uploads\/2023\/08\/Hiace-2022-300x140.jpg 300w, https:\/\/www.costaricaguides.com\/wp-content\/uploads\/2023\/08\/Hiace-2022-1536x717.jpg 1536w\" sizes=\"auto, (max-width: 857px) 100vw, 857px\" \/><\/span><br \/>\n<span style=\"font-family: arial, helvetica, sans-serif; font-size: 14pt;\"> Exterior<\/span><\/td>\n<td align=\"center\" width=\"235\"><span style=\"font-family: arial, helvetica, sans-serif; font-size: 14pt;\"><img loading=\"lazy\" decoding=\"async\" class=\"alignnone wp-image-12747\" src=\"https:\/\/www.costaricaguides.com\/wp-content\/uploads\/2023\/08\/Hiace-2022-Interno.jpg\" alt=\"\" width=\"600\" height=\"400\" srcset=\"https:\/\/www.costaricaguides.com\/wp-content\/uploads\/2023\/08\/Hiace-2022-Interno.jpg 1024w, https:\/\/www.costaricaguides.com\/wp-content\/uploads\/2023\/08\/Hiace-2022-Interno-300x200.jpg 300w\" sizes=\"auto, (max-width: 600px) 100vw, 600px\" \/><\/span><br \/>\n<span style=\"font-family: arial, helvetica, sans-serif; font-size: 14pt;\"> Interior<\/span><\/td>\n<\/tr>\n<\/tbody>\n<\/table>\n<table class=\"tablasTextoCenter\" width=\"100%\" cellspacing=\"0\" cellpadding=\"4\">\n<tbody>\n<tr bgcolor=\"#006600\">\n<td class=\"HotelesCentradoTabla\" colspan=\"2\" bgcolor=\"#B2D658\" height=\"30\"><span class=\"style6\" style=\"font-family: arial, helvetica, sans-serif; font-size: 14pt;\">TOYOTA COASTER<\/span><\/td>\n<\/tr>\n<tr>\n<td colspan=\"2\" height=\"20\"><span style=\"font-family: arial, helvetica, sans-serif; font-size: 14pt;\">Capacidad para 22 personas<\/span><\/td>\n<\/tr>\n<tr>\n<td align=\"center\" width=\"485\" height=\"155\"><span style=\"font-family: arial, helvetica, sans-serif; font-size: 14pt;\"><img loading=\"lazy\" decoding=\"async\" class=\"alignnone wp-image-12741\" src=\"https:\/\/www.costaricaguides.com\/wp-content\/uploads\/2023\/08\/Coaster-Canasta-e1692716007192.png\" alt=\"\" width=\"534\" height=\"400\" srcset=\"https:\/\/www.costaricaguides.com\/wp-content\/uploads\/2023\/08\/Coaster-Canasta-e1692716007192.png 1242w, https:\/\/www.costaricaguides.com\/wp-content\/uploads\/2023\/08\/Coaster-Canasta-e1692716007192-300x225.png 300w\" sizes=\"auto, (max-width: 534px) 100vw, 534px\" \/><\/span><br \/>\n<span style=\"font-family: arial, helvetica, sans-serif; font-size: 14pt;\"> Exterior<\/span><\/td>\n<td align=\"center\" width=\"483\"><span style=\"font-family: arial, helvetica, sans-serif; font-size: 14pt;\"><img loading=\"lazy\" decoding=\"async\" class=\"alignnone wp-image-12743\" src=\"https:\/\/www.costaricaguides.com\/wp-content\/uploads\/2023\/08\/Coaster-Interno.jpg\" alt=\"\" width=\"225\" height=\"400\" srcset=\"https:\/\/www.costaricaguides.com\/wp-content\/uploads\/2023\/08\/Coaster-Interno.jpg 720w, https:\/\/www.costaricaguides.com\/wp-content\/uploads\/2023\/08\/Coaster-Interno-169x300.jpg 169w\" sizes=\"auto, (max-width: 225px) 100vw, 225px\" \/><\/span><br \/>\n<span style=\"font-family: arial, helvetica, sans-serif; font-size: 14pt;\"> Interior<\/span><\/td>\n<\/tr>\n<\/tbody>\n<\/table>\n<table class=\"tablasTextoCenter\" width=\"100%\" cellspacing=\"0\" cellpadding=\"4\">\n<tbody>\n<tr bgcolor=\"#006600\">\n<td class=\"HotelesCentradoTabla\" colspan=\"2\" bgcolor=\"#B2D658\" height=\"30\"><span class=\"style6\" style=\"font-family: arial, helvetica, sans-serif; font-size: 14pt;\"> SCANIA BUS<\/span><\/td>\n<\/tr>\n<tr>\n<td colspan=\"2\" height=\"20\"><span style=\"font-family: arial, helvetica, sans-serif; font-size: 14pt;\">Capacidad para 50 personas<\/span><\/td>\n<\/tr>\n<tr>\n<td align=\"center\" width=\"487\" height=\"165\"><span style=\"font-family: arial, helvetica, sans-serif; font-size: 14pt;\"><img loading=\"lazy\" decoding=\"async\" class=\"alignnone wp-image-12737\" src=\"https:\/\/www.costaricaguides.com\/wp-content\/uploads\/2023\/08\/Bus-2023.jpg\" alt=\"\" width=\"400\" height=\"400\" srcset=\"https:\/\/www.costaricaguides.com\/wp-content\/uploads\/2023\/08\/Bus-2023.jpg 720w, https:\/\/www.costaricaguides.com\/wp-content\/uploads\/2023\/08\/Bus-2023-300x300.jpg 300w, https:\/\/www.costaricaguides.com\/wp-content\/uploads\/2023\/08\/Bus-2023-150x150.jpg 150w, https:\/\/www.costaricaguides.com\/wp-content\/uploads\/2023\/08\/Bus-2023-64x64.jpg 64w\" sizes=\"auto, (max-width: 400px) 100vw, 400px\" \/><\/span><br \/>\n<span style=\"font-family: arial, helvetica, sans-serif; font-size: 14pt;\"> Exterior<\/span><\/td>\n<td align=\"center\" width=\"481\"><span style=\"font-family: arial, helvetica, sans-serif; font-size: 14pt;\"><img loading=\"lazy\" decoding=\"async\" class=\"alignnone size-full wp-image-12739\" src=\"https:\/\/www.costaricaguides.com\/wp-content\/uploads\/2023\/08\/Bus-Inside.jpg\" alt=\"\" width=\"943\" height=\"906\" srcset=\"https:\/\/www.costaricaguides.com\/wp-content\/uploads\/2023\/08\/Bus-Inside.jpg 943w, https:\/\/www.costaricaguides.com\/wp-content\/uploads\/2023\/08\/Bus-Inside-300x288.jpg 300w\" sizes=\"auto, (max-width: 943px) 100vw, 943px\" \/><\/span><br \/>\n<span style=\"font-family: arial, helvetica, sans-serif; font-size: 14pt;\"> Interior<\/span><\/td>\n<\/tr>\n<\/tbody>\n<\/table>\n<table class=\"tablasTextoCenter\" width=\"100%\" cellspacing=\"0\" cellpadding=\"4\">\n<tbody>\n<tr bgcolor=\"#006600\">\n<td class=\"HotelesCentradoTabla\" colspan=\"2\" bgcolor=\"#B2D658\" height=\"30\"><span class=\"style6\" style=\"font-family: arial, helvetica, sans-serif; font-size: 14pt;\">VOLARE<\/span><\/td>\n<\/tr>\n<tr>\n<td colspan=\"2\" height=\"20\"><span style=\"font-family: arial, helvetica, sans-serif; font-size: 14pt;\">Capacidad para 26 personas<\/span><\/td>\n<\/tr>\n<tr>\n<td align=\"center\" width=\"235\" height=\"225\"><img loading=\"lazy\" decoding=\"async\" class=\"alignnone size-full wp-image-12753\" src=\"https:\/\/www.costaricaguides.com\/wp-content\/uploads\/2023\/08\/Volare.jpg\" alt=\"\" width=\"720\" height=\"720\" srcset=\"https:\/\/www.costaricaguides.com\/wp-content\/uploads\/2023\/08\/Volare.jpg 720w, https:\/\/www.costaricaguides.com\/wp-content\/uploads\/2023\/08\/Volare-300x300.jpg 300w, https:\/\/www.costaricaguides.com\/wp-content\/uploads\/2023\/08\/Volare-150x150.jpg 150w, https:\/\/www.costaricaguides.com\/wp-content\/uploads\/2023\/08\/Volare-64x64.jpg 64w\" sizes=\"auto, (max-width: 720px) 100vw, 720px\" \/><br \/>\n<span style=\"font-family: arial, helvetica, sans-serif; font-size: 14pt;\"> Exterior<\/span><\/td>\n<td align=\"center\" width=\"235\"><span style=\"font-family: arial, helvetica, sans-serif; font-size: 14pt;\"><img loading=\"lazy\" decoding=\"async\" class=\"alignnone size-full wp-image-12751\" src=\"https:\/\/www.costaricaguides.com\/wp-content\/uploads\/2023\/08\/Volare-Interno.jpg\" alt=\"\" width=\"500\" height=\"333\" srcset=\"https:\/\/www.costaricaguides.com\/wp-content\/uploads\/2023\/08\/Volare-Interno.jpg 500w, https:\/\/www.costaricaguides.com\/wp-content\/uploads\/2023\/08\/Volare-Interno-300x200.jpg 300w\" sizes=\"auto, (max-width: 500px) 100vw, 500px\" \/><\/span><br \/>\n<span style=\"font-family: arial, helvetica, sans-serif; font-size: 14pt;\"> Interior<\/span><\/td>\n<\/tr>\n<\/tbody>\n<\/table>\n<table class=\"tablasTextoCenter\" width=\"100%\" cellspacing=\"0\" cellpadding=\"4\">\n<tbody>\n<tr bgcolor=\"#006600\">\n<td class=\"HotelesCentradoTabla\" colspan=\"2\" bgcolor=\"#B2D658\" height=\"30\"><span class=\"style6\" style=\"font-family: arial, helvetica, sans-serif; font-size: 14pt;\">YUTONG<\/span><\/td>\n<\/tr>\n<tr>\n<td colspan=\"2\" height=\"20\"><span style=\"font-family: arial, helvetica, sans-serif; font-size: 14pt;\">Capacidad para 33 personas<\/span><\/td>\n<\/tr>\n<tr>\n<td align=\"center\" width=\"235\" height=\"225\"><img loading=\"lazy\" decoding=\"async\" class=\"alignnone size-full wp-image-12757\" src=\"https:\/\/www.costaricaguides.com\/wp-content\/uploads\/2023\/08\/Yutong.jpg\" alt=\"\" width=\"720\" height=\"720\" srcset=\"https:\/\/www.costaricaguides.com\/wp-content\/uploads\/2023\/08\/Yutong.jpg 720w, https:\/\/www.costaricaguides.com\/wp-content\/uploads\/2023\/08\/Yutong-300x300.jpg 300w, https:\/\/www.costaricaguides.com\/wp-content\/uploads\/2023\/08\/Yutong-150x150.jpg 150w, https:\/\/www.costaricaguides.com\/wp-content\/uploads\/2023\/08\/Yutong-64x64.jpg 64w\" sizes=\"auto, (max-width: 720px) 100vw, 720px\" \/><br \/>\n<span style=\"font-family: arial, helvetica, sans-serif; font-size: 14pt;\"> Exterior<\/span><\/td>\n<td align=\"center\" width=\"235\"><span style=\"font-family: arial, helvetica, sans-serif; font-size: 14pt;\"><img loading=\"lazy\" decoding=\"async\" class=\"alignnone size-full wp-image-12755\" src=\"https:\/\/www.costaricaguides.com\/wp-content\/uploads\/2023\/08\/yutong-Interno.jpg\" alt=\"\" width=\"500\" height=\"333\" srcset=\"https:\/\/www.costaricaguides.com\/wp-content\/uploads\/2023\/08\/yutong-Interno.jpg 500w, https:\/\/www.costaricaguides.com\/wp-content\/uploads\/2023\/08\/yutong-Interno-300x200.jpg 300w\" sizes=\"auto, (max-width: 500px) 100vw, 500px\" \/><\/span><br \/>\n<span style=\"font-family: arial, helvetica, sans-serif; font-size: 14pt;\"> Interior<\/span><\/td>\n<\/tr>\n<\/tbody>\n<\/table>\n<p>&nbsp;<\/p>\n<hr \/>\n<p><span style=\"font-family: arial, helvetica, sans-serif; font-size: 14pt;\">Para reservaciones llame gratis al <strong><span style=\"color: #ff0000;\">1-877-202-3381<\/span><\/strong> en E.U. y Canad\u00e1 o al (506) 2233-5151 en Costa Rica o escriba a info@costaricaguides.com<\/span>[\/vc_column_text][\/vc_column][\/vc_row]<\/p>\n<\/div>","protected":false},"excerpt":{"rendered":"<p>[vc_row][vc_column][vc_column_text]Los alquileres de minivans y autobuses siempre incluyen el servicio de conductor. No se requiere dep\u00f3sito. Los gastos de conductor no est\u00e1n incluidos. Las tarifas var\u00edan seg\u00fan tipo de veh\u00edculo y la ruta. Los veh\u00edculos se pueden alquilar por horas, por un d\u00eda o m\u00e1s. \u00a1Pregunte por nuestras tarifas! Todos nuestros veh\u00edculos cuentan con la [&hellip;]<\/p>\n","protected":false},"author":9,"featured_media":0,"parent":0,"menu_order":0,"comment_status":"closed","ping_status":"closed","template":"templates\/template-with-right-sidebar.php","meta":{"_joinchat":[],"footnotes":""},"class_list":["post-7984","page","type-page","status-publish","hentry"],"_links":{"self":[{"href":"https:\/\/www.costaricaguides.com\/es\/wp-json\/wp\/v2\/pages\/7984","targetHints":{"allow":["GET"]}}],"collection":[{"href":"https:\/\/www.costaricaguides.com\/es\/wp-json\/wp\/v2\/pages"}],"about":[{"href":"https:\/\/www.costaricaguides.com\/es\/wp-json\/wp\/v2\/types\/page"}],"author":[{"embeddable":true,"href":"https:\/\/www.costaricaguides.com\/es\/wp-json\/wp\/v2\/users\/9"}],"replies":[{"embeddable":true,"href":"https:\/\/www.costaricaguides.com\/es\/wp-json\/wp\/v2\/comments?post=7984"}],"version-history":[{"count":11,"href":"https:\/\/www.costaricaguides.com\/es\/wp-json\/wp\/v2\/pages\/7984\/revisions"}],"predecessor-version":[{"id":13136,"href":"https:\/\/www.costaricaguides.com\/es\/wp-json\/wp\/v2\/pages\/7984\/revisions\/13136"}],"wp:attachment":[{"href":"https:\/\/www.costaricaguides.com\/es\/wp-json\/wp\/v2\/media?parent=7984"}],"curies":[{"name":"wp","href":"https:\/\/api.w.org\/{rel}","templated":true}]}}