{"id":8009,"date":"2015-09-26T15:35:32","date_gmt":"2015-09-26T15:35:32","guid":{"rendered":"http:\/\/costaricaguides.com\/es\/costa-rica-info\/costa-rica-regions\/"},"modified":"2019-09-06T18:51:46","modified_gmt":"2019-09-06T18:51:46","slug":"regiones-de-costa-rica","status":"publish","type":"page","link":"https:\/\/www.costaricaguides.com\/es\/costa-rica-info\/regiones-de-costa-rica\/","title":{"rendered":"Regiones de Costa Rica"},"content":{"rendered":"<div class=\"wpb-content-wrapper\"><p>[vc_row][vc_column][vc_empty_space][\/vc_column][\/vc_row][vc_row][vc_column width=\u00bb1\/3&#8243;][vc_column_text]<a href=\"\/es\/costa-rica-info\/regiones-de-costa-rica\/llanuras-del-norte\/\"><img loading=\"lazy\" decoding=\"async\" class=\"alignnone size-full wp-image-8066\" src=\"http:\/\/costaricaguides.com\/wp-content\/uploads\/2015\/11\/Llanuras-del-norte.jpg\" alt=\"Llanuras del norte\" width=\"417\" height=\"319\" srcset=\"https:\/\/www.costaricaguides.com\/wp-content\/uploads\/2015\/11\/Llanuras-del-norte.jpg 417w, https:\/\/www.costaricaguides.com\/wp-content\/uploads\/2015\/11\/Llanuras-del-norte-300x229.jpg 300w\" sizes=\"auto, (max-width: 417px) 100vw, 417px\" \/><\/a>[\/vc_column_text][\/vc_column][vc_column width=\u00bb1\/3&#8243;][vc_column_text]<img loading=\"lazy\" decoding=\"async\" class=\"alignnone size-full wp-image-8073\" src=\"http:\/\/costaricaguides.com\/wp-content\/uploads\/2015\/11\/pacifico-central.jpg\" alt=\"pacifico central\" width=\"417\" height=\"319\" srcset=\"https:\/\/www.costaricaguides.com\/wp-content\/uploads\/2015\/11\/pacifico-central.jpg 417w, https:\/\/www.costaricaguides.com\/wp-content\/uploads\/2015\/11\/pacifico-central-300x229.jpg 300w\" sizes=\"auto, (max-width: 417px) 100vw, 417px\" \/>[\/vc_column_text][\/vc_column][vc_column width=\u00bb1\/3&#8243;][vc_column_text]<a href=\"\/es\/costa-rica-info\/regiones-de-costa-rica\/valle-central\/\" rel=\"attachment wp-att-8076\"><img loading=\"lazy\" decoding=\"async\" class=\"alignnone size-full wp-image-8076\" src=\"http:\/\/costaricaguides.com\/wp-content\/uploads\/2015\/11\/Valle-Central.jpg\" alt=\"Valle Central\" width=\"417\" height=\"319\" srcset=\"https:\/\/www.costaricaguides.com\/wp-content\/uploads\/2015\/11\/Valle-Central.jpg 417w, https:\/\/www.costaricaguides.com\/wp-content\/uploads\/2015\/11\/Valle-Central-300x229.jpg 300w\" sizes=\"auto, (max-width: 417px) 100vw, 417px\" \/><\/a>[\/vc_column_text][\/vc_column][\/vc_row][vc_row][vc_column width=\u00bb1\/3&#8243;][vc_column_text]<a href=\"\/es\/costa-rica-info\/regiones-de-costa-rica\/pacifico-norte\" rel=\"attachment wp-att-8087\"><img loading=\"lazy\" decoding=\"async\" class=\"alignnone size-full wp-image-8087\" src=\"http:\/\/costaricaguides.com\/wp-content\/uploads\/2015\/11\/pacifico-norte.jpg\" alt=\"pacifico norte\" width=\"417\" height=\"319\" srcset=\"https:\/\/www.costaricaguides.com\/wp-content\/uploads\/2015\/11\/pacifico-norte.jpg 417w, https:\/\/www.costaricaguides.com\/wp-content\/uploads\/2015\/11\/pacifico-norte-300x229.jpg 300w\" sizes=\"auto, (max-width: 417px) 100vw, 417px\" \/><\/a>[\/vc_column_text][\/vc_column][vc_column width=\u00bb1\/3&#8243;][vc_column_text]<a href=\"\/es\/costa-rica-info\/regiones-de-costa-rica\/costa-caribe\/\" rel=\"attachment wp-att-8093\"><img loading=\"lazy\" decoding=\"async\" class=\"alignnone size-full wp-image-8093\" src=\"http:\/\/costaricaguides.com\/wp-content\/uploads\/2015\/11\/costa-caribe.jpg\" alt=\"costa caribe\" width=\"417\" height=\"319\" srcset=\"https:\/\/www.costaricaguides.com\/wp-content\/uploads\/2015\/11\/costa-caribe.jpg 417w, https:\/\/www.costaricaguides.com\/wp-content\/uploads\/2015\/11\/costa-caribe-300x229.jpg 300w\" sizes=\"auto, (max-width: 417px) 100vw, 417px\" \/><\/a>[\/vc_column_text][\/vc_column][vc_column width=\u00bb1\/3&#8243;][vc_column_text]<a href=\"\/es\/costa-rica-info\/regiones-de-costa-rica\/pacifico-sur\/\" rel=\"attachment wp-att-8104\"><img loading=\"lazy\" decoding=\"async\" class=\"alignnone size-full wp-image-8104\" src=\"http:\/\/costaricaguides.com\/wp-content\/uploads\/2015\/11\/pacifico-sur.jpg\" alt=\"pacifico sur\" width=\"417\" height=\"319\" srcset=\"https:\/\/www.costaricaguides.com\/wp-content\/uploads\/2015\/11\/pacifico-sur.jpg 417w, https:\/\/www.costaricaguides.com\/wp-content\/uploads\/2015\/11\/pacifico-sur-300x229.jpg 300w\" sizes=\"auto, (max-width: 417px) 100vw, 417px\" \/><\/a>[\/vc_column_text][\/vc_column][\/vc_row][vc_row][vc_column][vc_column_text]<\/p>\n<h1 style=\"text-align: center;\"><span style=\"color: #c3d021; font-size: 24pt;\"><strong><span style=\"font-family: arial, helvetica, sans-serif;\">Regiones de Costa Rica<\/span><\/strong><\/span><\/h1>\n<p style=\"text-align: justify;\"><span style=\"font-family: arial, helvetica, sans-serif; font-size: 14pt;\">El Valle Central es una tierra grande y f\u00e9rtil rodeado de monta\u00f1as. 70% de la poblaci\u00f3n del pa\u00eds reside aqu\u00ed. Si usted explora estas tierras altas usted experimentar\u00e1 muchos diversos microclimas.<\/span><\/p>\n<p style=\"text-align: justify;\"><span style=\"font-family: arial, helvetica, sans-serif; font-size: 14pt;\">Hay varios volcanes en la zona que son visitados por miles de turistas cada a\u00f1o, adem\u00e1s de los monumentos hist\u00f3ricos de la ciudad capital, incluyendo pero no limitado a teatros, museos e instituciones gubernamentales. Uno puede moverse por la zona metropolitana con relativa facilidad debido a la extensa red de autobuses, taxis, y el sistema ferroviario limitado.<\/span><\/p>\n<p style=\"text-align: justify;\"><span style=\"font-family: arial, helvetica, sans-serif; font-size: 14pt;\">Las tierras bajas del norte son conocidos por sus pintorescos pueblos que acogen a muchos turistas durante todo el a\u00f1o. El peque\u00f1o pueblo de La Fortuna, es un favorito entre los visitantes debido a su proximidad al Volc\u00e1n Arenal (unos 6 km). Hay varios hoteles, como el Arenal Volcano Inn, as\u00ed como restaurantes y bares, lugares de inter\u00e9s tur\u00edstico como el canopy, puentes colgantes y zonas de senderismo y mucho m\u00e1s, en la zona.<\/span><\/p>\n<p style=\"text-align: justify;\"><span style=\"font-family: arial, helvetica, sans-serif; font-size: 14pt;\">La Fortuna Waterfall La es una necesidad, el aumento de 70 metros desde la base, rodeado de varias piscinas naturales. Hay aguas termales incre\u00edbles tambi\u00e9n, para aquellos que buscan una aventura m\u00e1s relajante.<\/span><\/p>\n<p style=\"text-align: justify;\"><span style=\"font-family: arial, helvetica, sans-serif; font-size: 14pt;\">El Pac\u00edfico Central se extiende por la costa del Pac\u00edfico, desde Guanacaste hasta la frontera de Panam\u00e1. La regi\u00f3n del Pac\u00edfico Central tiene un clima seco y h\u00famedo depende en el \u00e1rea. Los turistas pueden visitar el puerto bananero de la United Fruit Company, en su camino a Manuel Antonio, en Quepos. Hay varios hoteles y caba\u00f1as a buen precio en la zona de Quepos.<\/span><\/p>\n<p style=\"text-align: justify;\"><span style=\"font-family: arial, helvetica, sans-serif; font-size: 14pt;\">El Pac\u00edfico Norte tiene algunas de las playas m\u00e1s espectaculares y \u00fanicas en el pa\u00eds.<\/span><\/p>\n<p style=\"text-align: justify;\"><span style=\"font-family: arial, helvetica, sans-serif; font-size: 14pt;\">Aspectos m\u00e1s destacados de la pen\u00ednsula son Playa Flamingo, Playa Conchal, Playa Tamarindo, Negro Beach y Playa Avellanas. En el lado este del sur de la pen\u00ednsula, Montezuma y Playa Flamenco son los lugares m\u00e1s visitados.<\/span><\/p>\n<p style=\"text-align: justify;\"><span style=\"font-family: arial, helvetica, sans-serif; font-size: 14pt;\">Hay varias casas y hoteles de lujo en la zona con mucho que ver y experimentar. Esta \u00e1rea en su mayor parte, es muy silencioso y tranquilo con una gran cantidad de la pesca deportiva y surf.<\/span><\/p>\n<p style=\"text-align: justify;\"><span style=\"font-family: arial, helvetica, sans-serif; font-size: 14pt;\">La Costa Caribe es donde el Mar Caribe y la selva se unen. Hay varias playas de arena blanca y aguas cristalinas. Alrededor de una cuarta parte de la costa del Caribe est\u00e1 protegido.<\/span><\/p>\n<p style=\"text-align: justify;\"><span style=\"font-family: arial, helvetica, sans-serif; font-size: 14pt;\">La costa del Caribe es menos frecuentado que el Pac\u00edfico debido a su clima precipitada.<\/span><br \/>\n<span style=\"font-family: arial, helvetica, sans-serif; font-size: 14pt;\">Numerosas comunidades ind\u00edgenas habitan en la Costa Caribe incluyendo las Cocles, Bribri de Talamanca y Cab\u00e9car, as\u00ed como una gran poblaci\u00f3n afrocaribe\u00f1a.<\/span><\/p>\n<p style=\"text-align: justify;\"><span style=\"font-family: arial, helvetica, sans-serif; font-size: 14pt;\">El Pac\u00edfico Sur es una parte fundamental de la geograf\u00eda de Costa Rica en t\u00e9rminos de biodiversidad debido a su topograf\u00eda mar\u00edtima.<\/span><\/p>\n<p style=\"text-align: justify;\"><span style=\"font-family: arial, helvetica, sans-serif; font-size: 14pt;\">La Pen\u00ednsula de Osa y la Pen\u00ednsula de Nicoya son dos pen\u00ednsulas muy importantes en la regi\u00f3n. Osa se encuentra en la sure\u00f1a provincia de Puntarenas. A pesar de ser un \u00e1rea relativamente peque\u00f1a en t\u00e9rminos de masa de la tierra, hay un gran n\u00famero de h\u00e1bitats tropicales: bosques tropicales, humedales costeros, bosques de monta\u00f1a, entre otros.<\/span><\/p>\n<p style=\"text-align: justify;\"><span style=\"font-family: arial, helvetica, sans-serif; font-size: 14pt;\">Esta regi\u00f3n se encuentra en el famoso Parque Nacional Corcovado, que constituye el \u00e1rea protegida m\u00e1s grande de Costa Rica y, seg\u00fan National Geographic \u00ab, la zona de mayor actividad biol\u00f3gica en el mundo.\u00bb<\/span><\/p>\n<p style=\"text-align: justify;\"><span style=\"font-family: arial, helvetica, sans-serif; font-size: 14pt;\">As\u00ed que adelante y saber m\u00e1s, y la experiencia de la belleza y la maravilla que es Costa Rica.<\/span><\/p>\n<p>[\/vc_column_text][\/vc_column][\/vc_row]<\/p>\n<\/div>","protected":false},"excerpt":{"rendered":"<p>[vc_row][vc_column][vc_empty_space][\/vc_column][\/vc_row][vc_row][vc_column width=\u00bb1\/3&#8243;][vc_column_text][\/vc_column_text][\/vc_column][vc_column width=\u00bb1\/3&#8243;][vc_column_text][\/vc_column_text][\/vc_column][vc_column width=\u00bb1\/3&#8243;][vc_column_text][\/vc_column_text][\/vc_column][\/vc_row][vc_row][vc_column width=\u00bb1\/3&#8243;][vc_column_text][\/vc_column_text][\/vc_column][vc_column width=\u00bb1\/3&#8243;][vc_column_text][\/vc_column_text][\/vc_column][vc_column width=\u00bb1\/3&#8243;][vc_column_text][\/vc_column_text][\/vc_column][\/vc_row][vc_row][vc_column][vc_column_text] Regiones de Costa Rica El Valle Central es una tierra grande y f\u00e9rtil rodeado de monta\u00f1as. 70% de la poblaci\u00f3n del pa\u00eds reside aqu\u00ed. Si usted explora estas tierras altas usted experimentar\u00e1 muchos diversos microclimas. Hay varios volcanes en la zona que son visitados por miles de turistas [&hellip;]<\/p>\n","protected":false},"author":9,"featured_media":0,"parent":7910,"menu_order":0,"comment_status":"closed","ping_status":"closed","template":"templates\/template-with-right-sidebar.php","meta":{"_joinchat":[],"footnotes":""},"class_list":["post-8009","page","type-page","status-publish","hentry"],"_links":{"self":[{"href":"https:\/\/www.costaricaguides.com\/es\/wp-json\/wp\/v2\/pages\/8009","targetHints":{"allow":["GET"]}}],"collection":[{"href":"https:\/\/www.costaricaguides.com\/es\/wp-json\/wp\/v2\/pages"}],"about":[{"href":"https:\/\/www.costaricaguides.com\/es\/wp-json\/wp\/v2\/types\/page"}],"author":[{"embeddable":true,"href":"https:\/\/www.costaricaguides.com\/es\/wp-json\/wp\/v2\/users\/9"}],"replies":[{"embeddable":true,"href":"https:\/\/www.costaricaguides.com\/es\/wp-json\/wp\/v2\/comments?post=8009"}],"version-history":[{"count":2,"href":"https:\/\/www.costaricaguides.com\/es\/wp-json\/wp\/v2\/pages\/8009\/revisions"}],"predecessor-version":[{"id":11878,"href":"https:\/\/www.costaricaguides.com\/es\/wp-json\/wp\/v2\/pages\/8009\/revisions\/11878"}],"up":[{"embeddable":true,"href":"https:\/\/www.costaricaguides.com\/es\/wp-json\/wp\/v2\/pages\/7910"}],"wp:attachment":[{"href":"https:\/\/www.costaricaguides.com\/es\/wp-json\/wp\/v2\/media?parent=8009"}],"curies":[{"name":"wp","href":"https:\/\/api.w.org\/{rel}","templated":true}]}}