{"id":8021,"date":"2015-09-26T23:39:28","date_gmt":"2015-09-26T23:39:28","guid":{"rendered":"http:\/\/costaricaguides.com\/es\/costa-rica-info\/regiones-de-costa-rica\/costa-rica-geopraphy\/"},"modified":"2019-05-22T15:40:34","modified_gmt":"2019-05-22T15:40:34","slug":"geografia-de-costa-rica","status":"publish","type":"page","link":"https:\/\/www.costaricaguides.com\/es\/costa-rica-info\/regiones-de-costa-rica\/geografia-de-costa-rica\/","title":{"rendered":"Geograf\u00eda de Costa Rica"},"content":{"rendered":"<div class=\"wpb-content-wrapper\"><p>[vc_row][vc_column][vc_column_text]<\/p>\n<p style=\"text-align: justify;\"><span style=\"font-family: arial, helvetica, sans-serif; font-size: 14pt;\">Costa Rica se encuentra en el Istmo Centroamericano, dentro de las coordenadas geogr\u00e1ficas 8 \u00b0 y 11 \u00b0 de latitud norte y 82 \u00b0 y 85 \u00b0, de longitud Oeste. Incluyendo su \u00e1rea insular que tiene una extensi\u00f3n de 51.100 kilometros (50,660 kilometros \u00b2 de terreno y 440 km\u00b2 de agua). Al lado de Belice y El Salvador, Costa Rica es una de las rep\u00fablicas m\u00e1s peque\u00f1as de Am\u00e9rica Central. Limita al norte con Nicaragua, que comparte 309 kil\u00f3metros de frontera y en el sur con Panam\u00e1, que comparte 639 kilometros, al este con el Mar Caribe y al oeste con el Oc\u00e9ano Pac\u00edfico.<\/span><\/p>\n<p style=\"text-align: justify;\"><span style=\"font-family: arial, helvetica, sans-serif; font-size: 14pt;\">La longitud de la costa incluye 1.228 km, de los cuales 1.016 se encuentran en la costa del Pac\u00edfico y 212 km en el Mar Caribe. La costa del Pac\u00edfico presenta irregularidades como pen\u00ednsulas, golfos y bah\u00edas, las condiciones que ofrecen la creaci\u00f3n de zonas portuarias y el desarrollo tur\u00edstico.<\/span><br \/>\n<span style=\"font-family: arial, helvetica, sans-serif; font-size: 14pt;\">Mapa Pol\u00edtico<\/span><\/p>\n<p style=\"text-align: justify;\"><span style=\"font-family: arial, helvetica, sans-serif; font-size: 14pt;\">Se divide en siete provincias:<\/span><\/p>\n<p style=\"text-align: justify;\"><span style=\"font-family: arial, helvetica, sans-serif; font-size: 14pt;\">San Jos\u00e9 (la capital) (4 959 km2),<\/span><br \/>\n<span style=\"font-family: arial, helvetica, sans-serif; font-size: 14pt;\">Alajuela (9 752km2)<\/span><br \/>\n<span style=\"font-family: arial, helvetica, sans-serif; font-size: 14pt;\">Heredia (2 656 km2)<\/span><br \/>\n<span style=\"font-family: arial, helvetica, sans-serif; font-size: 14pt;\">Cartago (3 124 km2)<\/span><br \/>\n<span style=\"font-family: arial, helvetica, sans-serif; font-size: 14pt;\">Puntarenas (11 276km2)<\/span><br \/>\n<span style=\"font-family: arial, helvetica, sans-serif; font-size: 14pt;\">Lim\u00f3n (9 188 km2)<\/span><br \/>\n<span style=\"font-family: arial, helvetica, sans-serif; font-size: 14pt;\">Guanacaste (10 140 km2)<\/span><br \/>\n<span style=\"font-family: arial, helvetica, sans-serif; font-size: 14pt;\">Isla del Coco, una soberan\u00eda nacional en el Oc\u00e9ano Pac\u00edfico,<\/span><br \/>\n<span style=\"font-family: arial, helvetica, sans-serif; font-size: 14pt;\">la posici\u00f3n es: 5 \u00b0 30 &#8216;de latitud norte y 87 \u00b0 06&#8217; de longitud oeste.<\/span><\/p>\n<p style=\"text-align: justify;\"><span style=\"font-family: arial, helvetica, sans-serif; font-size: 14pt;\">La \u00faltima estimaci\u00f3n de poblaci\u00f3n se realiz\u00f3 en el a\u00f1o 2000; que da un resultado de 3.824 593 habitantes y el 50% de estas vidas en la gran \u00e1rea metropolitana.<\/span><\/p>\n<p style=\"text-align: justify;\"><span style=\"font-family: arial, helvetica, sans-serif; font-size: 14pt;\">El \u00e1rea metropolitana incluye la parte central del pa\u00eds y una altitud promedio de 1.000 metros sobre el nivel del mar. Costa Rica, debido a su posici\u00f3n en una zona tropical del planeta, se caracteriza por las altas temperaturas y lluvias durante gran parte del a\u00f1o.<\/span><\/p>\n<p style=\"text-align: justify;\"><span style=\"font-family: arial, helvetica, sans-serif; font-size: 14pt;\">En la otra parte de la costa del Caribe es m\u00e1s regular, pero menos apropiado para estos servicios. El pa\u00eds tiene soberan\u00eda sobre 200 mn (millas n\u00e1uticas) de la zona econ\u00f3mica exclusiva, y 12 mn de las aguas territoriales.<\/span><\/p>\n<p style=\"text-align: justify;\"><span style=\"font-family: arial, helvetica, sans-serif; font-size: 14pt;\">Desde sus or\u00edgenes Costa Rica ha sido un puente biol\u00f3gico donde las especies de flora y fauna vienen, desde el neo-\u00c1rtico, el Neo-tr\u00f3pico y algunas otras de las regiones Antillas. Debido a esta biodiversidad, zonas de vida se encuentran a partir de los paisajes costeros a los paisajes del desierto en el 3.000 m de altitud.<\/span><\/p>\n<p style=\"text-align: justify;\"><span style=\"font-family: arial, helvetica, sans-serif; font-size: 14pt;\">La biodiversidad permite que el pa\u00eds tenga un solo alrededor de 360 \u200b\u200bespecies (150 anfibios y 210 de reptiles), aves de aproximadamente 850 especies (625 nidos y 225 son migratorias), 205 mam\u00edferos de especies, entre mam\u00edferos y murci\u00e9lagos no vuelan.<\/span><\/p>\n<p style=\"text-align: justify;\"><span style=\"font-family: arial, helvetica, sans-serif; font-size: 14pt;\">Cl\u00e1sicos de arena blanca y negro playas limpias implican tur\u00edstica con el oc\u00e9ano. En la aguja monta\u00f1osa, la tierra viene desde el noroeste hacia el sureste. Tambi\u00e9n un pico m\u00e1s alto del Cerro Chirrip\u00f3 impresion\u00f3 a todos culminando en los 3820 metros de altura.<\/span><\/p>\n<p style=\"text-align: justify;\"><span style=\"font-family: arial, helvetica, sans-serif; font-size: 14pt;\">Costa Rica tiene dos temporadas diferentes, la lluvia o invierno, de mayo a noviembre y la seca o de verano, de diciembre a abril.<\/span><\/p>\n<p style=\"text-align: justify;\"><span style=\"font-family: arial, helvetica, sans-serif; font-size: 14pt;\">En junio y en julio pueden aparecer lluvias ligeras, pero especialmente por la noche.<\/span><\/p>\n<p style=\"text-align: justify;\"><span style=\"font-family: arial, helvetica, sans-serif; font-size: 14pt;\">En Costa Rica se pueden encontrar climas opuestos muy cercano. Se puede llegar a la playa picor o la monta\u00f1a m\u00e1s fr\u00eda en tan s\u00f3lo dos horas.<\/span><\/p>\n<p style=\"text-align: justify;\"><span style=\"font-family: arial, helvetica, sans-serif; font-size: 14pt;\">Cadenas de monta\u00f1as provienen del NW al SE. Hay cuatro rangos importantes de nuestro pa\u00eds: El Guanacaste, Tilar\u00e1n, Central y Talamanca.<\/span><\/p>\n<p>[\/vc_column_text][\/vc_column][\/vc_row]<\/p>\n<\/div>","protected":false},"excerpt":{"rendered":"<p>[vc_row][vc_column][vc_column_text] Costa Rica se encuentra en el Istmo Centroamericano, dentro de las coordenadas geogr\u00e1ficas 8 \u00b0 y 11 \u00b0 de latitud norte y 82 \u00b0 y 85 \u00b0, de longitud Oeste. Incluyendo su \u00e1rea insular que tiene una extensi\u00f3n de 51.100 kilometros (50,660 kilometros \u00b2 de terreno y 440 km\u00b2 de agua). Al lado de [&hellip;]<\/p>\n","protected":false},"author":9,"featured_media":0,"parent":8009,"menu_order":0,"comment_status":"closed","ping_status":"closed","template":"templates\/template-with-right-sidebar.php","meta":{"_joinchat":[],"footnotes":""},"class_list":["post-8021","page","type-page","status-publish","hentry"],"_links":{"self":[{"href":"https:\/\/www.costaricaguides.com\/es\/wp-json\/wp\/v2\/pages\/8021","targetHints":{"allow":["GET"]}}],"collection":[{"href":"https:\/\/www.costaricaguides.com\/es\/wp-json\/wp\/v2\/pages"}],"about":[{"href":"https:\/\/www.costaricaguides.com\/es\/wp-json\/wp\/v2\/types\/page"}],"author":[{"embeddable":true,"href":"https:\/\/www.costaricaguides.com\/es\/wp-json\/wp\/v2\/users\/9"}],"replies":[{"embeddable":true,"href":"https:\/\/www.costaricaguides.com\/es\/wp-json\/wp\/v2\/comments?post=8021"}],"version-history":[{"count":1,"href":"https:\/\/www.costaricaguides.com\/es\/wp-json\/wp\/v2\/pages\/8021\/revisions"}],"predecessor-version":[{"id":11386,"href":"https:\/\/www.costaricaguides.com\/es\/wp-json\/wp\/v2\/pages\/8021\/revisions\/11386"}],"up":[{"embeddable":true,"href":"https:\/\/www.costaricaguides.com\/es\/wp-json\/wp\/v2\/pages\/8009"}],"wp:attachment":[{"href":"https:\/\/www.costaricaguides.com\/es\/wp-json\/wp\/v2\/media?parent=8021"}],"curies":[{"name":"wp","href":"https:\/\/api.w.org\/{rel}","templated":true}]}}