{"id":8034,"date":"2015-09-26T23:41:29","date_gmt":"2015-09-26T23:41:29","guid":{"rendered":"http:\/\/costaricaguides.com\/es\/costa-rica-info\/regiones-de-costa-rica\/costa-rica-geologic\/"},"modified":"2019-05-22T15:40:34","modified_gmt":"2019-05-22T15:40:34","slug":"geologia-de-costa-rica","status":"publish","type":"page","link":"https:\/\/www.costaricaguides.com\/es\/costa-rica-info\/regiones-de-costa-rica\/geologia-de-costa-rica\/","title":{"rendered":"Geolog\u00eda de Costa Rica"},"content":{"rendered":"<div class=\"wpb-content-wrapper\"><p>[vc_row][vc_column][vc_column_text]<\/p>\n<p style=\"text-align: justify;\"><span style=\"font-family: arial, helvetica, sans-serif; font-size: 14pt;\">ORIGEN  GEOL\u00f3GICO Y  CARACTER\u00cdSTICAS DE COSTA RICA<\/span><\/p>\n<p style=\"text-align: justify;\"><span style=\"font-family: arial, helvetica, sans-serif; font-size: 14pt;\">Am\u00e9rica Central se caracteriza m\u00e1s bien por la biodiversidad que por la homogeneidad, que es la caracter\u00edstica predominante de esta zona debido a la situaci\u00f3n geogr\u00e1fica. Adem\u00e1s, presenta excelentes caracter\u00edsticas, una condici\u00f3n clim\u00e1tica doble: la interoce\u00e1nicos y uno intercontinental.<\/span><\/p>\n<p style=\"text-align: justify;\"><span style=\"font-family: arial, helvetica, sans-serif; font-size: 14pt;\">Estructuralmente la regi\u00f3n se extiende desde M\u00e9xico en el Istmo de Tehuantepec, al valle del Atrato en Colombia de acuerdo a Dengo (1975). Durante este tiempo el canal interoce\u00e1nico de casi 3.000 kilometros separa Am\u00e9rica del Norte de Am\u00e9rica del Sur. Por esta vez, la Am\u00e9rica Central del norte estuvo constituida por rocas sedimentarias invasivos y, a causa de los movimientos tect\u00f3nicos. Al final de este periodo y a causa de sus movimientos que se form\u00f3 en realidad, en realidad es en la misma forma. Cuando el per\u00edodo Terciario finalizado todav\u00eda existe un canal de aproximadamente 300 km de longitud, que todav\u00eda separa el norte de Nicaragua con el norte de Colombia. En el sector sur de Am\u00e9rica Central, durante el per\u00edodo Terciario Inferior y el per\u00edodo Cret\u00e1cico Superior, parec\u00eda una cadena de islas volc\u00e1nicas. En el Plioceno, hace tres o cuatro millones de a\u00f1os, el puente terrestre form\u00f3 y consolid\u00f3. Se separa el Oc\u00e9ano Pac\u00edfico del Oc\u00e9ano Atl\u00e1ntico y la Am\u00e9rica del Norte con Am\u00e9rica del Sur.<\/span><\/p>\n<p style=\"text-align: justify;\"><span style=\"font-family: arial, helvetica, sans-serif; font-size: 14pt;\">Gracias a la condici\u00f3n de puente, Am\u00e9rica Central permiti\u00f3 que el animal y vegetal, as\u00ed como la difusi\u00f3n de las migraciones de humano y el intercambio cultural. Los sistemas monta\u00f1osos ubicados en Guatemala, Honduras y en el norte de Nicaragua, el aislamiento, por lo que se vio favorecido la evoluci\u00f3n de las especies end\u00e9micas y form\u00f3 una barrera que imped\u00eda la difusi\u00f3n causados. Un claro ejemplo de esto es el \u00e1rbol de pino que no est\u00e1 en el sur del Lago de Nicaragua.<\/span><\/p>\n<p style=\"text-align: justify;\"><span style=\"font-family: arial, helvetica, sans-serif; font-size: 14pt;\">Al sur de Costa Rica se encuentra la Cordillera de Talamanca, donde encontramos robles de Am\u00e9rica del Norte mezclan con origen de con\u00edferas de Am\u00e9rica del Sur. La combinaci\u00f3n de la gran variedad de especies de Am\u00e9rica del Norte, as\u00ed como de Am\u00e9rica del Sur hace que Am\u00e9rica Central, una regi\u00f3n privilegiada por la riqueza y la variedad de flora y fauna, que no se encuentra en ninguna otra parte del hemisferio occidental y que doesn &#8216; t tiene un territorio de esta misma extensi\u00f3n.<\/span><\/p>\n<p style=\"text-align: justify;\"><span style=\"font-family: arial, helvetica, sans-serif; font-size: 14pt;\">Durante los a\u00f1os de congelaci\u00f3n del Pleistoceno, el estrecho de Bering fue posiblemente congelada, lo que permiti\u00f3 que las migraciones desde Asia hasta Am\u00e9rica. Los primeros pobladores, con una cultura rudimentaria se dedica a la caza, la recolecci\u00f3n y la pesca, se extienden por todo el continente. Poco a poco se van a desarrollar dos tipos de agricultura, una de ellas basada en el cultivo de tub\u00e9rculos, como la yuca, para el caso de la Regi\u00f3n Andina.<\/span><br \/>\n<span style=\"font-family: arial, helvetica, sans-serif; font-size: 14pt;\">En el \u00e1rea mesoamericana los cultivos fueron el ma\u00edz y los frijoles. Gracias a este tipo de agricultura floraci\u00f3n tres grandes civilizaciones del continente americano creci\u00f3: La Maya, Azteca en M\u00e9xico y Guatemala y los incas en el Per\u00fa.<\/span><\/p>\n<p style=\"text-align: justify;\"><span style=\"font-family: arial, helvetica, sans-serif; font-size: 14pt;\">HISTORIA GEOL\u00d3GICA DE COSTA RICA<\/span><\/p>\n<p style=\"text-align: justify;\"><span style=\"font-family: arial, helvetica, sans-serif; font-size: 14pt;\">Para hace m\u00e1s de 200 millones de a\u00f1os, comenz\u00f3 la historia geol\u00f3gica de nuestro pa\u00eds. Para este per\u00edodo, probablemente, las masas continentales se encuentran en una situaci\u00f3n muy similar a la real.<\/span><\/p>\n<p style=\"text-align: justify;\"><span style=\"font-family: arial, helvetica, sans-serif; font-size: 14pt;\">Como producto de la separaci\u00f3n de la placa norteamericana, europea y africana, como consecuencia de la consecuencia de la acci\u00f3n de las c\u00e9lulas de convecci\u00f3n con el magma. El Oc\u00e9ano Atl\u00e1ntico se ha creado, cuyo origen se debe a con una zona de extensi\u00f3n, que abarca desde Islandia hasta la Ant\u00e1rtida.<\/span><\/p>\n<p style=\"text-align: justify;\"><span style=\"font-family: arial, helvetica, sans-serif; font-size: 14pt;\">El proceso de la orogenia (el proceso de formaci\u00f3n de monta\u00f1as y estudiado como un evento estructural tect\u00f3nico) comenz\u00f3 con actividades volc\u00e1nicas, acompa\u00f1ados de brotaci\u00f3n dorsales oce\u00e1nicas y crestas submarinas. Un resultado de este proceso es un archipi\u00e9lago orientado hacia el este, y m\u00e1s tarde ser\u00eda conocido como el arco externo, en realidad representada con un desgastado de serie lejos de las cadenas monta\u00f1osas, que se encuentra en la Pen\u00ednsula de Nicoya, Playa Herradura, Pen\u00ednsula de Osa y en Punta Burica.<\/span><\/p>\n<p style=\"text-align: justify;\"><span style=\"font-family: arial, helvetica, sans-serif; font-size: 14pt;\">Una actividad volc\u00e1nica intensa caracteriza este per\u00edodo y debido a esto, los procesos de erosi\u00f3n aument\u00f3 en la sedimentaci\u00f3n de estas \u00e1reas. Hace unos sesenta millones de a\u00f1os, durante la \u00e9poca del Eoceno Inferior y media (gran divisi\u00f3n de la escala de tiempo geol\u00f3gico y la segunda \u00e9poca del per\u00edodo Paleoceno en la era Cenozoica.), Casi desaparecido la totalidad del arco externo, un mont\u00f3n de islas conocidas como emergentes Guanarivas.<\/span><\/p>\n<p style=\"text-align: justify;\"><span style=\"font-family: arial, helvetica, sans-serif; font-size: 14pt;\">Durante el Oligoceno, hace 25 millones de a\u00f1os, estas islas desaparecieron en el oc\u00e9ano y estaban cubiertas por material de detritus (materia de la muerte), como consecuencia de la degradaci\u00f3n y la sedimentaci\u00f3n despu\u00e9s.<\/span><\/p>\n<p style=\"text-align: justify;\"><span style=\"font-family: arial, helvetica, sans-serif; font-size: 14pt;\">Debido a la intensa actividad volc\u00e1nica que dio origen a la Monta\u00f1a de aguacate y la cordillera de Talamanca. Se inicia un ascenso y alcanza la mayor altitud del arco interno. Este vulcanismo dar\u00eda m\u00e1s tarde el origen a la Cordillera Volc\u00e1nica Central y la Cordillera de Guanacaste.<\/span><\/p>\n<p style=\"text-align: justify;\"><span style=\"font-family: arial, helvetica, sans-serif; font-size: 14pt;\">Por lo tanto, la conformaci\u00f3n del territorio que Costa Rica ocupa hoy ha durado aproximadamente 8 a 10 millones de a\u00f1os, debido a que el aumento de las estructuras geol\u00f3gicas se produce en una velocidad de 10 mm por a\u00f1o.<\/span><br \/>\n<span style=\"font-family: arial, helvetica, sans-serif; font-size: 14pt;\">Estructuras geol\u00f3gicas PRINCIPALES DE COSTA RICA<\/span><br \/>\n<span style=\"font-family: arial, helvetica, sans-serif; font-size: 14pt;\">La constituci\u00f3n alivio es desde el noroeste al sudeste, con cuatro cadenas monta\u00f1osas: Guanacaste, Tilar\u00e1n, Volc\u00e1nica Central y de Talamanca.<\/span><\/p>\n<p style=\"text-align: justify;\"><span style=\"font-family: arial, helvetica, sans-serif; font-size: 14pt;\">La Cordillera Volc\u00e1nica de Guanacaste est\u00e1 formada por una fila de conos volc\u00e1nicos. El Rinc\u00f3n de la Vieja y el volc\u00e1n Arenal presente actividad volc\u00e1nica. En el a\u00f1o 1968, el Volc\u00e1n Arenal, comenz\u00f3 con un per\u00edodo de actividad espectacular, con emisiones de lava y cenizas ardientes y nubes. En la parte sur del Volc\u00e1n Arenal era un peque\u00f1o lago que utilizan para hacer una represa hidroel\u00e9ctrica.<\/span><\/p>\n<p style=\"text-align: justify;\"><span style=\"font-family: arial, helvetica, sans-serif; font-size: 14pt;\">La Cordillera de Tilar\u00e1n est\u00e1 constituido por rocas volc\u00e1nicas donde se han encontrado las costuras de oro en algunos sectores como el de Abangares y Miramar.<\/span><\/p>\n<p style=\"text-align: justify;\"><span style=\"font-family: arial, helvetica, sans-serif; font-size: 14pt;\">La Cordillera Volc\u00e1nica Central est\u00e1 formado por cuatro volcanes: Po\u00e1s, Iraz\u00fa, Barva y Turrialba. El volc\u00e1n Iraz\u00fa presenta una gran actividad volc\u00e1nica en el per\u00edodo entre 1963 y 1965; en el momento en que tiene algunas fumarolas, un \u00e1rea de aguas termales y respiraderos de gases con magma y rocas \u00edgneas calientes<\/span><br \/>\n<span style=\"font-family: arial, helvetica, sans-serif; font-size: 14pt;\">Volc\u00e1n Po\u00e1s ha tenido actividad volc\u00e1nica en diferentes momentos, as\u00ed como algunas erupciones de ceniza. Un fen\u00f3meno que est\u00e1 afectando realmente su entorno es la lluvia \u00e1cida, que arde constantemente los cultivos de hortalizas, fresas y muchos m\u00e1s.<\/span><\/p>\n<p style=\"text-align: justify;\"><span style=\"font-family: arial, helvetica, sans-serif; font-size: 14pt;\">Estructuralmente la Cordillera de Talamanca es un anticlinal, generalmente reconocido por una secuencia de capas de roca que son progresivamente mayores hacia el centro de la tapa, formadas por sedimentos marinos y rocas volc\u00e1nicas.<\/span><br \/>\n<span style=\"font-family: arial, helvetica, sans-serif; font-size: 14pt;\">Se inicia en el Valle Central y tiene una direcci\u00f3n noroeste a sudeste.<\/span><\/p>\n<p>[\/vc_column_text][\/vc_column][\/vc_row]<\/p>\n<\/div>","protected":false},"excerpt":{"rendered":"<p>[vc_row][vc_column][vc_column_text] ORIGEN GEOL\u00f3GICO Y CARACTER\u00cdSTICAS DE COSTA RICA Am\u00e9rica Central se caracteriza m\u00e1s bien por la biodiversidad que por la homogeneidad, que es la caracter\u00edstica predominante de esta zona debido a la situaci\u00f3n geogr\u00e1fica. Adem\u00e1s, presenta excelentes caracter\u00edsticas, una condici\u00f3n clim\u00e1tica doble: la interoce\u00e1nicos y uno intercontinental. Estructuralmente la regi\u00f3n se extiende desde M\u00e9xico en [&hellip;]<\/p>\n","protected":false},"author":9,"featured_media":0,"parent":8009,"menu_order":0,"comment_status":"closed","ping_status":"closed","template":"templates\/template-with-right-sidebar.php","meta":{"_joinchat":[],"footnotes":""},"class_list":["post-8034","page","type-page","status-publish","hentry"],"_links":{"self":[{"href":"https:\/\/www.costaricaguides.com\/es\/wp-json\/wp\/v2\/pages\/8034","targetHints":{"allow":["GET"]}}],"collection":[{"href":"https:\/\/www.costaricaguides.com\/es\/wp-json\/wp\/v2\/pages"}],"about":[{"href":"https:\/\/www.costaricaguides.com\/es\/wp-json\/wp\/v2\/types\/page"}],"author":[{"embeddable":true,"href":"https:\/\/www.costaricaguides.com\/es\/wp-json\/wp\/v2\/users\/9"}],"replies":[{"embeddable":true,"href":"https:\/\/www.costaricaguides.com\/es\/wp-json\/wp\/v2\/comments?post=8034"}],"version-history":[{"count":1,"href":"https:\/\/www.costaricaguides.com\/es\/wp-json\/wp\/v2\/pages\/8034\/revisions"}],"predecessor-version":[{"id":11387,"href":"https:\/\/www.costaricaguides.com\/es\/wp-json\/wp\/v2\/pages\/8034\/revisions\/11387"}],"up":[{"embeddable":true,"href":"https:\/\/www.costaricaguides.com\/es\/wp-json\/wp\/v2\/pages\/8009"}],"wp:attachment":[{"href":"https:\/\/www.costaricaguides.com\/es\/wp-json\/wp\/v2\/media?parent=8034"}],"curies":[{"name":"wp","href":"https:\/\/api.w.org\/{rel}","templated":true}]}}