{"id":8063,"date":"2015-09-26T23:58:00","date_gmt":"2015-09-26T23:58:00","guid":{"rendered":"http:\/\/costaricaguides.com\/es\/costa-rica-info\/regiones-de-costa-rica\/northern-region\/"},"modified":"2019-05-22T15:40:35","modified_gmt":"2019-05-22T15:40:35","slug":"llanuras-del-norte","status":"publish","type":"page","link":"https:\/\/www.costaricaguides.com\/es\/costa-rica-info\/regiones-de-costa-rica\/llanuras-del-norte\/","title":{"rendered":"Llanuras del Norte"},"content":{"rendered":"<div class=\"wpb-content-wrapper\"><p>[vc_row][vc_column][vc_column_text]<\/p>\n<p style=\"text-align: justify;\"><span style=\"font-family: arial, helvetica, sans-serif; font-size: 14pt;\">La regi\u00f3n norte es conocida por sus lluvias estacionales, que se han convertido en un problema local debido a los r\u00edos y lagos crecer demasiado, convirtiendo la zona en un pantano h\u00famedo.<\/span><\/p>\n<p style=\"text-align: justify;\"><span style=\"font-family: arial, helvetica, sans-serif; font-size: 14pt;\">Los agricultores trabajan la tierra con ma\u00edz, arroz, frijol y ca\u00f1a de az\u00facar. A partir de la ca\u00f1a de az\u00facar proviene la bebida alcoh\u00f3lica nacional, el \u00abCacique\u00bb (conocido como \u00abguaro\u00bb). Esta es la regi\u00f3n menos visitada en el pa\u00eds, s\u00f3lo visitado por los turistas para los viajes diarios no para estancias largas<\/span><br \/>\n<span style=\"font-family: arial, helvetica, sans-serif; font-size: 14pt;\">Vara Blanca<\/span><\/p>\n<p style=\"text-align: justify;\"><span style=\"font-family: arial, helvetica, sans-serif; font-size: 14pt;\">Vara Blanca est\u00e1 en la manera de Po\u00e1s y Barva volcanes. Es el paisaje perfecto para tomar fotos, altas monta\u00f1as llenas de \u00e1rboles y colores verdes. A unos 8 km de Vara Blanca, se encuentra el r\u00edo La Paz y sus cascadas circundantes.<\/span><br \/>\n<span style=\"font-family: arial, helvetica, sans-serif; font-size: 14pt;\">San Carlos Muelle<\/span><\/p>\n<p style=\"text-align: justify;\"><span style=\"font-family: arial, helvetica, sans-serif; font-size: 14pt;\">Muelle de San Carlos es famosa por sus enormes tierras de az\u00facar y su navegaci\u00f3n importante. Se recomienda conducir con atenci\u00f3n en la zona como los camioneros cansados \u200b\u200bparan para comer y descansar, y aparcar sus grandes camiones en la carretera a un lado del muelle.<\/span><br \/>\n<span style=\"font-family: arial, helvetica, sans-serif; font-size: 14pt;\">Cavernas de Venado<\/span><\/p>\n<p style=\"text-align: justify;\"><span style=\"font-family: arial, helvetica, sans-serif; font-size: 14pt;\">Estas cuevas fueron descubiertas en 1945, cuando un granjero accidentalmente cay\u00f3 en un agujero en el suelo y se encontr\u00f3 en las Cavernas de Venado. Esta zona es de piedra caliza suave, maleable y es el hogar de las ara\u00f1as, murci\u00e9lagos y peces de ojos. Es importante tomar las luces, cascos y una buena ducha despu\u00e9s. Fuera de las cuevas se encuentra una tienda de comestibles.<\/span><br \/>\n<span style=\"font-family: arial, helvetica, sans-serif; font-size: 14pt;\">Upala<\/span><\/p>\n<p style=\"text-align: justify;\"><span style=\"font-family: arial, helvetica, sans-serif; font-size: 14pt;\">Se encuentra a 9 km al sur de la frontera de Nicaragua, en la esquina noroeste. Upala es una peque\u00f1a ciudad con 15.000 habitantes. Esta es la zona principal del pa\u00eds para el ganado y la producci\u00f3n de arroz. Muchos empresarios visitan esta zona para el intercambio de ideas y comercializar. Hoy en d\u00eda, la gente conduce por esta zona para llegar a Ca\u00f1o Negro y Los Chiles.<\/span><br \/>\n<span style=\"font-family: arial, helvetica, sans-serif; font-size: 14pt;\">Ca\u00f1o Negro Refugio de Vida Silvestre Nacional<\/span><\/p>\n<p style=\"text-align: justify;\"><span style=\"font-family: arial, helvetica, sans-serif; font-size: 14pt;\">Este refugio cuenta con un \u00e1rea de 102 km2 y la belleza de sus paisajes se definen por el R\u00edo Fr\u00edo. Ca\u00f1o Negro es popular por sus actividades de pesca (aunque est\u00e1 cerrado de abril a julio) y por ser un lugar para las aves migratorias.<\/span><br \/>\n<span style=\"font-family: arial, helvetica, sans-serif; font-size: 14pt;\">Los Chiles<\/span><\/p>\n<p style=\"text-align: justify;\"><span style=\"font-family: arial, helvetica, sans-serif; font-size: 14pt;\">Se encuentra a 70 km al norte del muelle de San Carlos, muy cerca de la frontera con Nicaragua. La carretera principal est\u00e1 rodeado de plantaciones de ca\u00f1a de az\u00facar. Sus principales actividades son la agricultura y la pesca, debido a su proximidad con el r\u00edo San Juan.<\/span><\/p>\n<p style=\"text-align: justify;\"><span style=\"font-family: arial, helvetica, sans-serif; font-size: 14pt;\">Los Chiles es un destino tur\u00edstico muy popular, as\u00ed como una ciudad de paso para muchas otras regiones atractivas.<\/span><br \/>\n<span style=\"font-family: arial, helvetica, sans-serif; font-size: 14pt;\">Norte RegionPuerto Viejo, Sarapiqu\u00ed<\/span><\/p>\n<p style=\"text-align: justify;\"><span style=\"font-family: arial, helvetica, sans-serif; font-size: 14pt;\">Sarapiqu\u00ed es el n\u00famero 10 en el cant\u00f3n de la provincia de Heredia y se encuentra cerca de R\u00edo Fr\u00edo. Las principales actividades agr\u00edcolas en la regi\u00f3n son el ganado, ma\u00edz, cacao, c\u00edtricos, pl\u00e1tanos, palmeras, \u00e1rboles frutales y plantaciones de caf\u00e9. Sur de Sarapiqu\u00ed se encuentra parcialmente en la Cordillera Volc\u00e1nica Central Reserva Forestal.<\/span><\/p>\n<p style=\"text-align: justify;\"><span style=\"font-family: arial, helvetica, sans-serif; font-size: 14pt;\">El r\u00edo Sarapiqu\u00ed tiene una historia relevante a Costa Rica, principalmente por dos razones:<\/span><\/p>\n<p style=\"text-align: justify;\"><span style=\"font-family: arial, helvetica, sans-serif; font-size: 14pt;\">Fue la primera conexi\u00f3n comercio entre Costa Rica y Europa.<\/span><br \/>\n<span style=\"font-family: arial, helvetica, sans-serif; font-size: 14pt;\">Desempe\u00f1\u00f3 un papel muy importante en la defensa de la soberan\u00eda nacional, cuando los filibusteros, al mando de William Walker, llegaron a Costa Rica por el Sarapiqu\u00ed en 1856.<\/span><\/p>\n<p style=\"text-align: justify;\"><span style=\"font-family: arial, helvetica, sans-serif; font-size: 14pt;\">La Virgen, una peque\u00f1a ciudad dentro de Sarapiqu\u00ed es otra atracci\u00f3n muy conocida. La gente dice que la Virgen sol\u00eda aparecer a las personas religiosas, por lo que es un lugar popular para los visitantes a venir y orar. Sarapiqu\u00ed tambi\u00e9n tiene hermosos paisajes y actividades locales de entretenimiento.<\/span><br \/>\n<span style=\"font-family: arial, helvetica, sans-serif; font-size: 14pt;\">Al sur de Puerto Viejo de Sarapiqu\u00ed<\/span><\/p>\n<p style=\"text-align: justify;\"><span style=\"font-family: arial, helvetica, sans-serif; font-size: 14pt;\">Miles de plantaciones de banano a trav\u00e9s conforman paisajes de la costa del Caribe. Es una zona muy accesible con 3 rutas terrestres:<\/span><\/p>\n<p style=\"text-align: justify;\"><span style=\"font-family: arial, helvetica, sans-serif; font-size: 14pt;\">1) La ruta tradicional o la ruta de los h\u00e9roes (Rod Blancas), donde se puede observar las de San Fernando y La Paz cascadas, monta\u00f1as, r\u00edos y volcanes.<\/span><br \/>\n<span style=\"font-family: arial, helvetica, sans-serif; font-size: 14pt;\">2) El camino del Parque Nacional Braulio Carrillo, un \u00e1rea de la fauna exuberante y paisajes.<\/span><br \/>\n<span style=\"font-family: arial, helvetica, sans-serif; font-size: 14pt;\">3) A trav\u00e9s de San Carlos, una regi\u00f3n agr\u00edcola con cultivos de pi\u00f1a, palmeras y plantas ornamentales.<\/span><br \/>\n<span style=\"font-family: arial, helvetica, sans-serif; font-size: 14pt;\">Estaci\u00f3n Biol\u00f3gica La Selva<\/span><\/p>\n<p style=\"text-align: justify;\"><span style=\"font-family: arial, helvetica, sans-serif; font-size: 14pt;\">Este lugar est\u00e1 bien equipada con laboratorios biol\u00f3gicos, parcelas experimentales y una extensa biblioteca. Los visitantes son principalmente cient\u00edficos y estudiantes. Ofrece un hotel especialmente dise\u00f1ado para las necesidades de sus visitantes.<\/span><br \/>\n<span style=\"font-family: arial, helvetica, sans-serif; font-size: 14pt;\">Heliconia Island<\/span><\/p>\n<p style=\"text-align: justify;\"><span style=\"font-family: arial, helvetica, sans-serif; font-size: 14pt;\">Es mejor conocido por su serenidad gracias a sus hermosos jardines. Este lugar fue creado en 1992 por Tim Ryan, un arte y dise\u00f1o del profesor de Nueva York. Cuenta con m\u00e1s de 2 hect\u00e1reas de flores tropicales, plantas y \u00e1rboles, m\u00e1s de 80 especies de heliconias, m\u00e1s de 228 especies de aves y cuatro especies de monos residentes.<\/span><br \/>\n<span style=\"font-family: arial, helvetica, sans-serif; font-size: 14pt;\">Rara ave<\/span><\/p>\n<p style=\"text-align: justify;\"><span style=\"font-family: arial, helvetica, sans-serif; font-size: 14pt;\">Tiene 1335 hect\u00e1reas y est\u00e1 situado en la alta altitud bosque tropical lluvioso. Este lugar fue fundado por Amos Bien, un estudiante de biolog\u00eda de Am\u00e9rica, en 1977. Esta reserva limita con el Parque Nacional Braulio Carrillo, donde se puede disfrutar de la observaci\u00f3n de aves y las altas cascadas. Alojamiento que ofrece la zona son preciosas y r\u00fastico.<\/span><br \/>\n<span style=\"font-family: arial, helvetica, sans-serif; font-size: 14pt;\">Arenal Ruta<\/span><\/p>\n<p style=\"text-align: justify;\"><span style=\"font-family: arial, helvetica, sans-serif; font-size: 14pt;\">Esta ruta comienza en Ciudad Quesada. No es tan utilizado por los viajeros, desde la apertura de la Carretera Interamericana.<\/span><br \/>\n<span style=\"font-family: arial, helvetica, sans-serif; font-size: 14pt;\">Los volcanes y selvas tropicales son parte de los paisajes de la carretera, as\u00ed como las ciudades peque\u00f1as como Tilar\u00e1n y Nuevo Arenal. Importantes restaurantes, hoteles de lujo y galer\u00edas de arte tambi\u00e9n se pueden encontrar en el camino.<\/span><br \/>\n<span style=\"font-family: arial, helvetica, sans-serif; font-size: 14pt;\">Ciudad Quesada- San Carlos<\/span><br \/>\n<span style=\"font-family: arial, helvetica, sans-serif; font-size: 14pt;\">San Carlos es el d\u00e9cimo cant\u00f3n de la provincia del Norte RegionAlajuela. La mayor parte de su poblaci\u00f3n habita en Ciudad Quesada, su ciudad principal. Tiene una extensi\u00f3n de 3347 kilometros, haciendo Ciudad Quesada una de las ciudades m\u00e1s grandes del pa\u00eds, superando en tama\u00f1o de las ciudades de Cartago y Heredia.<\/span><br \/>\n<span style=\"font-family: arial, helvetica, sans-serif; font-size: 14pt;\">La ciudad fue fundada en 1911 y consta de 13 distritos.<\/span><br \/>\n<span style=\"font-family: arial, helvetica, sans-serif; font-size: 14pt;\">1-Quesada<\/span><br \/>\n<span style=\"font-family: arial, helvetica, sans-serif; font-size: 14pt;\">2-Florencia<\/span><br \/>\n<span style=\"font-family: arial, helvetica, sans-serif; font-size: 14pt;\">3-Buenavista<\/span><br \/>\n<span style=\"font-family: arial, helvetica, sans-serif; font-size: 14pt;\">4-Aguas Zarcas<\/span><br \/>\n<span style=\"font-family: arial, helvetica, sans-serif; font-size: 14pt;\">5-Venecia<\/span><br \/>\n<span style=\"font-family: arial, helvetica, sans-serif; font-size: 14pt;\">6-Pital<\/span><br \/>\n<span style=\"font-family: arial, helvetica, sans-serif; font-size: 14pt;\">7-Fortuna<\/span><br \/>\n<span style=\"font-family: arial, helvetica, sans-serif; font-size: 14pt;\">8-La Tigra<\/span><br \/>\n<span style=\"font-family: arial, helvetica, sans-serif; font-size: 14pt;\">9-Palmera<\/span><br \/>\n<span style=\"font-family: arial, helvetica, sans-serif; font-size: 14pt;\">10-Venado<\/span><br \/>\n<span style=\"font-family: arial, helvetica, sans-serif; font-size: 14pt;\">11-Cutris<\/span><br \/>\n<span style=\"font-family: arial, helvetica, sans-serif; font-size: 14pt;\">12-Monterrey<\/span><br \/>\n<span style=\"font-family: arial, helvetica, sans-serif; font-size: 14pt;\">13-Pocosol<\/span><br \/>\n<span style=\"font-family: arial, helvetica, sans-serif; font-size: 14pt;\">San Carlos es considerado como parte de la zona rural de Costa Rica. Es la principal ciudad de la Regi\u00f3n Huetar Norte y se compone por otros cantones como Los Chiles, Guatuso, Upala, Sarapiqu\u00ed y Tilar\u00e1n.<\/span><br \/>\n<span style=\"font-family: arial, helvetica, sans-serif; font-size: 14pt;\">La Fortuna<\/span><\/p>\n<p style=\"text-align: justify;\"><span style=\"font-family: arial, helvetica, sans-serif; font-size: 14pt;\">Es un lugar relajante para alojarse por unos d\u00edas. Las cascadas y aguas termales rodean esta zona y es muy f\u00e1cil moverse por la ciudad, ya que miles de operadores tur\u00edsticos son felices para ofrecerle sus servicios.<\/span><\/p>\n<p style=\"text-align: justify;\"><span style=\"font-family: arial, helvetica, sans-serif; font-size: 14pt;\">La Fortuna es uno de los destinos m\u00e1s visitados y tiene muchos atractivos naturales para los turistas, gracias a su proximidad con el majestuoso Volc\u00e1n Arenal.<\/span><br \/>\n<span style=\"font-family: arial, helvetica, sans-serif; font-size: 14pt;\">Parque Nacional Volc\u00e1n Arenal<\/span><\/p>\n<p style=\"text-align: justify;\"><span style=\"font-family: arial, helvetica, sans-serif; font-size: 14pt;\">Se encuentra ubicado en la parte central del pa\u00eds y forma parte del \u00c1rea de Conservaci\u00f3n Arenal-Tilar\u00e1n. El parque rodea el Volc\u00e1n Arenal, el volc\u00e1n m\u00e1s activo del pa\u00eds. El Lago Arenal tiene el proyecto hidroel\u00e9ctrico m\u00e1s grande del pa\u00eds.<\/span><\/p>\n<p style=\"text-align: justify;\"><span style=\"font-family: arial, helvetica, sans-serif; font-size: 14pt;\">Tambi\u00e9n hay un segundo volc\u00e1n en el parque llamado Chato, y una laguna dentro del cr\u00e1ter, llamado Monte del Chato.<\/span><br \/>\n<span style=\"font-family: arial, helvetica, sans-serif; font-size: 14pt;\">Arenal Laguna Area<\/span><\/p>\n<p style=\"text-align: justify;\"><span style=\"font-family: arial, helvetica, sans-serif; font-size: 14pt;\">Se encuentra a 18 kilometros al oeste de la Fortuna. Este lago es el m\u00e1s grande del pa\u00eds con 88 km2. Fue creado por un lago existente ampliando con el mismo nombre, con la realizaci\u00f3n de una presa en el a\u00f1o 1979. Se encuentra cerca del Volc\u00e1n Arenal y el bosque nuboso de Monteverde.<\/span><\/p>\n<p style=\"text-align: justify;\"><span style=\"font-family: arial, helvetica, sans-serif; font-size: 14pt;\">Lago Arenal es el factor clave en un proyecto hidroel\u00e9ctrico en todo el pa\u00eds que actualmente produce la mayor parte de la energ\u00eda el\u00e9ctrica para todo el pa\u00eds. La profundidad del agua var\u00eda generalmente entre 100 y 200 pies. Las comunidades de la \u00abvieja\u00bb Arenal se sumergieron en el lago ampliado.<\/span><\/p>\n<p style=\"text-align: justify;\"><span style=\"font-family: arial, helvetica, sans-serif; font-size: 14pt;\">De noviembre a abril, los vientos fuertes confiables atraen a los amantes del windsurf a su extremo occidental.<\/span><\/p>\n<p style=\"text-align: justify;\"><span style=\"font-family: arial, helvetica, sans-serif; font-size: 14pt;\">Bienes ra\u00edces alrededor de la regi\u00f3n del Lago Arenal est\u00e1 creciendo, debido a los bajos precios en comparaci\u00f3n con los frentes de playa y las propiedades con vista al mar en el pa\u00eds.<\/span><\/p>\n<p style=\"text-align: justify;\"><span style=\"font-family: arial, helvetica, sans-serif; font-size: 14pt;\">Hay dos especies de peces en el lago, la Machaca y el bajo. Especies de aves que se encuentran en la zona son los colibr\u00edes y los p\u00e1jaros carpinteros<\/span><\/p>\n<p>[\/vc_column_text][\/vc_column][\/vc_row]<\/p>\n<\/div>","protected":false},"excerpt":{"rendered":"<p>[vc_row][vc_column][vc_column_text] La regi\u00f3n norte es conocida por sus lluvias estacionales, que se han convertido en un problema local debido a los r\u00edos y lagos crecer demasiado, convirtiendo la zona en un pantano h\u00famedo. Los agricultores trabajan la tierra con ma\u00edz, arroz, frijol y ca\u00f1a de az\u00facar. A partir de la ca\u00f1a de az\u00facar proviene la [&hellip;]<\/p>\n","protected":false},"author":9,"featured_media":0,"parent":8009,"menu_order":0,"comment_status":"closed","ping_status":"closed","template":"templates\/template-with-right-sidebar.php","meta":{"_joinchat":[],"footnotes":""},"class_list":["post-8063","page","type-page","status-publish","hentry"],"_links":{"self":[{"href":"https:\/\/www.costaricaguides.com\/es\/wp-json\/wp\/v2\/pages\/8063","targetHints":{"allow":["GET"]}}],"collection":[{"href":"https:\/\/www.costaricaguides.com\/es\/wp-json\/wp\/v2\/pages"}],"about":[{"href":"https:\/\/www.costaricaguides.com\/es\/wp-json\/wp\/v2\/types\/page"}],"author":[{"embeddable":true,"href":"https:\/\/www.costaricaguides.com\/es\/wp-json\/wp\/v2\/users\/9"}],"replies":[{"embeddable":true,"href":"https:\/\/www.costaricaguides.com\/es\/wp-json\/wp\/v2\/comments?post=8063"}],"version-history":[{"count":1,"href":"https:\/\/www.costaricaguides.com\/es\/wp-json\/wp\/v2\/pages\/8063\/revisions"}],"predecessor-version":[{"id":11389,"href":"https:\/\/www.costaricaguides.com\/es\/wp-json\/wp\/v2\/pages\/8063\/revisions\/11389"}],"up":[{"embeddable":true,"href":"https:\/\/www.costaricaguides.com\/es\/wp-json\/wp\/v2\/pages\/8009"}],"wp:attachment":[{"href":"https:\/\/www.costaricaguides.com\/es\/wp-json\/wp\/v2\/media?parent=8063"}],"curies":[{"name":"wp","href":"https:\/\/api.w.org\/{rel}","templated":true}]}}