{"id":8084,"date":"2015-09-27T00:31:29","date_gmt":"2015-09-27T00:31:29","guid":{"rendered":"http:\/\/costaricaguides.com\/es\/costa-rica-info\/regiones-de-costa-rica\/north-pacific-region\/"},"modified":"2019-05-22T15:40:35","modified_gmt":"2019-05-22T15:40:35","slug":"pacifico-norte","status":"publish","type":"page","link":"https:\/\/www.costaricaguides.com\/es\/costa-rica-info\/regiones-de-costa-rica\/pacifico-norte\/","title":{"rendered":"Pac\u00edfico Norte"},"content":{"rendered":"<div class=\"wpb-content-wrapper\"><p>[vc_row][vc_column][vc_column_text]<\/p>\n<p style=\"text-align: justify;\"><span style=\"font-family: arial, helvetica, sans-serif; font-size: 14pt;\">Guanacaste provincia se encuentra en la parte noroeste del pa\u00eds. Este territorio fue originalmente parte de Nicaragua, pero anex\u00f3 al pa\u00eds el 25 de julio 1824.<\/span><\/p>\n<p style=\"text-align: justify;\"><span style=\"font-family: arial, helvetica, sans-serif; font-size: 14pt;\">Guanacaste es la segunda provincia m\u00e1s grande y m\u00e1s poblada del pa\u00eds. Limita al norte con la Rep\u00fablica de Nicaragua, al este con Alajuela, al sur con Puntarenas y al oeste con el Oc\u00e9ano Pac\u00edfico.<\/span><\/p>\n<p style=\"text-align: justify;\"><span style=\"font-family: arial, helvetica, sans-serif; font-size: 14pt;\">Su capital es Liberia. Guanacaste lleva el nombre del \u00e1rbol nacional. Su geograf\u00eda es \u00e1spera debido a la Cordillera .Some zonas altas se encuentran en la Pen\u00ednsula de Nicoya. Gracias a su belleza natural, incluyendo playas y paisajes incre\u00edbles, Guanacaste ha tenido un crecimiento incre\u00edble en el campo del turismo, por lo que es la actividad econ\u00f3mica m\u00e1s importante de la zona.<\/span><\/p>\n<p style=\"text-align: justify;\"><span style=\"font-family: arial, helvetica, sans-serif; font-size: 14pt;\">Guanacaste tiene el segundo aeropuerto internacional de Costa Rica, y m\u00e1s de 30 aerol\u00edneas han programado sus servicios a Aeropuerto Internacional Daniel Oduber.<\/span><\/p>\n<p style=\"text-align: justify;\"><span style=\"font-family: arial, helvetica, sans-serif; font-size: 14pt;\">En Guanacaste, es posible disfrutar de las tradiciones de Costa Rica, ya que la mayor\u00eda del folklore del pa\u00eds proviene de Guanacaste. Adem\u00e1s, esta regi\u00f3n es conocida por sus hermosas playas, los m\u00e1s famosos son, Papagayo golf, playa Hermosa, Playa del Coco, Playa Grande, Tamarindo, Flamingo, Avellanas, Brasilito, Samara, Nosara, Carrillo Puerto y muchos otros. Los parques nacionales y las \u00e1reas protegidas son tambi\u00e9n una parte importante de Guanacaste.<\/span><\/p>\n<p style=\"text-align: justify;\"><span style=\"font-family: arial, helvetica, sans-serif; font-size: 14pt;\">Guanacaste cuenta con 11 cantones y 47 distritos. Liberia, Nicoya, Bagaces, Carrillo, Ca\u00f1as, Abangares, Tilar\u00e1n, Nandayure, Tilar\u00e1n, La Cruz y Hojancha.<\/span><br \/>\n<span style=\"font-family: arial, helvetica, sans-serif; font-size: 14pt;\">Inter-American Highway<\/span><\/p>\n<p style=\"text-align: justify;\"><span style=\"font-family: arial, helvetica, sans-serif; font-size: 14pt;\">La Carretera Interamericana Norte atraviesa Costa Rica de 2 maneras. Esta ruta comienza en el Parque Central de San Jos\u00e9. Pasa por San Jos\u00e9, Heredia, Alajuela, Puntarenas y Guanacaste. Una carretera de 3 carriles le llevar\u00e1 desde San Jos\u00e9 a (un conocido restaurante cerca del aeropuerto, en La Garita) de Manolo.<\/span><br \/>\n<span style=\"font-family: arial, helvetica, sans-serif; font-size: 14pt;\">Hay un peaje, sin embargo est\u00e1 cerrado durante las horas pico.<\/span><br \/>\n<span style=\"font-family: arial, helvetica, sans-serif; font-size: 14pt;\">Refugio Nacional de Fauna Silvestre Pe\u00f1as Blancas<\/span><\/p>\n<p style=\"text-align: justify;\"><span style=\"font-family: arial, helvetica, sans-serif; font-size: 14pt;\">Por lo general se confunde con la ciudad fronteriza con Nicaragua, debido a su nombre. Este refugio cuenta con 2400 hect\u00e1reas y se encuentra en la parte sur de la cordillera de Tilar\u00e1n. Las elevaciones en esta \u00e1rea son de 600 metros y m\u00e1s de 1400m sobre el nivel del mar.<\/span><br \/>\n<span style=\"font-family: arial, helvetica, sans-serif; font-size: 14pt;\">Estos acantilados blancos fueron creados para proteger la flora y la fauna. El Ministerio de Energ\u00eda y Medio Ambiente (MINAE) utiliza este dinero para desarrollar infraestructuras en toda la zona.<\/span><\/p>\n<p style=\"text-align: justify;\"><span style=\"font-family: arial, helvetica, sans-serif; font-size: 14pt;\">La temporada seca va de enero a abril.<\/span><\/p>\n<p style=\"text-align: justify;\"><span style=\"font-family: arial, helvetica, sans-serif; font-size: 14pt;\">La poblaci\u00f3n m\u00e1s cercana a este refugiado es Miramar, un importante centro minero de oro. Es un buen lugar para visitar, aunque no hay casas de campo o instalaciones para los visitantes. Se permite acampar para aquellos viajeros aventureros.<\/span><br \/>\n<span style=\"font-family: arial, helvetica, sans-serif; font-size: 14pt;\">Costa de P\u00e1jaros<\/span><\/p>\n<p style=\"text-align: justify;\"><span style=\"font-family: arial, helvetica, sans-serif; font-size: 14pt;\">Costa de Pajaros (Costa de p\u00e1jaro) se encuentra entre Punta Morales y Manzanillo. Es muy famoso por las numerosas especies de aves que habitan en la zona. Birds Island est\u00e1 a menos de un kil\u00f3metro de la costa, y es bien conocido por los muchos pel\u00edcanos y aves marinas que se pueden observar en la isla.<\/span><\/p>\n<p style=\"text-align: justify;\"><span style=\"font-family: arial, helvetica, sans-serif; font-size: 14pt;\">Las Juntas<\/span><\/p>\n<p style=\"text-align: justify;\"><span style=\"font-family: arial, helvetica, sans-serif; font-size: 14pt;\">Su nombre completo es Juntas de Abangares; se trata de un peque\u00f1o pueblo junto al r\u00edo Abangares. Este lugar era una industria de la miner\u00eda de oro durante los siglos 19 y 20. Hoy en d\u00eda, es una ciudad llena de relax de los agricultores, con una creciente industria del turismo ..<\/span><br \/>\n<span style=\"font-family: arial, helvetica, sans-serif; font-size: 14pt;\">Monteverde<\/span><\/p>\n<p style=\"text-align: justify;\"><span style=\"font-family: arial, helvetica, sans-serif; font-size: 14pt;\">Monteverde tiene dos bosques nublados y dos ecosistemas, as\u00ed, con vientos c\u00e1lidos de los vientos fr\u00edos del Caribe y de las selvas tropicales. Su clima mixto es perfecta para el ganado.<\/span><\/p>\n<p style=\"text-align: justify;\"><span style=\"font-family: arial, helvetica, sans-serif; font-size: 14pt;\">En 1983, National Geographic nombr\u00f3 este lugar &#8216;el paisaje perfecto&#8217;. Monteverde cuenta con una gran variedad de aves, ideal para la observaci\u00f3n de aves. Hay un mont\u00f3n de lugares para visitar y actividades que se pueden disfrutar en la zona, as\u00ed como la granja de mariposas, el ranario, el serpentario, tour de canopy, paseos caminatas y caminando a trav\u00e9s de tranv\u00edas y puentes colgantes.<\/span><br \/>\n<span style=\"font-family: arial, helvetica, sans-serif; font-size: 14pt;\">Monteverde Reserva Biol\u00f3gica Bosque Nuboso<\/span><\/p>\n<p style=\"text-align: justify;\"><span style=\"font-family: arial, helvetica, sans-serif; font-size: 14pt;\">Centro de Ciencias del Pac\u00edfico Norte RegionThe Tropical administra este bosque hasta 1975.<\/span><br \/>\n<span style=\"font-family: arial, helvetica, sans-serif; font-size: 14pt;\">En 1986, la Asociaci\u00f3n Conservacionista de Monteverde quer\u00eda comprar esta tierra y para ampliar la reserva. Dos a\u00f1os despu\u00e9s, hicieron una Fundaci\u00f3n Ni\u00f1os para proteger las selvas tropicales de todo el mundo. Hoy se recaudan dinero para comprar y salvar los bosques tropicales contiguos a las reservas, que se han convertido en 10.500 hect\u00e1reas de reservas.<\/span><\/p>\n<p style=\"text-align: justify;\"><span style=\"font-family: arial, helvetica, sans-serif; font-size: 14pt;\">La administraci\u00f3n de los bosques de Monteverde, permite un m\u00e1ximo de 160 personas visitan el bosque a la vez.<\/span><\/p>\n<p style=\"text-align: justify;\"><span style=\"font-family: arial, helvetica, sans-serif; font-size: 14pt;\">Hay dos reservas en Monteverde, Santa Elena y Monteverde. Monteverde reserva est\u00e1 m\u00e1s cerca de la ciudad y cuenta con mejores condiciones de la carretera.<\/span><br \/>\n<span style=\"font-family: arial, helvetica, sans-serif; font-size: 14pt;\">La fauna es m\u00e1s dif\u00edcil de detectar aqu\u00ed debido al inmenso tama\u00f1o del parque.<\/span><br \/>\n<span style=\"font-family: arial, helvetica, sans-serif; font-size: 14pt;\">Reserva de Santa Elena<\/span><\/p>\n<p style=\"text-align: justify;\"><span style=\"font-family: arial, helvetica, sans-serif; font-size: 14pt;\">Est\u00e1 ubicado a 6 km al noroeste de la ciudad de Santa Elena y cuenta con 310 hect\u00e1reas de belleza natural. M\u00e1s de 200.000 personas visitan la reserva cada a\u00f1o (alrededor de 20.000 visitantes diarios).<\/span><\/p>\n<p style=\"text-align: justify;\"><span style=\"font-family: arial, helvetica, sans-serif; font-size: 14pt;\">La Reserva de Santa Elenea fue creado en 1989, pero no abri\u00f3 hasta 1992. Los visitantes pueden disfrutar de la gran variedad de fauna que se encuentra en la zona, tales como monos y perezosos, mientras caminaba por moistly senderos.<\/span><\/p>\n<p style=\"text-align: justify;\"><span style=\"font-family: arial, helvetica, sans-serif; font-size: 14pt;\">Puente de la Amistad<\/span><\/p>\n<p style=\"text-align: justify;\"><span style=\"font-family: arial, helvetica, sans-serif; font-size: 14pt;\">Se fund\u00f3 con la ayuda del Gobierno de Taiw\u00e1n, Acorta distancias y ayuda a reducir el tr\u00e1fico en el camino a las playas de Nicoya.<\/span><br \/>\n<span style=\"font-family: arial, helvetica, sans-serif; font-size: 14pt;\">Ca\u00f1as<\/span><\/p>\n<p style=\"text-align: justify;\"><span style=\"font-family: arial, helvetica, sans-serif; font-size: 14pt;\">Ca\u00f1as tiene una poblaci\u00f3n de 25.000 personas y es conocido por ser un lugar tranquilo, tranquilo y limpio. Es una peque\u00f1a ciudad con un estilo de vida relajado y lento desarrollo.<\/span><\/p>\n<p style=\"text-align: justify;\"><span style=\"font-family: arial, helvetica, sans-serif; font-size: 14pt;\">Ca\u00f1as es el cant\u00f3n m\u00e1s seco de Guanacaste.<\/span><br \/>\n<span style=\"font-family: arial, helvetica, sans-serif; font-size: 14pt;\">Volc\u00e1n Pac\u00edfico Norte RegionTenorio<\/span><\/p>\n<p style=\"text-align: justify;\"><span style=\"font-family: arial, helvetica, sans-serif; font-size: 14pt;\">Se encuentra a 6 km al nordeste de Ca\u00f1as. Es uno de los nuevos parques y parte del \u00c1rea de Conservaci\u00f3n Arenal (ACA). R\u00edo Celeste se encuentra a 1, 5 km de la zona Tenorio; es conocido por sus aguas transparentes y azules. Hermosas cascadas con agua limpia y blanca tambi\u00e9n se pueden admirar en el camino hacia el volc\u00e1n.<\/span><\/p>\n<p style=\"text-align: justify;\"><span style=\"font-family: arial, helvetica, sans-serif; font-size: 14pt;\">Fumarolas, aguas termales y una cabalgata de 2 d\u00edas a la cr\u00e1ter, son algunos de los principales atractivos de este imponente volc\u00e1n activo.<\/span><\/p>\n<p style=\"text-align: justify;\"><span style=\"font-family: arial, helvetica, sans-serif; font-size: 14pt;\">Volc\u00e1n Miravalles<\/span><\/p>\n<p style=\"text-align: justify;\"><span style=\"font-family: arial, helvetica, sans-serif; font-size: 14pt;\">Volc\u00e1n Miravalles se encuentra en la provincia de Guanacaste. Su caldera formada como resultado de varias erupciones masivas de flujo pirocl\u00e1stico, hace 0.6 a 1.5 millones de a\u00f1os.<\/span><\/p>\n<p style=\"text-align: justify;\"><span style=\"font-family: arial, helvetica, sans-serif; font-size: 14pt;\">La \u00fanica erupci\u00f3n documentada era relativamente peque\u00f1o, con una explosi\u00f3n de gas que se registr\u00f3 en el flanco suroeste en 1946. Este volc\u00e1n es el m\u00e1s alto de la Cordillera de Guanacaste, con una altitud de 2028m.<\/span><br \/>\n<span style=\"font-family: arial, helvetica, sans-serif; font-size: 14pt;\">Bagaces<\/span><\/p>\n<p style=\"text-align: justify;\"><span style=\"font-family: arial, helvetica, sans-serif; font-size: 14pt;\">Bagaces &#8216;es un cant\u00f3n importante de Guanacaste con la historia incre\u00edble. Se origin\u00f3 despu\u00e9s de la destrucci\u00f3n masiva de la ciudad de Esparza, debido a piratas incursiones en 1687.<\/span><\/p>\n<p style=\"text-align: justify;\"><span style=\"font-family: arial, helvetica, sans-serif; font-size: 14pt;\">Hoy en d\u00eda, Bagaces es un pueblo tradicional y es el administrador de muchas reservas y \u00e1reas protegidas de la regi\u00f3n.<\/span><br \/>\n<span style=\"font-family: arial, helvetica, sans-serif; font-size: 14pt;\">Parque Nacional Palo Verde<\/span><\/p>\n<p style=\"text-align: justify;\"><span style=\"font-family: arial, helvetica, sans-serif; font-size: 14pt;\">Parque Nacional Palo Verde es un espacio natural protegido en Costa Rica, declarado parque nacional el 13 de junio de 1980. Se encuentra ubicado en la provincia de Guanacaste y cuenta con 19.000 hect\u00e1reas de extensi\u00f3n.<\/span><br \/>\n<span style=\"font-family: arial, helvetica, sans-serif; font-size: 14pt;\">Cuenta con \u00e1reas bajas y lacustres que incluyen colinas de piedra caliza con una baja altitud. En 1991, Palo Verde fue incluida en la Lista de Ramsar, que denotan la importancia internacional del volc\u00e1n.<\/span><\/p>\n<p style=\"text-align: justify;\"><span style=\"font-family: arial, helvetica, sans-serif; font-size: 14pt;\">Los principales r\u00edos drenan en esta regi\u00f3n, la creaci\u00f3n de un manglar, pantanos y ci\u00e9nagas de hoja perenne. Tiene lagunas permanentes que permiten el desarrollo de la vida silvestre, incluyendo aves, mam\u00edferos y reptiles. La estaci\u00f3n seca es la mejor \u00e9poca para visitar el parque &#8211; Diciembre a Marzo.<\/span><br \/>\n<span style=\"font-family: arial, helvetica, sans-serif; font-size: 14pt;\">Reserva Biol\u00f3gica Lomas de Barbudal<\/span><\/p>\n<p style=\"text-align: justify;\"><span style=\"font-family: arial, helvetica, sans-serif; font-size: 14pt;\">Lomas de Barbudal tiene 2646 hect\u00e1reas y es parte unida a Palo Verde. Es conocido por su flora y fauna protegidas. Hay m\u00e1s de 200 especies &#8216;, 250 diferentes especies de aves de las abejas, grandes cocodrilos y muchas mariposas. Tambi\u00e9n protege a un \u00e1rbol importante llamado el gran reproductor explosi\u00f3n. Este \u00e1rbol se llena de hojas de color amarillo durante la estaci\u00f3n seca.<\/span><\/p>\n<p style=\"text-align: justify;\"><span style=\"font-family: arial, helvetica, sans-serif; font-size: 14pt;\">Esta reserva tiene un clima tropical seco.<\/span><br \/>\n<span style=\"font-family: arial, helvetica, sans-serif; font-size: 14pt;\">Liberia<\/span><\/p>\n<p style=\"text-align: justify;\"><span style=\"font-family: arial, helvetica, sans-serif; font-size: 14pt;\">Pac\u00edfico Norte RegionLiberia es la capital de Guanacaste. Surgi\u00f3 durante la segunda mitad del siglo 18, bajo el nombre de la ciudad de Guanacaste, como resultado de la creaci\u00f3n de una parroquia de ayuda en esta ubicaci\u00f3n.<\/span><\/p>\n<p style=\"text-align: justify;\"><span style=\"font-family: arial, helvetica, sans-serif; font-size: 14pt;\">Liberia es de aproximadamente 4 horas de distancia de la ciudad capital, San Jos\u00e9. Por lo general se le llama la \u00abCiudad Blanca\u00bb por sus calles utilizan para hechos de \u00abgrava\u00bb, un material polvoriento de color blanco.<\/span><\/p>\n<p style=\"text-align: justify;\"><span style=\"font-family: arial, helvetica, sans-serif; font-size: 14pt;\">Su clima es c\u00e1lido y seco y h\u00famedo de noviembre a mayo y en septiembre y octubre se pone muy lluvioso. Su temperatura media anual es de 27\u00baC.<\/span><\/p>\n<p style=\"text-align: justify;\"><span style=\"font-family: arial, helvetica, sans-serif; font-size: 14pt;\">Liberia tiene el segundo aeropuerto internacional del pa\u00eds, lo que aumenta el turismo en una gran cantidad. El Aeropuerto Internacional Daniel Oduber abre sus puertas a los vuelos procedentes de Espa\u00f1a, Londres, Estados Unidos y, por supuesto, para los vuelos nacionales tambi\u00e9n. Muchas personas todav\u00eda viven por la vieja cultura Sabanero &#8211; trabajando en la tierra, el uso de jeans, un sombrero y un machete (largo cuchillo usado para cortar hierba y cosas dif\u00edciles).<\/span><br \/>\n<span style=\"font-family: arial, helvetica, sans-serif; font-size: 14pt;\">Hoy, Liberia ha crecido de forma espectacular cuando se trata de comercio, la educaci\u00f3n y el turismo. Est\u00e1 considerada como la &#8216;segunda capital \u00abde Costa Rica.<\/span><br \/>\n<span style=\"font-family: arial, helvetica, sans-serif; font-size: 14pt;\">Rinc\u00f3n de la Vieja Parque Nacional<\/span><\/p>\n<p style=\"text-align: justify;\"><span style=\"font-family: arial, helvetica, sans-serif; font-size: 14pt;\">Este parque nacional cuenta con 14.161 hect\u00e1reas y una altitud de 1895m. Rinc\u00f3n de la Vieja tiene varias fumarolas y aguas termales calientes, incluyendo manantiales terap\u00e9uticos. Este parque fue creado en 1973 para proteger 32 r\u00edos. Ha tenido actividad volc\u00e1nica desde 1960. Hoy en d\u00eda, el volc\u00e1n est\u00e1 activo con calma pero no es peligroso. Este parque es el hogar de la flor nacional, la Guaria Morada. (skinneri cattleya).<\/span><br \/>\n<span style=\"font-family: arial, helvetica, sans-serif; font-size: 14pt;\">Debido a la gran cantidad de visitantes en la zona, hay un mont\u00f3n de casas de campo fuera del parque, que ofrecen excursiones y transporte a diferentes destinos en la regi\u00f3n.<\/span><br \/>\n<span style=\"font-family: arial, helvetica, sans-serif; font-size: 14pt;\">Junquillal Nacional Bah\u00eda y Vida Silvestre Refugio<\/span><\/p>\n<p style=\"text-align: justify;\"><span style=\"font-family: arial, helvetica, sans-serif; font-size: 14pt;\">Se trata de 505 hect\u00e1reas de refugio de vida silvestre abd forma parte del \u00c1rea de Conservaci\u00f3n de Guanacaste (ACA). Junquillal es tranquila playa fuera se puede nadar, bucear o moverse en barco.<\/span><br \/>\n<span style=\"font-family: arial, helvetica, sans-serif; font-size: 14pt;\">Muchas especies de aves marinas, manglares, pel\u00edcanos y tortugas se encuentran en la zona. El Volc\u00e1n Orosi puede ser f\u00e1cilmente visto desde aqu\u00ed.<\/span><br \/>\n<span style=\"font-family: arial, helvetica, sans-serif; font-size: 14pt;\">Parque Nacional Guanacaste<\/span><\/p>\n<p style=\"text-align: justify;\"><span style=\"font-family: arial, helvetica, sans-serif; font-size: 14pt;\">Este parque es tambi\u00e9n parte del \u00c1rea de Conservaci\u00f3n de Guanacaste (ACA) y cuenta con 34.651 hect\u00e1reas de belleza natural. Fue creado el 25 de julio de 1989.<\/span><br \/>\n<span style=\"font-family: arial, helvetica, sans-serif; font-size: 14pt;\">Desde este lugar se puede subir hacia dos volcanes, Orosi y Cacao. Este parque tambi\u00e9n ofrece refugio a las personas que se desplazan dentro de esta costa y la sierra.<\/span><br \/>\n<span style=\"font-family: arial, helvetica, sans-serif; font-size: 14pt;\">Maritza, Cacao y Estaciones Biol\u00f3gicas Pitilla<\/span><\/p>\n<p style=\"text-align: justify;\"><span style=\"font-family: arial, helvetica, sans-serif; font-size: 14pt;\">Maritza, Cacao y Pitilla 3 estaciones biol\u00f3gicas que bordean el Parque Nacional de Guanacaste, y son perfectos para disfrutar y estudiar la fauna de Costa Rica.<\/span><\/p>\n<p style=\"text-align: justify;\"><span style=\"font-family: arial, helvetica, sans-serif; font-size: 14pt;\">Estaci\u00f3n Maritza: Es la estaci\u00f3n m\u00e1s nuevo y tiene un moderno laboratorio. Cientos de petroglifos (im\u00e1genes creadas por la eliminaci\u00f3n de parte de una superficie de las rocas mediante la incisi\u00f3n, picoteo, la talla, y abrasi\u00f3n) se han encontrado en rocas volc\u00e1nicas. Los petroglifos fueron creados por la cultura Chorotega.<\/span><\/p>\n<p style=\"text-align: justify;\"><span style=\"font-family: arial, helvetica, sans-serif; font-size: 14pt;\">Estaci\u00f3n de Cacao: Es en la cima del Volc\u00e1n Cacao y tiene una altitud de 1060m. La estaci\u00f3n de Cacao tiene senderos irregulares para caminar por toda la reserva, que conecta con las pistas de la estaci\u00f3n de Maritza.<\/span><br \/>\n<span style=\"font-family: arial, helvetica, sans-serif; font-size: 14pt;\">Se encuentra ubicado en la parte sur del parque de Guanacaste.<\/span><\/p>\n<p style=\"text-align: justify;\"><span style=\"font-family: arial, helvetica, sans-serif; font-size: 14pt;\">Estaci\u00f3n Pitilla: Est\u00e1 situado en el lado sureste del volc\u00e1n Orosi. Sus bosques de los alrededores son h\u00famedo y fr\u00edo.<\/span><br \/>\n<span style=\"font-family: arial, helvetica, sans-serif; font-size: 14pt;\">La Cruz<\/span><\/p>\n<p style=\"text-align: justify;\"><span style=\"font-family: arial, helvetica, sans-serif; font-size: 14pt;\">La Cruz es el d\u00e9cimo cant\u00f3n de la provincia de Guanacaste. Cubre un \u00e1rea de 1,383.90 km\u00b2 y tiene una poblaci\u00f3n de 18.004.<\/span><br \/>\n<span style=\"font-family: arial, helvetica, sans-serif; font-size: 14pt;\">Su capital es tambi\u00e9n llamado La Cruz.<\/span><br \/>\n<span style=\"font-family: arial, helvetica, sans-serif; font-size: 14pt;\">La Cruz rodea la costa del Pac\u00edfico con Nicaragua, limita con Bah\u00eda Nancite al sur, incluyendo la pen\u00ednsula de Santa Elena.<\/span><br \/>\n<span style=\"font-family: arial, helvetica, sans-serif; font-size: 14pt;\">La Cruz tiene asentamientos importantes de la arquitectura antigua de Costa Rica.<\/span><br \/>\n<span style=\"font-family: arial, helvetica, sans-serif; font-size: 14pt;\">Bah\u00eda Salinas<\/span><\/p>\n<p style=\"text-align: justify;\"><span style=\"font-family: arial, helvetica, sans-serif; font-size: 14pt;\">Es un hermoso lugar en Costa Rica. Es perfecto para el windsurf y el kitesurf.<\/span><br \/>\n<span style=\"font-family: arial, helvetica, sans-serif; font-size: 14pt;\">Dentro de la Bah\u00eda de Salinas hay una isla llamada Isla Bola\u00f1os importante. Protege una gran cantidad de aves marinas.<\/span><br \/>\n<span style=\"font-family: arial, helvetica, sans-serif; font-size: 14pt;\">Tilar\u00e1n<\/span><\/p>\n<p style=\"text-align: justify;\"><span style=\"font-family: arial, helvetica, sans-serif; font-size: 14pt;\">Tilar\u00e1n es un cant\u00f3n ubicado en la zona monta\u00f1osa de la provincia de Guanacaste, espec\u00edficamente en el rango de Miner\u00eda Monta\u00f1a. Cuenta con siete distritos: Central, Libano, Santa Rosa, Tronadora, Arenal, Quebrada Grande y Tierra Morena.<\/span><\/p>\n<p style=\"text-align: justify;\"><span style=\"font-family: arial, helvetica, sans-serif; font-size: 14pt;\">Desde la ciudad de Tilar\u00e1n, es posible discernir Miravalles y Tenorio volcanes y desde unos pocos kil\u00f3metros al este, el Volc\u00e1n Arenal tambi\u00e9n podr\u00eda ser visto.<\/span><\/p>\n<p style=\"text-align: justify;\"><span style=\"font-family: arial, helvetica, sans-serif; font-size: 14pt;\">Tilar\u00e1n, de la palabra ind\u00edgena Tilawa, significa \u00ablugar de los vientos y la lluvia\u00bb. De hecho, el clima de Tilar\u00e1n es m\u00e1s fresco que el resto de la provincia de Guanacaste.<\/span><br \/>\n<span style=\"font-family: arial, helvetica, sans-serif; font-size: 14pt;\">Upala<\/span><\/p>\n<p style=\"text-align: justify;\"><span style=\"font-family: arial, helvetica, sans-serif; font-size: 14pt;\">Se encuentra ubicado a 40 km al noroeste de Guatuso y 10 km al sur de la frontera de Nicaragua. Desde la carretera de Upala, se puede llegar a Tenorio y Miravalles volcanes. La \u00fanica ciudad de Upala se nombra, Bijagua. Esta ciudad es famosa por su fabricaci\u00f3n de queso.<\/span><\/p>\n<p>[\/vc_column_text][\/vc_column][\/vc_row]<\/p>\n<\/div>","protected":false},"excerpt":{"rendered":"<p>[vc_row][vc_column][vc_column_text] Guanacaste provincia se encuentra en la parte noroeste del pa\u00eds. Este territorio fue originalmente parte de Nicaragua, pero anex\u00f3 al pa\u00eds el 25 de julio 1824. Guanacaste es la segunda provincia m\u00e1s grande y m\u00e1s poblada del pa\u00eds. Limita al norte con la Rep\u00fablica de Nicaragua, al este con Alajuela, al sur con Puntarenas [&hellip;]<\/p>\n","protected":false},"author":9,"featured_media":0,"parent":8009,"menu_order":0,"comment_status":"closed","ping_status":"closed","template":"templates\/template-with-right-sidebar.php","meta":{"_joinchat":[],"footnotes":""},"class_list":["post-8084","page","type-page","status-publish","hentry"],"_links":{"self":[{"href":"https:\/\/www.costaricaguides.com\/es\/wp-json\/wp\/v2\/pages\/8084","targetHints":{"allow":["GET"]}}],"collection":[{"href":"https:\/\/www.costaricaguides.com\/es\/wp-json\/wp\/v2\/pages"}],"about":[{"href":"https:\/\/www.costaricaguides.com\/es\/wp-json\/wp\/v2\/types\/page"}],"author":[{"embeddable":true,"href":"https:\/\/www.costaricaguides.com\/es\/wp-json\/wp\/v2\/users\/9"}],"replies":[{"embeddable":true,"href":"https:\/\/www.costaricaguides.com\/es\/wp-json\/wp\/v2\/comments?post=8084"}],"version-history":[{"count":1,"href":"https:\/\/www.costaricaguides.com\/es\/wp-json\/wp\/v2\/pages\/8084\/revisions"}],"predecessor-version":[{"id":11390,"href":"https:\/\/www.costaricaguides.com\/es\/wp-json\/wp\/v2\/pages\/8084\/revisions\/11390"}],"up":[{"embeddable":true,"href":"https:\/\/www.costaricaguides.com\/es\/wp-json\/wp\/v2\/pages\/8009"}],"wp:attachment":[{"href":"https:\/\/www.costaricaguides.com\/es\/wp-json\/wp\/v2\/media?parent=8084"}],"curies":[{"name":"wp","href":"https:\/\/api.w.org\/{rel}","templated":true}]}}