{"id":8101,"date":"2015-09-27T00:37:03","date_gmt":"2015-09-27T00:37:03","guid":{"rendered":"http:\/\/costaricaguides.com\/es\/costa-rica-info\/regiones-de-costa-rica\/south-pacific-region\/"},"modified":"2019-05-22T15:40:36","modified_gmt":"2019-05-22T15:40:36","slug":"pacifico-sur","status":"publish","type":"page","link":"https:\/\/www.costaricaguides.com\/es\/costa-rica-info\/regiones-de-costa-rica\/pacifico-sur\/","title":{"rendered":"Pac\u00edfico Sur"},"content":{"rendered":"<div class=\"wpb-content-wrapper\"><p>[vc_row][vc_column][vc_column_text]<\/p>\n<p style=\"text-align: justify;\"><span style=\"font-family: arial, helvetica, sans-serif; font-size: 14pt;\">Estos son tierras agr\u00edcolas y valles de los r\u00edos, esto obliga a la naturaleza a ser muy diferente. Un cambio clim\u00e1tico en los bosques y en las playas describe perfectamente estas costas. En esta parte sur del pa\u00eds, ser\u00e1 muy dif\u00edcil encontrar hoteles y lugares de comida r\u00e1pida. Este lugar es perfecto para la observaci\u00f3n de aves, pesca con mosca y la monta\u00f1a trekking.<\/span><\/p>\n<p style=\"text-align: justify;\"><span style=\"font-family: arial, helvetica, sans-serif; font-size: 14pt;\">Las personas trabajan principalmente en la agricultura, en las plantaciones de caf\u00e9, en las palmas africanas y tambi\u00e9n en las plantas de banano. Parque Internacional La Amistad ser\u00e1 las principales atracciones tur\u00edsticas atractivas, que se extiende hasta la frontera de Panam\u00e1. El principal capital es San Isidro del General.<\/span><br \/>\n<span style=\"font-family: arial, helvetica, sans-serif; font-size: 14pt;\">Pac\u00edfico Sur Zona regionSaints<\/span><\/p>\n<p style=\"text-align: justify;\"><span style=\"font-family: arial, helvetica, sans-serif; font-size: 14pt;\">Es conocido principalmente por sus plantaciones de caf\u00e9. Es un lugar relajado rural con un paisaje de la aldea de la monta\u00f1a. Tiene peque\u00f1as ciudades nombradas con los nombres de los Santos, San Pablo de Le\u00f3n Cort\u00e9s, Santa Mar\u00eda de Dota, San Marcos de tarazu, San Crist\u00f3bal Sur, San Gerardo de Dota y muchos m\u00e1s. Algunos lugares son perfectos para atraer especies de gran altitud.<\/span><br \/>\n<span style=\"font-family: arial, helvetica, sans-serif; font-size: 14pt;\">San Marcos de tarazu<\/span><\/p>\n<p style=\"text-align: justify;\"><span style=\"font-family: arial, helvetica, sans-serif; font-size: 14pt;\">Es m\u00e1s conocido que cualquier otro lugar en esta parte sur. Normalmente es un lugar s\u00f3lo para pasar tiro y llegar a otros lugares, decente de restaurantes y hoteles recibir\u00e1n aqu\u00ed. Usted puede aprender acerca de la historia en el parque central eran un banco lugar le har\u00e1 disfrutar de la gente mirando y bebiendo un caf\u00e9.<\/span><br \/>\n<span style=\"font-family: arial, helvetica, sans-serif; font-size: 14pt;\">Santa Mar\u00eda y Valle de Dota<\/span><\/p>\n<p style=\"text-align: justify;\"><span style=\"font-family: arial, helvetica, sans-serif; font-size: 14pt;\">Es conocida por sus plantaciones de lujo alrededor de la comunidad. Este lugar es muy tranquilo y normalmente se puede o\u00edr todo a su alrededor. La producci\u00f3n de caf\u00e9 es la principal actividad econ\u00f3mica. Un ejemplo de esto es la Coopedota que le ofrece un viaje de medio d\u00eda para que puedas aprender fuera este caf\u00e9 viene. Este es un lugar perfecto para disfrutar de la cultura rural de Costa Rica.<\/span><br \/>\n<span style=\"font-family: arial, helvetica, sans-serif; font-size: 14pt;\">San Gerardo de Dota<\/span><\/p>\n<p style=\"text-align: justify;\"><span style=\"font-family: arial, helvetica, sans-serif; font-size: 14pt;\">Este lugar es el protector principal del r\u00edo Savegre. Fue en 1952 eran Efra\u00edn Chac\u00f3n estableci\u00f3 una granja fuera hoy es conocido como pueblo de San Gerardo. Esos d\u00edas sobrevivieron con frijoles cubanos, caf\u00e9 y ganado vacuno. Posteriormente tambi\u00e9n plantan manzanas y otros \u00e1rboles frutales. Estos zona atrajo a pescadores y aves de quetzal, la gente dice que vinieron porque les gustaba los \u00e1rboles de aguacate. Quetzales pr\u00f3ximos meses de abril y mayo, ambos inclusive hay un parque nacional protegido s\u00f3lo por estas aves. Savegre Ricer tambi\u00e9n es un buen lugar para la pesca durante las temporadas altas, mayo y junio.<\/span><br \/>\n<span style=\"font-family: arial, helvetica, sans-serif; font-size: 14pt;\">Parque Nacional de Costa Rica Pac\u00edfico Sur RegionLos Quetzales<\/span><\/p>\n<p style=\"text-align: justify;\"><span style=\"font-family: arial, helvetica, sans-serif; font-size: 14pt;\">Es el parque nacional m\u00e1s reciente. Fue oficial en 2005. Abarca 5000 hect\u00e1reas de bosque nublado; tiene una altitud de 2.000 a 3.000 metros.<\/span><br \/>\n<span style=\"font-family: arial, helvetica, sans-serif; font-size: 14pt;\">El r\u00edo Savegre se pone en marcha en el cerro llamado Cerro de la Muerte y desemboca en el Oc\u00e9ano Pac\u00edfico. Esta zona es conocida por su biodiversidad.<\/span><br \/>\n<span style=\"font-family: arial, helvetica, sans-serif; font-size: 14pt;\">Los quetzales rojas son las principales aves en este parque, sino tambi\u00e9n trogones, colibr\u00edes, visita petirrojos perdices y holl\u00edn &#8216;este lugar.<\/span><br \/>\n<span style=\"font-family: arial, helvetica, sans-serif; font-size: 14pt;\">Al lado de las aves \u00e9ste es el hogar de especies de vida silvestre tambi\u00e9n. La parte flora es muy diferente porque este lugar est\u00e1 nublado por lo que le dan un ambiente completamente diferente.<\/span><br \/>\n<span style=\"font-family: arial, helvetica, sans-serif; font-size: 14pt;\">San Isidro del General<\/span><\/p>\n<p style=\"text-align: justify;\"><span style=\"font-family: arial, helvetica, sans-serif; font-size: 14pt;\">Tiene una poblaci\u00f3n de 45.000 y es 136 km de San Jos\u00e9. Esta es una zona muy desarrollar, con todos los lugares de lujo y necesidades de la comunidad. Se encuentra cerca de varios sitios tur\u00edsticos muy visitados, como el Cerro Chirrip\u00f3, Parque Nacional, La Amistad, y otros cantones cercanos al Jard\u00edn Bot\u00e1nico Wilson y Playa Dominical, una de las mejores playas para practicar surf en el mundo. Puede localizar los hoteles de acuerdo a sus necesidades y presupuesto.<\/span><\/p>\n<p style=\"text-align: justify;\"><span style=\"font-family: arial, helvetica, sans-serif; font-size: 14pt;\">San Gerardo de Rivas<\/span><\/p>\n<p style=\"text-align: justify;\"><span style=\"font-family: arial, helvetica, sans-serif; font-size: 14pt;\">Se encuentra a 22 km del r\u00edo Chirrip\u00f3. La carretera est\u00e1 en buenas condiciones al comienzo casi 10 km. En el centro de la ciudad un campo de f\u00fatbol enorme estar\u00e1 rodeado de tiendas de comestibles conocidas como pulper\u00edas. En este lugar se puede ver las granjas familiares. Este lugar tiene peque\u00f1as cabinas para dormir. El principal lugar para visitar es el pico del r\u00edo Chirrip\u00f3. Las temperaturas son muy fr\u00edas. Se puede hablar de un paseo por todo este lugar o en la monta\u00f1a.<\/span><br \/>\n<span style=\"font-family: arial, helvetica, sans-serif; font-size: 14pt;\">Parque Nacional de Regi\u00f3n del Pac\u00edfico Sur de Costa RicaChirripo<\/span><\/p>\n<p style=\"text-align: justify;\"><span style=\"font-family: arial, helvetica, sans-serif; font-size: 14pt;\">Este es el parque principal de Costa Rica, ya que es muy alto. Mide 3.820 m sobre el nivel del mar. Este cerro forman parte de la Cordillera de Talamanca .Es divide al pa\u00eds en el noreste y sureste. Dentro de la colina hay tambi\u00e9n dos elevaciones altas, una de 3.800 metros y otra de 2.000 metros. Entre enero y mayo el bosque es muy susceptible a causa de los incendios forestales. Las cantidades de \u00e1rboles de todos los tama\u00f1os, as\u00ed como un mont\u00f3n de plantas aparecen en funci\u00f3n de las variaciones del clima. Tambi\u00e9n est\u00e1 rodeado de plantaciones de caf\u00e9 y campos agr\u00edcolas. La variedad permite el desarrollo y el cambio clim\u00e1tico en la flora y la fauna. Un camino hacia el logro de la colina le permitir\u00e1 ver todas las especies en el paseo en la colina. El mejor momento para visitar el bosque se encuentra en el clima seco de febrero a marzo. En cualquier \u00e9poca del a\u00f1o las temperaturas nocturnas pueden bajar, esto significa que es posible ser muy caliente en el d\u00eda y fr\u00edo por la noche.<\/span><br \/>\n<span style=\"font-family: arial, helvetica, sans-serif; font-size: 14pt;\">Buenos Aires<\/span><\/p>\n<p style=\"text-align: justify;\"><span style=\"font-family: arial, helvetica, sans-serif; font-size: 14pt;\">Es 64 km al sur de San Isidro. Buenos Aires es conocida por su cultivo de pi\u00f1a. Tambi\u00e9n es el punto de encuentro para los grupos ind\u00edgenas como Ujarr\u00e1s, Salitre y Cabagra, aunque tienen una asociaci\u00f3n regional, que trabajar para hacer crecer la capacidad ind\u00edgena. Esta comunidad tambi\u00e9n est\u00e1 trabajando en el proyecto hidroel\u00e9ctrico. Tiene un clima caliente y un entorno de paz.<\/span><br \/>\n<span style=\"font-family: arial, helvetica, sans-serif; font-size: 14pt;\">D\u00farika Reserva Biol\u00f3gica<\/span><\/p>\n<p style=\"text-align: justify;\"><span style=\"font-family: arial, helvetica, sans-serif; font-size: 14pt;\">Cuenta con 7.500 hect\u00e1reas. Se trata de una reserva biol\u00f3gica y una granja de trabajo. Esta comunidad protege la conservaci\u00f3n local. Este lugar hace que los turistas trabajan en tierra y se quedan durmiendo en las granjas. Las buenas demostraciones de la agricultura org\u00e1nica. Los participantes disfrutar\u00e1n de un momento familiar en Costa Rica, porque esta excursiones cuentan principalmente en la vida diaria en torno a los agricultores.<\/span><br \/>\n<span style=\"font-family: arial, helvetica, sans-serif; font-size: 14pt;\">Reserva Ind\u00edgena Boruca<\/span><\/p>\n<p style=\"text-align: justify;\"><span style=\"font-family: arial, helvetica, sans-serif; font-size: 14pt;\">El r\u00edo T\u00e9rraba es el lugar locale para esta regi\u00f3n. Boruca personas son las mismas que Brunka. Estos grupos ind\u00edgenas se desarrollan en muchas otras ciudades, Coto, Quepos, Turrucares, Burucac y Abubaes, que son todo el camino hasta la Pen\u00ednsula de Osa en tiempos precolombinos. La comunidad Brunka tiene muchas costumbres antiguas que creen en la actualidad.<\/span><br \/>\n<span style=\"font-family: arial, helvetica, sans-serif; font-size: 14pt;\">De la palma<\/span><\/p>\n<p style=\"text-align: justify;\"><span style=\"font-family: arial, helvetica, sans-serif; font-size: 14pt;\">Se encuentra en el centro del cultivo del banano en el Valle Diquis. El R\u00edo Grande y el T\u00e9rraba se divide esta regi\u00f3n en 2, del Sur y del Norte. Este lugar est\u00e1 cerca de la carretera Interamericana Inter. Otro atractivo es el puente de metal 1 kilometro del centro sur. El lugar exacto de esta ciudad se encuentra entre San Isidro y la frontera del Panam\u00e1. Una pista de aterrizaje da importancia a esta ciudad y lo hace valioso.<\/span><\/p>\n<p style=\"text-align: justify;\"><span style=\"font-family: arial, helvetica, sans-serif; font-size: 14pt;\">Rio Claro<\/span><br \/>\n<span style=\"font-family: arial, helvetica, sans-serif; font-size: 14pt;\">Neily<\/span><br \/>\n<span style=\"font-family: arial, helvetica, sans-serif; font-size: 14pt;\">Paso Canoas<\/span><\/p>\n<p style=\"text-align: justify;\"><span style=\"font-family: arial, helvetica, sans-serif; font-size: 14pt;\">Paso Canoas es una ciudad internacional que se encuentra entre la provincia de Puntarenas, en la regi\u00f3n sur de Costa Rica y la provincia de Chiriqu\u00ed al oeste de Panam\u00e1. La frontera entre Panam\u00e1 y Costa Rica como cruces de norte a sur, lo que resulta en esta ciudad que es a la vez a Costa Rica como Panam\u00e1. Es de gran importancia comercial entre los residentes de la zona, la b\u00fasqueda se encuentra en una zona fronteriza. Se estima que tiene una poblaci\u00f3n de 7.334 habitantes El organismo principal de este sector es el Ministerio de Salud P\u00fablica, que desempe\u00f1a un papel en la prevenci\u00f3n de enfermedades. Centros m\u00e9dicos y la atenci\u00f3n hospitalaria es responsabilidad de la Caja Costarricense de Seguro Social (CCSS), que es una instituci\u00f3n aut\u00f3noma del Estado. Entre las instituciones m\u00e9dicas encontramos Valle Coto Bruss, San Vito y el Parque Nacional La Amistad.<\/span><\/p>\n<p>[\/vc_column_text][\/vc_column][\/vc_row]<\/p>\n<\/div>","protected":false},"excerpt":{"rendered":"<p>[vc_row][vc_column][vc_column_text] Estos son tierras agr\u00edcolas y valles de los r\u00edos, esto obliga a la naturaleza a ser muy diferente. Un cambio clim\u00e1tico en los bosques y en las playas describe perfectamente estas costas. En esta parte sur del pa\u00eds, ser\u00e1 muy dif\u00edcil encontrar hoteles y lugares de comida r\u00e1pida. Este lugar es perfecto para la [&hellip;]<\/p>\n","protected":false},"author":9,"featured_media":0,"parent":8009,"menu_order":0,"comment_status":"closed","ping_status":"closed","template":"templates\/template-with-right-sidebar.php","meta":{"_joinchat":[],"footnotes":""},"class_list":["post-8101","page","type-page","status-publish","hentry"],"_links":{"self":[{"href":"https:\/\/www.costaricaguides.com\/es\/wp-json\/wp\/v2\/pages\/8101","targetHints":{"allow":["GET"]}}],"collection":[{"href":"https:\/\/www.costaricaguides.com\/es\/wp-json\/wp\/v2\/pages"}],"about":[{"href":"https:\/\/www.costaricaguides.com\/es\/wp-json\/wp\/v2\/types\/page"}],"author":[{"embeddable":true,"href":"https:\/\/www.costaricaguides.com\/es\/wp-json\/wp\/v2\/users\/9"}],"replies":[{"embeddable":true,"href":"https:\/\/www.costaricaguides.com\/es\/wp-json\/wp\/v2\/comments?post=8101"}],"version-history":[{"count":1,"href":"https:\/\/www.costaricaguides.com\/es\/wp-json\/wp\/v2\/pages\/8101\/revisions"}],"predecessor-version":[{"id":11391,"href":"https:\/\/www.costaricaguides.com\/es\/wp-json\/wp\/v2\/pages\/8101\/revisions\/11391"}],"up":[{"embeddable":true,"href":"https:\/\/www.costaricaguides.com\/es\/wp-json\/wp\/v2\/pages\/8009"}],"wp:attachment":[{"href":"https:\/\/www.costaricaguides.com\/es\/wp-json\/wp\/v2\/media?parent=8101"}],"curies":[{"name":"wp","href":"https:\/\/api.w.org\/{rel}","templated":true}]}}