{"id":8108,"date":"2015-09-15T05:04:39","date_gmt":"2015-09-15T05:04:39","guid":{"rendered":"http:\/\/costaricaguides.com\/es\/costa-rica-info\/costa-rica-weather\/"},"modified":"2025-03-25T15:12:52","modified_gmt":"2025-03-25T21:12:52","slug":"clima-de-costa-rica","status":"publish","type":"page","link":"https:\/\/www.costaricaguides.com\/es\/costa-rica-info\/clima-de-costa-rica\/","title":{"rendered":"Clima de Costa Rica"},"content":{"rendered":"<div class=\"wpb-content-wrapper\"><p>[vc_row][vc_column][vc_column_text]<span style=\"font-family: arial, helvetica, sans-serif; font-size: 14pt;\">\u00a1Viaja a Costa Rica y vive una experiencia \u00fanica!<\/span><\/p>\n<p><span style=\"font-family: arial, helvetica, sans-serif; font-size: 14pt;\">Con nuestra compa\u00f1\u00eda, descubrir\u00e1s playas paradis\u00edacas, selvas tropicales y volcanes activos. El turismo en Costa Rica te conecta con la naturaleza, la aventura y la cultura local.<\/span><\/p>\n<p><span style=\"font-family: arial, helvetica, sans-serif; font-size: 14pt;\">Consulta el clima actual, las temperaturas promedio y las predicciones para planificar cada detalle de tu viaje.<\/span><\/p>\n<p><span style=\"font-family: arial, helvetica, sans-serif; font-size: 14pt;\">\u00a1Reserva ahora y disfruta del para\u00edso costarricense con nosotros!<\/span><\/p>\n<h3 class=\"Subtitulos\">Promedio del clima en Costa Rica<\/h3>\n<hr \/>\n<table border=\"0\" cellspacing=\"1\" cellpadding=\"3\" align=\"center\" bgcolor=\"#dddddd\">\n<tbody>\n<tr bgcolor=\"#000080\">\n<td bgcolor=\"#019B00\"><center><span style=\"color: #ffffff; font-size: small;\"> Meses<\/span><\/center><\/td>\n<td align=\"center\" bgcolor=\"#019B00\"><center><span style=\"color: #ffffff; font-size: small;\">Enero<\/span><\/center><\/td>\n<td align=\"center\" bgcolor=\"#019B00\"><center><span style=\"color: #ffffff; font-size: small;\">Febrero<\/span><\/center><\/td>\n<td align=\"center\" bgcolor=\"#019B00\"><center><span style=\"color: #ffffff; font-size: small;\">Marzo<\/span><\/center><\/td>\n<td align=\"center\" bgcolor=\"#019B00\"><center><span style=\"color: #ffffff; font-size: small;\">Abril<\/span><\/center><\/td>\n<td align=\"center\" bgcolor=\"#019B00\"><center><span style=\"color: #ffffff; font-size: small;\">Mayo<\/span><\/center><\/td>\n<td align=\"center\" bgcolor=\"#019B00\"><center><span style=\"color: #ffffff; font-size: small;\">Junio<\/span><\/center><\/td>\n<td align=\"center\" bgcolor=\"#019B00\"><center><span style=\"color: #ffffff; font-size: small;\">Julio<\/span><\/center><\/td>\n<td align=\"center\" bgcolor=\"#019B00\"><center><span style=\"color: #ffffff; font-size: small;\">Agosto<\/span><\/center><\/td>\n<td align=\"center\" bgcolor=\"#019B00\"><center><span style=\"color: #ffffff; font-size: small;\">Septiembre<\/span><\/center><\/td>\n<td align=\"center\" bgcolor=\"#019B00\"><center><span style=\"color: #ffffff; font-size: small;\">Octubre<\/span><\/center><\/td>\n<td align=\"center\" bgcolor=\"#019B00\"><center><span style=\"color: #ffffff; font-size: small;\">Noviembre<\/span><\/center><\/td>\n<td align=\"center\" bgcolor=\"#019B00\"><center><span style=\"color: #ffffff; font-size: small;\">Diciembre<\/span><\/center><\/td>\n<\/tr>\n<tr bgcolor=\"#ffffff\">\n<td><span style=\"font-size: small;\"><strong>Temperatura Alta (C)<\/strong><\/span><\/td>\n<td align=\"center\" bgcolor=\"#FF9900\"><span style=\"font-size: small;\">27 <\/span><\/td>\n<td align=\"center\" bgcolor=\"#FF9900\"><span style=\"font-size: small;\">27 <\/span><\/td>\n<td align=\"center\" bgcolor=\"#FF6600\"><span style=\"font-size: small;\">28 <\/span><\/td>\n<td align=\"center\" bgcolor=\"#FF6600\"><span style=\"font-size: small;\">28 <\/span><\/td>\n<td align=\"center\" bgcolor=\"#FF9900\"><span style=\"font-size: small;\">27 <\/span><\/td>\n<td align=\"center\" bgcolor=\"#FF9900\"><span style=\"font-size: small;\">27 <\/span><\/td>\n<td align=\"center\" bgcolor=\"#FF9900\"><span style=\"font-size: small;\">27 <\/span><\/td>\n<td align=\"center\" bgcolor=\"#FF9900\"><span style=\"font-size: small;\">27 <\/span><\/td>\n<td align=\"center\" bgcolor=\"#FF9933\"><span style=\"font-size: small;\">26 <\/span><\/td>\n<td align=\"center\" bgcolor=\"#FF9933\"><span style=\"font-size: small;\">26 <\/span><\/td>\n<td align=\"center\" bgcolor=\"#FF9933\"><span style=\"font-size: small;\">26 <\/span><\/td>\n<td align=\"center\" bgcolor=\"#FF9933\"><span style=\"font-size: small;\">26 <\/span><\/td>\n<\/tr>\n<tr bgcolor=\"#ffffff\">\n<td><span style=\"font-size: small;\"><strong>Temperatura Baja (C)<\/strong><\/span><\/td>\n<td align=\"center\" bgcolor=\"#0099FF\"><span style=\"color: #000000; font-size: small;\">17 <\/span><\/td>\n<td align=\"center\" bgcolor=\"#0066FF\"><span style=\"color: #000000; font-size: small;\">18 <\/span><\/td>\n<td align=\"center\" bgcolor=\"#0066FF\"><span style=\"color: #000000; font-size: small;\">18 <\/span><\/td>\n<td align=\"center\" bgcolor=\"#0066FF\"><span style=\"color: #000000; font-size: small;\">18 <\/span><\/td>\n<td align=\"center\" bgcolor=\"#0066FF\"><span style=\"color: #000000; font-size: small;\">18 <\/span><\/td>\n<td align=\"center\" bgcolor=\"#0066FF\"><span style=\"color: #000000; font-size: small;\">18 <\/span><\/td>\n<td align=\"center\" bgcolor=\"#0066FF\"><span style=\"color: #000000; font-size: small;\">18 <\/span><\/td>\n<td align=\"center\" bgcolor=\"#0066FF\"><span style=\"color: #000000; font-size: small;\">18 <\/span><\/td>\n<td align=\"center\" bgcolor=\"#0099FF\"><span style=\"color: #000000; font-size: small;\">17 <\/span><\/td>\n<td align=\"center\" bgcolor=\"#0066FF\"><span style=\"color: #000000; font-size: small;\">18 <\/span><\/td>\n<td align=\"center\" bgcolor=\"#0066FF\"><span style=\"color: #000000; font-size: small;\">18 <\/span><\/td>\n<td align=\"center\" bgcolor=\"#0066FF\"><span style=\"color: #000000; font-size: small;\">18 <\/span><\/td>\n<\/tr>\n<tr bgcolor=\"#ffffff\">\n<td><span style=\"font-size: small;\"><strong>Precipitacion (mm)<\/strong><\/span><\/td>\n<td align=\"center\" bgcolor=\"#FF3300\"><span style=\"color: #ffffff; font-size: small;\">6.3 <\/span><\/td>\n<td align=\"center\" bgcolor=\"#FF3300\"><span style=\"color: #ffffff; font-size: small;\">10.2 <\/span><\/td>\n<td align=\"center\" bgcolor=\"#FF3300\"><span style=\"color: #ffffff; font-size: small;\">13.8 <\/span><\/td>\n<td align=\"center\" bgcolor=\"#FF3300\"><span style=\"color: #ffffff; font-size: small;\">79.9 <\/span><\/td>\n<td align=\"center\" bgcolor=\"#000099\"><span style=\"color: #ffffff; font-size: small;\">267.6 <\/span><\/td>\n<td align=\"center\" bgcolor=\"#000099\"><span style=\"color: #ffffff; font-size: small;\">280.1 <\/span><\/td>\n<td align=\"center\" bgcolor=\"#000099\"><span style=\"color: #ffffff; font-size: small;\">181.5 <\/span><\/td>\n<td align=\"center\" bgcolor=\"#000099\"><span style=\"color: #ffffff; font-size: small;\">276.9 <\/span><\/td>\n<td align=\"center\" bgcolor=\"#000099\"><span style=\"color: #ffffff; font-size: small;\">355.1 <\/span><\/td>\n<td align=\"center\" bgcolor=\"#000099\"><span style=\"color: #ffffff; font-size: small;\">330.6 <\/span><\/td>\n<td align=\"center\" bgcolor=\"#000099\"><span style=\"color: #ffffff; font-size: small;\">135.5 <\/span><\/td>\n<td align=\"center\" bgcolor=\"#FF3300\"><span style=\"color: #ffffff; font-size: small;\">33.5 <\/span><\/td>\n<\/tr>\n<tr bgcolor=\"#ffffff\">\n<td><span style=\"font-size: small;\"><strong>% Promedio de Sol<\/strong><\/span><\/td>\n<td align=\"center\"><span style=\"font-size: small;\">40<\/span><\/td>\n<td align=\"center\"><span style=\"font-size: small;\">37<\/span><\/td>\n<td align=\"center\"><span style=\"font-size: small;\">39<\/span><\/td>\n<td align=\"center\"><span style=\"font-size: small;\">33<\/span><\/td>\n<td align=\"center\"><span style=\"font-size: small;\">25<\/span><\/td>\n<td align=\"center\"><span style=\"font-size: small;\">20<\/span><\/td>\n<td align=\"center\"><span style=\"font-size: small;\">21<\/span><\/td>\n<td align=\"center\"><span style=\"font-size: small;\">22<\/span><\/td>\n<td align=\"center\"><span style=\"font-size: small;\">20<\/span><\/td>\n<td align=\"center\"><span style=\"font-size: small;\">22<\/span><\/td>\n<td align=\"center\"><span style=\"font-size: small;\">25<\/span><\/td>\n<td align=\"center\"><span style=\"font-size: small;\">34<\/span><\/td>\n<\/tr>\n<\/tbody>\n<\/table>\n<p class=\"Titulo\" align=\"center\"><strong><span style=\"font-size: large;\">Mapa Clim\u00e1tico<\/span><\/strong><\/p>\n<p align=\"center\"><img loading=\"lazy\" decoding=\"async\" src=\"https:\/\/www.costaricaguides.com\/espanol\/images\/maps\/costa-rica-climates.gif\" alt=\"Costa Rica Climate Map\" width=\"520\" height=\"480\" \/><\/p>\n<table border=\"0\" width=\"65%\" cellspacing=\"6\" cellpadding=\"1\" align=\"center\">\n<tbody>\n<tr>\n<th colspan=\"2\" bgcolor=\"#FF6600\">Precipitaci\u00f3n Anual Costa Rica<\/th>\n<\/tr>\n<tr>\n<td bgcolor=\"#a2c9e1\" width=\"10%\"><\/td>\n<td bgcolor=\"#F8F8F8\" width=\"90%\">0-2000 mil\u00edmetros<\/td>\n<\/tr>\n<tr>\n<td bgcolor=\"#56bdda\"><\/td>\n<td bgcolor=\"#F8F8F8\">2000-3000 mil\u00edmetros<\/td>\n<\/tr>\n<tr>\n<td bgcolor=\"#40aead\"><\/td>\n<td bgcolor=\"#F8F8F8\">3000-4000 mil\u00edmetros<\/td>\n<\/tr>\n<tr>\n<td bgcolor=\"#92d1cb\"><\/td>\n<td bgcolor=\"#F8F8F8\">4000-6000 mil\u00edmetros<\/td>\n<\/tr>\n<tr>\n<td bgcolor=\"#1f8cb0\" height=\"17\"><\/td>\n<td bgcolor=\"#F8F8F8\">&gt; 6000 mil\u00edmetros<\/td>\n<\/tr>\n<\/tbody>\n<\/table>\n<p>&nbsp;<\/p>\n<p><span style=\"font-family: arial, helvetica, sans-serif; font-size: 14pt;\">El clima en Costa Rica es tan diverso como su geograf\u00eda. Este destino tur\u00edstico tropical cuenta con varias zonas clim\u00e1ticas, cada una con caracter\u00edsticas \u00fanicas que hacen del pa\u00eds un para\u00edso para los viajeros.<\/span><\/p>\n<p><span style=\"font-family: arial, helvetica, sans-serif; font-size: 14pt;\">Las elevaciones son clave para esta diversidad. Por ejemplo, las monta\u00f1as de Monteverde ofrecen un clima fresco y nublado durante todo el a\u00f1o, ideal para el turismo de naturaleza. En contraste, las planicies de Guanacaste son secas y c\u00e1lidas, perfectas para disfrutar del sol y las playas. El Valle Central, con su temperatura promedio de 22\u00b0C (71\u00b0F) y brisas constantes, es considerado por muchos como la regi\u00f3n con el mejor clima.<\/span><\/p>\n<p><span style=\"font-family: arial, helvetica, sans-serif; font-size: 14pt;\">A nivel nacional, las temperaturas oscilan entre 22\u00b0C (71\u00b0F) y 27\u00b0C (81\u00b0F). Gracias a su proximidad al Ecuador, Costa Rica no tiene estaciones tradicionales como primavera o invierno; en cambio, el clima se divide en dos temporadas:<\/span><\/p>\n<p><span style=\"font-family: arial, helvetica, sans-serif; font-size: 14pt;\">\u00c9poca seca (diciembre a mayo): Conocida como el \u00abverano\u00bb, es ideal para explorar playas, parques nacionales y actividades al aire libre.<\/span><br \/>\n<span style=\"font-family: arial, helvetica, sans-serif; font-size: 14pt;\">\u00c9poca lluviosa (mayo a noviembre): Tambi\u00e9n llamada \u00abinvierno\u00bb, llena de lluvias que transforman el paisaje en un espect\u00e1culo verde y vibrante.<\/span><br \/>\n<span style=\"font-family: arial, helvetica, sans-serif; font-size: 14pt;\">Un dato curioso sobre el clima en Costa Rica es que las temperaturas m\u00e1s bajas suelen darse al inicio de la \u00e9poca seca.<\/span><\/p>\n<p><span style=\"font-family: arial, helvetica, sans-serif; font-size: 14pt;\"><strong>\u00a1Viaja a Costa Rica y descubre su incre\u00edble clima tropical, ideal para disfrutar del turismo de aventura, naturaleza y relax en cualquier \u00e9poca del a\u00f1o!<\/strong><\/span><\/p>\n<p><span style=\"font-family: arial, helvetica, sans-serif; font-size: 14pt;\">Nuestra compa\u00f1\u00eda te invita a disfrutar del turismo en este incre\u00edble destino tropical. Costa Rica ofrece algo para todos: desde playas paradis\u00edacas hasta monta\u00f1as frescas, pasando por vibrantes selvas tropicales.<\/span><\/p>\n<p><span style=\"font-family: arial, helvetica, sans-serif; font-size: 14pt;\">Te acompa\u00f1o a recorrer la costa del Caribe, ideal para quienes buscan un clima h\u00famedo y exuberante, con su temporada m\u00e1s seca en febrero y marzo. Tambi\u00e9n podemos explorar juntos la costa del Pac\u00edfico, conocida por sus d\u00edas soleados y lluvias refrescantes en la tarde durante la \u00e9poca lluviosa. El Pac\u00edfico Norte tiene una \u00e9poca seca m\u00e1s intensa, mientras que el Pac\u00edfico Sur es perfecto para quienes disfrutan de paisajes m\u00e1s h\u00famedos y verdes.<\/span><\/p>\n<p><span style=\"font-family: arial, helvetica, sans-serif; font-size: 14pt;\">En el Valle Central, encontrar\u00e1s temperaturas moderadas durante todo el a\u00f1o, ideal para quienes buscan comodidad y un clima equilibrado. Adem\u00e1s, el fen\u00f3meno de El Ni\u00f1o, que ocurre cada 2 a 7 a\u00f1os, puede transformar el clima, regalando paisajes \u00fanicos en diferentes regiones del pa\u00eds.<\/span><\/p>\n<p><span style=\"font-family: arial, helvetica, sans-serif; font-size: 14pt;\"><strong>Reserva hoy mismo con nosotros y d\u00e9janos guiarte a trav\u00e9s de la belleza natural de Costa Rica. \u00a1Tu aventura en el tr\u00f3pico comienza ahora!<\/strong> <\/span><\/p>\n<p><span style=\"font-family: arial, helvetica, sans-serif; font-size: 14pt;\">Te invitamos a descubrir este incre\u00edble destino tropical en su mejor momento. La \u00e9poca seca, entre diciembre y abril, es ideal para explorar las playas, los parques nacionales y disfrutar del sol. Aunque es la temporada m\u00e1s seca, puede haber ligeras lluvias que refrescan el ambiente.a<\/span><br \/>\n<span style=\"font-family: arial, helvetica, sans-serif; font-size: 14pt;\">Si buscas un ambiente animado, los meses de diciembre a febrero son los m\u00e1s concurridos por el turismo internacional, mientras que Semana Santa es muy popular entre los costarricenses. Adem\u00e1s, junio y julio tambi\u00e9n destacan como temporada alta gracias a las vacaciones de medio a\u00f1o de turistas norteamericanos y europeos.<\/span><\/p>\n<p><span style=\"font-family: arial, helvetica, sans-serif; font-size: 14pt;\">\u00bfPrefieres evitar las multitudes y ahorrar en alojamiento? Te recomiendo visitar Costa Rica a principios de la \u00e9poca lluviosa. En este momento, los paisajes se llenan de vida, y podr\u00e1s disfrutar de tarifas m\u00e1s econ\u00f3micas sin perderte la magia del pa\u00eds.<\/span><\/p>\n<p><span style=\"font-family: arial, helvetica, sans-serif; font-size: 14pt;\"><strong>Reserva con nuestra compa\u00f1\u00eda y vive el turismo en Costa Rica en la \u00e9poca que mejor se adapte a ti. \u00a1Tu aventura te espera!<\/strong><\/span><\/p>\n<p><span style=\"font-family: arial, helvetica, sans-serif; font-size: 14pt;\">El clima es clave para disfrutar de este destino tropical, conocido por su incre\u00edble diversidad. Con cerca de una docena de zonas clim\u00e1ticas, Costa Rica ofrece experiencias \u00fanicas en cada rinc\u00f3n. La mayor\u00eda del pa\u00eds cuenta con dos estaciones: la \u00e9poca seca (diciembre a abril), ideal para disfrutar del sol y actividades al aire libre, y la \u00e9poca lluviosa (mayo a noviembre), perfecta para explorar paisajes verdes y llenos de vida.<\/span><\/p>\n<p><span style=\"font-family: arial, helvetica, sans-serif; font-size: 14pt;\">Las lluvias aqu\u00ed son tan predecibles como el amanecer, lo que te permite planificar cada aventura. Para ayudarte, nuestra compa\u00f1\u00eda te ofrece el clima local y nacional en tiempo real, con pron\u00f3sticos detallados por ciudad, incluyendo San Jos\u00e9 y otros destinos clave. Desde reportes por hora hasta proyecciones mensuales, tendr\u00e1s toda la informaci\u00f3n que necesitas para disfrutar al m\u00e1ximo.<\/span><\/p>\n<p><span style=\"font-family: arial, helvetica, sans-serif; font-size: 14pt;\"><strong>Reserva hoy y descubre c\u00f3mo Costa Rica combina el turismo, la naturaleza y el clima perfecto para crear unas vacaciones inolvidables. \u00a1Tu aventura comienza aqu\u00ed!<\/strong><\/span>[\/vc_column_text][\/vc_column][\/vc_row][vc_row][vc_column][vc_column_text]<\/p>\n<p><script async src=\"https:\/\/pagead2.googlesyndication.com\/pagead\/js\/adsbygoogle.js\"><\/script> <!-- CRG --> <ins class=\"adsbygoogle\" style=\"display: inline-block; width: 728px; height: 90px;\" data-ad-client=\"ca-pub-5227244797527418\" data-ad-slot=\"8421187883\"><\/ins> <script>\n     (adsbygoogle = window.adsbygoogle || []).push({});\n<\/script>[\/vc_column_text][\/vc_column][\/vc_row]<\/p>\n<\/div>","protected":false},"excerpt":{"rendered":"<p>[vc_row][vc_column][vc_column_text]\u00a1Viaja a Costa Rica y vive una experiencia \u00fanica! Con nuestra compa\u00f1\u00eda, descubrir\u00e1s playas paradis\u00edacas, selvas tropicales y volcanes activos. El turismo en Costa Rica te conecta con la naturaleza, la aventura y la cultura local. Consulta el clima actual, las temperaturas promedio y las predicciones para planificar cada detalle de tu viaje. \u00a1Reserva ahora [&hellip;]<\/p>\n","protected":false},"author":9,"featured_media":0,"parent":7910,"menu_order":0,"comment_status":"closed","ping_status":"closed","template":"","meta":{"_joinchat":[],"footnotes":""},"class_list":["post-8108","page","type-page","status-publish","hentry"],"_links":{"self":[{"href":"https:\/\/www.costaricaguides.com\/es\/wp-json\/wp\/v2\/pages\/8108","targetHints":{"allow":["GET"]}}],"collection":[{"href":"https:\/\/www.costaricaguides.com\/es\/wp-json\/wp\/v2\/pages"}],"about":[{"href":"https:\/\/www.costaricaguides.com\/es\/wp-json\/wp\/v2\/types\/page"}],"author":[{"embeddable":true,"href":"https:\/\/www.costaricaguides.com\/es\/wp-json\/wp\/v2\/users\/9"}],"replies":[{"embeddable":true,"href":"https:\/\/www.costaricaguides.com\/es\/wp-json\/wp\/v2\/comments?post=8108"}],"version-history":[{"count":8,"href":"https:\/\/www.costaricaguides.com\/es\/wp-json\/wp\/v2\/pages\/8108\/revisions"}],"predecessor-version":[{"id":13438,"href":"https:\/\/www.costaricaguides.com\/es\/wp-json\/wp\/v2\/pages\/8108\/revisions\/13438"}],"up":[{"embeddable":true,"href":"https:\/\/www.costaricaguides.com\/es\/wp-json\/wp\/v2\/pages\/7910"}],"wp:attachment":[{"href":"https:\/\/www.costaricaguides.com\/es\/wp-json\/wp\/v2\/media?parent=8108"}],"curies":[{"name":"wp","href":"https:\/\/api.w.org\/{rel}","templated":true}]}}