{"id":8119,"date":"2015-09-15T04:48:02","date_gmt":"2015-09-15T04:48:02","guid":{"rendered":"http:\/\/costaricaguides.com\/es\/drive-costa-rica-packages\/"},"modified":"2025-04-22T14:57:43","modified_gmt":"2025-04-22T20:57:43","slug":"paquete-conduciendo","status":"publish","type":"page","link":"https:\/\/www.costaricaguides.com\/es\/paquete-conduciendo\/","title":{"rendered":"Paquete de Aventura Conduciendo"},"content":{"rendered":"<div class=\"wpb-content-wrapper\"><p>[vc_row css=\u00bb.vc_custom_1744174442739{padding-top: 30px !important;padding-bottom: 30px !important;}\u00bb][vc_column][vc_column_text]<span style=\"font-family: arial, helvetica, sans-serif; font-size: 14pt;\">Si desea rentar un auto y recorrer Costa Rica a su ritmo, conozca aqu\u00ed la variedad de opciones y realice su reservaci\u00f3n.<\/span>[\/vc_column_text][vc_btn title=\u00bbReservar Ahora\u00bb color=\u00bbgreen\u00bb link=\u00bburl:http%3A%2F%2Fwww.adobecar.cr%2Fiframer.aspx%3Fid%3D7P5O9%26amp%3BLang%3DENG||target:%20_blank|\u00bb][\/vc_column][\/vc_row][vc_row][vc_column width=\u00bb1\/3&#8243;][vc_single_image image=\u00bb2851&#8243; img_size=\u00bb400&#215;240&#8243; onclick=\u00bbcustom_link\u00bb link=\u00bbconduciendo-en-costa-rica\u00bb][\/vc_column][vc_column width=\u00bb2\/3&#8243;][vc_column_text]<strong><span style=\"font-size: 18pt;\"><a href=\"conduciendo-en-costa-rica\">Aventura Conduciendo 8 D\u00edas<\/a> (8 d\u00edas 7 noches desde <span style=\"color: #0000ff;\">$836<\/span>)<\/span><\/strong><\/p>\n<p><span style=\"font-family: 'arial black', sans-serif; font-size: 14pt;\">Algunos aspectos destacados:<\/span><\/p>\n<p><span style=\"font-family: arial, helvetica, sans-serif; font-size: 14pt;\">&#8211; 7 d\u00edas Daihatsu Bego 4&#215;4<\/span><br \/>\n<span style=\"font-family: arial, helvetica, sans-serif; font-size: 14pt;\">&#8211; Visita a la zona del Arenal<\/span><br \/>\n<span style=\"font-family: arial, helvetica, sans-serif; font-size: 14pt;\">&#8211; Visita a Monteverde<\/span><br \/>\n<span style=\"font-family: arial, helvetica, sans-serif; font-size: 14pt;\">&#8211; Visita a Manuel Antonio<\/span><br \/>\n<span style=\"font-family: arial, helvetica, sans-serif; font-size: 14pt;\">&#8211; Hoteles en San Jos\u00e9, Arenal, Monteverde y Manuel Antonio.<\/span>[\/vc_column_text][vc_btn title=\u00bbLeer m\u00e1s\u00bb color=\u00bbgreen\u00bb link=\u00bburl:https%3A%2F%2Fwww.costaricaguides.com%2Fes%2Fpaquete-conduciendo%2Fconduciendo-en-costa-rica|||\u00bb el_class=\u00bbocultarboton\u00bb][vc_btn title=\u00bbReservar Ahora\u00bb color=\u00bbgreen\u00bb link=\u00bburl:http%3A%2F%2Fwww.adobecar.cr%2Fiframer.aspx%3Fid%3D7P5O9%26amp%3BLang%3DENG||target:%20_blank|\u00bb][\/vc_column][\/vc_row][vc_row][vc_column width=\u00bb1\/3&#8243;][vc_single_image image=\u00bb2851&#8243; img_size=\u00bb400&#215;240&#8243; onclick=\u00bbcustom_link\u00bb link=\u00bbaventura-15-dias\u00bb][\/vc_column][vc_column width=\u00bb2\/3&#8243;][vc_column_text]<strong><span style=\"font-size: 18pt;\"><a href=\"aventura-15-dias\">Aventura Conduciendo 15 D\u00edas <\/a> (15 d\u00edas 14 noches desde <span style=\"color: #0000ff;\">$1762<\/span>)<\/span><\/strong><\/p>\n<p><span style=\"font-family: arial, helvetica, sans-serif; font-size: 14pt;\">Algunos aspectos destacados:<\/span><\/p>\n<p><span style=\"font-family: arial, helvetica, sans-serif; font-size: 14pt;\">&#8211; 12 d\u00edas Daihatsu Bego 4&#215;4<\/span><br \/>\n<span style=\"font-family: arial, helvetica, sans-serif; font-size: 14pt;\">&#8211; Visita a Tortuguero y Puerto Viejo<\/span><br \/>\n<span style=\"font-family: arial, helvetica, sans-serif; font-size: 14pt;\">&#8211; Visita a Arenal y Monteverde<\/span><br \/>\n<span style=\"font-family: arial, helvetica, sans-serif; font-size: 14pt;\">&#8211; Visita a Manuel Antonio<\/span><br \/>\n<span style=\"font-family: arial, helvetica, sans-serif; font-size: 14pt;\">&#8211; Hoteles en San Jos\u00e9, Totuguero, Puerto Viejo, Arenal, Monteverde y Manuel Antonio.<\/span>[\/vc_column_text][vc_btn title=\u00bbLeer m\u00e1s\u00bb color=\u00bbgreen\u00bb link=\u00bburl:https%3A%2F%2Fwww.costaricaguides.com%2Fes%2Fpaquete-conduciendo%2Faventura-15-dias|||\u00bb el_class=\u00bbocultarboton\u00bb][vc_btn title=\u00bbReservar Ahora\u00bb color=\u00bbgreen\u00bb link=\u00bburl:http%3A%2F%2Fwww.adobecar.cr%2Fiframer.aspx%3Fid%3D7P5O9%26amp%3BLang%3DENG||target:%20_blank|\u00bb][\/vc_column][\/vc_row][vc_row][vc_column][vc_column_text]<\/p>\n<p style=\"text-align: justify;\"><span style=\"font-family: arial, helvetica, sans-serif; font-size: 14pt;\">C\u00f3mo Reservar Espacio<\/span><\/p>\n<p style=\"text-align: justify;\"><span style=\"font-family: arial, helvetica, sans-serif; font-size: 14pt;\">Paso 1 &#8211; Elija el paquete de vacaciones en Costa Rica y haga su reserva sin cargo hasta 3 d\u00edas, llamando a nuestro n\u00famero gratuito 1-877-281-8515 FREE o enviando un e-mail a info@costaricaguides.com.<\/span><\/p>\n<p style=\"text-align: justify;\"><span style=\"font-family: arial, helvetica, sans-serif; font-size: 14pt;\">Paso 2 &#8211; Con el fin de garantizar su espacio despu\u00e9s del per\u00edodo de reserva de 3 d\u00edas, de US $ 300 de dep\u00f3sito por persona debe hacerse, al reservar un paquete de vacaciones de 9 d\u00edas o menos. Para los paquetes de vacaciones de 10 d\u00edas o m\u00e1s, se requiere un dep\u00f3sito de US $ 600 por persona.<\/span><\/p>\n<p style=\"text-align: justify;\"><span style=\"font-family: arial, helvetica, sans-serif; font-size: 14pt;\">Paso 3 &#8211; El pago total por 60 d\u00edas antes de la fecha de llegada.<\/span><\/p>\n<p>[\/vc_column_text][\/vc_column][\/vc_row][vc_row][vc_column width=\u00bb1\/4&#8243;][vc_column_text]<\/p>\n<p>.<\/p>\n<p>[\/vc_column_text][\/vc_column][vc_column width=\u00bb1\/4&#8243;][vc_column_text]<\/p>\n<p><a href=\"overnight-tours\"><img decoding=\"async\" src=\"http:\/\/costaricaguides.com\/wp-content\/uploads\/2014\/12\/overnight-tours-costa-rica1.jpg\" alt=\"overnight tours costa rica\" \/><\/a><\/p>\n<p>[\/vc_column_text][\/vc_column][vc_column width=\u00bb1\/4&#8243;][vc_column_text]<\/p>\n<p><a href=\"one-day-tours\"><img decoding=\"async\" src=\"http:\/\/costaricaguides.com\/wp-content\/uploads\/2014\/12\/one-day-tours-costa-rica.jpg\" alt=\"one day tours costa rica\" \/><\/a><\/p>\n<p>[\/vc_column_text][\/vc_column][vc_column width=\u00bb1\/4&#8243;][vc_column_text]<br \/>\n[\/vc_column_text][\/vc_column][\/vc_row]<\/p>\n<\/div>","protected":false},"excerpt":{"rendered":"<p>[vc_row css=\u00bb.vc_custom_1744174442739{padding-top: 30px !important;padding-bottom: 30px !important;}\u00bb][vc_column][vc_column_text]Si desea rentar un auto y recorrer Costa Rica a su ritmo, conozca aqu\u00ed la variedad de opciones y realice su reservaci\u00f3n.[\/vc_column_text][vc_btn title=\u00bbReservar Ahora\u00bb color=\u00bbgreen\u00bb link=\u00bburl:http%3A%2F%2Fwww.adobecar.cr%2Fiframer.aspx%3Fid%3D7P5O9%26amp%3BLang%3DENG||target:%20_blank|\u00bb][\/vc_column][\/vc_row][vc_row][vc_column width=\u00bb1\/3&#8243;][vc_single_image image=\u00bb2851&#8243; img_size=\u00bb400&#215;240&#8243; onclick=\u00bbcustom_link\u00bb link=\u00bbconduciendo-en-costa-rica\u00bb][\/vc_column][vc_column width=\u00bb2\/3&#8243;][vc_column_text]Aventura Conduciendo 8 D\u00edas (8 d\u00edas 7 noches desde $836) Algunos aspectos destacados: &#8211; 7 d\u00edas Daihatsu Bego 4&#215;4 [&hellip;]<\/p>\n","protected":false},"author":9,"featured_media":0,"parent":0,"menu_order":0,"comment_status":"closed","ping_status":"closed","template":"templates\/template-with-right-sidebar.php","meta":{"_joinchat":[],"footnotes":""},"class_list":["post-8119","page","type-page","status-publish","hentry"],"_links":{"self":[{"href":"https:\/\/www.costaricaguides.com\/es\/wp-json\/wp\/v2\/pages\/8119","targetHints":{"allow":["GET"]}}],"collection":[{"href":"https:\/\/www.costaricaguides.com\/es\/wp-json\/wp\/v2\/pages"}],"about":[{"href":"https:\/\/www.costaricaguides.com\/es\/wp-json\/wp\/v2\/types\/page"}],"author":[{"embeddable":true,"href":"https:\/\/www.costaricaguides.com\/es\/wp-json\/wp\/v2\/users\/9"}],"replies":[{"embeddable":true,"href":"https:\/\/www.costaricaguides.com\/es\/wp-json\/wp\/v2\/comments?post=8119"}],"version-history":[{"count":9,"href":"https:\/\/www.costaricaguides.com\/es\/wp-json\/wp\/v2\/pages\/8119\/revisions"}],"predecessor-version":[{"id":13459,"href":"https:\/\/www.costaricaguides.com\/es\/wp-json\/wp\/v2\/pages\/8119\/revisions\/13459"}],"wp:attachment":[{"href":"https:\/\/www.costaricaguides.com\/es\/wp-json\/wp\/v2\/media?parent=8119"}],"curies":[{"name":"wp","href":"https:\/\/api.w.org\/{rel}","templated":true}]}}