{"id":8122,"date":"2015-09-16T04:02:17","date_gmt":"2015-09-16T04:02:17","guid":{"rendered":"http:\/\/costaricaguides.com\/es\/drive-costa-rica-packages\/drive-adventure-15-days\/"},"modified":"2025-01-16T14:50:13","modified_gmt":"2025-01-16T20:50:13","slug":"aventura-15-dias","status":"publish","type":"page","link":"https:\/\/www.costaricaguides.com\/es\/paquete-conduciendo\/aventura-15-dias\/","title":{"rendered":"Aventura Conduciendo 15 D\u00edas"},"content":{"rendered":"<div class=\"wpb-content-wrapper\"><p>[vc_row][vc_column][rev_slider_vc alias=\u00bbslider18&#8243;][\/vc_column][\/vc_row][vc_row][vc_column][vc_custom_heading text=\u00bbDriving Adventure 15 days \u00bb font_container=\u00bbtag:h2|font_size:36|text_align:center|color:%2381d742&#8243; google_fonts=\u00bbfont_family:Montserrat%3Aregular%2C700|font_style:400%20regular%3A400%3Anormal\u00bb][vc_row_inner][vc_column_inner width=\u00bb1\/2&#8243;][vc_column_text]<\/p>\n<p style=\"text-align: center;\"><span style=\"color: #99cc00; font-size: 36pt;\"><strong>15 D\u00edas \/ 14 Noches <\/strong><\/span><\/p>\n<p>[\/vc_column_text][\/vc_column_inner][vc_column_inner width=\u00bb1\/2&#8243;][vc_column_text]<\/p>\n<p style=\"text-align: justify;\"><span style=\"font-family: arial, helvetica, sans-serif; font-size: 14pt;\">Conduzca su propio coche y descubrir Costa Rica a su propio ritmo Daihatsu Bego 4wd<\/span><\/p>\n<p>[\/vc_column_text][\/vc_column_inner][\/vc_row_inner][\/vc_column][\/vc_row][vc_row][vc_column][vc_tabs][vc_tab title=\u00bbDescripci\u00f3n del Paquete\u00bb tab_id=\u00bbca7941d1-a582-8&#8243;][vc_column_text]<\/p>\n<p style=\"text-align: justify;\"><span style=\"font-family: arial, helvetica, sans-serif; font-size: 14pt;\">D\u00eda 1: Llegada a Costa Rica.<\/span><\/p>\n<p style=\"text-align: justify;\"><span style=\"font-family: arial, helvetica, sans-serif; font-size: 14pt;\">Bienvenido a San Jos\u00e9, Costa Rica. Nuestro gu\u00eda le dar\u00e1 la bienvenida y explicar la informaci\u00f3n general y algunos detalles importantes de su programa de libre unidad. Entonces usted ser\u00e1 transportado a su hotel en la ciudad capital.<\/span><\/p>\n<p style=\"text-align: justify;\"><span style=\"font-family: arial, helvetica, sans-serif; font-size: 14pt;\">D\u00eda 2 &#8211; 3: Parque Nacional Tortuguero, impresionante selva tropical conocida como el Amazonas de Costa Rica.<\/span><\/p>\n<p style=\"text-align: justify;\"><span style=\"font-family: arial, helvetica, sans-serif; font-size: 14pt;\">tortuguero canalsThis es una zona tranquila, escondido en la exuberante selva tropical con una impresionante red natural de lagos y canales navegables esc\u00e9nicas. Parque Nacional Tortuguero es un caldo de cultivo importante para la tortuga verde.<\/span><br \/>\n<span style=\"font-family: arial, helvetica, sans-serif; font-size: 14pt;\">Tortuguero es el \u00fanico lugar en el mundo donde las tortugas vienen en grandes cantidades con regularidad durante el a\u00f1o. Hay ocho especies de tortugas marinas en todo el mundo, seis de ellas anidan en Costa Rica y cuatro de ellos se encuentran en Tortuguero. Esto explica por qu\u00e9 esta zona tiene el nombre de \u00abTortuguero\u00bb, que significa \u00abtierra de muchas tortugas.\u00bb El parque nacional tiene un territorio costero de 19,211 hect\u00e1reas, m\u00e1s de 52.000 hect\u00e1reas de \u00e1rea marina. La temperatura promedio es de 26\u00baC (79\u00ba F).<\/span><\/p>\n<p style=\"text-align: justify;\"><span style=\"font-family: arial, helvetica, sans-serif; font-size: 14pt;\">Las playas son muy bonitas pero no apta para el ba\u00f1o. El surf es muy \u00e1spera debido a las fuertes corrientes. Cuenta con aproximadamente 400 especies de aves, 400 especies de \u00e1rboles y al menos 2.200 especies de otras plantas. Tambi\u00e9n puede ver un mont\u00f3n de animales como monos, perezosos y muchos otros.<\/span><\/p>\n<p style=\"text-align: justify;\"><span style=\"font-family: arial, helvetica, sans-serif; font-size: 14pt;\">Actividades opcionales: excursiones en barco, senderismo, observaci\u00f3n de tortugas, observaci\u00f3n de aves, pirag\u00fcismo, kayak y otros.<\/span><\/p>\n<p style=\"text-align: justify;\"><span style=\"font-family: arial, helvetica, sans-serif; font-size: 14pt;\">Importante: Tortuguero vale la pena la visita. Sin embargo, es accesible s\u00f3lo por barco o avi\u00f3n. La porci\u00f3n de Tortuguero de este programa no incluye un coche de alquiler; sino que incluye el transporte compartido desde San Jos\u00e9 a Tortuguero. Usted no recibir\u00e1 su coche de alquiler hasta el d\u00eda 4<\/span><\/p>\n<p style=\"text-align: justify;\"><span style=\"font-family: arial, helvetica, sans-serif; font-size: 14pt;\">D\u00eda 4 &#8211; 5: Costa Caribe Sur, Puerto Viejo, Lim\u00f3n. Un lugar para disfrutar del sabor caribe\u00f1o con deliciosa comida y un ambiente relajado.<\/span><\/p>\n<p style=\"text-align: justify;\"><span style=\"font-family: arial, helvetica, sans-serif; font-size: 14pt;\">SurfingThis d\u00edas usted recibir\u00e1 su coche de alquiler para su experiencia de conducci\u00f3n a la costa del Caribe Sur, una zona con vegetaci\u00f3n exuberante y es ideal para el turismo ecol\u00f3gico. Algunas de las especies que se pueden encontrar son perezosos, monos aulladores, monos cara blanca, mapaches, numerosos marinos tortugas, cangrejos, iguanas, p\u00e1jaros, tucanes y ranas. Cuenta con una exuberante vegetaci\u00f3n con cientos de especies de \u00e1rboles y flores. El Caribe Sur tiene una impresionante diversidad cultural donde la comunidad negro, de la comunidad ind\u00edgena y los europeos disfrutan de un estilo de vida relajado. Tiene un mont\u00f3n de pueblos cercanos y playas como Cahuita, Puerto Vargas, Pirikik\u00ed Beach, Playa Chiquita, Playa Cocles, Playa Uva y Manzanillo Beach.<\/span><\/p>\n<p style=\"text-align: justify;\"><span style=\"font-family: arial, helvetica, sans-serif; font-size: 14pt;\">Actividades opcionales: buceo, surf, senderismo, pesca deportiva, tours de delfines, excursiones a Kekoldi reservas nativas, cabalgatas y observaci\u00f3n de aves<\/span><\/p>\n<p style=\"text-align: justify;\"><span style=\"font-family: arial, helvetica, sans-serif; font-size: 14pt;\">D\u00eda 6: Sarapiqu\u00ed, un lugar de belleza natural inspirador.<\/span><\/p>\n<p style=\"text-align: justify;\"><span style=\"font-family: arial, helvetica, sans-serif; font-size: 14pt;\">Salida hacia Sarapiqu\u00ed, una zona rica en flora y fauna, con un mont\u00f3n de monos, iguanas, cocodrilos y una gran variedad de especies de aves. El entorno armoniosas le permitir\u00e1 relajarse y concentrarse en el paisaje.<\/span><\/p>\n<p style=\"text-align: justify;\"><span style=\"font-family: arial, helvetica, sans-serif; font-size: 14pt;\">D\u00eda 7 &#8211; 8: Zona Volc\u00e1n Arenal, relajarse en las aguas termales y admirar el volc\u00e1n.<\/span><\/p>\n<p style=\"text-align: justify;\"><span style=\"font-family: arial, helvetica, sans-serif; font-size: 14pt;\">Volc\u00e1n Arenal AreaContinue con su encantador viaje a trav\u00e9s del pa\u00eds conduciendo a la zona del Volc\u00e1n Arenal en San Carlos. Este volc\u00e1n tiene una forma c\u00f3nica casi perfecta y que ha estado activo desde 1968.<\/span><\/p>\n<p style=\"text-align: justify;\"><span style=\"font-family: arial, helvetica, sans-serif; font-size: 14pt;\">En el bosque cercano es posible observar diferentes especies de mam\u00edferos, aves, reptiles y anfibios.<\/span><br \/>\n<span style=\"font-family: arial, helvetica, sans-serif; font-size: 14pt;\">Esta zona est\u00e1 rodeada de belleza natural con paisajes que te dejar\u00e1n sin aliento.<\/span><\/p>\n<p style=\"text-align: justify;\"><span style=\"font-family: arial, helvetica, sans-serif; font-size: 14pt;\">Actividades y lugares sugeridos para visitar: canopy, pesca en el Lago Arenal, puentes, cielo tranv\u00eda, senderismo, rafting, excursiones en barco, observaci\u00f3n volc\u00e1n y aguas termales colgando.<\/span><\/p>\n<p style=\"text-align: justify;\"><span style=\"font-family: arial, helvetica, sans-serif; font-size: 14pt;\">D\u00eda 9 &#8211; 10: Viaje a Monteverde y alrededores, disfrutar de su maravilloso bosque nublado y buscar el quetzal.<\/span><\/p>\n<p style=\"text-align: justify;\"><span style=\"font-family: arial, helvetica, sans-serif; font-size: 14pt;\">Monteverde AreaTravel a la zona de Monteverde, uno de los principales destinos tur\u00edsticos de Costa Rica, conocida por su selva tropical, con quetzales espumosos y cantidades de colibr\u00edes. Monteverde es una peque\u00f1a villa fundada por cu\u00e1queros norteamericanos en 1951, con su reserva biol\u00f3gica adyacente. La Selva Biol\u00f3gica de Monteverde fue establecido como un santuario de vida silvestre en 1972. Su tama\u00f1o es de 17.000 hect\u00e1reas.<\/span><\/p>\n<p style=\"text-align: justify;\"><span style=\"font-family: arial, helvetica, sans-serif; font-size: 14pt;\">Tambi\u00e9n es posible que tenga otra opci\u00f3n para visitar, la selva tropical de la Reserva de Santa Elena Biol\u00f3gica fundada en 1989. Cuenta con m\u00e1s de 2000 especies de plantas, 400 de aves y 100 mam\u00edferos diferentes.<\/span><br \/>\n<span style=\"font-family: arial, helvetica, sans-serif; font-size: 14pt;\">Tanto, Monteverde y Santa Elena son ciudades donde la gente es muy tranquilo y silencioso.<\/span><\/p>\n<p style=\"text-align: justify;\"><span style=\"font-family: arial, helvetica, sans-serif; font-size: 14pt;\">Actividades y lugares sugeridos para visitar: canopy, puentes colgantes, caminatas, visita a la f\u00e1brica de quesos, Selvatura Pasarelas, Bosque Nuboso de Monteverde y Santa Elena Selva Reserva Biol\u00f3gica.<\/span><\/p>\n<p style=\"text-align: justify;\"><span style=\"font-family: arial, helvetica, sans-serif; font-size: 14pt;\">D\u00eda 11, 12 &#8211; 13: Viaje a Manuel Antonio, visitar el parque nacional y tomar el sol en sus hermosas playas.<\/span><\/p>\n<p style=\"text-align: justify;\"><span style=\"font-family: arial, helvetica, sans-serif; font-size: 14pt;\">Destino Manuel AntonioThis es una mezcla de sol, playa y bosque, rodeado de exuberante vegetaci\u00f3n. El Parque Nacional Manuel Antonio fue fundada en 1972 y es el parque m\u00e1s peque\u00f1o del pa\u00eds que mide s\u00f3lo 683 hect\u00e1reas.<\/span><br \/>\n<span style=\"font-family: arial, helvetica, sans-serif; font-size: 14pt;\">Cuenta con incre\u00edbles vistas de la playa y la monta\u00f1a, adem\u00e1s de una vibrante vida silvestre. La temperatura diaria en este lugar va alrededor de 27 grados cent\u00edgrados.<\/span><br \/>\n<span style=\"font-family: arial, helvetica, sans-serif; font-size: 14pt;\">Aqu\u00ed encontrar\u00e1s m\u00e1s de 350 especies de aves, una variedad de lagartos, iguanas, monos, mariposas y otros animales.<\/span><br \/>\n<span style=\"font-family: arial, helvetica, sans-serif; font-size: 14pt;\">Cerca de la playa de Manuel Antonio se encuentran otros pueblos que se pueden visitar.<\/span><br \/>\n<span style=\"font-family: arial, helvetica, sans-serif; font-size: 14pt;\">Actividades y lugares sugeridos para visitar: canopy, rafting, pesca, paseos a caballo y paseos en kayak.<\/span><\/p>\n<p style=\"text-align: justify;\"><span style=\"font-family: arial, helvetica, sans-serif; font-size: 14pt;\">D\u00eda 14: Viaje de regreso a San Jos\u00e9, capital de Costa Rica.<\/span><\/p>\n<p style=\"text-align: justify;\"><span style=\"font-family: arial, helvetica, sans-serif; font-size: 14pt;\">Retorno a la ciudad capital para el hotel seleccionado.<\/span><br \/>\n<span style=\"font-family: arial, helvetica, sans-serif; font-size: 14pt;\">Aunque nos aseguramos de que su viaje de regreso estar\u00e1 rodeado de vegetaci\u00f3n espectacular. Al d\u00eda siguiente, usted debe devolver el veh\u00edculo.<\/span><br \/>\n<span style=\"font-family: arial, helvetica, sans-serif; font-size: 14pt;\">Actividades y lugares sugeridos para visitar: en el camino de regreso a San Jos\u00e9, se puede visitar la playa de Jaco, el Telef\u00e9rico del Pac\u00edfico, Parque Nacional Carara o Parque Natural Turubari.<\/span><\/p>\n<p style=\"text-align: justify;\"><span style=\"font-family: arial, helvetica, sans-serif; font-size: 14pt;\">D\u00eda 15: Traslado al aeropuerto internacional.<\/span><\/p>\n<p style=\"text-align: justify;\"><span style=\"font-family: arial, helvetica, sans-serif; font-size: 14pt;\">Su aventura ha llegado a su fin, pero no por mucho tiempo porque nuestro pa\u00eds est\u00e1 esperando con los brazos abiertos. Alguien de nuestro personal le recoger\u00e1 y traslado al aeropuerto para tomar su vuelo de regreso a casa.<\/span><\/p>\n<p>[\/vc_column_text][\/vc_tab][\/vc_tabs][vc_btn title=\u00bbM\u00e1s Informaci\u00f3n\u00bb align=\u00bbcenter\u00bb link=\u00bburl:https%3A%2F%2Fwww.costaricaguides.com%2Fes%2Fcontacto%2F|title:Contacto||\u00bb][\/vc_column][\/vc_row]<\/p>\n<\/div>","protected":false},"excerpt":{"rendered":"<p>[vc_row][vc_column][rev_slider_vc alias=\u00bbslider18&#8243;][\/vc_column][\/vc_row][vc_row][vc_column][vc_custom_heading text=\u00bbDriving Adventure 15 days \u00bb font_container=\u00bbtag:h2|font_size:36|text_align:center|color:%2381d742&#8243; google_fonts=\u00bbfont_family:Montserrat%3Aregular%2C700|font_style:400%20regular%3A400%3Anormal\u00bb][vc_row_inner][vc_column_inner width=\u00bb1\/2&#8243;][vc_column_text] 15 D\u00edas \/ 14 Noches [\/vc_column_text][\/vc_column_inner][vc_column_inner width=\u00bb1\/2&#8243;][vc_column_text] Conduzca su propio coche y descubrir Costa Rica a su propio ritmo Daihatsu Bego 4wd [\/vc_column_text][\/vc_column_inner][\/vc_row_inner][\/vc_column][\/vc_row][vc_row][vc_column][vc_tabs][vc_tab title=\u00bbDescripci\u00f3n del Paquete\u00bb tab_id=\u00bbca7941d1-a582-8&#8243;][vc_column_text] D\u00eda 1: Llegada a Costa Rica. Bienvenido a San Jos\u00e9, Costa Rica. Nuestro gu\u00eda le dar\u00e1 la bienvenida [&hellip;]<\/p>\n","protected":false},"author":9,"featured_media":0,"parent":8119,"menu_order":0,"comment_status":"closed","ping_status":"closed","template":"templates\/template-with-right-sidebar.php","meta":{"_joinchat":[],"footnotes":""},"class_list":["post-8122","page","type-page","status-publish","hentry"],"_links":{"self":[{"href":"https:\/\/www.costaricaguides.com\/es\/wp-json\/wp\/v2\/pages\/8122","targetHints":{"allow":["GET"]}}],"collection":[{"href":"https:\/\/www.costaricaguides.com\/es\/wp-json\/wp\/v2\/pages"}],"about":[{"href":"https:\/\/www.costaricaguides.com\/es\/wp-json\/wp\/v2\/types\/page"}],"author":[{"embeddable":true,"href":"https:\/\/www.costaricaguides.com\/es\/wp-json\/wp\/v2\/users\/9"}],"replies":[{"embeddable":true,"href":"https:\/\/www.costaricaguides.com\/es\/wp-json\/wp\/v2\/comments?post=8122"}],"version-history":[{"count":4,"href":"https:\/\/www.costaricaguides.com\/es\/wp-json\/wp\/v2\/pages\/8122\/revisions"}],"predecessor-version":[{"id":13380,"href":"https:\/\/www.costaricaguides.com\/es\/wp-json\/wp\/v2\/pages\/8122\/revisions\/13380"}],"up":[{"embeddable":true,"href":"https:\/\/www.costaricaguides.com\/es\/wp-json\/wp\/v2\/pages\/8119"}],"wp:attachment":[{"href":"https:\/\/www.costaricaguides.com\/es\/wp-json\/wp\/v2\/media?parent=8122"}],"curies":[{"name":"wp","href":"https:\/\/api.w.org\/{rel}","templated":true}]}}