{"id":8127,"date":"2015-09-16T01:38:19","date_gmt":"2015-09-16T01:38:19","guid":{"rendered":"http:\/\/costaricaguides.com\/es\/drive-costa-rica-packages\/driving-adventure-in-costa-rica-8-days\/"},"modified":"2025-01-16T14:50:41","modified_gmt":"2025-01-16T20:50:41","slug":"conduciendo-en-costa-rica","status":"publish","type":"page","link":"https:\/\/www.costaricaguides.com\/es\/paquete-conduciendo\/conduciendo-en-costa-rica\/","title":{"rendered":"Conduciendo en Costa Rica"},"content":{"rendered":"<div class=\"wpb-content-wrapper\"><p>[vc_row][vc_column][rev_slider_vc alias=\u00bbslider18&#8243;][\/vc_column][\/vc_row][vc_row][vc_column][vc_custom_heading text=\u00bbAventura Conduciendo en Costa Rica 8 D\u00edas\u00bb font_container=\u00bbtag:h2|font_size:36|text_align:center|color:%2381d742&#8243; google_fonts=\u00bbfont_family:Montserrat%3Aregular%2C700&#8243;][vc_row_inner][vc_column_inner width=\u00bb1\/2&#8243;][vc_column_text]<\/p>\n<p style=\"text-align: center;\"><span style=\"color: #99cc00; font-size: 36pt;\"><strong>8 D\u00edas \/ 7 Noches <\/strong><\/span><\/p>\n<p>[\/vc_column_text][\/vc_column_inner][vc_column_inner width=\u00bb1\/2&#8243;][vc_column_text]<\/p>\n<p style=\"text-align: justify;\"><strong><span style=\"font-family: arial, helvetica, sans-serif; font-size: 14pt;\">Conduzca su propio coche y descubra Costa Rica a su propio ritmo Daihatsu Bego 4wd<\/span><\/strong><\/p>\n<p>[\/vc_column_text][\/vc_column_inner][\/vc_row_inner][\/vc_column][\/vc_row][vc_row][vc_column][vc_column_text]<\/p>\n<p style=\"text-align: justify;\"><span style=\"font-family: arial, helvetica, sans-serif; font-size: 14pt;\">Alquiler sin conductor Tours son ideales para aquellos que gustan de las vacaciones a su propio ritmo, parar en diferentes ciudades y lugares de inter\u00e9s que no estaban previstos, pero puede ser interesante para visitar. Este tipo de vacacionar es preferido por muchos visitantes nuevos y frecuentes en Costa Rica.<\/span><\/p>\n<p style=\"text-align: justify;\"><span style=\"font-family: arial, helvetica, sans-serif; font-size: 14pt;\">Usted puede comprar un paquete de coche auto con todos los hoteles reservado previamente, por lo que ser\u00e1 libre de preocupaciones sobre el alojamiento durante sus vacaciones en Costa Rica o tambi\u00e9n puede solicitar un vale flexible que le dar\u00e1 la libertad de elegir cualquier hotel dentro de una lista de m\u00e1s de 60 alternativas. Se recomienda el bono de flexi o voucher abierto en su mayor\u00eda para el per\u00edodo de temporada baja Costa Rica, ya que los hoteles que aceptan este tipo de bono no aceptan reservas por adelantado y, a veces puede ser dif\u00edcil de conseguir una habitaci\u00f3n.<\/span><\/p>\n<p style=\"text-align: justify;\"><span style=\"font-family: arial, helvetica, sans-serif; font-size: 14pt;\">Estas alternativas de auto-unidad le dar\u00e1 el beneficio de obtener mejores tasas que si tiene que ponerse en contacto con hotel en hotel o la empresa de alquiler de coches directamente.<\/span><\/p>\n<p style=\"text-align: justify;\"><span style=\"font-family: arial, helvetica, sans-serif; font-size: 14pt;\">A continuaci\u00f3n se muestra un paquete sin conductor sugerida. El paquete de continuaci\u00f3n puede ser modificado en la larga edad o el tipo de hoteles de acuerdo a sus necesidades de viaje.<\/span><\/p>\n<p>[\/vc_column_text][\/vc_column][\/vc_row][vc_row][vc_column][vc_tabs][vc_tab title=\u00bbDescripci\u00f3n del Paquete\u00bb tab_id=\u00bbca7941d1-a582-8&#8243;][vc_column_text]<\/p>\n<p style=\"text-align: justify;\"><span style=\"font-family: arial, helvetica, sans-serif; font-size: 14pt;\">D\u00eda 1: Llegada a Costa Rica.<\/span><\/p>\n<p style=\"text-align: justify;\"><span style=\"font-family: arial, helvetica, sans-serif; font-size: 14pt;\">Bienvenido a San Jos\u00e9, Costa Rica. Nuestro gu\u00eda le dar\u00e1 la bienvenida y explicar la informaci\u00f3n general y algunos detalles importantes de su programa de libre unidad. Recta en usted ser\u00e1 transportado a su hotel en la ciudad capital.<\/span><\/p>\n<p style=\"text-align: justify;\"><span style=\"font-family: arial, helvetica, sans-serif; font-size: 14pt;\">D\u00eda 2: \u00c1rea del Volc\u00e1n Arenal, relajarse en las aguas termales y admirar el imponente volc\u00e1n.<\/span><\/p>\n<p style=\"text-align: justify;\"><span style=\"font-family: arial, helvetica, sans-serif; font-size: 14pt;\">Arenal VolcanoToday, usted tendr\u00e1 su veh\u00edculo a disposici\u00f3n de iniciar su delicioso viaje por el pa\u00eds. Comience su viaje en coche a la zona del Volc\u00e1n Arenal en San Carlos. Este volc\u00e1n tiene una forma c\u00f3nica casi perfecta y ha estado activo desde 1968. En el bosque cercano es posible observar diferentes especies de mam\u00edferos, aves, reptiles y anfibios.<\/span><br \/>\n<span style=\"font-family: arial, helvetica, sans-serif; font-size: 14pt;\">Esta zona est\u00e1 rodeada de belleza natural con paisajes que te dejar\u00e1n sin aliento.<\/span><br \/>\n<span style=\"font-family: arial, helvetica, sans-serif; font-size: 14pt;\">Actividades sugeridas y lugares para visitar: canopy, pesca en el Lago Arenal, puentes colgantes, cielo tranv\u00eda, ATV Tours, paseos a caballo, cascadas, barranquismo, ciclismo, senderismo, rafting, excursiones en barco, observaci\u00f3n del volc\u00e1n y aguas termales.<\/span><\/p>\n<p style=\"text-align: justify;\"><span style=\"font-family: arial, helvetica, sans-serif; font-size: 14pt;\">D\u00eda 3 &amp; 4: Viaje a Monteverde y alrededores, disfrutar de su maravilloso bosque nublado y buscar el quetzal.<\/span><\/p>\n<p style=\"text-align: justify;\"><span style=\"font-family: arial, helvetica, sans-serif; font-size: 14pt;\">Monteverde Costa RicaMonteverde es sobre todo conocido por su bosque tropical, con brillantes quetzales y cantidades de colibr\u00edes. Monteverde es una peque\u00f1a villa fundada por cu\u00e1queros norteamericanos en 1951, con su reserva biol\u00f3gica adyacente. La Selva Biol\u00f3gica de Monteverde fue establecido como un santuario de vida silvestre en 1972. Su tama\u00f1o es de 17.000 hect\u00e1reas.<\/span><\/p>\n<p style=\"text-align: justify;\"><span style=\"font-family: arial, helvetica, sans-serif; font-size: 14pt;\">Tambi\u00e9n puede visitar otros lugares de inter\u00e9s y reservas como la selva tropical de la Reserva Biol\u00f3gica de Santa Elena fundada en 1989. Cuenta con m\u00e1s de 2000 especies de plantas, 400 de aves y 100 mam\u00edferos diferentes. Tanto, Monteverde y Santa Elena son ciudades donde la gente es muy tranquilo y silencioso.<\/span><br \/>\n<span style=\"font-family: arial, helvetica, sans-serif; font-size: 14pt;\">Actividades y lugares sugeridos para visitar: canopy, puentes colgantes, caminatas, visita a la f\u00e1brica de quesos, Selvatura Pasarelas, Bosque Nuboso de Monteverde y Santa Elena Selva Reserva Biol\u00f3gica, Serpentario, ranas vivas exibit, tren de la selva. Granjas de mariposas.<\/span><\/p>\n<p style=\"text-align: justify;\"><span style=\"font-family: arial, helvetica, sans-serif; font-size: 14pt;\">D\u00eda 5 y 6: Viaje a Manuel Antonio, visitar el parque nacional y tomar el sol en sus hermosas playas.<\/span><\/p>\n<p style=\"text-align: justify;\"><span style=\"font-family: arial, helvetica, sans-serif; font-size: 14pt;\">Destino Manuel Antonio Costa RicaThis es una mezcla de sol, playa y bosque, rodeado de exuberante vegetaci\u00f3n. El Parque Nacional Manuel Antonio fue fundada en 1972 y es el parque m\u00e1s peque\u00f1o del pa\u00eds que mide s\u00f3lo 683 hect\u00e1reas.<\/span><br \/>\n<span style=\"font-family: arial, helvetica, sans-serif; font-size: 14pt;\">Cuenta con incre\u00edbles vistas de la playa y la monta\u00f1a, adem\u00e1s de una vibrante vida silvestre. La temperatura diaria en este lugar va alrededor de 27 grados cent\u00edgrados.<\/span><br \/>\n<span style=\"font-family: arial, helvetica, sans-serif; font-size: 14pt;\">Actividades y lugares sugeridos para visitar: canopy, rafting, pesca, paseos a caballo, cruceros al atardecer, buceo, senderismo, kayak, excursiones ATV o simplemente disfrutar de su tiempo con las hermosas vistas de Manuel Antonio.<\/span><\/p>\n<p style=\"text-align: justify;\"><span style=\"font-family: arial, helvetica, sans-serif; font-size: 14pt;\">D\u00eda 7: Viaje de regreso a San Jos\u00e9, capital de Costa Rica<\/span><\/p>\n<p style=\"text-align: justify;\"><span style=\"font-family: arial, helvetica, sans-serif; font-size: 14pt;\">Excursiones y alquiler de coches a cambio.<\/span><br \/>\n<span style=\"font-family: arial, helvetica, sans-serif; font-size: 14pt;\">Actividades y lugares sugeridos para visitar: en el camino de regreso a San Jos\u00e9, se puede visitar la playa de Jaco, el Telef\u00e9rico del Pac\u00edfico, Parque Nacional Carara, Parque Natural Turubari o el Parque Nacional Volc\u00e1n Po\u00e1s.<\/span><\/p>\n<p style=\"text-align: justify;\"><span style=\"font-family: arial, helvetica, sans-serif; font-size: 14pt;\">D\u00eda 8: Traslado al aeropuerto internacional<\/span><\/p>\n<p style=\"text-align: justify;\"><span style=\"font-family: arial, helvetica, sans-serif; font-size: 14pt;\">Su aventura ha llegado a la final, pero no por mucho tiempo porque nuestro pa\u00eds est\u00e1 esperando con los brazos abiertos. Una persona de nuestro personal lo recoger\u00e1 y traslado al aeropuerto para tomar su vuelo de regreso a casa.<\/span><\/p>\n<p>[\/vc_column_text][\/vc_tab][\/vc_tabs][vc_btn title=\u00bbM\u00e1s Informaci\u00f3n\u00bb align=\u00bbcenter\u00bb link=\u00bburl:https%3A%2F%2Fwww.costaricaguides.com%2Fes%2Fcontacto%2F|title:Contacto||\u00bb][\/vc_column][\/vc_row]<\/p>\n<\/div>","protected":false},"excerpt":{"rendered":"<p>[vc_row][vc_column][rev_slider_vc alias=\u00bbslider18&#8243;][\/vc_column][\/vc_row][vc_row][vc_column][vc_custom_heading text=\u00bbAventura Conduciendo en Costa Rica 8 D\u00edas\u00bb font_container=\u00bbtag:h2|font_size:36|text_align:center|color:%2381d742&#8243; google_fonts=\u00bbfont_family:Montserrat%3Aregular%2C700&#8243;][vc_row_inner][vc_column_inner width=\u00bb1\/2&#8243;][vc_column_text] 8 D\u00edas \/ 7 Noches [\/vc_column_text][\/vc_column_inner][vc_column_inner width=\u00bb1\/2&#8243;][vc_column_text] Conduzca su propio coche y descubra Costa Rica a su propio ritmo Daihatsu Bego 4wd [\/vc_column_text][\/vc_column_inner][\/vc_row_inner][\/vc_column][\/vc_row][vc_row][vc_column][vc_column_text] Alquiler sin conductor Tours son ideales para aquellos que gustan de las vacaciones a su propio ritmo, parar en diferentes [&hellip;]<\/p>\n","protected":false},"author":9,"featured_media":0,"parent":8119,"menu_order":0,"comment_status":"closed","ping_status":"closed","template":"templates\/template-with-right-sidebar.php","meta":{"_joinchat":[],"footnotes":""},"class_list":["post-8127","page","type-page","status-publish","hentry"],"_links":{"self":[{"href":"https:\/\/www.costaricaguides.com\/es\/wp-json\/wp\/v2\/pages\/8127","targetHints":{"allow":["GET"]}}],"collection":[{"href":"https:\/\/www.costaricaguides.com\/es\/wp-json\/wp\/v2\/pages"}],"about":[{"href":"https:\/\/www.costaricaguides.com\/es\/wp-json\/wp\/v2\/types\/page"}],"author":[{"embeddable":true,"href":"https:\/\/www.costaricaguides.com\/es\/wp-json\/wp\/v2\/users\/9"}],"replies":[{"embeddable":true,"href":"https:\/\/www.costaricaguides.com\/es\/wp-json\/wp\/v2\/comments?post=8127"}],"version-history":[{"count":6,"href":"https:\/\/www.costaricaguides.com\/es\/wp-json\/wp\/v2\/pages\/8127\/revisions"}],"predecessor-version":[{"id":13381,"href":"https:\/\/www.costaricaguides.com\/es\/wp-json\/wp\/v2\/pages\/8127\/revisions\/13381"}],"up":[{"embeddable":true,"href":"https:\/\/www.costaricaguides.com\/es\/wp-json\/wp\/v2\/pages\/8119"}],"wp:attachment":[{"href":"https:\/\/www.costaricaguides.com\/es\/wp-json\/wp\/v2\/media?parent=8127"}],"curies":[{"name":"wp","href":"https:\/\/api.w.org\/{rel}","templated":true}]}}