{"id":8135,"date":"2015-10-20T22:30:44","date_gmt":"2015-10-20T22:30:44","guid":{"rendered":"http:\/\/costaricaguides.com\/es\/tortuguero-hotels-packages\/"},"modified":"2024-01-17T12:24:39","modified_gmt":"2024-01-17T18:24:39","slug":"tortuguero-hotels-packages","status":"publish","type":"page","link":"https:\/\/www.costaricaguides.com\/es\/tortuguero-hotels-packages\/","title":{"rendered":"Paquetes de Hoteles en Tortuguero"},"content":{"rendered":"<div class=\"wpb-content-wrapper\"><p>[vc_row][vc_column][vc_column_text][\/vc_column_text][\/vc_column][\/vc_row][vc_row][vc_column][rev_slider_vc alias=\u00bbtortuguero-hotels\u00bb][\/vc_column][\/vc_row][vc_row][vc_column][vc_column_text][\/vc_column_text][\/vc_column][\/vc_row][vc_row][vc_column][vc_column_text]<\/p>\n<p style=\"text-align: justify;\"><span style=\"font-size: 14pt;\">Tortuguero es uno de los destinos ecoturistas m\u00e1s populares de Costa Rica. Definitivamente el Parque Nacional de Tortuguero es una visita obligatoria si visita nuestro pa\u00eds.<\/span><\/p>\n<p style=\"text-align: justify;\"><span style=\"font-size: 14pt;\">Disfrute del bosque lluvioso, de los canales, laguna y el pintoresco pueblo. Dependiendo de la temporada tambi\u00e9n puede observar el nacimiento de las tortugas.<\/span><\/p>\n<p style=\"text-align: justify;\"><span style=\"font-size: 14pt;\">El parque se ubica a lo largo de caribe norte y el pueblo de Tortuguero tiene una poblaci\u00f3n de aproximadamente 500 personas. En este pueblo no transitan carros (autos). El parque y el pueblo se accesan ya sea en bote o avionetas peque\u00f1as. Hay una variedad de hoteles y albergues en el \u00e1rea, que ofrecen paquetes incluyendo el traslado, hospedaje, alimentaci\u00f3n, gu\u00edas tur\u00edsticos, excursiones e impuestos.<\/span><\/p>\n<p>[\/vc_column_text][\/vc_column][\/vc_row][vc_row][vc_column][vc_empty_space][vc_custom_heading text=\u00bbOPCIONES DE HOTEL\u00bb font_container=\u00bbtag:h2|font_size:24|text_align:center|color:%23248546&#8243; google_fonts=\u00bbfont_family:Montserrat%3Aregular%2C700|font_style:400%20regular%3A400%3Anormal\u00bb][vc_empty_space][\/vc_column][\/vc_row][vc_row][vc_column width=\u00bb1\/3&#8243;][vc_column_text]<a href=\"https:\/\/www.costaricaguides.com\/es\/accommodation\/laguna-lodge\/\"><img loading=\"lazy\" decoding=\"async\" class=\"aligncenter size-full wp-image-3983\" src=\"http:\/\/costaricaguides.com\/wp-content\/uploads\/2015\/10\/laguna-lodge-tortuguero.jpg\" alt=\"laguna lodge tortuguero\" width=\"460\" height=\"210\" srcset=\"https:\/\/www.costaricaguides.com\/wp-content\/uploads\/2015\/10\/laguna-lodge-tortuguero.jpg 460w, https:\/\/www.costaricaguides.com\/wp-content\/uploads\/2015\/10\/laguna-lodge-tortuguero-300x137.jpg 300w\" sizes=\"auto, (max-width: 460px) 100vw, 460px\" \/><\/a>[\/vc_column_text][\/vc_column][vc_column width=\u00bb1\/3&#8243;][vc_column_text]<a href=\"https:\/\/www.costaricaguides.com\/es\/accommodation\/mawamba-lodge\/\"><img loading=\"lazy\" decoding=\"async\" class=\"aligncenter size-full wp-image-3984\" src=\"http:\/\/costaricaguides.com\/wp-content\/uploads\/2015\/10\/mawamba-lodge-tortuguero.jpg\" alt=\"mawamba lodge tortuguero\" width=\"460\" height=\"210\" srcset=\"https:\/\/www.costaricaguides.com\/wp-content\/uploads\/2015\/10\/mawamba-lodge-tortuguero.jpg 460w, https:\/\/www.costaricaguides.com\/wp-content\/uploads\/2015\/10\/mawamba-lodge-tortuguero-300x137.jpg 300w\" sizes=\"auto, (max-width: 460px) 100vw, 460px\" \/><\/a>[\/vc_column_text][\/vc_column][vc_column width=\u00bb1\/3&#8243;][vc_column_text]<a href=\"https:\/\/www.costaricaguides.com\/es\/accommodation\/pachira-lodge\/\"><img loading=\"lazy\" decoding=\"async\" class=\"aligncenter size-full wp-image-3985\" src=\"http:\/\/costaricaguides.com\/wp-content\/uploads\/2015\/10\/Pachira-Lodge-tortuguero.jpg\" alt=\"Pachira Lodge tortuguero\" width=\"460\" height=\"210\" srcset=\"https:\/\/www.costaricaguides.com\/wp-content\/uploads\/2015\/10\/Pachira-Lodge-tortuguero.jpg 460w, https:\/\/www.costaricaguides.com\/wp-content\/uploads\/2015\/10\/Pachira-Lodge-tortuguero-300x137.jpg 300w\" sizes=\"auto, (max-width: 460px) 100vw, 460px\" \/><\/a>[\/vc_column_text][\/vc_column][\/vc_row][vc_row][vc_column][vc_empty_space][\/vc_column][\/vc_row][vc_row][vc_column][vc_tta_accordion style=\u00bbmodern\u00bb shape=\u00bbsquare\u00bb color=\u00bborange\u00bb spacing=\u00bb2&#8243; active_section=\u00bb-1&#8243; collapsible_all=\u00bbtrue\u00bb title=\u00bbPaquete 2 D\u00edas 1 Noche\u00bb][vc_tta_section i_position=\u00bbright\u00bb i_icon_fontawesome=\u00bbfa fa-suitcase\u00bb add_icon=\u00bbtrue\u00bb title=\u00bbLaguna Tortuguero\u00bb tab_id=\u00bb1591650965162-913420e8-4423&#8243;][vc_column_text]Laguna Lodge es un hotel ecotur\u00edstico, ubicado en Tortuguero, una zona en el Caribe Norte de Costa Rica, formada por extensos r\u00edos, lagunas y humedales que cobijan una selva exuberante de bosques primarios.<\/p>\n<p>El hotel, est\u00e1 construido en una franja de tierra de doscientos metros de ancho, entre las Lagunas del Tortuguero y el Mar Caribe.<\/p>\n<p>Sus habitaciones, su recepci\u00f3n, su restaurante, su bar, sus piscinas\u2026 se confunden con la naturaleza en sus seis hect\u00e1reas de jardines.<\/p>\n<p>El hotel se fue formando poco a poco a partir de 1990, hasta convertirse actualmente en el hotel l\u00edder de la zona, por su infraestructura, sus servicios, por la amabilidad de su personal, y fundamentalmente por su preocupaci\u00f3n por la Naturaleza y la Comunidad.<\/p>\n<p>Laguna Lodge cuenta con 106 habitaciones dispersas en 6 hect\u00e1reas de jardines.<\/p>\n<p>Su dise\u00f1o es sencillo y totalmente acorde con la Naturaleza de la zona.<\/p>\n<p>Son habitaciones de madera y cuentan con todos los elementos b\u00e1sicos para garantizar a nuestros hu\u00e9spedes de una estad\u00eda confortable y placentera.<\/p>\n<p>&nbsp;<\/p>\n<p><strong>Paquete Tortuguero 2 D\u00edas &amp; 1 Noche (Pensi\u00f3n Completa)<\/strong><\/p>\n<ul>\n<li>Transporte terrestre ida y vuelta desde San Jos\u00e9.<\/li>\n<li>Traslado en bote del puerto de embarque al Lodge y viceversa.<\/li>\n<li>Alojamiento por 1 noche.<\/li>\n<li>Coctel de bienvenida.<\/li>\n<li>Una noche de alojamiento en el Lodge.<\/li>\n<li>Desayuno en el restaurante Senderos R\u00edo Blanco el d\u00eda de entrada.<\/li>\n<li>Un desayuno, un almuerzo y una cena estilo buffet en el Lodge.<\/li>\n<li>Almuerzo en el restaurante Senderos R\u00edo Blanco el d\u00eda de salida.<\/li>\n<li>Recorrido guiado en bote por los canales del Parque Nacional Tortuguero.<\/li>\n<li>Visita guiada al pueblo de Tortuguero.<\/li>\n<li>Gu\u00eda biling\u00fce durante todo el recorrido.<\/li>\n<\/ul>\n<p>&nbsp;<\/p>\n<p><strong>No incluye:<\/strong><\/p>\n<ul>\n<li>Bebidas alcoh\u00f3licas<\/li>\n<li>Bebidas gaseosas<\/li>\n<li>Tienda de recuerdos<\/li>\n<li>Entradas al Parque Nacional Tortuguero ($16.95 impuestos incluidos por persona extranjeros \/ \u20a11130 impuestos incluidos por persona nacionales &amp; residentes). Si desea que le incluyamos las entradas por favor indicarnos.<\/li>\n<li>Tours opcionales (awakening tour, tour de kayak, caminata al cerro de Tortuguero &amp; caminata de desove durante temporada)<\/li>\n<\/ul>\n<p>&nbsp;<\/p>\n<p><strong>Tarifas:<\/strong><\/p>\n<p><strong>Paquete Tortuguero 2 D\u00edas &amp; 1 Noche (Pensi\u00f3n Completa)<\/strong><\/p>\n<table style=\"border-color: #000000;\" border=\"1\" width=\"100%\">\n<tbody>\n<tr>\n<td width=\"147\"><strong>Fechas v\u00e1lidas<\/strong><\/td>\n<td width=\"89\"><strong>Tarifa habitaci\u00f3n Sencilla*<\/strong><\/td>\n<td width=\"85\"><strong>Tarifa habitaci\u00f3n Doble*<\/strong><\/td>\n<td width=\"85\"><strong>Tarifa habitaci\u00f3n Triple*<\/strong><\/td>\n<\/tr>\n<tr>\n<td width=\"147\">15 de diciembre 2023 al 15 de abril 2024 \/ 01 julio al 31 de agosto 2024 \/ 01 noviembre al 14 de diciembre 2024<\/td>\n<td width=\"89\">$291.00<\/td>\n<td width=\"85\">$261.00<\/td>\n<td width=\"85\">$252.00<\/td>\n<\/tr>\n<tr>\n<td width=\"147\">16 de abril al 30 de junio 2024 \/ 01 de setiembre al 31 de octubre 2024<\/td>\n<td width=\"89\">$263.00<\/td>\n<td width=\"85\">$231.00<\/td>\n<td width=\"85\">$208.00<\/td>\n<\/tr>\n<\/tbody>\n<\/table>\n<p>*Tarifas por persona.<\/p>\n<p>*No incluye el 13% del IVA.[\/vc_column_text][\/vc_tta_section][vc_tta_section i_position=\u00bbright\u00bb i_icon_fontawesome=\u00bbfa fa-suitcase\u00bb add_icon=\u00bbtrue\u00bb title=\u00bbMawamba Lodge\u00bb tab_id=\u00bb1591650965180-b0e39afc-6d61&#8243;][vc_column_text]Mawamba Lodge est\u00e1 ubicado en Tortuguero en el norte del Caribe de Costa Rica. El hotel est\u00e1 ubicado en una propiedad frente al mar, pero por favor note que no es una playa adecuada para nadar, por las corrientes y las mareas. No se permite nadar en el mar. Desde la playa podr\u00e1 caminar hasta el pueblo, ubicado a una corta distancia de Mawamba Lodge.<\/p>\n<p>El hotel cuenta con 54 habitaciones est\u00e1ndar y 4 habitaciones superiores est\u00e1ndar.<\/p>\n<p>Tambi\u00e9n cuenta con una piscina, bar, senderos privados y cafeter\u00eda.<\/p>\n<p>&nbsp;<\/p>\n<p><strong>Paquete 2 d\u00edas &amp; 1 Noche<\/strong><\/p>\n<ul>\n<li>Transporte terrestre San Jos\u00e9 \u2013 Muelle \u2013 San Jos\u00e9.<\/li>\n<li>Transporte en bote Muelle \u2013 Tortuguero \u2013 Muelle.<\/li>\n<li>01 noche de alojamiento en habitaciones est\u00e1ndar. Si desea en habitaci\u00f3n superior se debe pagar el adicional.<\/li>\n<li>Desayuno en ruta en Restaurante Rio Danta (Gu\u00e1piles) el d\u00eda de ingreso y almuerzo el d\u00eda de salida.<\/li>\n<li>Alimentaci\u00f3n de acuerdo con el paquete en el hotel (desayuno, almuerzo y cena).<\/li>\n<li>Gu\u00eda naturalista biling\u00fce (espa\u00f1ol \u2013 ingl\u00e9s) durante todo el recorrido.<\/li>\n<li>Visita al Pueblo d\u00eda 01.<\/li>\n<li>Excursi\u00f3n bote al amanecer d\u00eda 02<\/li>\n<\/ul>\n<p>&nbsp;<\/p>\n<p><strong>No incluye:<\/strong><\/p>\n<ul>\n<li>Bebidas alcoh\u00f3licas<\/li>\n<li>Bebidas gaseosas<\/li>\n<li>Tienda de recuerdos<\/li>\n<li>Entradas al Parque Nacional Tortuguero ($16.95 impuestos incluidos por persona extranjeros \/ \u20a11130 impuestos incluidos por persona nacionales &amp; residentes). Si desea que le incluyamos las entradas por favor indicarnos.<\/li>\n<li>Tours opcionales (awakening tour, tour de kayak, caminata al cerro de Tortuguero &amp; caminata de desove durante temporada)<\/li>\n<\/ul>\n<p>&nbsp;<\/p>\n<p><strong>Tarifas:<\/strong><\/p>\n<p><strong>Paquete 2 D\u00edas &amp; 1 Noche (Pensi\u00f3n Completa)<\/strong><\/p>\n<table style=\"border-color: #000000;\" border=\"1\" width=\"100%\">\n<tbody>\n<tr>\n<td width=\"147\"><strong>Fechas v\u00e1lidas<\/strong><\/td>\n<td width=\"89\"><strong>Tarifa habitaci\u00f3n Sencilla*<\/strong><\/td>\n<td width=\"85\"><strong>Tarifa habitaci\u00f3n Doble*<\/strong><\/td>\n<td width=\"85\"><strong>Tarifa habitaci\u00f3n Triple*<\/strong><\/td>\n<\/tr>\n<tr>\n<td width=\"147\">15 de diciembre 2023 al 14 de diciembre 2024<\/td>\n<td width=\"89\">$361.00<\/td>\n<td width=\"85\">$295.00<\/td>\n<td width=\"85\">$265.00<\/td>\n<\/tr>\n<\/tbody>\n<\/table>\n<p>*Tarifas por persona.<\/p>\n<p>*No incluye el 13% del IVA.[\/vc_column_text][\/vc_tta_section][vc_tta_section i_position=\u00bbright\u00bb i_icon_fontawesome=\u00bbfa fa-suitcase\u00bb add_icon=\u00bbtrue\u00bb title=\u00bbPachira Lodge\u00bb tab_id=\u00bb1591651807197-65a67663-4410&#8243;][vc_column_text]Pachira Lodge est\u00e1 estrat\u00e9gicamente ubicados a s\u00f3lo 5 minutos del extraordinario Parque Nacional Tortuguero, y justo al otro lado del canal principal frente al pueblo de Tortuguero. Rodeado de una red canales esc\u00e9nicos. Esta \u00e1rea es considerada una de las regiones m\u00e1s ex\u00f3ticas del mundo, caracterizada por su riqueza en flora y fauna.<\/p>\n<p>Podr\u00e1 disfrutar de cualquiera de nuestras 94 pintorescas y confortables habitaciones est\u00e1ndar con ba\u00f1o privado, agua caliente, ventilador de techo y vistas a los jardines.<\/p>\n<p>Si\u00e9ntase libre de explorar la selva tropical, tener encuentros con la vida silvestre y realizar actividades \u00fanicas en la vida como el desove de las tortugas marinas. Siendo hu\u00e9sped del Lodge podr\u00e1 disfrutar de nuestro restaurante estilo buf\u00e9 con gastronom\u00eda caribe\u00f1a costarricense, una piscina al aire libre con su particular forma de tortuga, un bar, un sendero privado, servicios de spa, entre otros.<\/p>\n<p><strong>Paquete de 2 d\u00edas &amp; 1 noche<\/strong><\/p>\n<p><strong>Incluye:<\/strong><\/p>\n<ul>\n<li>Transporte en autob\u00fas de lujo con aire acondicionado desde San Jos\u00e9 y viceversa o puntos intermedios.<\/li>\n<li>Traslado en confortables botes del puerto de embarque al hotel y viceversa.<\/li>\n<li>Coctel de bienvenida.<\/li>\n<li>Una noche de alojamiento en Tortuguero.<\/li>\n<li>Desayuno en ruta el primer d\u00eda.<\/li>\n<li>Un desayuno, un almuerzo y una cena estilo buffet en Tortuguero.<\/li>\n<li>Almuerzo en ruta el segundo d\u00eda.<\/li>\n<li>Visita guiada al Museo de la Tortuga Verde (STC) y al pintoresco pueblo de Tortuguero.<\/li>\n<li>Breve caminata por la playa.<\/li>\n<li>Visita guiada en bote por los maravillosos Canales de Tortuguero al amanecer.<\/li>\n<li>Gu\u00eda biling\u00fce, ingl\u00e9s-espa\u00f1ol, durante todo el recorrido.<\/li>\n<\/ul>\n<p>&nbsp;<\/p>\n<p><strong>No incluye:<\/strong><\/p>\n<ul>\n<li>Bebidas alcoh\u00f3licas<\/li>\n<li>Bebidas gaseosas<\/li>\n<li>Tienda de recuerdos<\/li>\n<li>Entradas al Parque Nacional Tortuguero ($16.95 impuestos incluidos por persona extranjeros \/ \u20a11130 impuestos incluidos por persona nacionales &amp; residentes). Si desea que le incluyamos las entradas por favor indicarnos.<\/li>\n<li>Tours opcionales (awakening tour, tour de kayak, caminata al cerro de Tortuguero &amp; caminata de desove durante temporada)<\/li>\n<\/ul>\n<p>&nbsp;<\/p>\n<p><strong>Tarifas:<\/strong><\/p>\n<p><strong>Paquete 2 D\u00edas &amp; 1 noche (Pensi\u00f3n Completa)<\/strong><\/p>\n<table style=\"border-color: #000000;\" border=\"1\" width=\"100%\">\n<tbody>\n<tr>\n<td width=\"147\"><strong>Fechas v\u00e1lidas<\/strong><\/td>\n<td width=\"89\"><strong>Tarifa habitaci\u00f3n Sencilla*<\/strong><\/td>\n<td width=\"85\"><strong>Tarifa habitaci\u00f3n Doble*<\/strong><\/td>\n<td width=\"85\"><strong>Tarifa habitaci\u00f3n Triple*<\/strong><\/td>\n<\/tr>\n<tr>\n<td width=\"147\">15 diciembre 2023 al 15 diciembre 2024<\/td>\n<td width=\"89\">$303.97<\/td>\n<td width=\"85\">$264.94<\/td>\n<td width=\"85\">$238.25<\/td>\n<\/tr>\n<\/tbody>\n<\/table>\n<p>*Tarifas por persona.<\/p>\n<p>*No incluye el 13% del IVA.[\/vc_column_text][\/vc_tta_section][\/vc_tta_accordion][\/vc_column][\/vc_row][vc_row][vc_column][vc_empty_space][\/vc_column][\/vc_row][vc_row][vc_column][vc_tta_accordion style=\u00bbmodern\u00bb shape=\u00bbsquare\u00bb color=\u00bborange\u00bb spacing=\u00bb2&#8243; active_section=\u00bb-1&#8243; collapsible_all=\u00bbtrue\u00bb title=\u00bbPaquete 3 D\u00edas 2 Noches\u00bb][vc_tta_section i_position=\u00bbright\u00bb i_icon_fontawesome=\u00bbfa fa-suitcase\u00bb add_icon=\u00bbtrue\u00bb title=\u00bbLaguna Tortuguero\u00bb tab_id=\u00bb1591655139573-21b511b8-3b62&#8243;][vc_column_text]<strong>Paquete Tortuguero 3 D\u00edas &amp; 2 Noches (Pensi\u00f3n Completa):<\/strong><\/p>\n<ul>\n<li>Transporte terrestre ida y vuelta desde la ciudad de San Jos\u00e9 hasta el puerto de embarque.<\/li>\n<li>Traslado en bote del puerto de embarque al Lodge y viceversa.<\/li>\n<li>Alojamiento por 2 noches.<\/li>\n<li>Coctel de Bienvenida.<\/li>\n<li>Dos noches de alojamiento en el Lodge.<\/li>\n<li>Desayuno en el restaurante Senderos R\u00edo Blanco el d\u00eda de entrada.<\/li>\n<li>Dos desayunos, dos almuerzos y dos cenas al estilo Buffet en el Lodge.<\/li>\n<li>Almuerzo en el restaurante Senderos R\u00edo Blanco el d\u00eda de salida.<\/li>\n<li>Recorrido guiado en bote por los canales del Parque Nacional Tortuguero.<\/li>\n<li>Visita guiada al pueblo de Tortuguero.<\/li>\n<li>Caminata por los jardines del hotel, senderos y playa<\/li>\n<li>Gu\u00eda Biling\u00fce durante todo el recorrido.<\/li>\n<\/ul>\n<p>&nbsp;<\/p>\n<p><strong>No incluye:<\/strong><\/p>\n<ul>\n<li>Bebidas alcoh\u00f3licas<\/li>\n<li>Bebidas gaseosas<\/li>\n<li>Tienda de recuerdos<\/li>\n<li>Entradas al Parque Nacional Tortuguero ($16.95 impuestos incluidos por persona extranjeros \/ \u20a11130 impuestos incluidos por persona nacionales &amp; residentes). Si desea que le incluyamos las entradas por favor indicarnos.<\/li>\n<li>Tours opcionales (awakening tour, tour de kayak, caminata al cerro de Tortuguero &amp; caminata de desove durante temporada)<strong> <\/strong><\/li>\n<\/ul>\n<p>&nbsp;<\/p>\n<p><strong>Tarifas:<\/strong><\/p>\n<p><strong>Paquete Aventura 3 D\u00edas &amp; 2 Noches (Pensi\u00f3n Completa)<\/strong><\/p>\n<table style=\"border-color: #000000;\" border=\"1\" width=\"100%\">\n<tbody>\n<tr>\n<td width=\"147\"><strong>Fechas v\u00e1lidas<\/strong><\/td>\n<td width=\"89\"><strong>Tarifa habitaci\u00f3n Sencilla*<\/strong><\/td>\n<td width=\"85\"><strong>Tarifa habitaci\u00f3n Doble*<\/strong><\/td>\n<td width=\"85\"><strong>Tarifa habitaci\u00f3n Triple*<\/strong><\/td>\n<\/tr>\n<tr>\n<td width=\"147\">15 de diciembre 2023 al 15 de abril 2024\/ 01 julio al 31 de agosto 2024\/ 01 noviembre al 14 de diciembre 2024<\/td>\n<td width=\"89\">$361.00<\/td>\n<td width=\"85\">$335.00<\/td>\n<td width=\"85\">$283.00<\/td>\n<\/tr>\n<tr>\n<td width=\"147\">16 de abril al 30 de junio 2024\/ 01 de setiembre al 31 de octubre 2024<\/td>\n<td width=\"89\">$339.00<\/td>\n<td width=\"85\">$308.00<\/td>\n<td width=\"85\">$275.00<\/td>\n<\/tr>\n<\/tbody>\n<\/table>\n<p>*Tarifas por persona.<\/p>\n<p>*No incluye el 13% del IVA.[\/vc_column_text][\/vc_tta_section][vc_tta_section i_position=\u00bbright\u00bb i_icon_fontawesome=\u00bbfa fa-suitcase\u00bb add_icon=\u00bbtrue\u00bb title=\u00bbMawamba Lodge\u00bb tab_id=\u00bb1591655139650-d200fd25-5071&#8243;][vc_column_text]<strong>Paquete 3 d\u00edas &amp; 2 Noches<\/strong><\/p>\n<ul>\n<li>Transporte terrestre San Jos\u00e9 \u2013 Muelle \u2013 San Jos\u00e9.<\/li>\n<li>Transporte en bote Muelle \u2013 Tortuguero \u2013 Muelle.<\/li>\n<li>01 noche de alojamiento en habitaciones est\u00e1ndar. Si desea en habitaci\u00f3n superior se debe pagar el adicional.<\/li>\n<li>Desayuno en ruta en Restaurante Rio Danta (Gu\u00e1piles) el d\u00eda de ingreso y almuerzo el d\u00eda de salida.<\/li>\n<li>Alimentaci\u00f3n de acuerdo con el paquete en el hotel (desayuno, almuerzo y cena).<\/li>\n<li>Gu\u00eda naturalista biling\u00fce (espa\u00f1ol \u2013 ingl\u00e9s) durante todo el recorrido.<\/li>\n<li>Visita al Pueblo.<\/li>\n<li>Excursi\u00f3n bote por la tarde.<\/li>\n<li>Caminata Jardines.<\/li>\n<\/ul>\n<p><strong>No incluye:<\/strong><\/p>\n<ul>\n<li>Bebidas alcoh\u00f3licas<\/li>\n<li>Bebidas gaseosas<\/li>\n<li>Tienda de recuerdos<\/li>\n<li>Entradas al Parque Nacional Tortuguero ($16.95 impuestos incluidos por persona extranjeros \/ \u20a11130 impuestos incluidos por persona nacionales &amp; residentes). Si desea que le incluyamos las entradas por favor indicarnos.<\/li>\n<li>Tours opcionales (awakening tour, tour de kayak, caminata al cerro de Tortuguero &amp; caminata de desove durante temporada).<\/li>\n<\/ul>\n<p>&nbsp;<\/p>\n<p><strong>Tarifas:<\/strong><\/p>\n<p><strong>Paquete 3 D\u00edas &amp; 2 Noches (Pensi\u00f3n Completa)<\/strong><\/p>\n<table style=\"border-color: #000000;\" border=\"1\" width=\"100%\">\n<tbody>\n<tr>\n<td width=\"147\"><strong>Fechas v\u00e1lidas<\/strong><\/td>\n<td width=\"89\"><strong>Tarifa habitaci\u00f3n Sencilla*<\/strong><\/td>\n<td width=\"85\"><strong>Tarifa habitaci\u00f3n Doble*<\/strong><\/td>\n<td width=\"85\"><strong>Tarifa habitaci\u00f3n Triple*<\/strong><\/td>\n<\/tr>\n<tr>\n<td width=\"147\">15 de diciembre 2023 al 14 de diciembre 2024<\/td>\n<td width=\"89\">$438.00<\/td>\n<td width=\"85\">$406.00<\/td>\n<td width=\"85\">$371.00<\/td>\n<\/tr>\n<\/tbody>\n<\/table>\n<p>*Tarifas por persona.<\/p>\n<p>*No incluye el 13% del IVA.[\/vc_column_text][\/vc_tta_section][vc_tta_section i_position=\u00bbright\u00bb i_icon_fontawesome=\u00bbfa fa-suitcase\u00bb add_icon=\u00bbtrue\u00bb title=\u00bbPachira Lodge\u00bb tab_id=\u00bb1591655139728-b707d202-49d4&#8243;][vc_column_text]<strong>Paquete de 3 d\u00edas &amp; 2 noches<\/strong><\/p>\n<p>&nbsp;<\/p>\n<p><strong>Incluye:<\/strong><\/p>\n<ul>\n<li>Transporte en autob\u00fas de lujo con aire acondicionado desde San Jos\u00e9 y viceversa o puntos intermedios.<\/li>\n<li>Traslado en confortables botes del puerto de embarque al hotel y viceversa.<\/li>\n<li>Coctel de bienvenida.<\/li>\n<li>Dos noches de alojamiento en Tortuguero.<\/li>\n<li>Desayuno en ruta el primer d\u00eda.<\/li>\n<li>Dos desayunos, dos almuerzos y dos cenas estilo buffet en Tortuguero.<\/li>\n<li>Almuerzo en ruta el tercer d\u00eda.<\/li>\n<li>Visita guiada al Museo de la Tortuga Verde (STC) y al pintoresco pueblo de Tortuguero.<\/li>\n<li>Breve caminata por la playa.<\/li>\n<li>Visita guiada por senderos privados del hotel.<\/li>\n<li>Visita guiada en bote por los maravillosos Canales de Tortuguero.<\/li>\n<li>Gu\u00eda biling\u00fce, ingl\u00e9s-espa\u00f1ol, durante todo el recorrido.<\/li>\n<\/ul>\n<p>&nbsp;<\/p>\n<p><strong>No incluye:<\/strong><\/p>\n<ul>\n<li>Bebidas alcoh\u00f3licas<\/li>\n<li>Bebidas gaseosas<\/li>\n<li>Tienda de recuerdos<\/li>\n<li>Entradas al Parque Nacional Tortuguero ($16.95 impuestos incluidos por persona extranjeros \/ \u20a11130 impuestos incluidos por persona nacionales &amp; residentes). Si desea que le incluyamos las entradas por favor indicarnos.<\/li>\n<li>Tours opcionales (awakening tour, tour de kayak, caminata al cerro de Tortuguero &amp; caminata de desove durante temporada)<\/li>\n<\/ul>\n<p>&nbsp;<\/p>\n<p><strong>Tarifas:<\/strong><\/p>\n<p><strong>Paquete 3 D\u00edas &amp; 2 noches (Pensi\u00f3n Completa)<\/strong><\/p>\n<table style=\"border-color: #000000;\" border=\"1\" width=\"100%\">\n<tbody>\n<tr>\n<td width=\"147\"><strong>Fechas v\u00e1lidas<\/strong><\/td>\n<td width=\"89\"><strong>Tarifa habitaci\u00f3n Sencilla*<\/strong><\/td>\n<td width=\"85\"><strong>Tarifa habitaci\u00f3n Doble*<\/strong><\/td>\n<td width=\"85\"><strong>Tarifa habitaci\u00f3n Triple*<\/strong><\/td>\n<\/tr>\n<tr>\n<td width=\"147\">15 diciembre 2023 al 15 diciembre 2024<\/td>\n<td width=\"89\">$378.93<\/td>\n<td width=\"85\">$347.10<\/td>\n<td width=\"85\">$294.73<\/td>\n<\/tr>\n<\/tbody>\n<\/table>\n<p>*Tarifas por persona.<\/p>\n<p>*No incluye el 13% del IVA.[\/vc_column_text][\/vc_tta_section][\/vc_tta_accordion][\/vc_column][\/vc_row][vc_row][vc_column][vc_empty_space][\/vc_column][\/vc_row][vc_row][vc_column][vc_btn title=\u00bbVer disponibilidad\u00bb color=\u00bbgreen\u00bb align=\u00bbcenter\u00bb link=\u00bburl:https%3A%2F%2Fwww.costaricaguides.com%2Fes%2Fcontacto%2F|title:Contacto||\u00bb][\/vc_column][\/vc_row][vc_row][vc_column][vc_separator][\/vc_column][\/vc_row][vc_row][vc_column][vc_empty_space][\/vc_column][\/vc_row]<\/p>\n<\/div>","protected":false},"excerpt":{"rendered":"<p>[vc_row][vc_column][vc_column_text][\/vc_column_text][\/vc_column][\/vc_row][vc_row][vc_column][rev_slider_vc alias=\u00bbtortuguero-hotels\u00bb][\/vc_column][\/vc_row][vc_row][vc_column][vc_column_text][\/vc_column_text][\/vc_column][\/vc_row][vc_row][vc_column][vc_column_text] Tortuguero es uno de los destinos ecoturistas m\u00e1s populares de Costa Rica. Definitivamente el Parque Nacional de Tortuguero es una visita obligatoria si visita nuestro pa\u00eds. Disfrute del bosque lluvioso, de los canales, laguna y el pintoresco pueblo. Dependiendo de la temporada tambi\u00e9n puede observar el nacimiento de las tortugas. El parque se [&hellip;]<\/p>\n","protected":false},"author":9,"featured_media":0,"parent":0,"menu_order":0,"comment_status":"closed","ping_status":"closed","template":"templates\/template-with-right-sidebar.php","meta":{"_joinchat":[],"footnotes":""},"class_list":["post-8135","page","type-page","status-publish","hentry"],"_links":{"self":[{"href":"https:\/\/www.costaricaguides.com\/es\/wp-json\/wp\/v2\/pages\/8135","targetHints":{"allow":["GET"]}}],"collection":[{"href":"https:\/\/www.costaricaguides.com\/es\/wp-json\/wp\/v2\/pages"}],"about":[{"href":"https:\/\/www.costaricaguides.com\/es\/wp-json\/wp\/v2\/types\/page"}],"author":[{"embeddable":true,"href":"https:\/\/www.costaricaguides.com\/es\/wp-json\/wp\/v2\/users\/9"}],"replies":[{"embeddable":true,"href":"https:\/\/www.costaricaguides.com\/es\/wp-json\/wp\/v2\/comments?post=8135"}],"version-history":[{"count":25,"href":"https:\/\/www.costaricaguides.com\/es\/wp-json\/wp\/v2\/pages\/8135\/revisions"}],"predecessor-version":[{"id":12982,"href":"https:\/\/www.costaricaguides.com\/es\/wp-json\/wp\/v2\/pages\/8135\/revisions\/12982"}],"wp:attachment":[{"href":"https:\/\/www.costaricaguides.com\/es\/wp-json\/wp\/v2\/media?parent=8135"}],"curies":[{"name":"wp","href":"https:\/\/api.w.org\/{rel}","templated":true}]}}