{"id":8142,"date":"2014-11-22T07:46:57","date_gmt":"2014-11-22T07:46:57","guid":{"rendered":"http:\/\/costaricaguides.com\/es\/about-us\/"},"modified":"2025-01-23T01:50:18","modified_gmt":"2025-01-23T07:50:18","slug":"nosotros","status":"publish","type":"page","link":"https:\/\/www.costaricaguides.com\/es\/nosotros\/","title":{"rendered":"Acerca de nosotros"},"content":{"rendered":"<div class=\"wpb-content-wrapper\"><p>[vc_row][vc_column][vc_column_text]<\/p>\n<h1 style=\"text-align: center;\"><span style=\"font-size: 24pt;\"><strong><span style=\"color: #339966;\">Acerca de Costa Rica Guides<\/span><\/strong><\/span><\/h1>\n<p style=\"text-align: justify;\"><strong><span style=\"font-family: arial, helvetica, sans-serif; font-size: 14pt; color: #339966;\">Nuestra misi\u00f3n<\/span><\/strong><\/p>\n<p style=\"text-align: justify;\"><span style=\"font-family: arial, helvetica, sans-serif; font-size: 14pt;\">Nuestra misi\u00f3n es mostrar a los visitantes lo que Costa Rica tiene para ofrecer, proporcionarles toda la informaci\u00f3n que necesiten sin coste y ayudarles a organizar su viaje, tales como hoteles, alquiler de coches, tours reservas y mucho m\u00e1s. Queremos asegurarnos de que nuestros clientes disfruten de su estancia en su m\u00e1ximo, volviendo a casa con los mejores y m\u00e1s bonitos recuerdos y dispuesto a volver a Costa Rica en el futuro.<\/span><\/p>\n<p style=\"text-align: justify;\"><strong><span style=\"font-family: arial, helvetica, sans-serif; font-size: 14pt; color: #339966;\">Acerca de Costa Rica Guides<\/span><\/strong><\/p>\n<p style=\"text-align: justify;\"><span style=\"font-family: arial, helvetica, sans-serif; font-size: 14pt;\">Costa Rica Guides es una gu\u00eda de viajes online que ofrece informaci\u00f3n para las personas que viajan a Costa Rica.<\/span><\/p>\n<p><span style=\"font-family: arial, helvetica, sans-serif; font-size: 14pt;\">Nuestro compromiso es proporcionar, de forma gratuita, toda la informaci\u00f3n con el fin de guiar a nuestros visitantes. Ofrecemos a nuestros lectores con consejos de viaje, mapas gratuitos y folletos, as\u00ed como ayuda para reservar hoteles, transporte, tours, etc., de acuerdo a sus necesidades y presupuesto.<\/span><\/p>\n<p><span style=\"font-family: arial, helvetica, sans-serif; font-size: 14pt;\">Garantizamos para proporcionar una respuesta r\u00e1pida a trav\u00e9s de nuestro centro de asistencia en l\u00ednea, correo electr\u00f3nico, tel\u00e9fono o fax. Nuestros asesores personales ser\u00e1n ofrecerle los servicios que usted est\u00e1 buscando a los precios m\u00e1s competitivos.<\/span><\/p>\n<p><span style=\"font-family: arial, helvetica, sans-serif; font-size: 14pt;\">Trabajamos en conjunto con Expediciones Tropicales (recomendados por Lonely Planet, Fodors, Aventuras en la Naturaleza y otras gu\u00edas de turismo), que es un operador y transporte de la compa\u00f1\u00eda gira de tierra con m\u00e1s de 20 a\u00f1os de experiencia. Es bien conocida por ser una empresa seria y confiable dedicada a ofrecer la m\u00e1s alta calidad de servicio personalizado, con el turismo originales alternativesin Costa Rica, a trav\u00e9s de viajes personalizados y paquetes tur\u00edsticos.<\/span><\/p>\n<p><span style=\"font-family: arial, helvetica, sans-serif; font-size: 14pt;\">Detener la caza de informaci\u00f3n y tratando de confirmar las reservas en cientos de diferentes sitios de Costa Rica. Porque sabemos que su tiempo es valioso, ofrecemos todo lo que necesita en un solo lugar.<\/span><\/p>\n<p><span style=\"font-family: arial, helvetica, sans-serif; font-size: 14pt;\">Si est\u00e1s de visita en Costa Rica, ya sea para negocios o vacaciones, tomemos el cuidado de todos los detalles: Reservas de Hoteles, Costa Rica Tours, Paquetes de noche a la ma\u00f1ana, transporte privado, Coches de Alquiler, Servicios de traslado, vuelos e informaci\u00f3n sobre qu\u00e9 hacer Locales y Regionales , d\u00f3nde ir y qu\u00e9 lugares para ver mientras est\u00e1s en Costa Rica.<\/span><\/p>\n<p><span style=\"font-family: arial, helvetica, sans-serif; font-size: 14pt;\">Invitamos a navegar a trav\u00e9s de nuestro sitio web. No dude en ponerse en contacto con nuestra oficina de representaci\u00f3n en los Estados Unidos en los siguientes n\u00fameros:<\/span><\/p>\n<p><span style=\"font-family: arial, helvetica, sans-serif; font-size: 14pt;\">Tel\u00e9fono: (506) 2233-5151<\/span><\/p>\n<p><span style=\"font-family: arial, helvetica, sans-serif; font-size: 14pt;\">Desde Estados Unidos o Canad\u00e1 llame gratuitamente al: 1-877-202-3381<\/span><\/p>\n<p><span style=\"font-family: arial, helvetica, sans-serif; font-size: 14pt;\">O env\u00edenos un email a info@costaricaguides.com<\/span><\/p>\n<p><span style=\"font-family: arial, helvetica, sans-serif; font-size: 14pt;\">El horario de trabajo es de 6:00 am a 9:00 pm de lunes a viernes (hora del este).<\/span><\/p>\n<p><span style=\"font-family: arial, helvetica, sans-serif; font-size: 14pt;\">Ser\u00eda un placer ayudarle!<\/span>[\/vc_column_text][\/vc_column][\/vc_row][vc_row][vc_column offset=\u00bbvc_hidden-lg vc_hidden-md vc_hidden-sm vc_hidden-xs\u00bb][vc_column_text]<\/p>\n<h2 style=\"text-align: center;\"><strong><span style=\"color: #339966;\"><a href=\"our-staff\">Meet some of our co-workers<\/a><\/span><\/strong><\/h2>\n<p>[\/vc_column_text][\/vc_column][\/vc_row][vc_row][vc_column offset=\u00bbvc_hidden-lg vc_hidden-md vc_hidden-sm vc_hidden-xs\u00bb][vc_column_text]<\/p>\n<h3 style=\"text-align: center;\"><span style=\"color: #008000;\"><a style=\"color: #008000;\" href=\"https:\/\/www.djoser.nl\/rondreis-costa-rica\/\" target=\"_blank\" rel=\"noopener\">Conozca a nuestro socio<\/a><\/span><\/h3>\n<p>[\/vc_column_text][\/vc_column][\/vc_row]<\/p>\n<\/div>","protected":false},"excerpt":{"rendered":"<p>[vc_row][vc_column][vc_column_text] Acerca de Costa Rica Guides Nuestra misi\u00f3n Nuestra misi\u00f3n es mostrar a los visitantes lo que Costa Rica tiene para ofrecer, proporcionarles toda la informaci\u00f3n que necesiten sin coste y ayudarles a organizar su viaje, tales como hoteles, alquiler de coches, tours reservas y mucho m\u00e1s. Queremos asegurarnos de que nuestros clientes disfruten de [&hellip;]<\/p>\n","protected":false},"author":1,"featured_media":0,"parent":0,"menu_order":0,"comment_status":"closed","ping_status":"open","template":"","meta":{"_joinchat":[],"footnotes":""},"class_list":["post-8142","page","type-page","status-publish","hentry"],"_links":{"self":[{"href":"https:\/\/www.costaricaguides.com\/es\/wp-json\/wp\/v2\/pages\/8142","targetHints":{"allow":["GET"]}}],"collection":[{"href":"https:\/\/www.costaricaguides.com\/es\/wp-json\/wp\/v2\/pages"}],"about":[{"href":"https:\/\/www.costaricaguides.com\/es\/wp-json\/wp\/v2\/types\/page"}],"author":[{"embeddable":true,"href":"https:\/\/www.costaricaguides.com\/es\/wp-json\/wp\/v2\/users\/1"}],"replies":[{"embeddable":true,"href":"https:\/\/www.costaricaguides.com\/es\/wp-json\/wp\/v2\/comments?post=8142"}],"version-history":[{"count":4,"href":"https:\/\/www.costaricaguides.com\/es\/wp-json\/wp\/v2\/pages\/8142\/revisions"}],"predecessor-version":[{"id":13393,"href":"https:\/\/www.costaricaguides.com\/es\/wp-json\/wp\/v2\/pages\/8142\/revisions\/13393"}],"wp:attachment":[{"href":"https:\/\/www.costaricaguides.com\/es\/wp-json\/wp\/v2\/media?parent=8142"}],"curies":[{"name":"wp","href":"https:\/\/api.w.org\/{rel}","templated":true}]}}