{"id":8146,"date":"2015-08-14T14:03:47","date_gmt":"2015-08-14T14:03:47","guid":{"rendered":"http:\/\/costaricaguides.com\/es\/terms-and-conditions\/"},"modified":"2019-05-22T15:40:44","modified_gmt":"2019-05-22T15:40:44","slug":"terminos-y-condiciones","status":"publish","type":"page","link":"https:\/\/www.costaricaguides.com\/es\/terminos-y-condiciones\/","title":{"rendered":"T\u00e9rminos y Condiciones"},"content":{"rendered":"<div class=\"wpb-content-wrapper\"><p>[vc_row][vc_column][vc_column_text]<\/p>\n<p style=\"text-align: justify;\"><span style=\"font-family: 'arial black', sans-serif;\"><strong><span style=\"font-size: 14pt;\">Pagos<\/span><\/strong><\/span><\/p>\n<p style=\"text-align: justify;\"><span style=\"font-family: arial, helvetica, sans-serif; font-size: 14pt;\">Reservas incluyendo las fechas del 20 de diciembre al 10 de enero y para la semana de Pascua exigir el pago total a fin de ser confirmados y no son reembolsables. Aparte de estos per\u00edodos de vacaciones, pago adelantado final es por 45 d\u00edas antes de la llegada. Las reservas confirmadas dentro de los 45 d\u00edas de su llegada requieren el pago en su totalidad dentro de los 5 d\u00edas h\u00e1biles.<\/span><\/p>\n<p style=\"text-align: justify;\"><strong><span style=\"font-family: 'arial black', sans-serif; font-size: 14pt;\">El pago con tarjeta de cr\u00e9dito:<\/span><\/strong><\/p>\n<p style=\"text-align: justify;\"><span style=\"font-family: arial, helvetica, sans-serif; font-size: 14pt;\">Costaricaguides.com trav\u00e9s Expediciones Tropicales acepta; Visa, MasterCard y American Express.<\/span><\/p>\n<p style=\"text-align: justify;\"><span style=\"font-family: arial, helvetica, sans-serif; font-size: 14pt;\">Una confirmaci\u00f3n ser\u00e1 enviada por correo electr\u00f3nico una vez que se verifica el pago completo. Comprobantes originales s\u00f3lo pueden ser enviadas por correo a la direcci\u00f3n a la que se env\u00eda por correo su factura de tarjeta de cr\u00e9dito o nuestro gu\u00eda intercambiar\u00e1n su correo electr\u00f3nico de confirmaci\u00f3n en el aeropuerto para vales originales. Si usted requiere comprobantes originales para ser enviado a usted por correo, se agregar\u00e1 un cargo de $ 12.00 a la factura por este servicio.<\/span><\/p>\n<p style=\"text-align: justify;\"><span style=\"font-family: arial, helvetica, sans-serif; font-size: 14pt;\">Importante: La tarjeta de cr\u00e9dito utilizada debe ser de una de las personas que est\u00e1 utilizando los servicios ya que se requerir\u00e1 una fotocopia de la tarjeta y un documento de identidad v\u00e1lido con clientes de la llegada a su destino.<\/span><\/p>\n<p style=\"text-align: justify;\"><strong><span style=\"font-family: 'arial black', sans-serif; font-size: 14pt;\">Transferencia de Dinero de alambre:<\/span><\/strong><\/p>\n<p style=\"text-align: justify;\"><span style=\"font-family: arial, helvetica, sans-serif; font-size: 14pt;\">Expediciones Tropicales<\/span><\/p>\n<p style=\"text-align: justify;\"><span style=\"font-family: arial, helvetica, sans-serif; font-size: 14pt;\">Cubra A trav\u00e9s de: Bank of America.<\/span><\/p>\n<p style=\"text-align: justify;\"><span style=\"font-family: arial, helvetica, sans-serif; font-size: 14pt;\">Cuenta: 19019-05932 (Cuenta de Bac San Jos\u00e9 Banco y Bank of America.<\/span><\/p>\n<p style=\"text-align: justify;\"><span style=\"font-family: arial, helvetica, sans-serif; font-size: 14pt;\">ABA #: 066007681 Swift: BOFAUS3M<\/span><\/p>\n<p style=\"text-align: justify;\"><span style=\"font-family: arial, helvetica, sans-serif; font-size: 14pt;\">Transferencia a: BAC San Jos\u00e9 (antes Banco San Jos\u00e9, SA)<\/span><\/p>\n<p style=\"text-align: justify;\"><span style=\"font-family: arial, helvetica, sans-serif; font-size: 14pt;\">Swift: BSNJCRSJ<\/span><\/p>\n<p style=\"text-align: justify;\"><span style=\"font-family: arial, helvetica, sans-serif; font-size: 14pt;\">Nombre del beneficiario: Expediciones Tropicales S.A.<\/span><\/p>\n<p style=\"text-align: justify;\"><span style=\"font-family: arial, helvetica, sans-serif; font-size: 14pt;\">Cuenta Beneficiario: 802022376 USD.<\/span><\/p>\n<p style=\"text-align: justify;\"><span style=\"font-family: arial, helvetica, sans-serif; font-size: 14pt;\"><strong><span style=\"font-family: 'arial black', sans-serif;\">Aviso:<\/span> <\/strong>Una vez que se han confirmado las reservas hay un cargo de US $ 25 a modificar las reservas.<\/span><\/p>\n<p style=\"text-align: justify;\"><span style=\"font-family: arial, helvetica, sans-serif; font-size: 14pt;\">Pol\u00edtica de cancelaci\u00f3n<\/span><\/p>\n<p style=\"text-align: justify;\"><span style=\"font-family: arial, helvetica, sans-serif; font-size: 14pt;\">Los derechos a reembolsos si usted cambia o cancela su reserva es limitada. Los siguientes cargos se aplican: (Proveedor se refiere a hoteles, empresas de alquiler de veh\u00edculos, operadores tur\u00edsticos, aerol\u00edneas locales, etc.)<\/span><\/p>\n<p style=\"text-align: justify;\"><span style=\"font-family: arial, helvetica, sans-serif; font-size: 14pt;\">30 d\u00edas o m\u00e1s antes de la llegada &#8211; cargo de $ 25, adem\u00e1s de las sanciones proveedor.<\/span><br \/>\n<span style=\"font-family: arial, helvetica, sans-serif; font-size: 14pt;\">21 a 30 d\u00edas antes de la llegada &#8211; 25% de carga, adem\u00e1s de las sanciones proveedor.<\/span><br \/>\n<span style=\"font-family: arial, helvetica, sans-serif; font-size: 14pt;\">14 a 21 d\u00edas antes de la llegada &#8211; 50% de carga, adem\u00e1s de las sanciones proveedor.<\/span><br \/>\n<span style=\"font-family: arial, helvetica, sans-serif; font-size: 14pt;\">13 o menos d\u00edas antes de la fecha de llegada &#8211; cargo del 100%.<\/span><br \/>\n<span style=\"font-family: arial, helvetica, sans-serif; font-size: 14pt;\">Una vez recorrido comienza no habr\u00e1 reembolsos efectuados en porciones no utilizadas, ni es el precio o valor de cambio de los servicios alternativos.<\/span><\/p>\n<p style=\"text-align: justify;\"><span style=\"font-family: arial, helvetica, sans-serif; font-size: 14pt;\">Si usted tiene alguna pregunta por favor p\u00f3ngase en contacto con un agente de ventas al 1-877-281-8515 FREE.<\/span><\/p>\n<p style=\"text-align: justify;\"><span style=\"font-family: arial, helvetica, sans-serif; font-size: 14pt;\">Hechos importantes<\/span><\/p>\n<p style=\"text-align: justify;\"><span style=\"font-family: arial, helvetica, sans-serif; font-size: 14pt;\">Tarifas sujetas a cambio sin previo aviso<\/span><\/p>\n<p style=\"text-align: justify;\"><span style=\"font-family: arial, helvetica, sans-serif; font-size: 14pt;\">Mientras Expediciones Tropicales o Costaricaguides.com hace todo lo posible para mantener las tasas actuales, a veces los proveedores son lentos para notificarnos de cambios. Las tarifas est\u00e1n sujetas a cambios hasta que se confirma la reserva.<\/span><\/p>\n<p style=\"text-align: justify;\"><span style=\"font-family: arial, helvetica, sans-serif; font-size: 14pt;\">Documentaci\u00f3n<\/span><\/p>\n<p style=\"text-align: justify;\"><span style=\"font-family: arial, helvetica, sans-serif; font-size: 14pt;\">Los ciudadanos estadounidenses deben tener un pasaporte v\u00e1lido (se requiere visado para algunos pa\u00edses). Es responsabilidad de todos los que viajan a obtener la informaci\u00f3n y la documentaci\u00f3n apropiada. Expediciones Tropicales y CostaRicaguides.com y sus agentes no aceptan ninguna responsabilidad por los cambios en los requisitos de documentaci\u00f3n ni por cualquier salida o entrada de negaciones. Los pasajeros negaron el embarque por falta de documentaci\u00f3n no recibir\u00e1n reembolso. Pol\u00edticas de cancelaci\u00f3n aplican a las cancelaciones debido a documentaci\u00f3n incorrecta.<\/span><\/p>\n<p style=\"text-align: justify;\"><span style=\"font-family: arial, helvetica, sans-serif; font-size: 14pt;\">Cambios Horarios y retrasos<\/span><\/p>\n<p style=\"text-align: justify;\"><span style=\"font-family: arial, helvetica, sans-serif; font-size: 14pt;\">Todos los tiempos de viaje se basan en la mejor informaci\u00f3n disponible en el momento de la confirmaci\u00f3n. Debido a la naturaleza de los cambios de viajes internacionales a horarios e itinerarios que sean necesarias y tambi\u00e9n puede prevenir la inclusi\u00f3n de algunas actividades. NO SE ACEPTAN DEVOLUCIONES se pueden dar para dicha eliminaci\u00f3n. No aceptamos responsabilidad por p\u00e9rdidas o gastos accidentales debido a los cambios o retrasos en las aerol\u00edneas o de hoteles overbookings, incumplimientos, el clima, huelgas, enfermedad, guerra, disturbios, o cualquier otro no causas dentro del poder de costaricaguides.com y Expediciones Tropicales. Todas estas p\u00e9rdidas o gastos son responsabilidad del pasajero.<\/span><\/p>\n<p style=\"text-align: justify;\"><span style=\"font-family: arial, helvetica, sans-serif; font-size: 14pt;\">Responsabilidad<\/span><\/p>\n<p style=\"text-align: justify;\"><span style=\"font-family: arial, helvetica, sans-serif; font-size: 14pt;\">Todos los documentos de viaje y bonos emitidos por costaricaguides.com, Expediciones Tropicales y sus agentes est\u00e1n sujetos a los t\u00e9rminos y condiciones del proveedor, a las leyes de sus pa\u00edses y los convenios internacionales entre los pa\u00edses. El pasajero acepta que costaricaguides.com, Expediciones Tropicales y sus agentes, afiliados, empleados, no se hace responsable de los da\u00f1os o p\u00e9rdidas sufridas. Todos los participantes, con renuncia expresa a cualquier derecho que uno puede tener en contra costaricaguides.com, Expediciones Tropicales y sus agentes, funcionarios o empleados causadas por la negligencia de estas personas en relaci\u00f3n con lo anterior. En ning\u00fan caso es costaricaguides.com o Expediciones Tropicales deben interpretarse como un portador o portadora com\u00fan bajo contrato para el paso seguro del pasajero o para el equipaje y \/ o pertenencias. Al inscribirse en la licitaci\u00f3n y el pago de cualquier y todos los servicios participantes se comprometen a aceptar y acepta que quedar\u00e1 vinculado por los t\u00e9rminos y condiciones de este Sitio Web. Ninguna otra persona que no sea un oficial de costaricaguides.com o Expediciones Tropicales por documento escrito, est\u00e1 autorizado a renunciar o alterar cualquier condici\u00f3n con el anterior.<\/span><\/p>\n<p>[\/vc_column_text][\/vc_column][\/vc_row]<\/p>\n<\/div>","protected":false},"excerpt":{"rendered":"<p>[vc_row][vc_column][vc_column_text] Pagos Reservas incluyendo las fechas del 20 de diciembre al 10 de enero y para la semana de Pascua exigir el pago total a fin de ser confirmados y no son reembolsables. Aparte de estos per\u00edodos de vacaciones, pago adelantado final es por 45 d\u00edas antes de la llegada. Las reservas confirmadas dentro de [&hellip;]<\/p>\n","protected":false},"author":9,"featured_media":0,"parent":0,"menu_order":0,"comment_status":"closed","ping_status":"open","template":"","meta":{"_joinchat":[],"footnotes":""},"class_list":["post-8146","page","type-page","status-publish","hentry"],"_links":{"self":[{"href":"https:\/\/www.costaricaguides.com\/es\/wp-json\/wp\/v2\/pages\/8146","targetHints":{"allow":["GET"]}}],"collection":[{"href":"https:\/\/www.costaricaguides.com\/es\/wp-json\/wp\/v2\/pages"}],"about":[{"href":"https:\/\/www.costaricaguides.com\/es\/wp-json\/wp\/v2\/types\/page"}],"author":[{"embeddable":true,"href":"https:\/\/www.costaricaguides.com\/es\/wp-json\/wp\/v2\/users\/9"}],"replies":[{"embeddable":true,"href":"https:\/\/www.costaricaguides.com\/es\/wp-json\/wp\/v2\/comments?post=8146"}],"version-history":[{"count":1,"href":"https:\/\/www.costaricaguides.com\/es\/wp-json\/wp\/v2\/pages\/8146\/revisions"}],"predecessor-version":[{"id":11412,"href":"https:\/\/www.costaricaguides.com\/es\/wp-json\/wp\/v2\/pages\/8146\/revisions\/11412"}],"wp:attachment":[{"href":"https:\/\/www.costaricaguides.com\/es\/wp-json\/wp\/v2\/media?parent=8146"}],"curies":[{"name":"wp","href":"https:\/\/api.w.org\/{rel}","templated":true}]}}