{"id":8307,"date":"2015-12-16T13:08:06","date_gmt":"2015-12-16T13:08:06","guid":{"rendered":"http:\/\/costaricaguides.com\/es\/overnight-tours\/"},"modified":"2024-07-10T12:09:10","modified_gmt":"2024-07-10T18:09:10","slug":"overnight-tours","status":"publish","type":"page","link":"https:\/\/www.costaricaguides.com\/es\/overnight-tours\/","title":{"rendered":"Tours Nocturnos"},"content":{"rendered":"<div class=\"wpb-content-wrapper\"><p>[vc_row][vc_column][vc_empty_space][\/vc_column][\/vc_row][vc_row][vc_column][vc_separator color=\u00bbgreen\u00bb border_width=\u00bb3&#8243;][\/vc_column][\/vc_row][vc_row][vc_column width=\u00bb1\/3&#8243;][vc_single_image image=\u00bb2885&#8243; img_size=\u00bb400&#215;240&#8243; onclick=\u00bbcustom_link\u00bb link=\u00bbarenal-overnight\u00bb][\/vc_column][vc_column width=\u00bb2\/3&#8243;][vc_column_text]<strong><span style=\"font-size: 18pt;\"><a href=\"arenal-overnight\">Excursi\u00f3n en el Volc\u00e1n Arenal con estad\u00eda <\/a> (2 <span class=\"banner_text_normal\">d\u00edas a partir de los<\/span> <span style=\"color: #0000ff;\">$305 <span style=\"font-size: 12pt;\">+ 13% I.V.A<\/span><\/span>)<\/span><\/strong><\/p>\n<p class=\"box_internal_text\"><span style=\"font-size: 14pt; font-family: arial, helvetica, sans-serif;\"><strong>Lo m\u00e1s destacado:<\/strong><\/span><\/p>\n<p class=\"box_internal_text\"><span style=\"font-size: 14pt; font-family: arial, helvetica, sans-serif;\">&#8211; Traslados a la zona del Arenal<\/span><br \/>\n<span style=\"font-size: 14pt; font-family: arial, helvetica, sans-serif;\"> &#8211; Visita a Termales Bald\u00ed<\/span><br \/>\n<span style=\"font-size: 14pt; font-family: arial, helvetica, sans-serif;\"> &#8211; Estad\u00eda en Arenal <\/span><br \/>\n<span style=\"font-size: 14pt; font-family: arial, helvetica, sans-serif;\"> &#8211; Traslado a San Jos\u00e9<\/span><\/p>\n<p>[\/vc_column_text][vc_btn title=\u00bbLeer m\u00e1s\u00bb color=\u00bbgreen\u00bb link=\u00bburl:https%3A%2F%2Fwww.costaricaguides.com%2Fes%2Fovernight-tours%2Farenal-overnight|||\u00bb][\/vc_column][\/vc_row][vc_row][vc_column][vc_separator color=\u00bbgreen\u00bb border_width=\u00bb3&#8243;][\/vc_column][\/vc_row][vc_row][vc_column width=\u00bb1\/3&#8243;][vc_single_image image=\u00bb2886&#8243; img_size=\u00bb400&#215;240&#8243; onclick=\u00bbcustom_link\u00bb link=\u00bbhttp:\/\/costaricaguides.com\/es\/overnight-tours\/arenal-monteverde\/\u00bb][\/vc_column][vc_column width=\u00bb2\/3&#8243;][vc_column_text]<strong><span style=\"font-size: 18pt;\"><a class=\"long_box_text\" href=\"http:\/\/costaricaguides.com\/es\/overnight-tours\/arenal-monteverde\/\">Volc\u00e1n Arenal y visita a Monteverde<\/a> (3 <span class=\"banner_text_normal\">d\u00edas desde los<\/span> <span style=\"color: #0000ff;\">$501 <span style=\"font-size: 12pt;\">+ 13% I.V.A<\/span><\/span>)<\/span><\/strong><\/p>\n<p class=\"box_internal_text\"><span style=\"font-size: 14pt; font-family: arial, helvetica, sans-serif;\"><strong>Lo m\u00e1s destacado::<\/strong><\/span><\/p>\n<p class=\"box_internal_text\"><span style=\"font-family: arial, helvetica, sans-serif; font-size: 14pt;\">&#8211; Traslado a la zona del Arenal<\/span><br \/>\n<span style=\"font-family: arial, helvetica, sans-serif; font-size: 14pt;\"> &#8211; Visita a Termales Bald\u00ed<\/span><br \/>\n<span style=\"font-family: arial, helvetica, sans-serif; font-size: 14pt;\"> &#8211; Estad\u00eda en Arenal y Monteverde<\/span><br \/>\n<span style=\"font-family: arial, helvetica, sans-serif; font-size: 14pt;\"> &#8211; Sky Adventure (hanging bridges)<\/span><br \/>\n<span style=\"font-family: arial, helvetica, sans-serif; font-size: 14pt;\"> &#8211; Traslado a San Jos\u00e9<\/span><\/p>\n<p>[\/vc_column_text][vc_btn title=\u00bbLeer m\u00e1s\u00bb color=\u00bbgreen\u00bb link=\u00bburl:http%3A%2F%2Fcostaricaguides.com%2Fes%2Fovernight-tours%2Farenal-monteverde%2F|||\u00bb][\/vc_column][\/vc_row][vc_row][vc_column][vc_separator color=\u00bbgreen\u00bb border_width=\u00bb3&#8243;][\/vc_column][\/vc_row][vc_row][vc_column width=\u00bb1\/3&#8243;][vc_single_image image=\u00bb2887&#8243; img_size=\u00bb400&#215;240&#8243; onclick=\u00bbcustom_link\u00bb link=\u00bbhttp:\/\/costaricaguides.com\/es\/overnight-tours\/costa-rica-classic-getaway\/\u00bb][\/vc_column][vc_column width=\u00bb2\/3&#8243;][vc_column_text]<strong><span style=\"font-size: 18pt;\"><a class=\"long_box_text\" href=\"http:\/\/costaricaguides.com\/es\/overnight-tours\/costa-rica-classic-getaway\/\">Escapada Cl\u00e1sica a Costa Rica<\/a> (5 d<span class=\"banner_text_normal\">\u00edas desde los<\/span> <span style=\"color: #0000ff;\">$435<\/span>)<\/span><\/strong><\/p>\n<p class=\"box_internal_text\"><span style=\"font-size: 14pt; font-family: arial, helvetica, sans-serif;\"><strong>Lo m\u00e1s destacado:<\/strong><\/span><\/p>\n<p class=\"box_internal_text\"><span style=\"font-family: arial, helvetica, sans-serif; font-size: 14pt;\">&#8211; Traslados<br \/>\n&#8211; Estad\u00eda en San Jos\u00e9, Guanacaste y Arenal<br \/>\n&#8211; Actividades opcionales disponibles<\/span><\/p>\n<p>[\/vc_column_text][vc_btn title=\u00bbLeer m\u00e1s\u00bb color=\u00bbgreen\u00bb link=\u00bburl:http%3A%2F%2Fcostaricaguides.com%2Fes%2Fovernight-tours%2Fcosta-rica-classic-getaway%2F|||\u00bb][\/vc_column][\/vc_row][vc_row][vc_column][vc_separator color=\u00bbgreen\u00bb border_width=\u00bb3&#8243;][\/vc_column][\/vc_row][vc_row][vc_column][vc_empty_space][\/vc_column][\/vc_row][vc_row][vc_column][vc_column_text]<\/p>\n<p style=\"text-align: justify;\"><span style=\"font-family: arial, helvetica, sans-serif; font-size: 14pt;\">C\u00f3mo Reservar Espacio<\/span><\/p>\n<p style=\"text-align: justify;\"><span style=\"font-family: arial, helvetica, sans-serif; font-size: 14pt;\">Paso 1 &#8211; Elija el paquete de vacaciones en Costa Rica y haga su reserva sin cargo hasta 3 d\u00edas, desde Estados Unidos o Canad\u00e1 llame al: 1-877-202-3381 o enviando un e-mail a info@costaricaguides.com.<\/span><\/p>\n<p>[\/vc_column_text][\/vc_column][\/vc_row]<\/p>\n<\/div>","protected":false},"excerpt":{"rendered":"<p>[vc_row][vc_column][vc_empty_space][\/vc_column][\/vc_row][vc_row][vc_column][vc_separator color=\u00bbgreen\u00bb border_width=\u00bb3&#8243;][\/vc_column][\/vc_row][vc_row][vc_column width=\u00bb1\/3&#8243;][vc_single_image image=\u00bb2885&#8243; img_size=\u00bb400&#215;240&#8243; onclick=\u00bbcustom_link\u00bb link=\u00bbarenal-overnight\u00bb][\/vc_column][vc_column width=\u00bb2\/3&#8243;][vc_column_text]Excursi\u00f3n en el Volc\u00e1n Arenal con estad\u00eda (2 d\u00edas a partir de los $305 + 13% I.V.A) Lo m\u00e1s destacado: &#8211; Traslados a la zona del Arenal &#8211; Visita a Termales Bald\u00ed &#8211; Estad\u00eda en Arenal &#8211; Traslado a San Jos\u00e9 [\/vc_column_text][vc_btn title=\u00bbLeer m\u00e1s\u00bb color=\u00bbgreen\u00bb link=\u00bburl:https%3A%2F%2Fwww.costaricaguides.com%2Fes%2Fovernight-tours%2Farenal-overnight|||\u00bb][\/vc_column][\/vc_row][vc_row][vc_column][vc_separator color=\u00bbgreen\u00bb [&hellip;]<\/p>\n","protected":false},"author":9,"featured_media":0,"parent":0,"menu_order":0,"comment_status":"closed","ping_status":"closed","template":"templates\/template-with-right-sidebar.php","meta":{"_joinchat":[],"footnotes":""},"class_list":["post-8307","page","type-page","status-publish","hentry"],"_links":{"self":[{"href":"https:\/\/www.costaricaguides.com\/es\/wp-json\/wp\/v2\/pages\/8307","targetHints":{"allow":["GET"]}}],"collection":[{"href":"https:\/\/www.costaricaguides.com\/es\/wp-json\/wp\/v2\/pages"}],"about":[{"href":"https:\/\/www.costaricaguides.com\/es\/wp-json\/wp\/v2\/types\/page"}],"author":[{"embeddable":true,"href":"https:\/\/www.costaricaguides.com\/es\/wp-json\/wp\/v2\/users\/9"}],"replies":[{"embeddable":true,"href":"https:\/\/www.costaricaguides.com\/es\/wp-json\/wp\/v2\/comments?post=8307"}],"version-history":[{"count":10,"href":"https:\/\/www.costaricaguides.com\/es\/wp-json\/wp\/v2\/pages\/8307\/revisions"}],"predecessor-version":[{"id":13127,"href":"https:\/\/www.costaricaguides.com\/es\/wp-json\/wp\/v2\/pages\/8307\/revisions\/13127"}],"wp:attachment":[{"href":"https:\/\/www.costaricaguides.com\/es\/wp-json\/wp\/v2\/media?parent=8307"}],"curies":[{"name":"wp","href":"https:\/\/api.w.org\/{rel}","templated":true}]}}