{"id":8785,"date":"2015-09-30T13:15:01","date_gmt":"2015-09-30T13:15:01","guid":{"rendered":"http:\/\/costaricaguides.com\/es\/tours-from-manuel-antonio\/"},"modified":"2019-05-22T15:40:45","modified_gmt":"2019-05-22T15:40:45","slug":"tours-a-manuel-antonio","status":"publish","type":"page","link":"https:\/\/www.costaricaguides.com\/es\/tours-a-manuel-antonio\/","title":{"rendered":"Tours en Manuel Antonio"},"content":{"rendered":"<div class=\"wpb-content-wrapper\"><p>[vc_row][vc_column][vc_empty_space][\/vc_column][\/vc_row][vc_row][vc_column][vc_column_text]<\/p>\n<p style=\"text-align: justify;\"><span id=\"result_box\" class=\"\" lang=\"es\" style=\"font-family: arial, helvetica, sans-serif; font-size: 14pt;\"><span class=\"hps\">Parque Nacional Manuel<\/span> <span class=\"hps\">Antonio es<\/span> <span class=\"hps\">un peque\u00f1o<\/span> <span class=\"hps\">parque<\/span> <span class=\"hps\">justo al sur de<\/span> <span class=\"hps\">Quepos<\/span>, en la costa <span class=\"hps\">del Pac\u00edfico<\/span>. <span class=\"hps\">Es<\/span> <span class=\"hps\">uno de los parques<\/span> <span class=\"hps\">nacionales<\/span> <span class=\"hps\">m\u00e1s peque\u00f1os del<\/span> <span class=\"hps\">pa\u00eds, pero<\/span> <span class=\"hps\">uno de<\/span> <span class=\"hps\">los m\u00e1s ricos en<\/span> <span class=\"hps\">belleza y biodiversidad<\/span>.<\/span><\/p>\n<p><span style=\"font-size: 14pt;\"><span class=\"hps\">Sus<\/span> <span class=\"hps\">extensas playas<\/span> <span class=\"hps\">de arena blanca<\/span> <span class=\"hps\">respaldados por<\/span> <span class=\"hps\">hermosos bosques<\/span> <span class=\"hps\">verdes con<\/span> <span class=\"hps\">variada flora<\/span> <span class=\"hps atn\">y fauna (<\/span>m\u00e1s de 100 <span class=\"hps\">especies de mam\u00edferos<\/span> <span class=\"hps\">y 184<\/span> <span class=\"hps\">especies de<\/span> <span class=\"hps\">aves)<\/span>, <span class=\"hps\">hacen que<\/span> <span class=\"hps\">el Parque Nacional<\/span> <span class=\"hps\">Manuel<\/span> <span class=\"hps\">Antonio es el<\/span> <span class=\"hps\">segundo parque<\/span> <span class=\"hps\">m\u00e1s visitado del<\/span> <span class=\"hps\">pa\u00eds.<\/span><\/span><\/p>\n<p><span style=\"font-size: 14pt;\"><span class=\"hps\">Hay muchas<\/span> <span class=\"hps\">atracciones en<\/span> <span class=\"hps\">la zona, incluyendo<\/span> <span class=\"hps\">buceo, snorkeling<\/span>, kayak, senderismo y <span class=\"hps\">canopy<\/span>. <span class=\"hps\">Tours de avistamiento de<\/span> <span class=\"hps\">delfines<\/span> <span class=\"hps\">son muy populares<\/span> <span class=\"hps\">en la zona,<\/span> <span class=\"hps\">ya que<\/span> <span class=\"hps\">se pueden observar<\/span> <span class=\"hps\">all\u00ed, as\u00ed como<\/span> <span class=\"hps\">las ballenas<\/span> <span class=\"hps\">migratorias<\/span> <span class=\"hps\">ocasionales.<\/span><\/span><\/p>\n<p style=\"text-align: justify;\"><span id=\"result_box\" class=\"\" lang=\"es\"><span class=\"hps\"><span style=\"font-family: arial, helvetica, sans-serif; font-size: 14pt;\">En esta<\/span><\/span><span style=\"font-family: arial, helvetica, sans-serif; font-size: 14pt;\"> <span class=\"hps\">secci\u00f3n podr\u00e1s<\/span> <span class=\"hps\">encontrar informaci\u00f3n sobre<\/span> <span class=\"hps\">paquetes tur\u00edsticos<\/span> <span class=\"hps\">que ofrecer\u00e1n<\/span> <span class=\"hps\">la oportunidad de experimentar<\/span> <span class=\"hps\">la vida silvestre<\/span> <span class=\"hps\">tropical que<\/span> <span class=\"hps\">enriquece<\/span> <span class=\"hps\">Manuel<\/span> <span class=\"hps\">Antonio<\/span><span class=\"\">.<\/span><\/span><\/span><\/p>\n<p>[\/vc_column_text][\/vc_column][\/vc_row][vc_row][vc_column][vc_empty_space][\/vc_column][\/vc_row][vc_row][vc_column width=\u00bb5\/6&#8243;]<div class=\"block image-carousel style2 flexslider\" data-animation=\"slide\" data-item-width=\"270\" data-item-margin=\"30\"><ul class=\"slides tour-packages image-box listing-style1\"><li>\r\n\r\n\r\n\t\t\t<article class=\"box\">\r\n\r\n\t\t\t\t<figure >\r\n\r\n\t\t\t\t\t<a title=\"View Tour Details\" class=\"hover-effect\" data-post_id=\"11764\" href=\"https:\/\/www.costaricaguides.com\/es\/tour\/parque-nacional-carara\/\"><img loading=\"lazy\" decoding=\"async\" width=\"400\" height=\"240\" src=\"https:\/\/www.costaricaguides.com\/wp-content\/uploads\/2019\/06\/carara-national-park2.jpg\" class=\"attachment-biggallery-thumb size-biggallery-thumb wp-post-image\" alt=\"\" srcset=\"https:\/\/www.costaricaguides.com\/wp-content\/uploads\/2019\/06\/carara-national-park2.jpg 400w, https:\/\/www.costaricaguides.com\/wp-content\/uploads\/2019\/06\/carara-national-park2-300x180.jpg 300w\" sizes=\"auto, (max-width: 400px) 100vw, 400px\" \/><\/a>\r\n\r\n\t\t\t\t\t\r\n\t\t\t\t<\/figure>\r\n\r\n\t\t\t\t<div class=\"details\">\r\n\r\n\t\t\t\t\t\r\n\t\t\t\t\t\t<span class=\"price\">$105.00<\/span>\r\n\r\n\t\t\t\t\t\r\n\t\t\t\t\t<h4 class=\"box-title\"><a href=\"https:\/\/www.costaricaguides.com\/es\/tour\/parque-nacional-carara\/\">Parque Nacional Carara<\/a><\/h4>\r\n\r\n\t\t\t\t\t<hr>\r\n\r\n\t\t\t\t\t<p class=\"description\">[vc_row][vc_column][vc_empty_space][\/vc_column][vc_column][vc_column_text]El operador tur\u00edstico le proporcionar\u00e1 un medio de transporte que lo recoger\u00e1 de su casa o hotel y conducir\u00e1 durante<\/p>\r\n\r\n\t\t\t\t\t<hr>\r\n\r\n\t\t\t\t\t<div class=\"text-center\">\r\n\r\n\t\t\t\t\t\t<div class=\"time\">\r\n\r\n\t\t\t\t\t\t\t<i class=\"soap-icon-clock yellow-color\"><\/i>\r\n\r\n\t\t\t\t\t\t\t<span>01 Dec 2019 - 30 Jun 2020<\/span>\r\n\r\n\t\t\t\t\t\t<\/div>\r\n\r\n\t\t\t\t\t<div class=\"action\">\r\n\t\t\t\t\t \r\n\t\t\t\t\t\t<!-- Traducir el bootn de book now de la pagina de preview de los tours proque no se puede traducir con el WPML  JCES  -->\r\n\t\t\t\t\t\t<a title=\"View Detail\" class=\"button btn-small full-width\" href=\"https:\/\/www.costaricaguides.com\/es\/tour\/parque-nacional-carara\/\">RESERVE AHORA<\/a>\r\n\t\t\t\t\t\t<!-- <a title=\"\" class=\"button btn-small full-width\" href=\"\"><\/a> -->\r\n\t\t\t\t\t\t\r\n\t\t\t\t\t\t<!-- fin cambio   -->\r\n\r\n\t\t\t\t\t<\/div>\r\n\r\n\t\t\t\t<\/div>\r\n\r\n\t\t\t<\/article>\r\n\r\n\t\t<\/li><li>\r\n\r\n\r\n\t\t\t<article class=\"box\">\r\n\r\n\t\t\t\t<figure >\r\n\r\n\t\t\t\t\t<a title=\"View Tour Details\" class=\"hover-effect\" data-post_id=\"11738\" href=\"https:\/\/www.costaricaguides.com\/es\/tour\/tour-de-rapidos-rio-naranjo\/\"><img loading=\"lazy\" decoding=\"async\" width=\"400\" height=\"241\" src=\"https:\/\/www.costaricaguides.com\/wp-content\/uploads\/2019\/06\/naranjo-white-water-rafting2.jpg\" class=\"attachment-biggallery-thumb size-biggallery-thumb wp-post-image\" alt=\"\" srcset=\"https:\/\/www.costaricaguides.com\/wp-content\/uploads\/2019\/06\/naranjo-white-water-rafting2.jpg 400w, https:\/\/www.costaricaguides.com\/wp-content\/uploads\/2019\/06\/naranjo-white-water-rafting2-300x181.jpg 300w\" sizes=\"auto, (max-width: 400px) 100vw, 400px\" \/><\/a>\r\n\r\n\t\t\t\t\t\r\n\t\t\t\t<\/figure>\r\n\r\n\t\t\t\t<div class=\"details\">\r\n\r\n\t\t\t\t\t\r\n\t\t\t\t\t\t<span class=\"price\">$70.00<\/span>\r\n\r\n\t\t\t\t\t\r\n\t\t\t\t\t<h4 class=\"box-title\"><a href=\"https:\/\/www.costaricaguides.com\/es\/tour\/tour-de-rapidos-rio-naranjo\/\">Tour de R\u00e1pidos Rio Naranjo<\/a><\/h4>\r\n\r\n\t\t\t\t\t<hr>\r\n\r\n\t\t\t\t\t<p class=\"description\">[vc_row][vc_column][vc_empty_space][\/vc_column][vc_column][vc_column_text]El salvaje y cambiante desaf\u00edo de Rafting en aguas bravas del r\u00edo Naranjo se recomienda para personas en busca de<\/p>\r\n\r\n\t\t\t\t\t<hr>\r\n\r\n\t\t\t\t\t<div class=\"text-center\">\r\n\r\n\t\t\t\t\t\t<div class=\"time\">\r\n\r\n\t\t\t\t\t\t\t<i class=\"soap-icon-clock yellow-color\"><\/i>\r\n\r\n\t\t\t\t\t\t\t<span>01 Dec 2019 - 30 Jun 2020<\/span>\r\n\r\n\t\t\t\t\t\t<\/div>\r\n\r\n\t\t\t\t\t<div class=\"action\">\r\n\t\t\t\t\t \r\n\t\t\t\t\t\t<!-- Traducir el bootn de book now de la pagina de preview de los tours proque no se puede traducir con el WPML  JCES  -->\r\n\t\t\t\t\t\t<a title=\"View Detail\" class=\"button btn-small full-width\" href=\"https:\/\/www.costaricaguides.com\/es\/tour\/tour-de-rapidos-rio-naranjo\/\">RESERVE AHORA<\/a>\r\n\t\t\t\t\t\t<!-- <a title=\"\" class=\"button btn-small full-width\" href=\"\"><\/a> -->\r\n\t\t\t\t\t\t\r\n\t\t\t\t\t\t<!-- fin cambio   -->\r\n\r\n\t\t\t\t\t<\/div>\r\n\r\n\t\t\t\t<\/div>\r\n\r\n\t\t\t<\/article>\r\n\r\n\t\t<\/li><li>\r\n\r\n\r\n\t\t\t<article class=\"box\">\r\n\r\n\t\t\t\t<figure >\r\n\r\n\t\t\t\t\t<a title=\"View Tour Details\" class=\"hover-effect\" data-post_id=\"11741\" href=\"https:\/\/www.costaricaguides.com\/es\/tour\/tour-de-kayak-en-isla-damas\/\"><img loading=\"lazy\" decoding=\"async\" width=\"400\" height=\"240\" src=\"https:\/\/www.costaricaguides.com\/wp-content\/uploads\/2019\/06\/damas-mangrove-kayaking2.jpg\" class=\"attachment-biggallery-thumb size-biggallery-thumb wp-post-image\" alt=\"\" srcset=\"https:\/\/www.costaricaguides.com\/wp-content\/uploads\/2019\/06\/damas-mangrove-kayaking2.jpg 400w, https:\/\/www.costaricaguides.com\/wp-content\/uploads\/2019\/06\/damas-mangrove-kayaking2-300x180.jpg 300w\" sizes=\"auto, (max-width: 400px) 100vw, 400px\" \/><\/a>\r\n\r\n\t\t\t\t\t\r\n\t\t\t\t<\/figure>\r\n\r\n\t\t\t\t<div class=\"details\">\r\n\r\n\t\t\t\t\t\r\n\t\t\t\t\t\t<span class=\"price\">$65.00<\/span>\r\n\r\n\t\t\t\t\t\r\n\t\t\t\t\t<h4 class=\"box-title\"><a href=\"https:\/\/www.costaricaguides.com\/es\/tour\/tour-de-kayak-en-isla-damas\/\">Tour de Kayak en Isla Damas<\/a><\/h4>\r\n\r\n\t\t\t\t\t<hr>\r\n\r\n\t\t\t\t\t<p class=\"description\">[vc_row][vc_column][vc_empty_space][\/vc_column][vc_column][vc_column_text]Es uno de los tours m\u00e1s populares, es un paseo en un barco de estuario de alta tecnolog\u00eda y muy<\/p>\r\n\r\n\t\t\t\t\t<hr>\r\n\r\n\t\t\t\t\t<div class=\"text-center\">\r\n\r\n\t\t\t\t\t\t<div class=\"time\">\r\n\r\n\t\t\t\t\t\t\t<i class=\"soap-icon-clock yellow-color\"><\/i>\r\n\r\n\t\t\t\t\t\t\t<span>01 Dec 2019 - 30 Jun 2020<\/span>\r\n\r\n\t\t\t\t\t\t<\/div>\r\n\r\n\t\t\t\t\t<div class=\"action\">\r\n\t\t\t\t\t \r\n\t\t\t\t\t\t<!-- Traducir el bootn de book now de la pagina de preview de los tours proque no se puede traducir con el WPML  JCES  -->\r\n\t\t\t\t\t\t<a title=\"View Detail\" class=\"button btn-small full-width\" href=\"https:\/\/www.costaricaguides.com\/es\/tour\/tour-de-kayak-en-isla-damas\/\">RESERVE AHORA<\/a>\r\n\t\t\t\t\t\t<!-- <a title=\"\" class=\"button btn-small full-width\" href=\"\"><\/a> -->\r\n\t\t\t\t\t\t\r\n\t\t\t\t\t\t<!-- fin cambio   -->\r\n\r\n\t\t\t\t\t<\/div>\r\n\r\n\t\t\t\t<\/div>\r\n\r\n\t\t\t<\/article>\r\n\r\n\t\t<\/li><li>\r\n\r\n\r\n\t\t\t<article class=\"box\">\r\n\r\n\t\t\t\t<figure >\r\n\r\n\t\t\t\t\t<a title=\"View Tour Details\" class=\"hover-effect\" data-post_id=\"11744\" href=\"https:\/\/www.costaricaguides.com\/es\/tour\/tour-de-kayak-snorkeling\/\"><img loading=\"lazy\" decoding=\"async\" width=\"400\" height=\"240\" src=\"https:\/\/www.costaricaguides.com\/wp-content\/uploads\/2019\/06\/ocean-kayak-snorkeling2.jpg\" class=\"attachment-biggallery-thumb size-biggallery-thumb wp-post-image\" alt=\"\" srcset=\"https:\/\/www.costaricaguides.com\/wp-content\/uploads\/2019\/06\/ocean-kayak-snorkeling2.jpg 400w, https:\/\/www.costaricaguides.com\/wp-content\/uploads\/2019\/06\/ocean-kayak-snorkeling2-300x180.jpg 300w\" sizes=\"auto, (max-width: 400px) 100vw, 400px\" \/><\/a>\r\n\r\n\t\t\t\t\t\r\n\t\t\t\t<\/figure>\r\n\r\n\t\t\t\t<div class=\"details\">\r\n\r\n\t\t\t\t\t\r\n\t\t\t\t\t\t<span class=\"price\">$65.00<\/span>\r\n\r\n\t\t\t\t\t\r\n\t\t\t\t\t<h4 class=\"box-title\"><a href=\"https:\/\/www.costaricaguides.com\/es\/tour\/tour-de-kayak-snorkeling\/\">Tour de Kayak &#038; Snorkeling<\/a><\/h4>\r\n\r\n\t\t\t\t\t<hr>\r\n\r\n\t\t\t\t\t<p class=\"description\">[vc_row][vc_column][vc_empty_space][\/vc_column][vc_column][vc_column_text]Venga a experimentar una de las costas m\u00e1s impactantes de Costa Rica y el Parque Nacional: en un kayak de<\/p>\r\n\r\n\t\t\t\t\t<hr>\r\n\r\n\t\t\t\t\t<div class=\"text-center\">\r\n\r\n\t\t\t\t\t\t<div class=\"time\">\r\n\r\n\t\t\t\t\t\t\t<i class=\"soap-icon-clock yellow-color\"><\/i>\r\n\r\n\t\t\t\t\t\t\t<span>01 Dec 2019 - 30 Jun 2020<\/span>\r\n\r\n\t\t\t\t\t\t<\/div>\r\n\r\n\t\t\t\t\t<div class=\"action\">\r\n\t\t\t\t\t \r\n\t\t\t\t\t\t<!-- Traducir el bootn de book now de la pagina de preview de los tours proque no se puede traducir con el WPML  JCES  -->\r\n\t\t\t\t\t\t<a title=\"View Detail\" class=\"button btn-small full-width\" href=\"https:\/\/www.costaricaguides.com\/es\/tour\/tour-de-kayak-snorkeling\/\">RESERVE AHORA<\/a>\r\n\t\t\t\t\t\t<!-- <a title=\"\" class=\"button btn-small full-width\" href=\"\"><\/a> -->\r\n\t\t\t\t\t\t\r\n\t\t\t\t\t\t<!-- fin cambio   -->\r\n\r\n\t\t\t\t\t<\/div>\r\n\r\n\t\t\t\t<\/div>\r\n\r\n\t\t\t<\/article>\r\n\r\n\t\t<\/li><li>\r\n\r\n\r\n\t\t\t<article class=\"box\">\r\n\r\n\t\t\t\t<figure >\r\n\r\n\t\t\t\t\t<a title=\"View Tour Details\" class=\"hover-effect\" data-post_id=\"11747\" href=\"https:\/\/www.costaricaguides.com\/es\/tour\/tour-de-cabalgata-en-montana-de-tocori-y-visita-a-la-catarata\/\"><img loading=\"lazy\" decoding=\"async\" width=\"400\" height=\"240\" src=\"https:\/\/www.costaricaguides.com\/wp-content\/uploads\/2019\/06\/tocori-mountain-and-waterfalls2.jpg\" class=\"attachment-biggallery-thumb size-biggallery-thumb wp-post-image\" alt=\"\" srcset=\"https:\/\/www.costaricaguides.com\/wp-content\/uploads\/2019\/06\/tocori-mountain-and-waterfalls2.jpg 400w, https:\/\/www.costaricaguides.com\/wp-content\/uploads\/2019\/06\/tocori-mountain-and-waterfalls2-300x180.jpg 300w\" sizes=\"auto, (max-width: 400px) 100vw, 400px\" \/><\/a>\r\n\r\n\t\t\t\t\t\r\n\t\t\t\t<\/figure>\r\n\r\n\t\t\t\t<div class=\"details\">\r\n\r\n\t\t\t\t\t\r\n\t\t\t\t\t\t<span class=\"price\">$70.00<\/span>\r\n\r\n\t\t\t\t\t\r\n\t\t\t\t\t<h4 class=\"box-title\"><a href=\"https:\/\/www.costaricaguides.com\/es\/tour\/tour-de-cabalgata-en-montana-de-tocori-y-visita-a-la-catarata\/\">Tour de Cabalgata en monta\u00f1a de Tocori y visita a la Catarata<\/a><\/h4>\r\n\r\n\t\t\t\t\t<hr>\r\n\r\n\t\t\t\t\t<p class=\"description\">[vc_row][vc_column][vc_empty_space][\/vc_column][vc_column][vc_column_text]\u00a1Deja que Don Gilberto y su familia te muestren la verdadera identidad costarricense a caballo! Una vez que te recogen,<\/p>\r\n\r\n\t\t\t\t\t<hr>\r\n\r\n\t\t\t\t\t<div class=\"text-center\">\r\n\r\n\t\t\t\t\t\t<div class=\"time\">\r\n\r\n\t\t\t\t\t\t\t<i class=\"soap-icon-clock yellow-color\"><\/i>\r\n\r\n\t\t\t\t\t\t\t<span>01 Dec 2019 - 30 Jun 2020<\/span>\r\n\r\n\t\t\t\t\t\t<\/div>\r\n\r\n\t\t\t\t\t<div class=\"action\">\r\n\t\t\t\t\t \r\n\t\t\t\t\t\t<!-- Traducir el bootn de book now de la pagina de preview de los tours proque no se puede traducir con el WPML  JCES  -->\r\n\t\t\t\t\t\t<a title=\"View Detail\" class=\"button btn-small full-width\" href=\"https:\/\/www.costaricaguides.com\/es\/tour\/tour-de-cabalgata-en-montana-de-tocori-y-visita-a-la-catarata\/\">RESERVE AHORA<\/a>\r\n\t\t\t\t\t\t<!-- <a title=\"\" class=\"button btn-small full-width\" href=\"\"><\/a> -->\r\n\t\t\t\t\t\t\r\n\t\t\t\t\t\t<!-- fin cambio   -->\r\n\r\n\t\t\t\t\t<\/div>\r\n\r\n\t\t\t\t<\/div>\r\n\r\n\t\t\t<\/article>\r\n\r\n\t\t<\/li><li>\r\n\r\n\r\n\t\t\t<article class=\"box\">\r\n\r\n\t\t\t\t<figure >\r\n\r\n\t\t\t\t\t<a title=\"View Tour Details\" class=\"hover-effect\" data-post_id=\"11751\" href=\"https:\/\/www.costaricaguides.com\/es\/tour\/tour-de-catamaran-snorkeling\/\"><img loading=\"lazy\" decoding=\"async\" width=\"400\" height=\"240\" src=\"https:\/\/www.costaricaguides.com\/wp-content\/uploads\/2019\/06\/catamaran-cruises-snorkeling2.jpg\" class=\"attachment-biggallery-thumb size-biggallery-thumb wp-post-image\" alt=\"\" srcset=\"https:\/\/www.costaricaguides.com\/wp-content\/uploads\/2019\/06\/catamaran-cruises-snorkeling2.jpg 400w, https:\/\/www.costaricaguides.com\/wp-content\/uploads\/2019\/06\/catamaran-cruises-snorkeling2-300x180.jpg 300w\" sizes=\"auto, (max-width: 400px) 100vw, 400px\" \/><\/a>\r\n\r\n\t\t\t\t\t\r\n\t\t\t\t<\/figure>\r\n\r\n\t\t\t\t<div class=\"details\">\r\n\r\n\t\t\t\t\t\r\n\t\t\t\t\t\t<span class=\"price\">$80.00<\/span>\r\n\r\n\t\t\t\t\t\r\n\t\t\t\t\t<h4 class=\"box-title\"><a href=\"https:\/\/www.costaricaguides.com\/es\/tour\/tour-de-catamaran-snorkeling\/\">Tour de Catamar\u00e1n &#038; Snorkeling<\/a><\/h4>\r\n\r\n\t\t\t\t\t<hr>\r\n\r\n\t\t\t\t\t<p class=\"description\">[vc_row][vc_column][vc_empty_space][\/vc_column][vc_column][vc_column_text]Expediciones Tropicales invita a nuestros visitantes a disfrutar de una excursi\u00f3n naturalista excepcional con incre\u00edbles vistas del Parque Nacional Manuel<\/p>\r\n\r\n\t\t\t\t\t<hr>\r\n\r\n\t\t\t\t\t<div class=\"text-center\">\r\n\r\n\t\t\t\t\t\t<div class=\"time\">\r\n\r\n\t\t\t\t\t\t\t<i class=\"soap-icon-clock yellow-color\"><\/i>\r\n\r\n\t\t\t\t\t\t\t<span>01 Dec 2019 - 30 Jun 2020<\/span>\r\n\r\n\t\t\t\t\t\t<\/div>\r\n\r\n\t\t\t\t\t<div class=\"action\">\r\n\t\t\t\t\t \r\n\t\t\t\t\t\t<!-- Traducir el bootn de book now de la pagina de preview de los tours proque no se puede traducir con el WPML  JCES  -->\r\n\t\t\t\t\t\t<a title=\"View Detail\" class=\"button btn-small full-width\" href=\"https:\/\/www.costaricaguides.com\/es\/tour\/tour-de-catamaran-snorkeling\/\">RESERVE AHORA<\/a>\r\n\t\t\t\t\t\t<!-- <a title=\"\" class=\"button btn-small full-width\" href=\"\"><\/a> -->\r\n\t\t\t\t\t\t\r\n\t\t\t\t\t\t<!-- fin cambio   -->\r\n\r\n\t\t\t\t\t<\/div>\r\n\r\n\t\t\t\t<\/div>\r\n\r\n\t\t\t<\/article>\r\n\r\n\t\t<\/li><li>\r\n\r\n\r\n\t\t\t<article class=\"box\">\r\n\r\n\t\t\t\t<figure >\r\n\r\n\t\t\t\t\t<a title=\"View Tour Details\" class=\"hover-effect\" data-post_id=\"11767\" href=\"https:\/\/www.costaricaguides.com\/es\/tour\/tour-canopy-ecologico\/\"><img loading=\"lazy\" decoding=\"async\" width=\"400\" height=\"240\" src=\"https:\/\/www.costaricaguides.com\/wp-content\/uploads\/2019\/06\/ecological-canopy-tour2.jpg\" class=\"attachment-biggallery-thumb size-biggallery-thumb wp-post-image\" alt=\"\" srcset=\"https:\/\/www.costaricaguides.com\/wp-content\/uploads\/2019\/06\/ecological-canopy-tour2.jpg 400w, https:\/\/www.costaricaguides.com\/wp-content\/uploads\/2019\/06\/ecological-canopy-tour2-300x180.jpg 300w\" sizes=\"auto, (max-width: 400px) 100vw, 400px\" \/><\/a>\r\n\r\n\t\t\t\t\t\r\n\t\t\t\t<\/figure>\r\n\r\n\t\t\t\t<div class=\"details\">\r\n\r\n\t\t\t\t\t\r\n\t\t\t\t\t\t<span class=\"price\">$89.00<\/span>\r\n\r\n\t\t\t\t\t\r\n\t\t\t\t\t<h4 class=\"box-title\"><a href=\"https:\/\/www.costaricaguides.com\/es\/tour\/tour-canopy-ecologico\/\">Tour Canopy Ecol\u00f3gico<\/a><\/h4>\r\n\r\n\t\t\t\t\t<hr>\r\n\r\n\t\t\t\t\t<p class=\"description\">[vc_row][vc_column][vc_empty_space][\/vc_column][vc_column][vc_column_text]Nuestra experiencia en Canopy enfocada ecol\u00f3gica y educativa est\u00e1 orientada a una combinaci\u00f3n de aventura, naturaleza y seguridad. Excelente para<\/p>\r\n\r\n\t\t\t\t\t<hr>\r\n\r\n\t\t\t\t\t<div class=\"text-center\">\r\n\r\n\t\t\t\t\t\t<div class=\"time\">\r\n\r\n\t\t\t\t\t\t\t<i class=\"soap-icon-clock yellow-color\"><\/i>\r\n\r\n\t\t\t\t\t\t\t<span>01 Dec 2019 - 30 Jun 2020<\/span>\r\n\r\n\t\t\t\t\t\t<\/div>\r\n\r\n\t\t\t\t\t<div class=\"action\">\r\n\t\t\t\t\t \r\n\t\t\t\t\t\t<!-- Traducir el bootn de book now de la pagina de preview de los tours proque no se puede traducir con el WPML  JCES  -->\r\n\t\t\t\t\t\t<a title=\"View Detail\" class=\"button btn-small full-width\" href=\"https:\/\/www.costaricaguides.com\/es\/tour\/tour-canopy-ecologico\/\">RESERVE AHORA<\/a>\r\n\t\t\t\t\t\t<!-- <a title=\"\" class=\"button btn-small full-width\" href=\"\"><\/a> -->\r\n\t\t\t\t\t\t\r\n\t\t\t\t\t\t<!-- fin cambio   -->\r\n\r\n\t\t\t\t\t<\/div>\r\n\r\n\t\t\t\t<\/div>\r\n\r\n\t\t\t<\/article>\r\n\r\n\t\t<\/li><li>\r\n\r\n\r\n\t\t\t<article class=\"box\">\r\n\r\n\t\t\t\t<figure >\r\n\r\n\t\t\t\t\t<a title=\"View Tour Details\" class=\"hover-effect\" data-post_id=\"11770\" href=\"https:\/\/www.costaricaguides.com\/es\/tour\/caminata-al-rain-maker\/\"><img loading=\"lazy\" decoding=\"async\" width=\"400\" height=\"240\" src=\"https:\/\/www.costaricaguides.com\/wp-content\/uploads\/2019\/06\/rainmaker-rain-forest-hiking2.jpg\" class=\"attachment-biggallery-thumb size-biggallery-thumb wp-post-image\" alt=\"\" srcset=\"https:\/\/www.costaricaguides.com\/wp-content\/uploads\/2019\/06\/rainmaker-rain-forest-hiking2.jpg 400w, https:\/\/www.costaricaguides.com\/wp-content\/uploads\/2019\/06\/rainmaker-rain-forest-hiking2-300x180.jpg 300w\" sizes=\"auto, (max-width: 400px) 100vw, 400px\" \/><\/a>\r\n\r\n\t\t\t\t\t\r\n\t\t\t\t<\/figure>\r\n\r\n\t\t\t\t<div class=\"details\">\r\n\r\n\t\t\t\t\t\r\n\t\t\t\t\t\t<span class=\"price\">$99.00<\/span>\r\n\r\n\t\t\t\t\t\r\n\t\t\t\t\t<h4 class=\"box-title\"><a href=\"https:\/\/www.costaricaguides.com\/es\/tour\/caminata-al-rain-maker\/\">Caminata al Rain Maker<\/a><\/h4>\r\n\r\n\t\t\t\t\t<hr>\r\n\r\n\t\t\t\t\t<p class=\"description\">[vc_row][vc_column][vc_empty_space][\/vc_column][vc_column][vc_column_text]Esta es una opci\u00f3n diferente, por lo tanto, ofrecemos el Rain Maker es una experiencia de senderismo ecol\u00f3gica y educativamente<\/p>\r\n\r\n\t\t\t\t\t<hr>\r\n\r\n\t\t\t\t\t<div class=\"text-center\">\r\n\r\n\t\t\t\t\t\t<div class=\"time\">\r\n\r\n\t\t\t\t\t\t\t<i class=\"soap-icon-clock yellow-color\"><\/i>\r\n\r\n\t\t\t\t\t\t\t<span>01 Dec 2019 - 30 Jun 2020<\/span>\r\n\r\n\t\t\t\t\t\t<\/div>\r\n\r\n\t\t\t\t\t<div class=\"action\">\r\n\t\t\t\t\t \r\n\t\t\t\t\t\t<!-- Traducir el bootn de book now de la pagina de preview de los tours proque no se puede traducir con el WPML  JCES  -->\r\n\t\t\t\t\t\t<a title=\"View Detail\" class=\"button btn-small full-width\" href=\"https:\/\/www.costaricaguides.com\/es\/tour\/caminata-al-rain-maker\/\">RESERVE AHORA<\/a>\r\n\t\t\t\t\t\t<!-- <a title=\"\" class=\"button btn-small full-width\" href=\"\"><\/a> -->\r\n\t\t\t\t\t\t\r\n\t\t\t\t\t\t<!-- fin cambio   -->\r\n\r\n\t\t\t\t\t<\/div>\r\n\r\n\t\t\t\t<\/div>\r\n\r\n\t\t\t<\/article>\r\n\r\n\t\t<\/li><li>\r\n\r\n\r\n\t\t\t<article class=\"box\">\r\n\r\n\t\t\t\t<figure >\r\n\r\n\t\t\t\t\t<a title=\"View Tour Details\" class=\"hover-effect\" data-post_id=\"11773\" href=\"https:\/\/www.costaricaguides.com\/es\/tour\/anfibios-y-reptiles-visita-nocturna\/\"><img loading=\"lazy\" decoding=\"async\" width=\"400\" height=\"240\" src=\"https:\/\/www.costaricaguides.com\/wp-content\/uploads\/2019\/06\/amphibious-and-reptiles-at-night2.jpg\" class=\"attachment-biggallery-thumb size-biggallery-thumb wp-post-image\" alt=\"\" srcset=\"https:\/\/www.costaricaguides.com\/wp-content\/uploads\/2019\/06\/amphibious-and-reptiles-at-night2.jpg 400w, https:\/\/www.costaricaguides.com\/wp-content\/uploads\/2019\/06\/amphibious-and-reptiles-at-night2-300x180.jpg 300w\" sizes=\"auto, (max-width: 400px) 100vw, 400px\" \/><\/a>\r\n\r\n\t\t\t\t\t\r\n\t\t\t\t<\/figure>\r\n\r\n\t\t\t\t<div class=\"details\">\r\n\r\n\t\t\t\t\t\r\n\t\t\t\t\t\t<span class=\"price\">$65.00<\/span>\r\n\r\n\t\t\t\t\t\r\n\t\t\t\t\t<h4 class=\"box-title\"><a href=\"https:\/\/www.costaricaguides.com\/es\/tour\/anfibios-y-reptiles-visita-nocturna\/\">Anfibios y reptiles visita nocturna<\/a><\/h4>\r\n\r\n\t\t\t\t\t<hr>\r\n\r\n\t\t\t\t\t<p class=\"description\">[vc_row][vc_column][vc_empty_space][\/vc_column][vc_column][vc_column_text]Aqu\u00ed los visitantes tendr\u00e1n la oportunidad de ver reptiles locales, sapos, insectos y ranas arbor\u00edcolas, mientras est\u00e1n inmersos en la<\/p>\r\n\r\n\t\t\t\t\t<hr>\r\n\r\n\t\t\t\t\t<div class=\"text-center\">\r\n\r\n\t\t\t\t\t\t<div class=\"time\">\r\n\r\n\t\t\t\t\t\t\t<i class=\"soap-icon-clock yellow-color\"><\/i>\r\n\r\n\t\t\t\t\t\t\t<span>01 Dec 2019 - 30 Jun 2020<\/span>\r\n\r\n\t\t\t\t\t\t<\/div>\r\n\r\n\t\t\t\t\t<div class=\"action\">\r\n\t\t\t\t\t \r\n\t\t\t\t\t\t<!-- Traducir el bootn de book now de la pagina de preview de los tours proque no se puede traducir con el WPML  JCES  -->\r\n\t\t\t\t\t\t<a title=\"View Detail\" class=\"button btn-small full-width\" href=\"https:\/\/www.costaricaguides.com\/es\/tour\/anfibios-y-reptiles-visita-nocturna\/\">RESERVE AHORA<\/a>\r\n\t\t\t\t\t\t<!-- <a title=\"\" class=\"button btn-small full-width\" href=\"\"><\/a> -->\r\n\t\t\t\t\t\t\r\n\t\t\t\t\t\t<!-- fin cambio   -->\r\n\r\n\t\t\t\t\t<\/div>\r\n\r\n\t\t\t\t<\/div>\r\n\r\n\t\t\t<\/article>\r\n\r\n\t\t<\/li><\/ul><\/div>[\/vc_column][vc_column width=\u00bb1\/6&#8243; margin_bottom_class=\u00bbsmall\u00bb][vc_column_text]<br \/>\n[\/vc_column_text][\/vc_column][\/vc_row]<\/p>\n<\/div>","protected":false},"excerpt":{"rendered":"<p>[vc_row][vc_column][vc_empty_space][\/vc_column][\/vc_row][vc_row][vc_column][vc_column_text] Parque Nacional Manuel Antonio es un peque\u00f1o parque justo al sur de Quepos, en la costa del Pac\u00edfico. Es uno de los parques nacionales m\u00e1s peque\u00f1os del pa\u00eds, pero uno de los m\u00e1s ricos en belleza y biodiversidad. Sus extensas playas de arena blanca respaldados por hermosos bosques verdes con variada flora y fauna [&hellip;]<\/p>\n","protected":false},"author":9,"featured_media":0,"parent":0,"menu_order":0,"comment_status":"closed","ping_status":"closed","template":"templates\/template-with-right-sidebar.php","meta":{"_joinchat":[],"footnotes":""},"class_list":["post-8785","page","type-page","status-publish","hentry"],"_links":{"self":[{"href":"https:\/\/www.costaricaguides.com\/es\/wp-json\/wp\/v2\/pages\/8785","targetHints":{"allow":["GET"]}}],"collection":[{"href":"https:\/\/www.costaricaguides.com\/es\/wp-json\/wp\/v2\/pages"}],"about":[{"href":"https:\/\/www.costaricaguides.com\/es\/wp-json\/wp\/v2\/types\/page"}],"author":[{"embeddable":true,"href":"https:\/\/www.costaricaguides.com\/es\/wp-json\/wp\/v2\/users\/9"}],"replies":[{"embeddable":true,"href":"https:\/\/www.costaricaguides.com\/es\/wp-json\/wp\/v2\/comments?post=8785"}],"version-history":[{"count":1,"href":"https:\/\/www.costaricaguides.com\/es\/wp-json\/wp\/v2\/pages\/8785\/revisions"}],"predecessor-version":[{"id":11415,"href":"https:\/\/www.costaricaguides.com\/es\/wp-json\/wp\/v2\/pages\/8785\/revisions\/11415"}],"wp:attachment":[{"href":"https:\/\/www.costaricaguides.com\/es\/wp-json\/wp\/v2\/media?parent=8785"}],"curies":[{"name":"wp","href":"https:\/\/api.w.org\/{rel}","templated":true}]}}