{"id":8812,"date":"2015-09-30T13:56:38","date_gmt":"2015-09-30T13:56:38","guid":{"rendered":"http:\/\/costaricaguides.com\/es\/tours-from-monteverde\/"},"modified":"2019-05-22T15:40:45","modified_gmt":"2019-05-22T15:40:45","slug":"tours-from-monteverde","status":"publish","type":"page","link":"https:\/\/www.costaricaguides.com\/es\/tours-from-monteverde\/","title":{"rendered":"Tours from Monteverde"},"content":{"rendered":"<div class=\"wpb-content-wrapper\"><p>[vc_row full_width=\u00bb\u00bb parallax=\u00bb\u00bb parallax_image=\u00bb\u00bb is_container=\u00bb\u00bb margin_bottom_class=\u00bb\u00bb][vc_column width=\u00bb1\/1&#8243; margin_bottom_class=\u00bb\u00bb][vc_empty_space height=\u00bb32px\u00bb][\/vc_column][\/vc_row][vc_row full_width=\u00bb\u00bb parallax=\u00bb\u00bb parallax_image=\u00bb\u00bb is_container=\u00bb\u00bb margin_bottom_class=\u00bb\u00bb][vc_column width=\u00bb1\/1&#8243; margin_bottom_class=\u00bb\u00bb][vc_column_text]<span style=\"font-family: arial, helvetica, sans-serif; font-size: 12pt;\">Monteverde is a misty and cloudy small town in Puntarenas and is considered a major tourist destination due to its numerous reserves with naturally impressive rain and cloud forests.<\/span><\/p>\n<p><span style=\"font-family: arial, helvetica, sans-serif; font-size: 12pt;\">Around 250,000 tourists visit Monteverde each year. It was voted as one of Costa Rica\u2019s Seven Wonders, along with Isla del Coco, Tortuguero, Arenal Volcano, Cerro Chirrip\u00f3, R\u00edo Celeste and Po\u00e1s Volcano.<\/span><\/p>\n<p><span style=\"font-family: arial, helvetica, sans-serif; font-size: 12pt;\">In terms of nature-related attractions, Monteverde features a modest range of businesses. Some of the many options offered by this natural paradise are: zip lines and suspension bridges through surrounding forests, horseback riding, hiking and history walks.<\/span><br \/>\n<span style=\"font-family: arial, helvetica, sans-serif; font-size: 12pt;\">On this section you will find information about the Monteverde tours so that you can enjoy the beauties of nature at its fullest.<\/span>[\/vc_column_text][\/vc_column][\/vc_row][vc_row full_width=\u00bb\u00bb parallax=\u00bb\u00bb parallax_image=\u00bb\u00bb is_container=\u00bb\u00bb margin_bottom_class=\u00bb\u00bb][vc_column width=\u00bb1\/1&#8243; margin_bottom_class=\u00bb\u00bb][vc_empty_space height=\u00bb32px\u00bb][\/vc_column][\/vc_row][vc_row full_width=\u00bb\u00bb parallax=\u00bb\u00bb parallax_image=\u00bb\u00bb is_container=\u00bb\u00bb margin_bottom_class=\u00bb\u00bb][vc_column width=\u00bb5\/6&#8243; margin_bottom_class=\u00bb\u00bb]<div class=\"tour-packages row add-clearfix image-box column-3 listing-style1\"><\/div>[\/vc_column][vc_column width=\u00bb1\/6&#8243; margin_bottom_class=\u00bbsmall\u00bb][vc_column_text]<br \/>\n[\/vc_column_text][\/vc_column][\/vc_row]<\/p>\n<\/div>","protected":false},"excerpt":{"rendered":"<p>[vc_row full_width=\u00bb\u00bb parallax=\u00bb\u00bb parallax_image=\u00bb\u00bb is_container=\u00bb\u00bb margin_bottom_class=\u00bb\u00bb][vc_column width=\u00bb1\/1&#8243; margin_bottom_class=\u00bb\u00bb][vc_empty_space height=\u00bb32px\u00bb][\/vc_column][\/vc_row][vc_row full_width=\u00bb\u00bb parallax=\u00bb\u00bb parallax_image=\u00bb\u00bb is_container=\u00bb\u00bb margin_bottom_class=\u00bb\u00bb][vc_column width=\u00bb1\/1&#8243; margin_bottom_class=\u00bb\u00bb][vc_column_text]Monteverde is a misty and cloudy small town in Puntarenas and is considered a major tourist destination due to its numerous reserves with naturally impressive rain and cloud forests. Around 250,000 tourists visit Monteverde each year. It was voted as [&hellip;]<\/p>\n","protected":false},"author":9,"featured_media":0,"parent":0,"menu_order":0,"comment_status":"closed","ping_status":"closed","template":"templates\/template-with-right-sidebar.php","meta":{"_joinchat":[],"footnotes":""},"class_list":["post-8812","page","type-page","status-publish","hentry"],"_links":{"self":[{"href":"https:\/\/www.costaricaguides.com\/es\/wp-json\/wp\/v2\/pages\/8812","targetHints":{"allow":["GET"]}}],"collection":[{"href":"https:\/\/www.costaricaguides.com\/es\/wp-json\/wp\/v2\/pages"}],"about":[{"href":"https:\/\/www.costaricaguides.com\/es\/wp-json\/wp\/v2\/types\/page"}],"author":[{"embeddable":true,"href":"https:\/\/www.costaricaguides.com\/es\/wp-json\/wp\/v2\/users\/9"}],"replies":[{"embeddable":true,"href":"https:\/\/www.costaricaguides.com\/es\/wp-json\/wp\/v2\/comments?post=8812"}],"version-history":[{"count":1,"href":"https:\/\/www.costaricaguides.com\/es\/wp-json\/wp\/v2\/pages\/8812\/revisions"}],"predecessor-version":[{"id":11353,"href":"https:\/\/www.costaricaguides.com\/es\/wp-json\/wp\/v2\/pages\/8812\/revisions\/11353"}],"wp:attachment":[{"href":"https:\/\/www.costaricaguides.com\/es\/wp-json\/wp\/v2\/media?parent=8812"}],"curies":[{"name":"wp","href":"https:\/\/api.w.org\/{rel}","templated":true}]}}