{"id":9658,"date":"2016-05-23T23:47:52","date_gmt":"2016-05-23T23:47:52","guid":{"rendered":"https:\/\/www.costaricaguides.com\/es\/?page_id=9658"},"modified":"2019-05-22T15:40:39","modified_gmt":"2019-05-22T15:40:39","slug":"oferta-especial-crucero","status":"publish","type":"page","link":"https:\/\/www.costaricaguides.com\/es\/oferta-especial-crucero\/","title":{"rendered":"Oferta Especial  Crucero Bay Island"},"content":{"rendered":"<div class=\"rockfm-form-container uiform-wrap\"><div class=\"rockfm-alert-container\" style=\"display:none;\"><\/div><form class=\"rockfm-form\" action=\"\" name=\"\" method=\"post\" enctype=\"multipart\/form-data\" id=\"rockfm_form_10\"> <input type=\"hidden\" value=\"10\" class=\"_rockfm_form_id\" name=\"_rockfm_form_id\"> <input type=\"hidden\" value=\"0\" class=\"_rockfm_wizard_st\" > <input type=\"hidden\" value=\"PGRpdiBjbGFzcz0icm9ja2ZtLWFsZXJ0IHJvY2tmbS1hbGVydC1zdWNjZXNzIj5TdWNjZXNzISBGb3JtIHdhcyBzZW50IHN1Y2Nlc3NmdWxseS48L2Rpdj4=\" name=\"_rockfm_onsubm_smsg\" class=\"_rockfm_onsubm_smsg\" > <!--- ajax or post ---> <input type=\"hidden\" value=\"1\" class=\"_rockfm_type_submit\" name=\"_rockfm_type_submit\"> <input type=\"hidden\" value=\"rocket_front_submitajaxmode\" name=\"action\"> <div class=\"uiform-main-form\"> <div class=\"uiform-step-content\" > <div id=\"rockfm_uie9zxzn96x\" data-idfield=\"uie9zxzn96x\" data-typefield=\"33\" class=\"rockfm-heading rockfm-field \" > <div class=\"rockfm-field-wrap \"> <div class=\"rkfm-row\"> <div class=\"rkfm-col-sm-12\"> <div class=\"rockfm-input-container\"> <div ><\/div> <h1 class=\"rockfm-heading\">Oferta Especial Crucero Bay Island <\/h1> <\/div> <\/div> <\/div> <\/div> <\/div><div id=\"ui373cf8489\" class=\"rockfm-gridsystem-cont\"><div class=\"rkfm-row\"><div class=\"rkfm-col-sm-6\"><div class=\"\"><div class=\"\"><div id=\"rockfm_uirbx4kvsin\" data-idfield=\"uirbx4kvsin\" data-typefield=\"14\" class=\"rockfm-customhtml rockfm-field \" > <div class=\"rockfm-field-wrap \"> <div class=\"rkfm-row\"> <div class=\"rkfm-col-sm-12 rockfm-wrap-label\"> <div class=\"rockfm-control-label\"> <label class=\"control-label\"> <span class=\"rockfm-label\">$115<\/span> <span data-field-store=\"sublabel-text\" data-field-option=\"rockfm-sublabel\" class=\"rockfm-sublabel\"><\/span> <\/label><\/div> <\/div> <div class=\"rkfm-col-sm-12\"> <div class=\"rockfm-input-container\"> <div data-uifm-tabnum=\"0\" class=\"rockfm-input3-customhtml\"><\/div> <\/div> <\/div> <\/div> <\/div> <\/div><\/div><\/div><\/div><div class=\"rkfm-col-sm-6\"><div class=\"rkfm-fcontainer-wrap\"><div class=\"\"><div id=\"rockfm_uiluhy3avjx\" data-idfield=\"uiluhy3avjx\" data-typefield=\"14\" class=\"rockfm-customhtml rockfm-field \" > <div class=\"rockfm-field-wrap \"> <div class=\"rkfm-row\"> <div class=\"rkfm-col-sm-12 rockfm-wrap-label\"> <div class=\"rockfm-control-label\"> <label class=\"control-label\"> <span class=\"rockfm-label\">Por Persona *<\/span> <span data-field-store=\"sublabel-text\" data-field-option=\"rockfm-sublabel\" class=\"rockfm-sublabel\"><\/span> <\/label><\/div> <\/div> <div class=\"rkfm-col-sm-12\"> <div class=\"rockfm-input-container\"> <div data-uifm-tabnum=\"0\" class=\"rockfm-input3-customhtml\"><\/div> <\/div> <\/div> <\/div> <\/div> <\/div><\/div><\/div><\/div><\/div><\/div><div id=\"ui55biztr33\" class=\"rockfm-gridsystem-cont\"><div class=\"rkfm-row\"><div class=\"rkfm-col-sm-6\"><div class=\"\"><div class=\"\"><div id=\"rockfm_uijjbebh45e\" data-idfield=\"uijjbebh45e\" data-typefield=\"6\" class=\"rockfm-textbox rockfm-field rockfm-required \" data-val-type=\"1\" data-val-custxt=\"Required only letters\" data-val-pos=\"0\" data-val-tip-col=\"#000000\" data-val-tip-bg=\"#ffffff\" > <div class=\"rockfm-field-wrap \"> <div class=\"rkfm-row\"> <div class=\"rkfm-col-sm-12 rockfm-wrap-label\"> <div class=\"rockfm-control-label\"> <label class=\"control-label\"> <span class=\"rockfm-label\"> Nombre<\/span> <span data-field-store=\"sublabel-text\" data-field-option=\"rockfm-sublabel\" class=\"rockfm-sublabel\"><\/span> <\/label><\/div> <\/div> <div class=\"rkfm-col-sm-12\"> <div class=\"rockfm-input-container\"> <input placeholder=\"\" class=\"rockfm-txtbox-inp-val form-control\" data-uifm-tabnum=\"0\" name=\"uiform_fields[uijjbebh45e]\" type=\"text\" value=\"\"> <\/div> <div class=\"rockfm-help-block\"><\/div> <\/div> <\/div> <\/div> <\/div><\/div><\/div><\/div><div class=\"rkfm-col-sm-6\"><div class=\"rkfm-fcontainer-wrap\"><div class=\"\"><div id=\"rockfm_uizrna0d2sj\" data-idfield=\"uizrna0d2sj\" data-typefield=\"6\" class=\"rockfm-textbox rockfm-field \" > <div class=\"rockfm-field-wrap \"> <div class=\"rkfm-row\"> <div class=\"rkfm-col-sm-12 rockfm-wrap-label\"> <div class=\"rockfm-control-label\"> <label class=\"control-label\"> <span class=\"rockfm-label\"> Apellido<\/span> <span data-field-store=\"sublabel-text\" data-field-option=\"rockfm-sublabel\" class=\"rockfm-sublabel\"><\/span> <\/label><\/div> <\/div> <div class=\"rkfm-col-sm-12\"> <div class=\"rockfm-input-container\"> <input placeholder=\"\" class=\"rockfm-txtbox-inp-val form-control\" data-uifm-tabnum=\"0\" name=\"uiform_fields[uizrna0d2sj]\" type=\"text\" value=\"\"> <\/div> <div class=\"rockfm-help-block\"><\/div> <\/div> <\/div> <\/div> <\/div><\/div><\/div><\/div><\/div><\/div><div id=\"uiv3r7wg0qd\" class=\"rockfm-gridsystem-cont\"><div class=\"rkfm-row\"><div class=\"rkfm-col-sm-6\"><div class=\"\"><div class=\"\"><div id=\"rockfm_uinrzjnh34s\" data-idfield=\"uinrzjnh34s\" data-typefield=\"6\" class=\"rockfm-textbox rockfm-field rockfm-required \" data-val-type=\"4\" data-val-custxt=\"Required a valid mail\" data-val-pos=\"0\" data-val-tip-col=\"#000000\" data-val-tip-bg=\"#ffffff\" > <div class=\"rockfm-field-wrap \"> <div class=\"rkfm-row\"> <div class=\"rkfm-col-sm-2 rockfm-wrap-label\"> <div class=\"rockfm-control-label\"> <label class=\"control-label\"> <span class=\"rockfm-label\"> Email:<\/span> <span data-field-store=\"sublabel-text\" data-field-option=\"rockfm-sublabel\" class=\"rockfm-sublabel\"><\/span> <\/label><\/div> <\/div> <div class=\"rkfm-col-sm-10\"> <div class=\"rockfm-input-container\"> <input placeholder=\"\" class=\"rockfm-txtbox-inp-val form-control\" data-uifm-tabnum=\"0\" name=\"uiform_fields[uinrzjnh34s]\" type=\"text\" value=\"\"> <\/div> <div class=\"rockfm-help-block\"><p><span class=\"help-block\"> <span id=\":1mb\" dir=\"ltr\">Required field<\/span><\/span><\/p><\/div> <\/div> <\/div> <\/div> <\/div><\/div><\/div><\/div><div class=\"rkfm-col-sm-6\"><div class=\"rkfm-fcontainer-wrap\"><div class=\"\"><div id=\"rockfm_uiu6x3en3qv\" data-idfield=\"uiu6x3en3qv\" data-typefield=\"24\" class=\"rockfm-datepicker rockfm-field \" > <div class=\"rockfm-field-wrap \"> <div class=\"rkfm-row\"> <div class=\"rkfm-col-sm-12 rockfm-wrap-label\"> <div class=\"rockfm-control-label\"> <label class=\"control-label\"> <span class=\"rockfm-label\"> Fecha del Tour<\/span> <span data-field-store=\"sublabel-text\" data-field-option=\"rockfm-sublabel\" class=\"rockfm-sublabel\"><\/span> <\/label><\/div> <\/div> <div class=\"rkfm-col-sm-12\"> <div class=\"rockfm-input-container\"> <div class=\"rockfm-input7-wrap\"> <div class=\"form-group\"> <div class=\"rockfm-input7-datepic input-group date\" data-rkfm-showformat=\"\" data-rkfm-language=\"\" data-uifm-tabnum=\"0\" > <input type=\"text\" value=\"\" name=\"uiform_fields[uiu6x3en3qv]\" class=\"form-control\"> <span class=\"input-group-addon\"> <span class=\"fa fa-calendar\"><\/span> <\/span> <\/div> <\/div><\/div> <\/div> <\/div> <\/div> <\/div> <\/div><\/div><\/div><\/div><\/div><\/div><div id=\"rockfm_ui4j5oxw29m\" data-idfield=\"ui4j5oxw29m\" data-typefield=\"32\" class=\"rockfm-divider rockfm-field \" > <div class=\"rockfm-field-wrap \"> <div class=\"rkfm-row\"> <div class=\"rkfm-col-sm-12\"> <div class=\"rockfm-divider-bar\" data-uifm-tabnum=\"0\" > <\/div> <\/div> <\/div> <\/div> <\/div><div id=\"uikljw1mbja\" class=\"rockfm-gridsystem-cont\"><div class=\"rkfm-row\"><div class=\"rkfm-col-sm-6\"><div class=\"\"><div class=\"\"><div id=\"rockfm_uimtplyuqc9\" data-idfield=\"uimtplyuqc9\" data-typefield=\"10\" class=\"rockfm-select rockfm-field \" > <div class=\"rockfm-field-wrap \"> <div class=\"rkfm-row\"> <div class=\"rkfm-col-sm-12 rockfm-wrap-label\"> <div class=\"rockfm-control-label\"> <label class=\"control-label\"> <span class=\"rockfm-label\">N\u00famero de Adultos<\/span> <span data-field-store=\"sublabel-text\" data-field-option=\"rockfm-sublabel\" class=\"rockfm-sublabel\"><\/span> <\/label><\/div> <\/div> <div class=\"rkfm-col-sm-12\"> <div class=\"rockfm-input-container\"> <div data-uifm-tabnum=\"0\" class=\"rockfm-input2-wrap\"> <select class=\"form-control uifm-input2-opt-main\" name=\"uiform_fields[uimtplyuqc9]\" > <option value=\"0\" data-opt-index=\"0\" >1<\/option> <option value=\"1\" data-opt-index=\"1\" >2<\/option> <option value=\"2\" data-opt-index=\"2\" >3<\/option> <option value=\"3\" data-opt-index=\"3\" >4<\/option> <option value=\"4\" data-opt-index=\"4\" >5<\/option> <option value=\"5\" data-opt-index=\"5\" >6<\/option> <option value=\"6\" data-opt-index=\"6\" >7<\/option> <option value=\"7\" data-opt-index=\"7\" >8<\/option> <option value=\"8\" data-opt-index=\"8\" >9<\/option> <option value=\"9\" data-opt-index=\"9\" >10<\/option> <\/select><\/div> <\/div> <\/div> <\/div> <\/div> <\/div><\/div><\/div><\/div><div class=\"rkfm-col-sm-6\"><div class=\"rkfm-fcontainer-wrap\"><div class=\"\"><div id=\"rockfm_ui689l606zb\" data-idfield=\"ui689l606zb\" data-typefield=\"10\" class=\"rockfm-select rockfm-field \" > <div class=\"rockfm-field-wrap \"> <div class=\"rkfm-row\"> <div class=\"rkfm-col-sm-12 rockfm-wrap-label\"> <div class=\"rockfm-control-label\"> <label class=\"control-label\"> <span class=\"rockfm-label\">Ni\u00f1os (3 - 10 a\u00f1os de edad)<\/span> <span data-field-store=\"sublabel-text\" data-field-option=\"rockfm-sublabel\" class=\"rockfm-sublabel\"><\/span> <\/label><\/div> <\/div> <div class=\"rkfm-col-sm-12\"> <div class=\"rockfm-input-container\"> <div data-uifm-tabnum=\"0\" class=\"rockfm-input2-wrap\"> <select class=\"form-control uifm-input2-opt-main\" name=\"uiform_fields[ui689l606zb]\" > <option value=\"0\" data-opt-index=\"0\" >Seleccione uno<\/option> <option value=\"1\" data-opt-index=\"1\" >1<\/option> <option value=\"2\" data-opt-index=\"2\" >2<\/option> <option value=\"3\" data-opt-index=\"3\" >3<\/option> <option value=\"4\" data-opt-index=\"4\" >4<\/option> <\/select><\/div> <\/div> <\/div> <\/div> <\/div> <\/div><\/div><\/div><\/div><\/div><\/div><div id=\"rockfm_uifmp1xn88o\" data-idfield=\"uifmp1xn88o\" data-typefield=\"32\" class=\"rockfm-divider rockfm-field \" > <div class=\"rockfm-field-wrap \"> <div class=\"rkfm-row\"> <div class=\"rkfm-col-sm-12\"> <div class=\"rockfm-divider-bar\" data-uifm-tabnum=\"0\" > <\/div> <\/div> <\/div> <\/div> <\/div><div id=\"uix2aju1y7y\" class=\"rockfm-gridsystem-cont\"><div class=\"rkfm-row\"><div class=\"rkfm-col-sm-12\"><div class=\"\"><div class=\"\"><div id=\"rockfm_ui8x8rxjj6h\" data-idfield=\"ui8x8rxjj6h\" data-typefield=\"6\" class=\"rockfm-textbox rockfm-field \" > <div class=\"rockfm-field-wrap \"> <div class=\"rkfm-row\"> <div class=\"rkfm-col-sm-12 rockfm-wrap-label\"> <div class=\"rockfm-control-label\"> <label class=\"control-label\"> <span class=\"rockfm-label\"> Nombre del Hotel<\/span> <span data-field-store=\"sublabel-text\" data-field-option=\"rockfm-sublabel\" class=\"rockfm-sublabel\"><\/span> <\/label><\/div> <\/div> <div class=\"rkfm-col-sm-12\"> <div class=\"rockfm-input-container\"> <input placeholder=\"\" class=\"rockfm-txtbox-inp-val form-control\" type=\"text\" data-uifm-tabnum=\"0\" name=\"uiform_fields[ui8x8rxjj6h]\" value=\"\" data-placement=\"bottom\" required > <\/div> <\/div> <\/div> <\/div> <\/div><\/div><div class=\"\"><div id=\"rockfm_uimypvgbaeq\" data-idfield=\"uimypvgbaeq\" data-typefield=\"9\" class=\"rockfm-checkbox rockfm-field rockfm-required \" data-val-type=\"5\" data-val-custxt=\"Please Confirm the Note\" data-val-pos=\"0\" data-val-tip-col=\"#000000\" data-val-tip-bg=\"#ffffff\" > <div class=\"rockfm-field-wrap \"> <div class=\"rkfm-row\"> <div class=\"rkfm-col-sm-12 rockfm-wrap-label\"> <div class=\"rockfm-control-label\"> <label class=\"control-label\"> <span class=\"rockfm-label\"><i class=\"glyphicon glyphicon-asterisk\"><\/i>Oferta valida desde el 1 de mayo al 30 de Junio y desde Set 1 al 30 de Noviembre<\/span> <span data-field-store=\"sublabel-text\" data-field-option=\"rockfm-sublabel\" class=\"rockfm-sublabel\"><\/span> <\/label><\/div> <\/div> <div class=\"rkfm-col-sm-12\"> <div class=\"rockfm-input-container\"> <div data-uifm-tabnum=\"0\" class=\"rockfm-input2-wrap\"> <div data-opt-index=\"0\" class=\"checkbox\"> <label> <input type=\"checkbox\" value=\" Por favor confirmar\" name=\"uiform_fields[uimypvgbaeq][]\" class=\"rockfm-inp2-chk\"> <span class=\"rockfm-inp2-label rockfm-inp2-opt-label\"> Por favor confirmar<\/span> <\/label> <\/div><\/div> <\/div> <\/div> <\/div> <\/div> <\/div><\/div><\/div><\/div><\/div><\/div><div id=\"rockfm_uii67kg23yv\" data-idfield=\"uii67kg23yv\" data-typefield=\"20\" class=\"rockfm-submitbtn rockfm-field \" > <div class=\"rockfm-field-wrap \"> <div class=\"rkfm-row\"> <div class=\"rkfm-col-sm-12\"> <div class=\"rockfm-input-container\"> <button data-uifm-tabnum=\"0\" class=\"rockfm-txtbox-inp-val btn\" type=\"submit\" data-val-btn=\"Enviar\" data-val-subm=\"Sending\" onclick=\"javascript:rocketfm.submitForm(this);return false;\" >Enviar<\/button> <\/div> <\/div> <\/div> <\/div> <\/div><div id=\"rockfm_uiib92rrwv8\" data-idfield=\"uiib92rrwv8\" data-typefield=\"39\" class=\"rockfm-wizardbtn rockfm-field \" > <div class=\"rockfm-field-wrap \"> <div class=\"rkfm-row\"> <div class=\"rkfm-col-sm-12\"> <div class=\"rockfm-input-container\"> <button data-uifm-tabnum=\"0\" disabled=\"disabled\" class=\"btn rockfm-btn-wizprev\"> <i class=\"fa fa-arrow-left\"><\/i> <div class=\"rockfm-inp-lbl\">Prev<\/div><\/button><button data-uifm-tabnum=\"0\" data-value-last=\"Finish\" data-value-next=\"Next\" type=\"submit\" data-val-subm=\"Sending\" onclick=\"javascript:rocketfm.submitForm(this);return false;\" class=\"btn rockfm-btn-wiznext\"> <div class=\"rockfm-inp-lbl\">Next<\/div> <i class=\"fa fa-arrow-right\"><\/i><\/button> <\/div> <\/div> <\/div> <\/div> <\/div> <div class=\"clear\"><\/div> <\/div> <\/div> <div class=\"space10\"><\/div> <!-- The Bootstrap Image Gallery lightbox, should be a child element of the document body --> <div id=\"blueimp-gallery10\" class=\"blueimp-gallery\"> <!-- The container for the modal slides --> <div class=\"slides\"><\/div> <!-- Controls for the borderless lightbox --> <h3 class=\"title\"><\/h3> <a class=\"prev\">\u2039<\/a> <a class=\"next\">\u203a<\/a> <a class=\"close\">\u00d7<\/a> <a class=\"play-pause\"><\/a> <ol class=\"indicator\"><\/ol> <!-- The modal dialog, which will be used to wrap the lightbox content --> <div class=\"modal fade\"> <div class=\"modal-dialog\"> <div class=\"modal-content\"> <div class=\"modal-header\"> <button type=\"button\" class=\"close\" aria-hidden=\"true\">&times;<\/button> <h4 class=\"modal-title\"><\/h4> <\/div> <div class=\"modal-body next\"><\/div> <div class=\"modal-footer\"> <button type=\"button\" class=\"btn btn-default pull-left prev\"> <i class=\"glyphicon glyphicon-chevron-left\"><\/i> Previous <\/button> <button type=\"button\" class=\"btn btn-primary next\"> Next <i class=\"glyphicon glyphicon-chevron-right\"><\/i> <\/button> <\/div> <\/div> <\/div> <\/div> <\/div><\/form> <\/div>\n","protected":false},"excerpt":{"rendered":"Oferta Especial Crucero Bay Island $115 Por Persona * Nombre Apellido Email: Required field Fecha del Tour N\u00famero de Adultos 1 2 3 4 5 6 7 8 9 10 Ni\u00f1os (3 - 10 a\u00f1os de edad) Seleccione uno 1 2 3 4 Nombre del Hotel Oferta valida desde el 1 de mayo al 30 [...]","protected":false},"author":9,"featured_media":0,"parent":0,"menu_order":0,"comment_status":"closed","ping_status":"closed","template":"templates\/template-with-right-sidebar.php","meta":{"_joinchat":[],"footnotes":""},"class_list":["post-9658","page","type-page","status-publish","hentry"],"_links":{"self":[{"href":"https:\/\/www.costaricaguides.com\/es\/wp-json\/wp\/v2\/pages\/9658","targetHints":{"allow":["GET"]}}],"collection":[{"href":"https:\/\/www.costaricaguides.com\/es\/wp-json\/wp\/v2\/pages"}],"about":[{"href":"https:\/\/www.costaricaguides.com\/es\/wp-json\/wp\/v2\/types\/page"}],"author":[{"embeddable":true,"href":"https:\/\/www.costaricaguides.com\/es\/wp-json\/wp\/v2\/users\/9"}],"replies":[{"embeddable":true,"href":"https:\/\/www.costaricaguides.com\/es\/wp-json\/wp\/v2\/comments?post=9658"}],"version-history":[{"count":1,"href":"https:\/\/www.costaricaguides.com\/es\/wp-json\/wp\/v2\/pages\/9658\/revisions"}],"predecessor-version":[{"id":11405,"href":"https:\/\/www.costaricaguides.com\/es\/wp-json\/wp\/v2\/pages\/9658\/revisions\/11405"}],"wp:attachment":[{"href":"https:\/\/www.costaricaguides.com\/es\/wp-json\/wp\/v2\/media?parent=9658"}],"curies":[{"name":"wp","href":"https:\/\/api.w.org\/{rel}","templated":true}]}}